{"id":2825,"date":"2026-03-07T08:02:42","date_gmt":"2026-03-07T08:02:42","guid":{"rendered":"https:\/\/www.escapereadz.eu\/?page_id=2825"},"modified":"2026-04-07T10:06:08","modified_gmt":"2026-04-07T10:06:08","slug":"catalogo-editoriale","status":"publish","type":"page","link":"https:\/\/www.escapereadz.eu\/it\/catalogo-editoriale\/","title":{"rendered":"Catalogo editoriale"},"content":{"rendered":"\n<div class=\"section-wrapper\" data-id=\"nt91JI\"><section class=\"wp-block-gutenverse-section guten-element guten-section guten-nt91JI layout-fullwidth align-stretch\"><div class=\"guten-container guten-column-gap-no\">\n<div class=\"wp-block-gutenverse-column guten-element guten-column guten-fbCKA0\"><div class=\"guten-column-wrapper\" data-id=\"fbCKA0\">\n<div class=\"guten-element guten-spacer guten-CMUbxT\"><\/div>\n\n\n\n<h2 class=\"wp-block-gutenverse-heading guten-element guten-VxwVPx\">Il nostro catalogo editoriale<\/h2>\n\n\n\n<div class=\"guten-element guten-spacer guten-YVsIMA\"><\/div>\n<\/div><\/div>\n<\/div><\/section><\/div>\n\n\n\n<div class=\"section-wrapper\" data-id=\"mt4hsc\"><section class=\"wp-block-gutenverse-section guten-element guten-section guten-mt4hsc layout-boxed align-stretch\"><div class=\"guten-container guten-column-gap-default\">\n<div class=\"wp-block-gutenverse-column guten-element guten-column guten-b2fNQy\"><div class=\"guten-column-wrapper\" data-id=\"b2fNQy\">\n<div class=\"guten-element guten-spacer guten-7qzGIV\"><\/div>\n\n\n\n<p class=\"has-medium-font-size\"><br>Le storie sono viaggi. Per qualche ora la routine quotidiana svanisce e si apre un altro mondo \u2013 ricco di emozioni, incontri e decisioni che possono cambiare tutto. \u00c8 proprio questa esperienza il fulcro del nostro programma editoriale.<br>Pubblichiamo romanzi rosa in tre categorie:<br><br><br><strong>Feel Good &amp; RomCom Romance<\/strong><br>Romanzi che parlano di vicinanza, amicizia e amore, raccontati con leggerezza, umorismo e calore. Storie che regalano un sorriso e alleggeriscono un po\u2019 il cuore.<br><br><br><strong>Suspense romantica<\/strong><br>La passione incontra il pericolo. In queste storie sono le relazioni intense a essere al centro dell&#8217;attenzione, mentre segreti, conflitti e minacce creano suspense.<br><br><br><strong>Romantasy<\/strong><br>Storie d&#8217;amore in mondi al di l\u00e0 dell&#8217;ordinario. Magia, regni sconosciuti e destini straordinari si intrecciano con emozionanti storie d&#8217;amore.<br><br>Uno dei punti di forza del nostro programma sono le serie e le collane editoriali, che si leggono come una serie continua. Luoghi, famiglie, cerchie di amici e personaggi ricorrenti legano tra loro le singole storie. Ogni storia \u00e8 a s\u00e9 stante, ma insieme creano un universo pi\u00f9 ampio.<br><br><br>Molti dei nostri titoli vengono pubblicati sotto forma di\u00a0novelle: storie concise e di facile lettura, con un&#8217;attenzione particolare ai personaggi e alle emozioni. Lo stile narrativo \u00e8 volutamente\u00a0orientato al dialogo. Le conversazioni guidano la trama, l&#8217;atmosfera e la tensione: fanno nascere relazioni, intensificano i conflitti e rendono visibili i sentimenti.<br>I nostri libri perseguono un obiettivo semplice:\u00a0l&#8217;intrattenimento.<br>Hanno lo scopo di trasportare i lettori lontano dalla routine quotidiana per un po&#8217; \u2013 in storie che trasmettono calore, invitano al benessere o affascinano con la tensione emotiva.<br><br><br><strong>Viento Libre\u2122 \u2013 La rivista<\/strong><br><br>Oltre ai nostri libri, pubblichiamo la rivista\u00a0Viento Libre\u2122.<br>Qui si trovano\u00a0racconti brevi di fantasia, rubriche, articoli e approfondimenti\u00a0tratti dai mondi delle nostre storie. La rivista amplia gli universi letterari del nostro programma, racconta piccoli episodi, presenta personaggi o luoghi e offre spazio a nuove voci e idee.<br>Viento Libre\u2122 \u00e8 quindi un luogo per storie tra le storie \u2013 libero, sperimentale e sempre narrativo.<br><\/p>\n\n\n\n<div class=\"guten-element guten-spacer guten-7Iyeax\"><\/div>\n<\/div><\/div>\n<\/div><\/section><\/div>\n\n\n\n<div class=\"guten-element guten-spacer guten-KwEk9n\"><\/div>\n","protected":false},"excerpt":{"rendered":"","protected":false},"author":2,"featured_media":0,"parent":0,"menu_order":0,"comment_status":"closed","ping_status":"closed","template":"","meta":{"_seopress_robots_primary_cat":"","_seopress_titles_title":"","_seopress_titles_desc":"","_seopress_robots_index":"","footnotes":""},"class_list":["post-2825","page","type-page","status-publish","hentry"],"blocksy_meta":{"background":{"background_type":"image","background_pattern":"type-1","background_image":{"attachment_id":1699,"x":0,"y":0.45,"url":"https:\/\/www.escapereadz.eu\/wp-content\/uploads\/2026\/03\/background_schreibst_cu-1024x683.png"},"gradient":"linear-gradient(135deg,rgba(6,147,227,1) 0%,rgb(155,81,224) 100%)","background_repeat":"no-repeat","background_size":"cover","background_attachment":"fixed","patternColor":{"default":{"color":"#e5e7ea"}},"overlayColor":{"default":{"color":"CT_CSS_SKIP_RULE"}},"backgroundColor":{"default":{"color":"#ffffff"}}},"styles_descriptor":{"styles":{"desktop":"[data-prefix=\"single_page\"] {background-position:0% 45%;background-size:cover;background-attachment:fixed;background-repeat:no-repeat;background-color:#ffffff;background-image:url(https:\/\/www.escapereadz.eu\/wp-content\/uploads\/2026\/03\/background_schreibst_cu.png);}","tablet":"","mobile":""},"google_fonts":[],"version":6}},"_links":{"self":[{"href":"https:\/\/www.escapereadz.eu\/it\/wp-json\/wp\/v2\/pages\/2825","targetHints":{"allow":["GET"]}}],"collection":[{"href":"https:\/\/www.escapereadz.eu\/it\/wp-json\/wp\/v2\/pages"}],"about":[{"href":"https:\/\/www.escapereadz.eu\/it\/wp-json\/wp\/v2\/types\/page"}],"author":[{"embeddable":true,"href":"https:\/\/www.escapereadz.eu\/it\/wp-json\/wp\/v2\/users\/2"}],"replies":[{"embeddable":true,"href":"https:\/\/www.escapereadz.eu\/it\/wp-json\/wp\/v2\/comments?post=2825"}],"version-history":[{"count":2,"href":"https:\/\/www.escapereadz.eu\/it\/wp-json\/wp\/v2\/pages\/2825\/revisions"}],"predecessor-version":[{"id":2829,"href":"https:\/\/www.escapereadz.eu\/it\/wp-json\/wp\/v2\/pages\/2825\/revisions\/2829"}],"wp:attachment":[{"href":"https:\/\/www.escapereadz.eu\/it\/wp-json\/wp\/v2\/media?parent=2825"}],"curies":[{"name":"wp","href":"https:\/\/api.w.org\/{rel}","templated":true}]}}