{"id":2818,"date":"2026-03-05T19:41:25","date_gmt":"2026-03-05T19:41:25","guid":{"rendered":"https:\/\/www.escapereadz.eu\/?page_id=2818"},"modified":"2026-04-07T09:28:51","modified_gmt":"2026-04-07T09:28:51","slug":"chi-siamo","status":"publish","type":"page","link":"https:\/\/www.escapereadz.eu\/it\/chi-siamo\/","title":{"rendered":"Chi siamo"},"content":{"rendered":"\n<div class=\"section-wrapper\" data-id=\"JayH1a\"><section class=\"wp-block-gutenverse-section guten-element guten-section guten-JayH1a layout-fullwidth align-stretch\"><div class=\"guten-container guten-column-gap-no\">\n<div class=\"wp-block-gutenverse-column guten-element guten-column guten-0vpwqo\"><div class=\"guten-column-wrapper\" data-id=\"0vpwqo\">\n<div class=\"guten-element guten-spacer guten-xoAdNk\"><\/div>\n\n\n\n<h2 class=\"wp-block-gutenverse-heading guten-element guten-WUy5kT\">Chi siamo<\/h2>\n\n\n\n<div class=\"guten-element guten-spacer guten-9VAp7t\"><\/div>\n<\/div><\/div>\n<\/div><\/section><\/div>\n\n\n\n<div class=\"section-wrapper\" data-id=\"hIj2YA\"><section class=\"wp-block-gutenverse-section guten-element guten-section guten-hIj2YA layout-boxed align-stretch\"><div class=\"guten-container guten-column-gap-default\">\n<div class=\"wp-block-gutenverse-column guten-element guten-column guten-pe03kn\"><div class=\"guten-column-wrapper\" data-id=\"pe03kn\">\n<div class=\"guten-element guten-spacer guten-x9FCKG\"><\/div>\n\n\n\n<p aria-label=\"Text Paragraph\" class=\"guten-element gutenverse-text guten-lnQnuP\"><strong>Escape Readz Publishing: Storie senza confini<\/strong><br><br>Benvenuto su <strong>Escape Readz Publishing<\/strong>, la tua casa editrice moderna dedicata alla letteratura digitale contemporanea alla letteratura digitale. Siamo specializzati in e-book e offriamo non solo la vendita singola, ma anche Escape Plus, il nostro innovativo senza limiti che consente ai lettori di accedere senza limiti all\u2019intero nostro catalogo.<br><br><strong>Perch\u00e9 Escape Plus?<\/strong><br>Con Escape Plus, il disordine sui tuoi dispositivi \u00e8 ormai un ricordo del passato: addio alle raccolte di e-book disorganizzate, non avrai pi\u00f9 bisogno di software aggiuntivo. Ti baster\u00e0 registrarti per poter leggere su qualsiasi dispositivo, in tutta Europa, in diverse lingue. Perch\u00e9 le storie devono essere accessibili a tutti.<br><br><strong>Viento Libre: intrattenimento all\u2019insegna dell\u2019umorismo e del sarcasmo<\/strong><br>A partire dal 2026 amplieremo la nostra offerta con \u00abViento Libre\u00bb, una rivista online divertente. Qui i lettori troveranno articoli in diverse lingue.<br><br><strong>Per gli autori: crescere insieme<\/strong><br>Scrivi nei generi che trattiamo e desideri presentare le tue storie a un pubblico internazionale? Ti aiutiamo con le traduzioni e ti supportiamo nella pubblicazione delle tue opere in diverse lingue. Che tu sia un autore affermato o un autore ospite, da noi troverai uno spazio per dare libero sfogo alla tua creativit\u00e0.<br><br><strong>La nostra missione: intrattenimento che unisce<\/strong><br>Il nostro obiettivo \u00e8 trasportare i lettori lontano dalla routine quotidiana, intrattenerli e strappare loro un sorriso. Perch\u00e9 le storie sono molto pi\u00f9 che semplici parole: sono avventure, emozioni e momenti che rimangono impressi.<br><br><strong>Sei pronto per la tua prossima avventura letteraria?<\/strong> Scopri Escape Readz Publishing e lasciati incantare!<br><br><strong>Hai domande o suggerimenti?<\/strong> Non vediamo l&#8217;ora di ricevere un tuo messaggio, che tu sia un lettore, un autore o un semplice visitatore curioso.<br><\/p>\n\n\n\n<div class=\"guten-element guten-spacer guten-AK8NGB\"><\/div>\n<\/div><\/div>\n<\/div><\/section><\/div>\n\n\n\n<div class=\"guten-element guten-spacer guten-YvRyIf\"><\/div>\n","protected":false},"excerpt":{"rendered":"","protected":false},"author":2,"featured_media":0,"parent":0,"menu_order":0,"comment_status":"closed","ping_status":"closed","template":"","meta":{"_seopress_robots_primary_cat":"","_seopress_titles_title":"Escape Readz: Chi siamo","_seopress_titles_desc":"Scoprite Escape Readz Publishing: diffondiamo storie romantiche oltre i confini e rendiamo la lettura digitale semplice, accessibile e internazionale.","_seopress_robots_index":"","footnotes":""},"class_list":["post-2818","page","type-page","status-publish","hentry"],"blocksy_meta":{"background":{"background_type":"image","background_pattern":"type-1","background_image":{"attachment_id":1699,"x":0,"y":0.45,"url":"https:\/\/www.escapereadz.eu\/wp-content\/uploads\/2026\/03\/background_schreibst_cu-1024x683.png"},"gradient":"linear-gradient(135deg,rgba(6,147,227,1) 0%,rgb(155,81,224) 100%)","background_repeat":"no-repeat","background_size":"cover","background_attachment":"fixed","patternColor":{"default":{"color":"#e5e7ea"}},"overlayColor":{"default":{"color":"CT_CSS_SKIP_RULE"}},"backgroundColor":{"default":{"color":"#ffffff"}}},"styles_descriptor":{"styles":{"desktop":"[data-prefix=\"single_page\"] {background-position:0% 45%;background-size:cover;background-attachment:fixed;background-repeat:no-repeat;background-color:#ffffff;background-image:url(https:\/\/www.escapereadz.eu\/wp-content\/uploads\/2026\/03\/background_schreibst_cu.png);}","tablet":"","mobile":""},"google_fonts":[],"version":6}},"_links":{"self":[{"href":"https:\/\/www.escapereadz.eu\/it\/wp-json\/wp\/v2\/pages\/2818","targetHints":{"allow":["GET"]}}],"collection":[{"href":"https:\/\/www.escapereadz.eu\/it\/wp-json\/wp\/v2\/pages"}],"about":[{"href":"https:\/\/www.escapereadz.eu\/it\/wp-json\/wp\/v2\/types\/page"}],"author":[{"embeddable":true,"href":"https:\/\/www.escapereadz.eu\/it\/wp-json\/wp\/v2\/users\/2"}],"replies":[{"embeddable":true,"href":"https:\/\/www.escapereadz.eu\/it\/wp-json\/wp\/v2\/comments?post=2818"}],"version-history":[{"count":1,"href":"https:\/\/www.escapereadz.eu\/it\/wp-json\/wp\/v2\/pages\/2818\/revisions"}],"predecessor-version":[{"id":2821,"href":"https:\/\/www.escapereadz.eu\/it\/wp-json\/wp\/v2\/pages\/2818\/revisions\/2821"}],"wp:attachment":[{"href":"https:\/\/www.escapereadz.eu\/it\/wp-json\/wp\/v2\/media?parent=2818"}],"curies":[{"name":"wp","href":"https:\/\/api.w.org\/{rel}","templated":true}]}}