{"id":1998,"date":"2026-03-13T12:43:27","date_gmt":"2026-03-13T12:43:27","guid":{"rendered":"https:\/\/www.escapereadz.eu\/?post_type=product&#038;p=1998"},"modified":"2026-03-30T06:29:09","modified_gmt":"2026-03-30T06:29:09","slug":"escape-plus-mensuel","status":"publish","type":"product","link":"https:\/\/www.escapereadz.eu\/fr\/produkt\/escape-plus-mensuel\/","title":{"rendered":"Escape Plus Mensuel"},"content":{"rendered":"","protected":false},"excerpt":{"rendered":"<p>Lisez tous nos livres \u00e0 volont\u00e9 ; de nouveaux titres sont ajout\u00e9s chaque mois. Renouvellement automatique d&rsquo;un mois si l&rsquo;abonnement n&rsquo;est pas r\u00e9sili\u00e9 avant la fin du mois.<\/p>\n<p>Avantages :<\/p>\n<ul>\n<li>Un seul prix<\/li>\n<li>Aucune dur\u00e9e minimale d&rsquo;engagement<\/li>\n<li>R\u00e9siliable \u00e0 tout moment<\/li>\n<li>De nouveaux titres chaque mois<\/li>\n<\/ul>\n<p>Bonus :<\/p>\n<ul>\n<li>Publication en avant-premi\u00e8re des premiers chapitres des nouveaux titres<\/li>\n<li>Histoires alternatives<\/li>\n<li>Nouvelles<\/li>\n<\/ul>\n","protected":false},"featured_media":1991,"template":"","meta":{"_seopress_robots_primary_cat":"","_seopress_titles_title":"","_seopress_titles_desc":"","_seopress_robots_index":""},"product_brand":[],"product_cat":[],"product_tag":[],"class_list":{"0":"post-1998","1":"product","2":"type-product","3":"status-publish","4":"has-post-thumbnail","7":"first","8":"instock","9":"virtual","10":"sold-individually","11":"taxable","12":"purchasable","13":"product-type-simple"},"_links":{"self":[{"href":"https:\/\/www.escapereadz.eu\/fr\/wp-json\/wp\/v2\/product\/1998","targetHints":{"allow":["GET"]}}],"collection":[{"href":"https:\/\/www.escapereadz.eu\/fr\/wp-json\/wp\/v2\/product"}],"about":[{"href":"https:\/\/www.escapereadz.eu\/fr\/wp-json\/wp\/v2\/types\/product"}],"wp:featuredmedia":[{"embeddable":true,"href":"https:\/\/www.escapereadz.eu\/fr\/wp-json\/wp\/v2\/media\/1991"}],"wp:attachment":[{"href":"https:\/\/www.escapereadz.eu\/fr\/wp-json\/wp\/v2\/media?parent=1998"}],"wp:term":[{"taxonomy":"product_brand","embeddable":true,"href":"https:\/\/www.escapereadz.eu\/fr\/wp-json\/wp\/v2\/product_brand?post=1998"},{"taxonomy":"product_cat","embeddable":true,"href":"https:\/\/www.escapereadz.eu\/fr\/wp-json\/wp\/v2\/product_cat?post=1998"},{"taxonomy":"product_tag","embeddable":true,"href":"https:\/\/www.escapereadz.eu\/fr\/wp-json\/wp\/v2\/product_tag?post=1998"}],"curies":[{"name":"wp","href":"https:\/\/api.w.org\/{rel}","templated":true}]}}