{"id":3808,"date":"2026-04-15T15:37:26","date_gmt":"2026-04-15T15:37:26","guid":{"rendered":"https:\/\/www.escapereadz.eu\/?page_id=3808"},"modified":"2026-04-18T07:09:46","modified_gmt":"2026-04-18T07:09:46","slug":"un-amour-a-tenerife","status":"publish","type":"page","link":"https:\/\/www.escapereadz.eu\/fr\/un-amour-a-tenerife\/","title":{"rendered":"Un amour \u00e0 T\u00e9n\u00e9rife"},"content":{"rendered":"\n\n","protected":false},"excerpt":{"rendered":"","protected":false},"author":2,"featured_media":0,"parent":0,"menu_order":0,"comment_status":"closed","ping_status":"closed","template":"","meta":{"_seopress_robots_primary_cat":"","_seopress_titles_title":"Prochainement sur Escape Readz : Un amour \u00e0 T\u00e9n\u00e9rife","_seopress_titles_desc":"Une romance estivale pleine d'\u00e9motion. Entre soleil et nouveau d\u00e9part, une histoire commence qui ne te l\u00e2chera plus.","_seopress_robots_index":"","footnotes":""},"class_list":["post-3808","page","type-page","status-publish","hentry"],"blocksy_meta":{"background":{"background_type":"image","background_pattern":"type-1","background_image":{"attachment_id":2691,"x":0,"y":0.45,"url":"https:\/\/www.escapereadz.eu\/wp-content\/uploads\/2026\/03\/background_schreibst_cu-1024x683.png"},"gradient":"linear-gradient(135deg,rgba(6,147,227,1) 0%,rgb(155,81,224) 100%)","background_repeat":"no-repeat","background_size":"cover","background_attachment":"fixed","patternColor":{"default":{"color":"#e5e7ea"}},"overlayColor":{"default":{"color":"CT_CSS_SKIP_RULE"}},"backgroundColor":{"default":{"color":"#ffffff"}}},"styles_descriptor":{"styles":{"desktop":"[data-prefix=\"single_page\"] {background-position:0% 45%;background-size:cover;background-attachment:fixed;background-repeat:no-repeat;background-color:#ffffff;background-image:url(https:\/\/www.escapereadz.eu\/wp-content\/uploads\/2026\/03\/background_schreibst_cu.png);}","tablet":"","mobile":""},"google_fonts":[],"version":6}},"_links":{"self":[{"href":"https:\/\/www.escapereadz.eu\/fr\/wp-json\/wp\/v2\/pages\/3808","targetHints":{"allow":["GET"]}}],"collection":[{"href":"https:\/\/www.escapereadz.eu\/fr\/wp-json\/wp\/v2\/pages"}],"about":[{"href":"https:\/\/www.escapereadz.eu\/fr\/wp-json\/wp\/v2\/types\/page"}],"author":[{"embeddable":true,"href":"https:\/\/www.escapereadz.eu\/fr\/wp-json\/wp\/v2\/users\/2"}],"replies":[{"embeddable":true,"href":"https:\/\/www.escapereadz.eu\/fr\/wp-json\/wp\/v2\/comments?post=3808"}],"version-history":[{"count":0,"href":"https:\/\/www.escapereadz.eu\/fr\/wp-json\/wp\/v2\/pages\/3808\/revisions"}],"wp:attachment":[{"href":"https:\/\/www.escapereadz.eu\/fr\/wp-json\/wp\/v2\/media?parent=3808"}],"curies":[{"name":"wp","href":"https:\/\/api.w.org\/{rel}","templated":true}]}}