{"id":3804,"date":"2026-04-15T15:50:14","date_gmt":"2026-04-15T15:50:14","guid":{"rendered":"https:\/\/www.escapereadz.eu\/?page_id=3804"},"modified":"2026-04-18T07:08:04","modified_gmt":"2026-04-18T07:08:04","slug":"feel-good-romance","status":"publish","type":"page","link":"https:\/\/www.escapereadz.eu\/fr\/feel-good-romance\/","title":{"rendered":"Feel Good Romance"},"content":{"rendered":"\n\n","protected":false},"excerpt":{"rendered":"","protected":false},"author":2,"featured_media":0,"parent":0,"menu_order":0,"comment_status":"closed","ping_status":"closed","template":"","meta":{"_seopress_robots_primary_cat":"","_seopress_titles_title":"En ce moment sur Escape Readz : une romance qui fait du bien","_seopress_titles_desc":"Plongez dans l'univers de la \u00ab Feel Good Romance \u00bb, o\u00f9 r\u00e8gnent l'amour, la l\u00e9g\u00e8ret\u00e9 et les fins heureuses. D\u00e9couvrez des histoires qui vous toucheront droit au c\u0153ur et vous feront oublier le quotidien.","_seopress_robots_index":"","footnotes":""},"class_list":["post-3804","page","type-page","status-publish","hentry"],"blocksy_meta":{"background":{"background_type":"image","background_pattern":"type-1","background_image":{"attachment_id":2691,"x":0,"y":0.45,"url":"https:\/\/www.escapereadz.eu\/wp-content\/uploads\/2026\/03\/background_schreibst_cu-1024x683.png"},"gradient":"linear-gradient(135deg,rgba(6,147,227,1) 0%,rgb(155,81,224) 100%)","background_repeat":"no-repeat","background_size":"cover","background_attachment":"fixed","patternColor":{"default":{"color":"#e5e7ea"}},"overlayColor":{"default":{"color":"CT_CSS_SKIP_RULE"}},"backgroundColor":{"default":{"color":"#ffffff"}}},"styles_descriptor":{"styles":{"desktop":"[data-prefix=\"single_page\"] {background-position:0% 45%;background-size:cover;background-attachment:fixed;background-repeat:no-repeat;background-color:#ffffff;background-image:url(https:\/\/www.escapereadz.eu\/wp-content\/uploads\/2026\/03\/background_schreibst_cu.png);}","tablet":"","mobile":""},"google_fonts":[],"version":6}},"_links":{"self":[{"href":"https:\/\/www.escapereadz.eu\/fr\/wp-json\/wp\/v2\/pages\/3804","targetHints":{"allow":["GET"]}}],"collection":[{"href":"https:\/\/www.escapereadz.eu\/fr\/wp-json\/wp\/v2\/pages"}],"about":[{"href":"https:\/\/www.escapereadz.eu\/fr\/wp-json\/wp\/v2\/types\/page"}],"author":[{"embeddable":true,"href":"https:\/\/www.escapereadz.eu\/fr\/wp-json\/wp\/v2\/users\/2"}],"replies":[{"embeddable":true,"href":"https:\/\/www.escapereadz.eu\/fr\/wp-json\/wp\/v2\/comments?post=3804"}],"version-history":[{"count":0,"href":"https:\/\/www.escapereadz.eu\/fr\/wp-json\/wp\/v2\/pages\/3804\/revisions"}],"wp:attachment":[{"href":"https:\/\/www.escapereadz.eu\/fr\/wp-json\/wp\/v2\/media?parent=3804"}],"curies":[{"name":"wp","href":"https:\/\/api.w.org\/{rel}","templated":true}]}}