{"id":2745,"date":"2026-03-05T11:43:25","date_gmt":"2026-03-05T11:43:25","guid":{"rendered":"https:\/\/www.escapereadz.eu\/?page_id=2745"},"modified":"2026-04-03T12:27:54","modified_gmt":"2026-04-03T12:27:54","slug":"politique-de-retour","status":"publish","type":"page","link":"https:\/\/www.escapereadz.eu\/fr\/politique-de-retour\/","title":{"rendered":"Politique de retour"},"content":{"rendered":"\n<div class=\"section-wrapper\" data-id=\"rAk2se\"><section class=\"wp-block-gutenverse-section guten-element guten-section guten-rAk2se layout-fullwidth align-stretch\"><div class=\"guten-container guten-column-gap-no\">\n<div class=\"wp-block-gutenverse-column guten-element guten-column guten-Wg9wui\"><div class=\"guten-column-wrapper\" data-id=\"Wg9wui\">\n<div class=\"guten-element guten-spacer guten-kkeZYa\"><\/div>\n\n\n\n<h2 class=\"wp-block-gutenverse-heading guten-element guten-B7mcSS\">Politique de remboursement et de retour<\/h2>\n\n\n\n<div class=\"guten-element guten-spacer guten-DP4eh4\"><\/div>\n<\/div><\/div>\n<\/div><\/section><\/div>\n\n\n\n<div class=\"section-wrapper\" data-id=\"9DPS1e\"><section class=\"wp-block-gutenverse-section guten-element guten-section guten-9DPS1e layout-boxed align-stretch\"><div class=\"guten-container guten-column-gap-default\">\n<div class=\"wp-block-gutenverse-column guten-element guten-column guten-LXIz47\"><div class=\"guten-column-wrapper\" data-id=\"LXIz47\">\n<div class=\"guten-element guten-spacer guten-3TxoL8\"><\/div>\n\n\n\n<p aria-label=\"Text Paragraph\" class=\"guten-element gutenverse-text guten-wf37gY\"><strong>Remboursement volontaire pour les livres \u00e9lectroniques<\/strong><br><br>Nous proposons un remboursement volontaire pour les livres \u00e9lectroniques dans les 24 heures suivant l&rsquo;achat. Ce remboursement n&rsquo;est possible que si le livre \u00e9lectronique n&rsquo;a \u00e9t\u00e9 ni t\u00e9l\u00e9charg\u00e9 ni ouvert.<br><br><strong>Exceptions :<\/strong><br>Les abonnements Escape Plus sont exclus de cette politique de remboursement.<br><br><strong>Important :<\/strong>\u00a0En effectuant cet achat, tu acceptes que nous commencions imm\u00e9diatement \u00e0 mettre le livre \u00e9lectronique \u00e0 ta disposition. De ce fait, ton droit de r\u00e9tractation s&rsquo;\u00e9teint conform\u00e9ment \u00e0 l&rsquo;article 356, paragraphe 4, point 2 du BGB (Code civil allemand). Notre politique de remboursement volontaire peut \u00eatre suspendue \u00e0 tout moment ou refus\u00e9e en cas d&rsquo;abus. Il n&rsquo;existe aucun droit l\u00e9gal au remboursement.<\/p>\n\n\n\n<div class=\"guten-element guten-spacer guten-u1OCYj\"><\/div>\n<\/div><\/div>\n<\/div><\/section><\/div>\n","protected":false},"excerpt":{"rendered":"","protected":false},"author":2,"featured_media":0,"parent":0,"menu_order":0,"comment_status":"closed","ping_status":"closed","template":"","meta":{"_seopress_robots_primary_cat":"","_seopress_titles_title":"","_seopress_titles_desc":"","_seopress_robots_index":"","footnotes":""},"class_list":["post-2745","page","type-page","status-publish","hentry"],"blocksy_meta":{"background":{"background_type":"image","background_pattern":"type-1","background_image":{"attachment_id":2691,"x":0,"y":0.45,"url":"https:\/\/www.escapereadz.com\/wp-content\/uploads\/2026\/03\/background_schreibst_cu-1024x683.png"},"gradient":"linear-gradient(135deg,rgba(6,147,227,1) 0%,rgb(155,81,224) 100%)","background_repeat":"no-repeat","background_size":"cover","background_attachment":"fixed","patternColor":{"default":{"color":"#e5e7ea"}},"overlayColor":{"default":{"color":"CT_CSS_SKIP_RULE"}},"backgroundColor":{"default":{"color":"#ffffff"}}},"styles_descriptor":{"styles":{"desktop":"[data-prefix=\"single_page\"] {background-position:0% 45%;background-size:cover;background-attachment:fixed;background-repeat:no-repeat;background-color:#ffffff;background-image:url(https:\/\/www.escapereadz.com\/wp-content\/uploads\/2026\/03\/background_schreibst_cu.png);}","tablet":"","mobile":""},"google_fonts":[],"version":6}},"_links":{"self":[{"href":"https:\/\/www.escapereadz.eu\/fr\/wp-json\/wp\/v2\/pages\/2745","targetHints":{"allow":["GET"]}}],"collection":[{"href":"https:\/\/www.escapereadz.eu\/fr\/wp-json\/wp\/v2\/pages"}],"about":[{"href":"https:\/\/www.escapereadz.eu\/fr\/wp-json\/wp\/v2\/types\/page"}],"author":[{"embeddable":true,"href":"https:\/\/www.escapereadz.eu\/fr\/wp-json\/wp\/v2\/users\/2"}],"replies":[{"embeddable":true,"href":"https:\/\/www.escapereadz.eu\/fr\/wp-json\/wp\/v2\/comments?post=2745"}],"version-history":[{"count":1,"href":"https:\/\/www.escapereadz.eu\/fr\/wp-json\/wp\/v2\/pages\/2745\/revisions"}],"predecessor-version":[{"id":2748,"href":"https:\/\/www.escapereadz.eu\/fr\/wp-json\/wp\/v2\/pages\/2745\/revisions\/2748"}],"wp:attachment":[{"href":"https:\/\/www.escapereadz.eu\/fr\/wp-json\/wp\/v2\/media?parent=2745"}],"curies":[{"name":"wp","href":"https:\/\/api.w.org\/{rel}","templated":true}]}}