{"id":2741,"date":"2026-03-04T16:21:50","date_gmt":"2026-03-04T16:21:50","guid":{"rendered":"https:\/\/www.escapereadz.eu\/?page_id=2741"},"modified":"2026-04-03T12:25:57","modified_gmt":"2026-04-03T12:25:57","slug":"modes-de-paiement","status":"publish","type":"page","link":"https:\/\/www.escapereadz.eu\/fr\/modes-de-paiement\/","title":{"rendered":"Modes de paiement"},"content":{"rendered":"\n<div class=\"section-wrapper\" data-id=\"Ppklm6\"><section class=\"wp-block-gutenverse-section guten-element guten-section guten-Ppklm6 layout-fullwidth align-stretch\"><div class=\"guten-container guten-column-gap-no\">\n<div class=\"wp-block-gutenverse-column guten-element guten-column guten-Tu4xkv\"><div class=\"guten-column-wrapper\" data-id=\"Tu4xkv\">\n<div class=\"guten-element guten-spacer guten-mprQRZ\"><\/div>\n\n\n\n<h2 class=\"wp-block-gutenverse-heading guten-element guten-OUiYpL\">Modes de paiement<\/h2>\n\n\n\n<div class=\"guten-element guten-spacer guten-ZzYtkt\"><\/div>\n<\/div><\/div>\n<\/div><\/section><\/div>\n\n\n\n<div class=\"section-wrapper\" data-id=\"7mIvYw\"><section class=\"wp-block-gutenverse-section guten-element guten-section guten-7mIvYw layout-boxed align-stretch\"><div class=\"guten-container guten-column-gap-default\">\n<div class=\"wp-block-gutenverse-column guten-element guten-column guten-ocvXbX\"><div class=\"guten-column-wrapper\" data-id=\"ocvXbX\">\n<div class=\"guten-element guten-spacer guten-hLQbDb\"><\/div>\n\n\n\n<p aria-label=\"Text Paragraph\" class=\"guten-element gutenverse-text guten-kDnvAU\"><br><br><strong>Nous acceptons les modes de paiement suivants :<\/strong><br><br><strong>Mollie<\/strong><br>Tous les modes de paiement \u2013 \u00e0 l&rsquo;exception du pr\u00e9l\u00e8vement SEPA et de PayPal \u2013 sont trait\u00e9s par notre prestataire de paiement Mollie. Les conditions g\u00e9n\u00e9rales et la politique de confidentialit\u00e9 de Mollie s&rsquo;appliquent. Nous n&rsquo;avons aucune influence sur le traitement des donn\u00e9es \u00e0 caract\u00e8re personnel.<br><br><strong>Pr\u00e9l\u00e8vement SEPA (Stripe)<\/strong><br>Le pr\u00e9l\u00e8vement SEPA est trait\u00e9 par notre prestataire de paiement <strong>Stripe<\/strong>. Les conditions g\u00e9n\u00e9rales et la politique de confidentialit\u00e9 de Stripe s&rsquo;appliquent. Nous n&rsquo;avons aucune influence sur le traitement des donn\u00e9es par Stripe.<br><br><br><strong>PayPal et carte de cr\u00e9dit (Mastercard, Visa)<\/strong><br>Les paiements via PayPal ainsi que par carte de cr\u00e9dit (Mastercard et Visa) sont trait\u00e9s par <strong>PayPal<\/strong>. Les conditions g\u00e9n\u00e9rales et la politique de confidentialit\u00e9 de PayPal s&rsquo;appliquent.<br><br><strong>Apple Pay et Google Pay<\/strong> sont trait\u00e9s via PayPal.<br><\/p>\n\n\n\n<div class=\"guten-element guten-spacer guten-JeyXnq\"><\/div>\n<\/div><\/div>\n<\/div><\/section><\/div>\n","protected":false},"excerpt":{"rendered":"","protected":false},"author":2,"featured_media":0,"parent":0,"menu_order":0,"comment_status":"closed","ping_status":"closed","template":"","meta":{"_seopress_robots_primary_cat":"","_seopress_titles_title":"","_seopress_titles_desc":"","_seopress_robots_index":"","footnotes":""},"class_list":["post-2741","page","type-page","status-publish","hentry"],"blocksy_meta":{"background":{"background_type":"image","background_pattern":"type-1","background_image":{"attachment_id":2691,"x":0,"y":0.45,"url":"https:\/\/www.escapereadz.com\/wp-content\/uploads\/2026\/03\/background_schreibst_cu-1024x683.png"},"gradient":"linear-gradient(135deg,rgba(6,147,227,1) 0%,rgb(155,81,224) 100%)","background_repeat":"no-repeat","background_size":"cover","background_attachment":"fixed","patternColor":{"default":{"color":"#e5e7ea"}},"overlayColor":{"default":{"color":"CT_CSS_SKIP_RULE"}},"backgroundColor":{"default":{"color":"#ffffff"}}},"styles_descriptor":{"styles":{"desktop":"[data-prefix=\"single_page\"] {background-position:0% 45%;background-size:cover;background-attachment:fixed;background-repeat:no-repeat;background-color:#ffffff;background-image:url(https:\/\/www.escapereadz.com\/wp-content\/uploads\/2026\/03\/background_schreibst_cu.png);}","tablet":"","mobile":""},"google_fonts":[],"version":6}},"_links":{"self":[{"href":"https:\/\/www.escapereadz.eu\/fr\/wp-json\/wp\/v2\/pages\/2741","targetHints":{"allow":["GET"]}}],"collection":[{"href":"https:\/\/www.escapereadz.eu\/fr\/wp-json\/wp\/v2\/pages"}],"about":[{"href":"https:\/\/www.escapereadz.eu\/fr\/wp-json\/wp\/v2\/types\/page"}],"author":[{"embeddable":true,"href":"https:\/\/www.escapereadz.eu\/fr\/wp-json\/wp\/v2\/users\/2"}],"replies":[{"embeddable":true,"href":"https:\/\/www.escapereadz.eu\/fr\/wp-json\/wp\/v2\/comments?post=2741"}],"version-history":[{"count":1,"href":"https:\/\/www.escapereadz.eu\/fr\/wp-json\/wp\/v2\/pages\/2741\/revisions"}],"predecessor-version":[{"id":2744,"href":"https:\/\/www.escapereadz.eu\/fr\/wp-json\/wp\/v2\/pages\/2741\/revisions\/2744"}],"wp:attachment":[{"href":"https:\/\/www.escapereadz.eu\/fr\/wp-json\/wp\/v2\/media?parent=2741"}],"curies":[{"name":"wp","href":"https:\/\/api.w.org\/{rel}","templated":true}]}}