{"id":2737,"date":"2026-03-04T16:21:50","date_gmt":"2026-03-04T16:21:50","guid":{"rendered":"https:\/\/www.escapereadz.eu\/?page_id=2737"},"modified":"2026-04-03T12:08:10","modified_gmt":"2026-04-03T12:08:10","slug":"droit-de-retractation","status":"publish","type":"page","link":"https:\/\/www.escapereadz.eu\/fr\/droit-de-retractation\/","title":{"rendered":"Droit de r\u00e9tractation"},"content":{"rendered":"\n<div class=\"section-wrapper\" data-id=\"SyLLJv\"><section class=\"wp-block-gutenverse-section guten-element guten-section guten-SyLLJv layout-fullwidth align-stretch\"><div class=\"guten-container guten-column-gap-no\">\n<div class=\"wp-block-gutenverse-column guten-element guten-column guten-egnaNh\"><div class=\"guten-column-wrapper\" data-id=\"egnaNh\">\n<div class=\"guten-element guten-spacer guten-n2UIJ8\"><\/div>\n\n\n\n<h2 class=\"wp-block-gutenverse-heading guten-element guten-ylFipf\">Informations sur le droit de r\u00e9tractation<\/h2>\n\n\n\n<div class=\"guten-element guten-spacer guten-Yrv10p\"><\/div>\n<\/div><\/div>\n<\/div><\/section><\/div>\n\n\n\n<div class=\"section-wrapper\" data-id=\"fF6zAl\"><section class=\"wp-block-gutenverse-section guten-element guten-section guten-fF6zAl layout-boxed align-stretch\"><div class=\"guten-container guten-column-gap-default\">\n<div class=\"wp-block-gutenverse-column guten-element guten-column guten-ZNvqsy\"><div class=\"guten-column-wrapper\" data-id=\"ZNvqsy\">\n<div class=\"guten-element guten-spacer guten-oGuB4i\"><\/div>\n\n\n\n<p aria-label=\"Text Paragraph\" class=\"guten-element gutenverse-text guten-uodQ6v\"><strong>1. Droit de r\u00e9tractation<\/strong><br><strong>1.1<\/strong> Les consommateurs ont le droit de se r\u00e9tracter d&rsquo;un contrat dans un d\u00e9lai de quatorze (14) jours sans avoir \u00e0 justifier leur d\u00e9cision.<br><strong>1.2<\/strong> Le d\u00e9lai de r\u00e9tractation est de quatorze (14) jours \u00e0 compter de la date de conclusion du contrat.<br><br><strong>2. Exercice du droit de r\u00e9tractation<\/strong><br><strong>2.1<\/strong> Pour exercer son droit de r\u00e9tractation, le client doit adresser \u00e0 <strong>Escape Readz Publishing K\u00f6hler GbR<\/strong>, Helbigsdorfer Weg 4, D-01169 Dresde, Allemagne, e-mail : hello@escapereadz.eu, d&rsquo;une d\u00e9claration claire (par exemple par e-mail) l&rsquo;informant de sa d\u00e9cision de se r\u00e9tracter du pr\u00e9sent contrat.<br><strong>2.2<\/strong> Pour respecter le d\u00e9lai de r\u00e9tractation, il suffit d&rsquo;envoyer la notification relative \u00e0 l&rsquo;exercice du droit de r\u00e9tractation avant l&rsquo;expiration dudit d\u00e9lai.<br><br><strong>3. Cons\u00e9quences de la r\u00e9tractation<\/strong><br><strong>3.1<\/strong> En cas de r\u00e9tractation du contrat, le fournisseur rembourse tous les paiements re\u00e7us du client sans d\u00e9lai et au plus tard dans les quatorze (14) jours \u00e0 compter de la date de r\u00e9ception de la notification de r\u00e9tractation.<br><strong>3.2<\/strong> Pour le remboursement, le fournisseur utilise le m\u00eame moyen de paiement que celui utilis\u00e9 par le client lors de la transaction initiale, sauf accord contraire explicite.<br><br><strong>4. Particularit\u00e9s concernant les contenus num\u00e9riques et les abonnements<\/strong><br><strong>4. 1<\/strong> Dans le cas de contrats portant sur des contenus num\u00e9riques ou des services num\u00e9riques, le droit de r\u00e9tractation expire lorsque le fournisseur a commenc\u00e9 l&rsquo;ex\u00e9cution du contrat, apr\u00e8s que le client a express\u00e9ment accept\u00e9 que l&rsquo;ex\u00e9cution du contrat commence avant l&rsquo;expiration du d\u00e9lai de r\u00e9tractation et a confirm\u00e9 qu&rsquo;il perd ainsi son droit de r\u00e9tractation.<br><strong>4.2<\/strong> Si le client r\u00e9silie un contrat d&rsquo;abonnement, la relation contractuelle prend fin \u00e0 la r\u00e9ception de la r\u00e9siliation. Les prestations d\u00e9j\u00e0 fournies pendant le d\u00e9lai de r\u00e9tractation peuvent \u00eatre factur\u00e9es au prorata, dans la mesure o\u00f9 la loi le permet.<br><br><strong>5. Mod\u00e8le de formulaire de r\u00e9tractation<\/strong><br><strong>5.1<\/strong> (Si vous souhaitez vous r\u00e9tracter du contrat, vous pouvez remplir ce formulaire et l&rsquo;envoyer par e-mail.)<br>\u00c0 :<br>Escape Readz Publishing K\u00f6hler GbR<br>Helbigsdorfer Weg 4<br>D-01169 Dresde<br>E-mail : hello@escapereadz.eu<br>Par la pr\u00e9sente, je r\u00e9silie le contrat que j&rsquo;ai conclu concernant l&rsquo;achat des contenus num\u00e9riques \/ services suivants :<br>Command\u00e9 le : ____________<br>Nom du consommateur : ____________<br>Adresse e-mail : ____________<br>Date : ____________<br>(Signature uniquement en cas de notification sur papier)<br><\/p>\n\n\n\n<div class=\"guten-element guten-spacer guten-cWIm7B\"><\/div>\n<\/div><\/div>\n<\/div><\/section><\/div>\n","protected":false},"excerpt":{"rendered":"","protected":false},"author":2,"featured_media":0,"parent":0,"menu_order":0,"comment_status":"closed","ping_status":"closed","template":"","meta":{"_seopress_robots_primary_cat":"","_seopress_titles_title":"","_seopress_titles_desc":"","_seopress_robots_index":"","footnotes":""},"class_list":["post-2737","page","type-page","status-publish","hentry"],"blocksy_meta":{"background":{"background_type":"image","background_pattern":"type-1","background_image":{"attachment_id":65,"x":0,"y":0.45,"url":"https:\/\/www.escapereadz.com\/wp-content\/uploads\/2026\/03\/background_schreibst_cu-1024x683.webp"},"gradient":"linear-gradient(135deg,rgba(6,147,227,1) 0%,rgb(155,81,224) 100%)","background_repeat":"no-repeat","background_size":"cover","background_attachment":"fixed","patternColor":{"default":{"color":"#e5e7ea"}},"overlayColor":{"default":{"color":"CT_CSS_SKIP_RULE"}},"backgroundColor":{"default":{"color":"#ffffff"}}},"styles_descriptor":{"styles":{"desktop":"[data-prefix=\"single_page\"] {background-position:0% 45%;background-size:cover;background-attachment:fixed;background-repeat:no-repeat;background-color:#ffffff;background-image:url(https:\/\/www.escapereadz.com\/wp-content\/uploads\/2026\/03\/background_schreibst_cu.webp);}","tablet":"","mobile":""},"google_fonts":[],"version":6}},"_links":{"self":[{"href":"https:\/\/www.escapereadz.eu\/fr\/wp-json\/wp\/v2\/pages\/2737","targetHints":{"allow":["GET"]}}],"collection":[{"href":"https:\/\/www.escapereadz.eu\/fr\/wp-json\/wp\/v2\/pages"}],"about":[{"href":"https:\/\/www.escapereadz.eu\/fr\/wp-json\/wp\/v2\/types\/page"}],"author":[{"embeddable":true,"href":"https:\/\/www.escapereadz.eu\/fr\/wp-json\/wp\/v2\/users\/2"}],"replies":[{"embeddable":true,"href":"https:\/\/www.escapereadz.eu\/fr\/wp-json\/wp\/v2\/comments?post=2737"}],"version-history":[{"count":1,"href":"https:\/\/www.escapereadz.eu\/fr\/wp-json\/wp\/v2\/pages\/2737\/revisions"}],"predecessor-version":[{"id":2740,"href":"https:\/\/www.escapereadz.eu\/fr\/wp-json\/wp\/v2\/pages\/2737\/revisions\/2740"}],"wp:attachment":[{"href":"https:\/\/www.escapereadz.eu\/fr\/wp-json\/wp\/v2\/media?parent=2737"}],"curies":[{"name":"wp","href":"https:\/\/api.w.org\/{rel}","templated":true}]}}