{"id":2722,"date":"2026-03-04T16:21:50","date_gmt":"2026-03-04T16:21:50","guid":{"rendered":"https:\/\/www.escapereadz.eu\/?page_id=2722"},"modified":"2026-04-03T10:55:11","modified_gmt":"2026-04-03T10:55:11","slug":"mentions-legales","status":"publish","type":"page","link":"https:\/\/www.escapereadz.eu\/fr\/mentions-legales\/","title":{"rendered":"Mentions l\u00e9gales"},"content":{"rendered":"\n<div class=\"section-wrapper\" data-id=\"UK3QYi\"><section class=\"wp-block-gutenverse-section guten-element guten-section guten-UK3QYi layout-fullwidth align-stretch\"><div class=\"guten-container guten-column-gap-default\">\n<div class=\"wp-block-gutenverse-column guten-element guten-column guten-IJC617\"><div class=\"guten-column-wrapper\" data-id=\"IJC617\">\n<h2 class=\"wp-block-gutenverse-heading guten-element guten-3JeQqj\">Mentions l\u00e9gales<\/h2>\n<\/div><\/div>\n<\/div><\/section><\/div>\n\n\n\n<div class=\"section-wrapper\" data-id=\"8RmkSA\"><section class=\"wp-block-gutenverse-section guten-element guten-section guten-8RmkSA layout-boxed align-stretch\"><div class=\"guten-container guten-column-gap-default\">\n<div class=\"wp-block-gutenverse-column guten-element guten-column guten-SCgHfH\"><div class=\"guten-column-wrapper\" data-id=\"SCgHfH\">\n<p aria-label=\"Text Paragraph\" class=\"guten-element gutenverse-text guten-HycdPt\"><strong>Mentions l\u00e9gales conform\u00e9ment \u00e0 l&rsquo;article 5 de la loi allemande sur les t\u00e9l\u00e9m\u00e9dias (TMG)<\/strong><br><br><strong>Escape Readz Publishing K\u00f6hler GbR<\/strong><br>Helbigsdorfer Weg 4<br>01169 Dresden<br>Allemagne<br><br><strong>Repr\u00e9sent\u00e9s par :<\/strong><br>Ingo K\u00f6hler<br>Astrid K\u00f6hler<br><strong>Contact :<\/strong><br>E-mail : <strong>hello@escapereadz.eu<\/strong><br><br><strong>Num\u00e9ro d&rsquo;identification TVA :<\/strong><br>Num\u00e9ro d&rsquo;identification TVA conform\u00e9ment \u00e0 l&rsquo;article 27 a de la loi allemande sur la TVA :<br><strong>DE277303936<\/strong><br><br><strong>Tribunal comp\u00e9tent :<\/strong><br>Tribunal d&rsquo;instance de Dresde<br><br><strong>Responsabilit\u00e9 relative aux contenus<\/strong><br>En tant que prestataire de services, nous sommes responsables, conform\u00e9ment \u00e0 l&rsquo;article 7, paragraphe 1, de la loi allemande sur les t\u00e9l\u00e9m\u00e9dias (TMG), des contenus propres \u00e0 ces pages, dans le respect des lois g\u00e9n\u00e9rales.<br>Conform\u00e9ment aux articles 8 \u00e0 10 de la TMG, nous ne sommes toutefois pas tenus de surveiller les informations transmises ou enregistr\u00e9es par des tiers, ni de rechercher des circonstances indiquant une activit\u00e9 ill\u00e9gale.<br>Les obligations de supprimer ou de bloquer l&rsquo;utilisation d&rsquo;informations conform\u00e9ment aux lois g\u00e9n\u00e9rales n&rsquo;en sont pas affect\u00e9es. Une responsabilit\u00e9 correspondante n&rsquo;est toutefois possible qu&rsquo;\u00e0 partir du moment o\u00f9 une violation concr\u00e8te de la loi est port\u00e9e \u00e0 notre connaissance. D\u00e8s que nous aurons connaissance de telles violations, nous supprimerons imm\u00e9diatement ces contenus.<br><br><strong>Responsabilit\u00e9 relative aux liens externes<\/strong><br>Notre site web contient des liens vers des sites web externes appartenant \u00e0 des tiers, sur lesquels nous n&rsquo;avons aucune influence. C&rsquo;est pourquoi nous ne pouvons assumer aucune responsabilit\u00e9 quant \u00e0 ces contenus externes.<br>Le fournisseur ou l&rsquo;exploitant des pages li\u00e9es est toujours responsable de leur contenu. Au moment de la cr\u00e9ation des liens, les pages externes ont \u00e9t\u00e9 v\u00e9rifi\u00e9es afin de d\u00e9tecter d&rsquo;\u00e9ventuelles violations de la loi. Aucun contenu ill\u00e9gal n&rsquo;a \u00e9t\u00e9 constat\u00e9 \u00e0 ce moment-l\u00e0.<br>Un contr\u00f4le permanent du contenu des pages li\u00e9es n&rsquo;est toutefois pas raisonnable en l&rsquo;absence d&rsquo;indices concrets d&rsquo;une violation de la loi. D\u00e8s que des violations de la loi sont port\u00e9es \u00e0 notre connaissance, ces liens seront imm\u00e9diatement supprim\u00e9s.<br><br><strong>Responsabilit\u00e9 relative aux contenus des auteurs invit\u00e9s<\/strong><br>Lorsque des contenus (par exemple, des textes, des contributions ou des \u0153uvres) sont fournis par des auteurs invit\u00e9s, ceux-ci refl\u00e8tent exclusivement l&rsquo;opinion de l&rsquo;auteur concern\u00e9.<br>Toute responsabilit\u00e9 relative aux contenus des auteurs invit\u00e9s est exclue, dans la mesure o\u00f9 la loi le permet. Les auteurs concern\u00e9s sont seuls responsables de toute violation \u00e9ventuelle du droit.<br><br><strong>Droit d&rsquo;auteur<\/strong><br>Les contenus et \u0153uvres publi\u00e9s sur ce site web par Escape Readz Publishing K\u00f6hler GbR sont soumis au droit d&rsquo;auteur allemand.<br>Les textes, images, graphiques, descriptions, vid\u00e9os, livres ainsi que tous les autres contenus sont soumis soit \u00e0 nos propres droits d&rsquo;auteur, soit aux droits des titulaires de droits mentionn\u00e9s.<br>La reproduction, l&rsquo;adaptation, la diffusion et toute forme d&rsquo;exploitation en dehors des limites du droit d&rsquo;auteur n\u00e9cessitent l&rsquo;accord \u00e9crit pr\u00e9alable du titulaire des droits concern\u00e9.<br>Toute utilisation non autoris\u00e9e, en particulier l&rsquo;utilisation de textes, d&rsquo;images, de descriptions, de noms ou d&rsquo;autres contenus sans autorisation expresse, est interdite et peut entra\u00eener des cons\u00e9quences juridiques.<br><\/p>\n<\/div><\/div>\n<\/div><\/section><\/div>\n\n\n\n<div class=\"guten-element guten-spacer guten-LoJ1HF\"><\/div>\n","protected":false},"excerpt":{"rendered":"","protected":false},"author":2,"featured_media":0,"parent":0,"menu_order":0,"comment_status":"closed","ping_status":"closed","template":"","meta":{"_seopress_robots_primary_cat":"","_seopress_titles_title":"","_seopress_titles_desc":"","_seopress_robots_index":"","footnotes":""},"class_list":["post-2722","page","type-page","status-publish","hentry"],"blocksy_meta":{"background":{"background_type":"image","background_pattern":"type-1","background_image":{"attachment_id":65,"x":0,"y":0.45,"url":"https:\/\/www.escapereadz.com\/wp-content\/uploads\/2026\/03\/background_schreibst_cu-1024x683.webp"},"gradient":"linear-gradient(135deg,rgba(6,147,227,1) 0%,rgb(155,81,224) 100%)","background_repeat":"no-repeat","background_size":"cover","background_attachment":"fixed","patternColor":{"default":{"color":"#e5e7ea"}},"overlayColor":{"default":{"color":"CT_CSS_SKIP_RULE"}},"backgroundColor":{"default":{"color":"#ffffff"}}},"styles_descriptor":{"styles":{"desktop":"[data-prefix=\"single_page\"] {background-position:0% 45%;background-size:cover;background-attachment:fixed;background-repeat:no-repeat;background-color:#ffffff;background-image:url(https:\/\/www.escapereadz.com\/wp-content\/uploads\/2026\/03\/background_schreibst_cu.webp);}","tablet":"","mobile":""},"google_fonts":[],"version":6}},"_links":{"self":[{"href":"https:\/\/www.escapereadz.eu\/fr\/wp-json\/wp\/v2\/pages\/2722","targetHints":{"allow":["GET"]}}],"collection":[{"href":"https:\/\/www.escapereadz.eu\/fr\/wp-json\/wp\/v2\/pages"}],"about":[{"href":"https:\/\/www.escapereadz.eu\/fr\/wp-json\/wp\/v2\/types\/page"}],"author":[{"embeddable":true,"href":"https:\/\/www.escapereadz.eu\/fr\/wp-json\/wp\/v2\/users\/2"}],"replies":[{"embeddable":true,"href":"https:\/\/www.escapereadz.eu\/fr\/wp-json\/wp\/v2\/comments?post=2722"}],"version-history":[{"count":1,"href":"https:\/\/www.escapereadz.eu\/fr\/wp-json\/wp\/v2\/pages\/2722\/revisions"}],"predecessor-version":[{"id":2725,"href":"https:\/\/www.escapereadz.eu\/fr\/wp-json\/wp\/v2\/pages\/2722\/revisions\/2725"}],"wp:attachment":[{"href":"https:\/\/www.escapereadz.eu\/fr\/wp-json\/wp\/v2\/media?parent=2722"}],"curies":[{"name":"wp","href":"https:\/\/api.w.org\/{rel}","templated":true}]}}