{"id":2700,"date":"2026-03-06T07:39:36","date_gmt":"2026-03-06T07:39:36","guid":{"rendered":"https:\/\/www.escapereadz.eu\/?page_id=2700"},"modified":"2026-04-01T18:48:12","modified_gmt":"2026-04-01T18:48:12","slug":"presse","status":"publish","type":"page","link":"https:\/\/www.escapereadz.eu\/fr\/presse\/","title":{"rendered":"Presse"},"content":{"rendered":"\n<div class=\"section-wrapper\" data-id=\"FBknzH\"><section class=\"wp-block-gutenverse-section guten-element guten-section guten-FBknzH layout-fullwidth align-stretch\"><div class=\"guten-container guten-column-gap-no\">\n<div class=\"wp-block-gutenverse-column guten-element guten-column guten-FXvsSp\"><div class=\"guten-column-wrapper\" data-id=\"FXvsSp\">\n<div class=\"guten-element guten-spacer guten-10YWah\"><\/div>\n\n\n\n<h2 class=\"wp-block-gutenverse-heading guten-element guten-u6qyZk\">Presse<\/h2>\n\n\n\n<div class=\"guten-element guten-spacer guten-md9Pa2\"><\/div>\n<\/div><\/div>\n<\/div><\/section><\/div>\n\n\n\n<div class=\"section-wrapper\" data-id=\"bd6jCK\"><section class=\"wp-block-gutenverse-section guten-element guten-section guten-bd6jCK layout-boxed align-stretch\"><div class=\"guten-container guten-column-gap-default\">\n<div class=\"wp-block-gutenverse-column guten-element guten-column guten-JcJjSU\"><div class=\"guten-column-wrapper\" data-id=\"JcJjSU\">\n<div class=\"guten-element guten-spacer guten-Ive6cA\"><\/div>\n\n\n\n<p aria-label=\"Text Paragraph\" class=\"guten-element gutenverse-text guten-2X6cHR\"><strong>Communiqu\u00e9s de presse<\/strong><br><br>Vous \u00eates journaliste ou repr\u00e9sentant des m\u00e9dias et souhaitez parler de nos titres ou de nos auteurs ?\u00a0Nous mettons volontiers \u00e0 votre disposition, sur simple demande,\u00a0du mat\u00e9riel de presse\u00a0(couvertures de livres, photos d&rsquo;auteurs, communiqu\u00e9s de presse, biographies).<br><strong>Contact :<\/strong>\u00a0\u00a0press@escapereadz.eu<br><br><strong>Disponibilit\u00e9 du mat\u00e9riel de presse<\/strong><br>Au cours de l&rsquo;ann\u00e9e,\u00a0 des informations et des documents suppl\u00e9mentaires\u00a0seront mis \u00e0 la disposition de la presse. Pour l&rsquo;instant, nous vous prions de nous envoyer vos demandes directement par e-mail.<br><br><strong>Conditions d&rsquo;utilisation importantes<\/strong><br><br><strong>Aucune modification du mat\u00e9riel :<\/strong>\u00a0Les textes, images et autres contenus fournis ne doivent\u00a0pas \u00eatre modifi\u00e9s.<br><strong>Utilisation r\u00e9serv\u00e9e aux articles r\u00e9dactionnels :<\/strong>\u00a0Le mat\u00e9riel ne peut\u00a0\u00eatre utilis\u00e9 que pour des reportages\u00a0dans les m\u00e9dias.<br><strong>R\u00e9seaux sociaux :<\/strong>\u00a0La publication d&rsquo;images ou de textes sur\u00a0les r\u00e9seaux sociaux\u00a0n\u00e9cessite notre\u00a0accord explicite.<br><strong>Autorisation des auteurs :<\/strong> \u00a0Pour l&rsquo;utilisation de\u00a0photos d&rsquo;auteurs ou de citations\u00a0il faut en outre obtenir l&rsquo;\u00a0autorisation de l&rsquo;auteur concern\u00e9.<br><\/p>\n\n\n\n<div class=\"guten-element guten-spacer guten-m42xMF\"><\/div>\n<\/div><\/div>\n<\/div><\/section><\/div>\n","protected":false},"excerpt":{"rendered":"","protected":false},"author":2,"featured_media":0,"parent":0,"menu_order":0,"comment_status":"closed","ping_status":"closed","template":"","meta":{"_seopress_robots_primary_cat":"","_seopress_titles_title":"","_seopress_titles_desc":"","_seopress_robots_index":"","footnotes":""},"class_list":["post-2700","page","type-page","status-publish","hentry"],"blocksy_meta":{"background":{"background_type":"image","background_pattern":"type-1","background_image":{"attachment_id":2691,"x":0,"y":0.45,"url":"https:\/\/www.escapereadz.com\/wp-content\/uploads\/2026\/03\/background_schreibst_cu-1024x683.png"},"gradient":"linear-gradient(135deg,rgba(6,147,227,1) 0%,rgb(155,81,224) 100%)","background_repeat":"no-repeat","background_size":"cover","background_attachment":"fixed","patternColor":{"default":{"color":"#e5e7ea"}},"overlayColor":{"default":{"color":"CT_CSS_SKIP_RULE"}},"backgroundColor":{"default":{"color":"#ffffff"}}},"styles_descriptor":{"styles":{"desktop":"[data-prefix=\"single_page\"] {background-position:0% 45%;background-size:cover;background-attachment:fixed;background-repeat:no-repeat;background-color:#ffffff;background-image:url(https:\/\/www.escapereadz.com\/wp-content\/uploads\/2026\/03\/background_schreibst_cu.png);}","tablet":"","mobile":""},"google_fonts":[],"version":6}},"_links":{"self":[{"href":"https:\/\/www.escapereadz.eu\/fr\/wp-json\/wp\/v2\/pages\/2700","targetHints":{"allow":["GET"]}}],"collection":[{"href":"https:\/\/www.escapereadz.eu\/fr\/wp-json\/wp\/v2\/pages"}],"about":[{"href":"https:\/\/www.escapereadz.eu\/fr\/wp-json\/wp\/v2\/types\/page"}],"author":[{"embeddable":true,"href":"https:\/\/www.escapereadz.eu\/fr\/wp-json\/wp\/v2\/users\/2"}],"replies":[{"embeddable":true,"href":"https:\/\/www.escapereadz.eu\/fr\/wp-json\/wp\/v2\/comments?post=2700"}],"version-history":[{"count":0,"href":"https:\/\/www.escapereadz.eu\/fr\/wp-json\/wp\/v2\/pages\/2700\/revisions"}],"wp:attachment":[{"href":"https:\/\/www.escapereadz.eu\/fr\/wp-json\/wp\/v2\/media?parent=2700"}],"curies":[{"name":"wp","href":"https:\/\/api.w.org\/{rel}","templated":true}]}}