{"id":2696,"date":"2026-03-19T16:22:27","date_gmt":"2026-03-19T16:22:27","guid":{"rendered":"https:\/\/www.escapereadz.eu\/?page_id=2696"},"modified":"2026-04-01T18:40:12","modified_gmt":"2026-04-01T18:40:12","slug":"faq-pour-les-auteurs","status":"publish","type":"page","link":"https:\/\/www.escapereadz.eu\/fr\/faq-pour-les-auteurs\/","title":{"rendered":"FAQ pour les auteurs"},"content":{"rendered":"\n<div class=\"section-wrapper\" data-id=\"Tlhdzz\"><section class=\"wp-block-gutenverse-section guten-element guten-section guten-Tlhdzz layout-boxed align-stretch\"><div class=\"guten-container guten-column-gap-default\">\n<div class=\"wp-block-gutenverse-column guten-element guten-column guten-IV50QJ\"><div class=\"guten-column-wrapper\" data-id=\"IV50QJ\">\n<div class=\"guten-element guten-spacer guten-W04XqW\"><\/div>\n\n\n\n<h2 class=\"wp-block-gutenverse-heading guten-element guten-pJwRNM\">Foire aux questions pour les auteurs publi\u00e9s<\/h2>\n\n\n\n<div class=\"guten-element guten-spacer guten-Hsz45y\"><\/div>\n<\/div><\/div>\n<\/div><\/section><\/div>\n\n\n\n<div class=\"section-wrapper\" data-id=\"dUaL78\"><section class=\"wp-block-gutenverse-section guten-element guten-section guten-dUaL78 layout-boxed align-stretch\"><div class=\"guten-container guten-column-gap-default\">\n<div class=\"wp-block-gutenverse-column guten-element guten-column guten-fWox2q\"><div class=\"guten-column-wrapper\" data-id=\"fWox2q\">\n<div class=\"guten-element guten-accordions-wrapper guten-wmjd3b\"><div class=\"guten-accordions\">\n<div class=\"accordion-item guten-Mdq1sv\"><div class=\"accordion-heading\"><div class=\"accordion-icon\"><span class=\"accordion-icon-open\"><i class=\"fas fa-minus\"><\/i><\/span><span class=\"accordion-icon-closed\"><i class=\"fas fa-plus\"><\/i><\/span><\/div><span class=\"accordion-text\">Quelles sont les conditions que mon manuscrit doit remplir ?<\/span><\/div><div class=\"accordion-body\"><div class=\"accordion-content\">\n<p>Votre manuscrit doit avoir \u00e9t\u00e9 enti\u00e8rement r\u00e9vis\u00e9 et correspondre \u00e0 nos genres (romance feel good, suspense romantique, romantasy). Les textes inachev\u00e9s ne seront pas pris en compte.<\/p>\n<\/div><\/div><\/div>\n\n\n\n<div class=\"accordion-item guten-8v9g73\"><div class=\"accordion-heading\"><div class=\"accordion-icon\"><span class=\"accordion-icon-open\"><i class=\"fas fa-minus\"><\/i><\/span><span class=\"accordion-icon-closed\"><i class=\"fas fa-plus\"><\/i><\/span><\/div><span class=\"accordion-text\"><strong>Quelle doit \u00eatre la longueur de mon manuscrit ?<\/strong><\/span><\/div><div class=\"accordion-body\"><div class=\"accordion-content\">\n<p>Ton manuscrit doit compter entre\u00a018 000 et 30 000 mots.<\/p>\n<\/div><\/div><\/div>\n\n\n\n<div class=\"accordion-item guten-j41tlD\"><div class=\"accordion-heading\"><div class=\"accordion-icon\"><span class=\"accordion-icon-open\"><i class=\"fas fa-minus\"><\/i><\/span><span class=\"accordion-icon-closed\"><i class=\"fas fa-plus\"><\/i><\/span><\/div><span class=\"accordion-text\">Comment dois-je structurer mon r\u00e9cit ?<\/span><\/div><div class=\"accordion-body\"><div class=\"accordion-content\">\n<p>Nos histoires sont\u00a0ax\u00e9es sur le dialogue.<\/p>\n\n\n\n<p>L&rsquo;intrigue se d\u00e9veloppe \u00e0 travers les personnages, les interactions et les dialogues, et non par de simples descriptions.<\/p>\n<\/div><\/div><\/div>\n\n\n\n<div class=\"accordion-item guten-R9rleg\"><div class=\"accordion-heading\"><div class=\"accordion-icon\"><span class=\"accordion-icon-open\"><i class=\"fas fa-minus\"><\/i><\/span><span class=\"accordion-icon-closed\"><i class=\"fas fa-plus\"><\/i><\/span><\/div><span class=\"accordion-text\">Puis-je avoir d\u00e9j\u00e0 publi\u00e9 mon histoire ailleurs ?<\/span><\/div><div class=\"accordion-body\"><div class=\"accordion-content\">\n<p>Non.<\/p>\n\n\n\n<p>Les articles en s\u00e9rie et les manuscrits ne doivent pas avoir d\u00e9j\u00e0 \u00e9t\u00e9 publi\u00e9s\u00a0ni para\u00eetre parall\u00e8lement ailleurs.<\/p>\n<\/div><\/div><\/div>\n\n\n\n<div class=\"accordion-item guten-KHgsem\"><div class=\"accordion-heading\"><div class=\"accordion-icon\"><span class=\"accordion-icon-open\"><i class=\"fas fa-minus\"><\/i><\/span><span class=\"accordion-icon-closed\"><i class=\"fas fa-plus\"><\/i><\/span><\/div><span class=\"accordion-text\">Sous quelle forme mon livre sera-t-il publi\u00e9 ?<\/span><\/div><div class=\"accordion-body\"><div class=\"accordion-content\">\n<p>Nous publions exclusivement\u00a0des livres \u00e9lectroniques.<\/p>\n\n\n\n<p>La publication se fera\u00a0en exclusivit\u00e9 sur Escape Readz.<\/p>\n<\/div><\/div><\/div>\n\n\n\n<div class=\"accordion-item guten-VUMc4O\"><div class=\"accordion-heading\"><div class=\"accordion-icon\"><span class=\"accordion-icon-open\"><i class=\"fas fa-minus\"><\/i><\/span><span class=\"accordion-icon-closed\"><i class=\"fas fa-plus\"><\/i><\/span><\/div><span class=\"accordion-text\">Que signifie l&rsquo;exclusivit\u00e9 ?<\/span><\/div><div class=\"accordion-body\"><div class=\"accordion-content\">\n<p>Pendant la dur\u00e9e de notre collaboration, ton \u0153uvre sera distribu\u00e9e exclusivement par notre interm\u00e9diaire et ne pourra pas \u00eatre propos\u00e9e simultan\u00e9ment sur d&rsquo;autres plateformes.<\/p>\n<\/div><\/div><\/div>\n\n\n\n<div class=\"accordion-item guten-7ehGdE\"><div class=\"accordion-heading\"><div class=\"accordion-icon\"><span class=\"accordion-icon-open\"><i class=\"fas fa-minus\"><\/i><\/span><span class=\"accordion-icon-closed\"><i class=\"fas fa-plus\"><\/i><\/span><\/div><span class=\"accordion-text\">Mon livre va-t-il \u00eatre traduit ?<\/span><\/div><div class=\"accordion-body\"><div class=\"accordion-content\">\n<p>Oui.<\/p>\n\n\n\n<p>Tu acceptes que nous traduisions ton \u0153uvre dans les langues suivantes :<\/p>\n\n\n\n<ul class=\"wp-block-list\">\n<li>Allemand<\/li>\n\n\n\n<li>Anglais<\/li>\n\n\n\n<li>Espagnol<\/li>\n\n\n\n<li>Fran\u00e7ais<\/li>\n\n\n\n<li>Italie<\/li>\n<\/ul>\n\n\n\n<p>Si tu souhaites fournir toi-m\u00eame des traductions, c&rsquo;est tout \u00e0 fait possible.<\/p>\n<\/div><\/div><\/div>\n\n\n\n<div class=\"accordion-item guten-d7LErp\"><div class=\"accordion-heading\"><div class=\"accordion-icon\"><span class=\"accordion-icon-open\"><i class=\"fas fa-minus\"><\/i><\/span><span class=\"accordion-icon-closed\"><i class=\"fas fa-plus\"><\/i><\/span><\/div><span class=\"accordion-text\">Dois-je participer activement en tant qu&rsquo;auteur ?<\/span><\/div><div class=\"accordion-body\"><div class=\"accordion-content\">\n<p>Oui.<\/p>\n\n\n\n<p>Nous attendons une\u00a0participation active, notamment en mati\u00e8re de visibilit\u00e9 et de port\u00e9e (par exemple, r\u00e9seaux sociaux, communication avec les lecteurs).<\/p>\n<\/div><\/div><\/div>\n\n\n\n<div class=\"accordion-item guten-IfCUVB\"><div class=\"accordion-heading\"><div class=\"accordion-icon\"><span class=\"accordion-icon-open\"><i class=\"fas fa-minus\"><\/i><\/span><span class=\"accordion-icon-closed\"><i class=\"fas fa-plus\"><\/i><\/span><\/div><span class=\"accordion-text\">Mon livre sera-t-il \u00e9galement publi\u00e9 dans le cadre d&rsquo;un mod\u00e8le d&rsquo;abonnement ?<\/span><\/div><div class=\"accordion-body\"><div class=\"accordion-content\">\n<p>Oui.<\/p>\n\n\n\n<p>Ton livre est \u00e9galement propos\u00e9 dans le\u00a0mod\u00e8le Escape Plus.<\/p>\n<\/div><\/div><\/div>\n\n\n\n<div class=\"accordion-item guten-otYKBq\"><div class=\"accordion-heading\"><div class=\"accordion-icon\"><span class=\"accordion-icon-open\"><i class=\"fas fa-minus\"><\/i><\/span><span class=\"accordion-icon-closed\"><i class=\"fas fa-plus\"><\/i><\/span><\/div><span class=\"accordion-text\">Comment suis-je r\u00e9mun\u00e9r\u00e9 ?<\/span><\/div><div class=\"accordion-body\"><div class=\"accordion-content\">\n<ul class=\"wp-block-list\">\n<li>35 % de participation aux recettes provenant des ventes au d\u00e9tail (livres \u00e9lectroniques)<\/li>\n\n\n\n<li>45 % des recettes d&rsquo;Escape Plus sont r\u00e9partis entre tous les auteurs participants<\/li>\n<\/ul>\n<\/div><\/div><\/div>\n\n\n\n<div class=\"accordion-item guten-H2ABXC active\"><div class=\"accordion-heading\"><div class=\"accordion-icon\"><span class=\"accordion-icon-open\"><i class=\"fas fa-minus\"><\/i><\/span><span class=\"accordion-icon-closed\"><i class=\"fas fa-plus\"><\/i><\/span><\/div><span class=\"accordion-text\">Quand les paiements sont-ils effectu\u00e9s ?<\/span><\/div><div class=\"accordion-body\"><div class=\"accordion-content\">\n<p>Le paiement est effectu\u00e9\u00a014 jours apr\u00e8s la fin du mois de facturation concern\u00e9.<\/p>\n<\/div><\/div><\/div>\n<\/div><\/div>\n<\/div><\/div>\n<\/div><\/section><\/div>\n\n\n\n<div class=\"guten-element guten-spacer guten-4HM4DG\"><\/div>\n","protected":false},"excerpt":{"rendered":"","protected":false},"author":2,"featured_media":0,"parent":0,"menu_order":0,"comment_status":"closed","ping_status":"closed","template":"","meta":{"_seopress_robots_primary_cat":"","_seopress_titles_title":"","_seopress_titles_desc":"","_seopress_robots_index":"","footnotes":""},"class_list":["post-2696","page","type-page","status-publish","hentry"],"blocksy_meta":{"background":{"background_type":"image","background_pattern":"type-1","background_image":{"attachment_id":2691,"x":0,"y":0.45,"url":"https:\/\/www.escapereadz.com\/wp-content\/uploads\/2026\/03\/background_schreibst_cu-1024x683.png"},"gradient":"linear-gradient(135deg,rgba(6,147,227,1) 0%,rgb(155,81,224) 100%)","background_repeat":"no-repeat","background_size":"cover","background_attachment":"fixed","patternColor":{"default":{"color":"#e5e7ea"}},"overlayColor":{"default":{"color":"CT_CSS_SKIP_RULE"}},"backgroundColor":{"default":{"color":"#ffffff"}}},"styles_descriptor":{"styles":{"desktop":"[data-prefix=\"single_page\"] {background-position:0% 45%;background-size:cover;background-attachment:fixed;background-repeat:no-repeat;background-color:#ffffff;background-image:url(https:\/\/www.escapereadz.com\/wp-content\/uploads\/2026\/03\/background_schreibst_cu.png);}","tablet":"","mobile":""},"google_fonts":[],"version":6}},"_links":{"self":[{"href":"https:\/\/www.escapereadz.eu\/fr\/wp-json\/wp\/v2\/pages\/2696","targetHints":{"allow":["GET"]}}],"collection":[{"href":"https:\/\/www.escapereadz.eu\/fr\/wp-json\/wp\/v2\/pages"}],"about":[{"href":"https:\/\/www.escapereadz.eu\/fr\/wp-json\/wp\/v2\/types\/page"}],"author":[{"embeddable":true,"href":"https:\/\/www.escapereadz.eu\/fr\/wp-json\/wp\/v2\/users\/2"}],"replies":[{"embeddable":true,"href":"https:\/\/www.escapereadz.eu\/fr\/wp-json\/wp\/v2\/comments?post=2696"}],"version-history":[{"count":0,"href":"https:\/\/www.escapereadz.eu\/fr\/wp-json\/wp\/v2\/pages\/2696\/revisions"}],"wp:attachment":[{"href":"https:\/\/www.escapereadz.eu\/fr\/wp-json\/wp\/v2\/media?parent=2696"}],"curies":[{"name":"wp","href":"https:\/\/api.w.org\/{rel}","templated":true}]}}