{"id":2678,"date":"2026-03-07T09:00:33","date_gmt":"2026-03-07T09:00:33","guid":{"rendered":"https:\/\/www.escapereadz.eu\/?page_id=2678"},"modified":"2026-04-01T18:25:36","modified_gmt":"2026-04-01T18:25:36","slug":"devenir-auteur","status":"publish","type":"page","link":"https:\/\/www.escapereadz.eu\/fr\/devenir-auteur\/","title":{"rendered":"Devenir auteur"},"content":{"rendered":"\n<div class=\"section-wrapper\" data-id=\"TKfyfj\"><section class=\"wp-block-gutenverse-section guten-element guten-section guten-TKfyfj layout-fullwidth align-stretch\"><div class=\"guten-container guten-column-gap-no\">\n<div class=\"wp-block-gutenverse-column guten-element guten-column guten-cTpq5G\"><div class=\"guten-column-wrapper\" data-id=\"cTpq5G\">\n<div class=\"guten-element guten-spacer guten-Qmznqc\"><\/div>\n\n\n\n<h2 class=\"wp-block-gutenverse-heading guten-element guten-B8yZYl\">Devenir auteur<\/h2>\n\n\n\n<div class=\"guten-element guten-spacer guten-40ehsJ\"><\/div>\n<\/div><\/div>\n<\/div><\/section><\/div>\n\n\n\n<div class=\"section-wrapper\" data-id=\"9SEO89\"><section class=\"wp-block-gutenverse-section guten-element guten-section guten-9SEO89 layout-boxed align-stretch\"><div class=\"guten-container guten-column-gap-default\">\n<div class=\"wp-block-gutenverse-column guten-element guten-column guten-AYmHaT\"><div class=\"guten-column-wrapper\" data-id=\"AYmHaT\">\n<div class=\"guten-element guten-spacer guten-AKOV6a\"><\/div>\n\n\n\n<p aria-label=\"Text Paragraph\" class=\"guten-element gutenverse-text guten-UX9qo8\"><strong>Devenir auteur ou autrice<\/strong><br><br>Si tu lis cette page, nous tenons tout d&rsquo;abord \u00e0 te remercier de l&rsquo;int\u00e9r\u00eat que tu portes \u00e0 notre maison d&rsquo;\u00e9dition.<br>Notre catalogue s&rsquo;articule autour de trois domaines :\u00a0Feel Good &#038; RomCom Romance,\u00a0Romantic Suspense\u00a0et\u00a0Romantasy. Si tu \u00e9cris des histoires qui s\u2019inscrivent dans\u00a0des s\u00e9ries ou des cycles de livres\u00a0et qui se lisent comme une s\u00e9rie continue \u2013 avec des personnages, des lieux et des liens r\u00e9currents entre les diff\u00e9rentes histoires \u2013, tu es \u00e0 la bonne adresse chez nous.<br><br><strong>Exigences relatives \u00e0 ton manuscrit<\/strong><br>Pour que nous puissions examiner un manuscrit, celui-ci doit d\u00e9j\u00e0 \u00eatre\u00a0enti\u00e8rement r\u00e9vis\u00e9. Merci de ne pas nous envoyer de versions brutes.<br><br>Les conditions g\u00e9n\u00e9rales suivantes s&rsquo;appliquent \u00e0 notre programme :<br><strong>&#8211; Volume : <\/strong>\u00a0environ\u00a0<strong>18 000 \u00e0 35 000 mots maximum<\/strong><br><strong>&#8211; Format :&nbsp;<\/strong> Nouvelles \/ romans courts, qui se lisent rapidement<br><strong>&#8211; Style narratif :<\/strong>\u00a0ax\u00e9 sur les dialogues \u2013 chez nous,\u00a0les personnages, les relations et les dialogues\u00a0sont au c\u0153ur de l&rsquo;histoire<br>&#8211;<strong> Descriptions :<\/strong> \u00a0\u00e9vocatrices, mais sans exc\u00e8s \u2013 les descriptions longues et d\u00e9taill\u00e9es ne sont pas au c\u0153ur de notre programme<br>Nos histoires vivent de\u00a0dynamisme, d\u2019\u00e9motion et d\u2019interaction entre les personnages.<br><br><strong>Collaboration<\/strong><br>Nous concevons notre maison d\u2019\u00e9dition comme\u00a0un partenariat entre les autrices, les auteurs et la maison d\u2019\u00e9dition. Chacun y contribue pour que les livres touchent les lectrices et les lecteurs.<br>Cela signifie \u00e9galement que nous attendons de nos autrices et auteurs qu\u2019ils\u00a0participent activement \u00e0 la visibilit\u00e9 de leurs livres\u00a0\u2013 par exemple en \u00e9tant pr\u00e9sents sur les r\u00e9seaux sociaux, lors d\u2019\u00e9v\u00e9nements ou dans le cadre d\u2019\u00e9changes avec le public.<br>Cette collaboration est un \u00e9l\u00e9ment important de notre concept.<br><br><strong>Maison d&rsquo;\u00e9dition num\u00e9rique<\/strong><br>Nous sommes une\u00a0maison d&rsquo;\u00e9dition \u00e0 vocation num\u00e9rique qui se concentre sur les livres \u00e9lectroniques et autres publications num\u00e9riques. Cela nous permet de distribuer nos livres\u00a0dans toute l&rsquo;Union europ\u00e9enne\u00a0et d&rsquo;atteindre des lectrices et des lecteurs ind\u00e9pendamment des march\u00e9s nationaux du livre.<br><br><strong>R\u00e9mun\u00e9ration<\/strong><br>Notre mod\u00e8le de r\u00e9mun\u00e9ration est transparent et identique pour tous les auteurs.<br>35 % de part d&rsquo;auteur\u00a0par\u00a0livre \u00e9lectronique vendu, calcul\u00e9e sur le\u00a0prix de vente net<br>Le prix de vente net peut varier en fonction de\u00a0 TVA en vigueur dans les diff\u00e9rents pays de l&rsquo;UE\u00a0<br><br>De plus, tous les titres sont int\u00e9gr\u00e9s \u00e0 notre\u00a0portail Escape Plus\u00a0.<br>Escape Plus est notre mod\u00e8le de lecture qui permet aux lectrices et lecteurs d&rsquo;acc\u00e9der \u00e0 notre catalogue.<br>Les recettes qui en d\u00e9coulent sont r\u00e9parties comme suit :<br>45 % des recettes totales\u00a0sont revers\u00e9s au\u00a0 pool d&rsquo;auteurs<br>Le montant total est\u00a0r\u00e9parti \u00e9quitablement entre tous les auteurs\u00a0<br>Le paiement est effectu\u00e9\u00a0 chaque mois, au milieu du mois suivant<br>Ce mod\u00e8le garantit une\u00a0r\u00e9mun\u00e9ration \u00e9quitable, quel que soit le nombre de pages lues ou la dur\u00e9e de pr\u00e9sence d\u2019un titre dans le catalogue.<br><br><strong>\u00c9ditions internationales<\/strong><br>Certains titres de notre catalogue sont \u00e9galement\u00a0traduits, notamment en :<br><strong>&#8211; anglais<br>&#8211; espagnol<br>&#8211; allemand<br>&#8211; italien<\/strong><br><br>Nos histoires peuvent ainsi toucher des lectrices et lecteurs au-del\u00e0 de l&rsquo;espace germanophone.<br><br><strong>Candidature<\/strong><br>Si ce concept te parle et que ton manuscrit correspond \u00e0 notre programme, nous nous r\u00e9jouissons de recevoir ta candidature.<br>Il te suffit d&rsquo;utiliser le\u00a0formulaire ci-dessous pour nous envoyer ton manuscrit.<\/p>\n\n\n\n<div class=\"section-wrapper\" data-id=\"Uv5nru\"><section class=\"wp-block-gutenverse-section guten-element guten-section guten-Uv5nru layout-boxed align-stretch\"><div class=\"guten-container guten-column-gap-default\">\n<div class=\"wp-block-gutenverse-column guten-element guten-column guten-t94lpM\"><div class=\"guten-column-wrapper\" data-id=\"t94lpM\">\n<div class=\"guten-element guten-spacer guten-e714cH\"><\/div>\n\n\n\n<form style=\"display:none\" class=\"guten-element guten-form-builder guten-gWqKsS\" data-form-id=\"363\" data-hide-after=\"true\" data-redirect=\"hello@escapereadz.eu\">\n<p aria-label=\"Text Paragraph\" class=\"guten-element gutenverse-text guten-PIMtuW\">Candidature en tant qu&rsquo;auteur ou autrice<\/p>\n\n\n\n<div class=\"guten-element guten-form-input-text guten-form-input guten-input-position-top guten-P9VIom hide-helper\"><div class=\"label-wrapper\"><label class=\"input-label\" for=\"Vorname\">Pr\u00e9nom<\/label><span class=\"required-badge\">*<\/span><\/div><div class=\"main-wrapper\"><input data-validation=\"{&quot;type&quot;:&quot;text&quot;,&quot;required&quot;:true,&quot;validationType&quot;:&quot;none&quot;,&quot;validationWarning&quot;:&quot;Input Invalid&quot;}\" placeholder=\"Pr\u00e9nom\" name=\"Vorname\" class=\"gutenverse-input gutenverse-input-text\" type=\"text\"\/><div class=\"validation-error\">Input Invalid<\/div><\/div><\/div>\n\n\n\n<div class=\"guten-element guten-form-input-text guten-form-input guten-input-position-top guten-wLWnSo hide-helper\"><div class=\"label-wrapper\"><label class=\"input-label\" for=\"Nachname\">Nom de famille<\/label><span class=\"required-badge\">*<\/span><\/div><div class=\"main-wrapper\"><input data-validation=\"{&quot;type&quot;:&quot;text&quot;,&quot;required&quot;:true,&quot;validationType&quot;:&quot;none&quot;,&quot;validationWarning&quot;:&quot;Input Invalid&quot;}\" placeholder=\"Nom de famille\" name=\"Nachname\" class=\"gutenverse-input gutenverse-input-text\" type=\"text\"\/><div class=\"validation-error\">Input Invalid<\/div><\/div><\/div>\n\n\n\n<div class=\"guten-element guten-form-input-email guten-form-input guten-input-position-top guten-CT57bU hide-helper\"><div class=\"label-wrapper\"><label class=\"input-label\" for=\"E-Mail\">E-mail<\/label><span class=\"required-badge\">*<\/span><\/div><div class=\"main-wrapper\"><input data-validation=\"{&quot;type&quot;:&quot;email&quot;,&quot;required&quot;:true,&quot;validationType&quot;:&quot;none&quot;,&quot;validationWarning&quot;:&quot;Bitte gib eine g\u00fcltige E-Mail ein&quot;}\" placeholder=\"E-Mail\" name=\"E-Mail\" class=\"gutenverse-input gutenverse-input-email\" type=\"email\"\/><div class=\"validation-error\">Bitte gib eine g\u00fcltige E-Mail ein<\/div><\/div><\/div>\n\n\n\n<div class=\"guten-element guten-form-input-file guten-form-input guten-input-position-top guten-L0qeuO hide-helper\"><div class=\"label-wrapper\"><label class=\"input-label\">Manuscrit<\/label><span class=\"required-badge\">*<\/span><\/div><div class=\"main-wrapper\"><div class=\"gutenverse-inner-input default\"><div class=\"file-input-wrapper\"><input name=\"Upload\" class=\"gutenverse-input gutenverse-input-file\" data-validation=\"{&quot;type&quot;:&quot;file&quot;,&quot;required&quot;:true,&quot;validationWarning&quot;:&quot;Merci de t\u00e9l\u00e9charger ton manuscrit.&quot;}\" type=\"file\" hidden id=\"file-input-guten-L0qeuO\"\/><div class=\"input-wrapper\"><label for=\"file-input-guten-L0qeuO\" class=\"file-button\"><span>S\u00e9lectionner un fichier<\/span><\/label><span class=\"file-placeholder\" data-default-text=\"Aucune s\u00e9lection\">Aucune s\u00e9lection<\/span><\/div><\/div><\/div><div class=\"validation-error\">Merci de t\u00e9l\u00e9charger ton manuscrit.<\/div><\/div><\/div>\n\n\n\n<div class=\"guten-element guten-form-input-textarea guten-form-input guten-input-position-top guten-L220XH hide-helper\"><div class=\"label-wrapper\"><label class=\"input-label\" for=\"Manuscript\">Raconte-nous un peu plus ton histoire en deux ou trois phrases.<\/label><span class=\"required-badge\">*<\/span><\/div><div class=\"main-wrapper\"><textarea data-validation=\"{&quot;type&quot;:&quot;textarea&quot;,&quot;required&quot;:true,&quot;validationType&quot;:&quot;none&quot;,&quot;validationWarning&quot;:&quot;Input Invalid&quot;}\" placeholder=\"Raconte-nous un peu ton histoire.\" name=\"Manuscript\" class=\"gutenverse-input gutenverse-input-text\"><\/textarea><div class=\"validation-error\">Input Invalid<\/div><\/div><\/div>\n\n\n\n<p aria-label=\"Text Paragraph\" class=\"guten-element gutenverse-text guten-FzP0NQ\"><strong>Informations :<\/strong><br><br>Nous ne pouvons pas accepter les r\u00e9cits qui ont d\u00e9j\u00e0 \u00e9t\u00e9 publi\u00e9s par un autre \u00e9diteur et dont les droits appartiennent \u00e0 cet \u00e9diteur.<br>Nous n&rsquo;acceptons que des s\u00e9ries ou des recueils complets.<br>Si tu conclus un contrat avec nous, les r\u00e9cits sont exclusifs \u00e0 notre maison d&rsquo;\u00e9dition et ne peuvent \u00eatre propos\u00e9s ailleurs.<br>Si tu n&rsquo;es pas encore majeur, nous avons besoin d&rsquo;une d\u00e9claration de consentement de tes parents ou tuteurs l\u00e9gaux.<\/p>\n\n\n\n<div class=\"guten-element guten-form-input-checkbox guten-form-input guten-input-position-top guten-JfzxBQ hide-helper\"><div class=\"label-wrapper\"><label class=\"input-label\" for=\"Altersbestaetigung\">V\u00e9rification de l&rsquo;\u00e2ge<\/label><span class=\"required-badge\">*<\/span><\/div><div class=\"main-wrapper\"><div class=\"gutenverse-inner-input default\"><div hidden name=\"Altersbestaetigung\" class=\"gutenverse-input\" data-validation=\"{&quot;type&quot;:&quot;checkbox&quot;,&quot;required&quot;:true,&quot;validationWarning&quot;:&quot;Confirme que tu as au moins 16 ans&quot;}\"><\/div><label for=\"Altersbestaetigung-Hiermit best\u00e4tige ich mindestens 16 Jahre alt zu sein und ich verpflichte, wenn ich unter 18 bin, eine Einverst\u00e4ndniserkl\u00e4rung einzureichen.\"><input name=\"Altersbestaetigung\" value=\"Hiermit best\u00e4tige ich mindestens 16 Jahre alt zu sein und ich verpflichte, wenn ich unter 18 bin, eine Einverst\u00e4ndniserkl\u00e4rung einzureichen.\" class=\"gutenverse-input-checkbox\" type=\"checkbox\" id=\"Altersbestaetigung-Hiermit best\u00e4tige ich mindestens 16 Jahre alt zu sein und ich verpflichte, wenn ich unter 18 bin, eine Einverst\u00e4ndniserkl\u00e4rung einzureichen.\"\/><span class=\"check\">Je certifie par la pr\u00e9sente \u00eatre \u00e2g\u00e9 d&rsquo;au moins 16 ans et m&rsquo;engage, si j&rsquo;ai moins de 18 ans, \u00e0 fournir une autorisation parentale.<\/span><\/label><\/div><div class=\"validation-error\">Confirme que tu as au moins 16 ans<\/div><\/div><\/div>\n\n\n\n<p aria-label=\"Text Paragraph\" class=\"guten-element gutenverse-text guten-Yqfb8C\"><strong>Remarque :<\/strong> la d\u00e9claration de consentement doit \u00eatre envoy\u00e9e lors de la signature du contrat ; ce n&rsquo;est qu&rsquo;alors que nous proc\u00e9derons \u00e0 la signature.<\/p>\n\n\n\n<div class=\"guten-element guten-form-input-gdpr guten-form-input guten-input-position-top guten-VCp70f hide-helper\"><div class=\"label-wrapper\"><label class=\"input-label\" for=\"Datenschutzerkl\u00e4rung\">Politique de confidentialit\u00e9 :<\/label><span class=\"required-badge\">*<\/span><\/div><div class=\"main-wrapper\"><div class=\"gutenverse-inner-input default\"><div class=\"guten-gdpr-wrapper\"><div class=\"guten-gdpr-input-wrapper\"><input name=\"Datenschutzerkl\u00e4rung\" data-validation=\"{&quot;type&quot;:&quot;checkbox&quot;,&quot;required&quot;:true,&quot;validationWarning&quot;:&quot;Merci d'accepter la politique de confidentialit\u00e9.&quot;}\" class=\"gutenverse-input gutenverse-input-gdpr\" type=\"checkbox\" data-value=\"Ja, ich habe die Datenschutzerkl\u00e4rung gelesen und akzeptiere sie.\"\/><span class=\"check\"><\/span><\/div><div class=\"gdpr-label\">Oui, j&rsquo;ai lu la <a href=\"https:\/\/www.escapereadz.eu\/fr\/politique-de-confidentialit\u00e9\/\" data-type=\"page\" data-id=\"34\">Politique de confidentialit\u00e9<\/a> et je l&rsquo;accepte.<\/div><\/div><\/div><div class=\"validation-error\">Merci d&rsquo;accepter la politique de confidentialit\u00e9.<\/div><\/div><\/div>\n\n\n\n<div class=\"guten-element gutenverse-recaptcha guten-form-input-recaptcha g-recaptcha\" data-sitekey=\"6LcKbnAsAAAAAKV6yNXxejlyOs-8yzkIZzT7qOMM\"><\/div>\n\n\n\n<div class=\"guten-element guten-button-wrapper guten-submit-wrapper guten-x2J1ur\"><div class=\"form-notification\"><\/div><button class=\"guten-button gutenverse-input-submit guten-button-sm\" type=\"submit\"><span>Postuler d\u00e8s maintenant<\/span><\/button><div class=\"gutenverse-input-submit-loader\"><svg xmlns=\"http:\/\/www.w3.org\/2000\/svg\" viewBox=\"0 0 640 640\"><path d=\"M272 112C272 85.5 293.5 64 320 64C346.5 64 368 85.5 368 112C368 138.5 346.5 160 320 160C293.5 160 272 138.5 272 112zM272 528C272 501.5 293.5 480 320 480C346.5 480 368 501.5 368 528C368 554.5 346.5 576 320 576C293.5 576 272 554.5 272 528zM112 272C138.5 272 160 293.5 160 320C160 346.5 138.5 368 112 368C85.5 368 64 346.5 64 320C64 293.5 85.5 272 112 272zM480 320C480 293.5 501.5 272 528 272C554.5 272 576 293.5 576 320C576 346.5 554.5 368 528 368C501.5 368 480 346.5 480 320zM139 433.1C157.8 414.3 188.1 414.3 206.9 433.1C225.7 451.9 225.7 482.2 206.9 501C188.1 519.8 157.8 519.8 139 501C120.2 482.2 120.2 451.9 139 433.1zM139 139C157.8 120.2 188.1 120.2 206.9 139C225.7 157.8 225.7 188.1 206.9 206.9C188.1 225.7 157.8 225.7 139 206.9C120.2 188.1 120.2 157.8 139 139zM501 433.1C519.8 451.9 519.8 482.2 501 501C482.2 519.8 451.9 519.8 433.1 501C414.3 482.2 414.3 451.9 433.1 433.1C451.9 414.3 482.2 414.3 501 433.1z\"><\/path><\/svg><\/div><\/div>\n<\/form>\n\n\n\n<div class=\"guten-element guten-spacer guten-bx5SVf\"><\/div>\n<\/div><\/div>\n<\/div><\/section><\/div>\n\n\n\n<div class=\"guten-element guten-spacer guten-suKxRv\"><\/div>\n<\/div><\/div>\n<\/div><\/section><\/div>\n","protected":false},"excerpt":{"rendered":"","protected":false},"author":2,"featured_media":0,"parent":0,"menu_order":0,"comment_status":"closed","ping_status":"closed","template":"","meta":{"_seopress_robots_primary_cat":"","_seopress_titles_title":"","_seopress_titles_desc":"","_seopress_robots_index":"","footnotes":""},"class_list":["post-2678","page","type-page","status-publish","hentry"],"blocksy_meta":{"background":{"background_type":"image","background_pattern":"type-1","background_image":{"attachment_id":65,"x":0,"y":0.45,"url":"https:\/\/www.escapereadz.com\/wp-content\/uploads\/2026\/03\/background_schreibst_cu-1024x683.webp"},"gradient":"linear-gradient(135deg,rgba(6,147,227,1) 0%,rgb(155,81,224) 100%)","background_repeat":"no-repeat","background_size":"cover","background_attachment":"fixed","patternColor":{"default":{"color":"#e5e7ea"}},"overlayColor":{"default":{"color":"CT_CSS_SKIP_RULE"}},"backgroundColor":{"default":{"color":"#ffffff"}}},"styles_descriptor":{"styles":{"desktop":"[data-prefix=\"single_page\"] {background-position:0% 45%;background-size:cover;background-attachment:fixed;background-repeat:no-repeat;background-color:#ffffff;background-image:url(https:\/\/www.escapereadz.com\/wp-content\/uploads\/2026\/03\/background_schreibst_cu.webp);}","tablet":"","mobile":""},"google_fonts":[],"version":6}},"_links":{"self":[{"href":"https:\/\/www.escapereadz.eu\/fr\/wp-json\/wp\/v2\/pages\/2678","targetHints":{"allow":["GET"]}}],"collection":[{"href":"https:\/\/www.escapereadz.eu\/fr\/wp-json\/wp\/v2\/pages"}],"about":[{"href":"https:\/\/www.escapereadz.eu\/fr\/wp-json\/wp\/v2\/types\/page"}],"author":[{"embeddable":true,"href":"https:\/\/www.escapereadz.eu\/fr\/wp-json\/wp\/v2\/users\/2"}],"replies":[{"embeddable":true,"href":"https:\/\/www.escapereadz.eu\/fr\/wp-json\/wp\/v2\/comments?post=2678"}],"version-history":[{"count":0,"href":"https:\/\/www.escapereadz.eu\/fr\/wp-json\/wp\/v2\/pages\/2678\/revisions"}],"wp:attachment":[{"href":"https:\/\/www.escapereadz.eu\/fr\/wp-json\/wp\/v2\/media?parent=2678"}],"curies":[{"name":"wp","href":"https:\/\/api.w.org\/{rel}","templated":true}]}}