{"id":2612,"date":"2026-03-07T08:02:42","date_gmt":"2026-03-07T08:02:42","guid":{"rendered":"https:\/\/www.escapereadz.eu\/?page_id=2612"},"modified":"2026-04-01T17:29:07","modified_gmt":"2026-04-01T17:29:07","slug":"catalogue","status":"publish","type":"page","link":"https:\/\/www.escapereadz.eu\/fr\/catalogue\/","title":{"rendered":"catalogue"},"content":{"rendered":"\n<div class=\"section-wrapper\" data-id=\"nt91JI\"><section class=\"wp-block-gutenverse-section guten-element guten-section guten-nt91JI layout-fullwidth align-stretch\"><div class=\"guten-container guten-column-gap-no\">\n<div class=\"wp-block-gutenverse-column guten-element guten-column guten-fbCKA0\"><div class=\"guten-column-wrapper\" data-id=\"fbCKA0\">\n<div class=\"guten-element guten-spacer guten-CMUbxT\"><\/div>\n\n\n\n<h2 class=\"wp-block-gutenverse-heading guten-element guten-VxwVPx\">Notre catalogue<\/h2>\n\n\n\n<div class=\"guten-element guten-spacer guten-YVsIMA\"><\/div>\n<\/div><\/div>\n<\/div><\/section><\/div>\n\n\n\n<div class=\"section-wrapper\" data-id=\"mt4hsc\"><section class=\"wp-block-gutenverse-section guten-element guten-section guten-mt4hsc layout-boxed align-stretch\"><div class=\"guten-container guten-column-gap-default\">\n<div class=\"wp-block-gutenverse-column guten-element guten-column guten-b2fNQy\"><div class=\"guten-column-wrapper\" data-id=\"b2fNQy\">\n<div class=\"guten-element guten-spacer guten-7qzGIV\"><\/div>\n\n\n\n<p aria-label=\"Text Paragraph\" class=\"guten-element gutenverse-text guten-FzNZ7u\"><br>Les histoires sont des voyages. Pendant quelques heures, le quotidien s&rsquo;efface et un autre monde s&rsquo;ouvre \u00e0 nous \u2013 riche en \u00e9motions, en rencontres et en d\u00e9cisions qui peuvent tout changer. C&rsquo;est pr\u00e9cis\u00e9ment cette exp\u00e9rience qui est au c\u0153ur de notre programme \u00e9ditorial.<br>Nous publions des romans d&rsquo;amour dans trois domaines :<br><\/p>\n\n\n\n<p aria-label=\"Text Paragraph\" class=\"guten-element gutenverse-text guten-60Bflr\"><strong>Romance feel good et com\u00e9die romantique<\/strong><br>Des romans sur la proximit\u00e9, l&rsquo;amiti\u00e9 et l&rsquo;amour, racont\u00e9s avec l\u00e9g\u00e8ret\u00e9, humour et chaleur. Des histoires qui font sourire et all\u00e8gent un peu le c\u0153ur.<br><br><\/p>\n\n\n\n<p aria-label=\"Text Paragraph\" class=\"guten-element gutenverse-text guten-GQdsAN\"><strong>Romance \u00e0 suspense<\/strong><br>La passion c\u00f4toie le danger. Ces r\u00e9cits mettent en avant des relations intenses, tandis que les secrets, les conflits et les menaces cr\u00e9ent un climat de suspense.<br><\/p>\n\n\n\n<p aria-label=\"Text Paragraph\" class=\"guten-element gutenverse-text guten-Jbl7qD\"><strong>Fantastique romantique<\/strong><br>Des romances dans des mondes hors du commun. Magie, royaumes lointains et destins extraordinaires s\u2019entrem\u00ealent \u00e0 des histoires d\u2019amour \u00e9mouvantes.<br>Notre programme met l\u2019accent sur les s\u00e9ries et les cycles litt\u00e9raires qui se lisent comme une histoire continue. Des lieux, des familles, des cercles d\u2019amis et des personnages r\u00e9currents relient les diff\u00e9rentes histoires entre elles. Chaque histoire est ind\u00e9pendante, mais ensemble, elles forment un univers plus vaste.<br><br><\/p>\n\n\n\n<p aria-label=\"Text Paragraph\" class=\"guten-element gutenverse-text guten-RD0mv0\"><strong>Bon nombre de nos titres sont publi\u00e9s sous forme de nouvelles :<\/strong> des r\u00e9cits concis et faciles \u00e0 lire, qui mettent clairement l&rsquo;accent sur les personnages et les \u00e9motions. Le style narratif est d\u00e9lib\u00e9r\u00e9ment ax\u00e9 sur les dialogues. Les conversations font avancer l&rsquo;intrigue, cr\u00e9ent l&rsquo;atmosph\u00e8re et le suspense : elles permettent aux relations de se nouer, aux conflits de s&rsquo;intensifier et aux sentiments de s&rsquo;exprimer.<br><strong>Nos livres poursuivent un objectif simple :<\/strong> le divertissement.<br>Ils ont pour but d\u2019\u00e9vader les lectrices et les lecteurs de leur quotidien pendant un moment \u2013 dans des histoires qui r\u00e9chauffent le c\u0153ur, invitent au bien-\u00eatre ou captivent par leur suspense \u00e9motionnel.<br><br><br><strong>Viento Libre\u2122 \u2013 Le magazine<\/strong><br><\/p>\n\n\n\n<p aria-label=\"Text Paragraph\" class=\"guten-element gutenverse-text guten-D0NQsu\">Outre nos livres, nous publions \u00e9galement le magazine <strong>Viento Libre\u2122.<\/strong>Vous trouverez ici des nouvelles fictives, des chroniques, des articles et des aper\u00e7us des univers de nos r\u00e9cits. Ce magazine \u00e9largit les univers litt\u00e9raires de notre programme, raconte de petits \u00e9pisodes, pr\u00e9sente des personnages ou des lieux, et offre un espace \u00e0 de nouvelles voix et id\u00e9es.<br>Viento Libre\u2122 est ainsi un lieu d\u00e9di\u00e9 aux histoires entre les histoires \u2013 libre, exp\u00e9rimental et toujours narratif.<\/p>\n\n\n\n<div class=\"guten-element guten-spacer guten-7Iyeax\"><\/div>\n<\/div><\/div>\n<\/div><\/section><\/div>\n\n\n\n<div class=\"guten-element guten-spacer guten-KwEk9n\"><\/div>\n","protected":false},"excerpt":{"rendered":"","protected":false},"author":2,"featured_media":0,"parent":0,"menu_order":0,"comment_status":"closed","ping_status":"closed","template":"","meta":{"_seopress_robots_primary_cat":"","_seopress_titles_title":"","_seopress_titles_desc":"","_seopress_robots_index":"","footnotes":""},"class_list":["post-2612","page","type-page","status-publish","hentry"],"blocksy_meta":{"background":{"background_type":"image","background_pattern":"type-1","background_image":{"attachment_id":1702,"x":0,"y":0.45,"url":"https:\/\/www.escapereadz.com\/wp-content\/uploads\/2026\/03\/background_schreibst_cu-1-1024x683.webp"},"gradient":"linear-gradient(135deg,rgba(6,147,227,1) 0%,rgb(155,81,224) 100%)","background_repeat":"no-repeat","background_size":"cover","background_attachment":"fixed","patternColor":{"default":{"color":"#e5e7ea"}},"overlayColor":{"default":{"color":"CT_CSS_SKIP_RULE"}},"backgroundColor":{"default":{"color":"#ffffff"}}},"styles_descriptor":{"styles":{"desktop":"[data-prefix=\"single_page\"] {background-position:0% 45%;background-size:cover;background-attachment:fixed;background-repeat:no-repeat;background-color:#ffffff;background-image:url(https:\/\/www.escapereadz.com\/wp-content\/uploads\/2026\/03\/background_schreibst_cu-1.webp);}","tablet":"","mobile":""},"google_fonts":[],"version":6}},"_links":{"self":[{"href":"https:\/\/www.escapereadz.eu\/fr\/wp-json\/wp\/v2\/pages\/2612","targetHints":{"allow":["GET"]}}],"collection":[{"href":"https:\/\/www.escapereadz.eu\/fr\/wp-json\/wp\/v2\/pages"}],"about":[{"href":"https:\/\/www.escapereadz.eu\/fr\/wp-json\/wp\/v2\/types\/page"}],"author":[{"embeddable":true,"href":"https:\/\/www.escapereadz.eu\/fr\/wp-json\/wp\/v2\/users\/2"}],"replies":[{"embeddable":true,"href":"https:\/\/www.escapereadz.eu\/fr\/wp-json\/wp\/v2\/comments?post=2612"}],"version-history":[{"count":0,"href":"https:\/\/www.escapereadz.eu\/fr\/wp-json\/wp\/v2\/pages\/2612\/revisions"}],"wp:attachment":[{"href":"https:\/\/www.escapereadz.eu\/fr\/wp-json\/wp\/v2\/media?parent=2612"}],"curies":[{"name":"wp","href":"https:\/\/api.w.org\/{rel}","templated":true}]}}