{"id":2608,"date":"2026-03-05T19:41:25","date_gmt":"2026-03-05T19:41:25","guid":{"rendered":"https:\/\/www.escapereadz.eu\/?page_id=2608"},"modified":"2026-04-01T16:45:15","modified_gmt":"2026-04-01T16:45:15","slug":"a-propos-de-nous","status":"publish","type":"page","link":"https:\/\/www.escapereadz.eu\/fr\/a-propos-de-nous\/","title":{"rendered":"\u00c0 propos de nous"},"content":{"rendered":"\n<div class=\"section-wrapper\" data-id=\"JayH1a\"><section class=\"wp-block-gutenverse-section guten-element guten-section guten-JayH1a layout-fullwidth align-stretch\"><div class=\"guten-container guten-column-gap-no\">\n<div class=\"wp-block-gutenverse-column guten-element guten-column guten-0vpwqo\"><div class=\"guten-column-wrapper\" data-id=\"0vpwqo\">\n<div class=\"guten-element guten-spacer guten-xoAdNk\"><\/div>\n\n\n\n<h2 class=\"wp-block-gutenverse-heading guten-element guten-WUy5kT\">\u00c0 propos de nous<\/h2>\n\n\n\n<div class=\"guten-element guten-spacer guten-9VAp7t\"><\/div>\n<\/div><\/div>\n<\/div><\/section><\/div>\n\n\n\n<div class=\"section-wrapper\" data-id=\"hIj2YA\"><section class=\"wp-block-gutenverse-section guten-element guten-section guten-hIj2YA layout-boxed align-stretch\"><div class=\"guten-container guten-column-gap-default\">\n<div class=\"wp-block-gutenverse-column guten-element guten-column guten-pe03kn\"><div class=\"guten-column-wrapper\" data-id=\"pe03kn\">\n<div class=\"guten-element guten-spacer guten-x9FCKG\"><\/div>\n\n\n\n<p aria-label=\"Text Paragraph\" class=\"guten-element gutenverse-text guten-lnQnuP\"><strong>Escape Readz Publishing : des histoires sans limites<\/strong><br><br>Bienvenue chez <strong>Escape Readz Publishing<\/strong>, ta maison d&rsquo;\u00e9dition moderne sp\u00e9cialis\u00e9e dans la litt\u00e9rature num\u00e9rique. Nous sommes sp\u00e9cialis\u00e9s dans les livres \u00e9lectroniques et proposons non seulement des ventes \u00e0 l&rsquo;unit\u00e9, mais aussi Escape Plus, notre formule forfaitaire innovante qui permet aux lecteurs de profiter d&rsquo;un acc\u00e8s illimit\u00e9 \u00e0 l&rsquo;ensemble de notre catalogue.<br><br><strong>Pourquoi Escape Plus ?<\/strong><br>Avec Escape Plus, le d\u00e9sordre sur tes appareils appartient au pass\u00e9 : fini les collections d&rsquo;e-books confuses, tu n&rsquo;as plus besoin de logiciel suppl\u00e9mentaire. Il te suffit de t&rsquo;inscrire pour pouvoir lire sur n&rsquo;importe quel appareil, partout en Europe et dans diff\u00e9rentes langues. Car les histoires doivent \u00eatre accessibles \u00e0 tous.<br><br><strong>Viento Libre : du divertissement m\u00eal\u00e9 d&rsquo;humour et de sarcasme<\/strong><br>\u00c0 partir de 2026, nous \u00e9largissons notre offre avec \u00ab Viento Libre \u00bb, notre magazine en ligne divertissant. Les lecteurs y trouveront une plateforme proposant des articles en plusieurs langues.<br><br><strong>Pour les auteurs : grandir ensemble<\/strong><br>Tu \u00e9cris dans nos genres et souhaites pr\u00e9senter tes histoires \u00e0 un public international ? Nous t&rsquo;aidons pour les traductions et te soutenons dans la publication de tes \u0153uvres en plusieurs langues. Que tu sois un auteur confirm\u00e9 ou un auteur invit\u00e9, tu trouveras chez nous un espace o\u00f9 tu pourras laisser libre cours \u00e0 ta cr\u00e9ativit\u00e9.<br><br><strong>Notre mission : Un divertissement qui rassemble<\/strong><br>Notre objectif est d&rsquo;\u00e9vader les lecteurs de leur quotidien, de les divertir et de les faire sourire. Car les histoires sont bien plus que de simples mots : ce sont des aventures, des \u00e9motions et des moments qui restent grav\u00e9s dans les m\u00e9moires.<br><br><strong>Es-tu pr\u00eat pour ta prochaine aventure litt\u00e9raire ?<\/strong> D\u00e9couvre Escape Readz Publishing et laisse-toi envo\u00fbter !<br><br><strong>Tu as des questions ou des suggestions ?<\/strong>\u00a0Nous attendons ton message avec impatience, que tu sois lecteur, auteur ou simple visiteur curieux.<br><\/p>\n\n\n\n<div class=\"guten-element guten-spacer guten-AK8NGB\"><\/div>\n<\/div><\/div>\n<\/div><\/section><\/div>\n\n\n\n<div class=\"guten-element guten-spacer guten-YvRyIf\"><\/div>\n","protected":false},"excerpt":{"rendered":"","protected":false},"author":2,"featured_media":0,"parent":0,"menu_order":0,"comment_status":"closed","ping_status":"closed","template":"","meta":{"_seopress_robots_primary_cat":"","_seopress_titles_title":"","_seopress_titles_desc":"","_seopress_robots_index":"","footnotes":""},"class_list":["post-2608","page","type-page","status-publish","hentry"],"blocksy_meta":{"background":{"background_type":"image","background_pattern":"type-1","background_image":{"attachment_id":1702,"x":0,"y":0.45,"url":"https:\/\/www.escapereadz.com\/wp-content\/uploads\/2026\/03\/background_schreibst_cu-1-1024x683.webp"},"gradient":"linear-gradient(135deg,rgba(6,147,227,1) 0%,rgb(155,81,224) 100%)","background_repeat":"no-repeat","background_size":"cover","background_attachment":"fixed","patternColor":{"default":{"color":"#e5e7ea"}},"overlayColor":{"default":{"color":"CT_CSS_SKIP_RULE"}},"backgroundColor":{"default":{"color":"#ffffff"}}},"styles_descriptor":{"styles":{"desktop":"[data-prefix=\"single_page\"] {background-position:0% 45%;background-size:cover;background-attachment:fixed;background-repeat:no-repeat;background-color:#ffffff;background-image:url(https:\/\/www.escapereadz.com\/wp-content\/uploads\/2026\/03\/background_schreibst_cu-1.webp);}","tablet":"","mobile":""},"google_fonts":[],"version":6}},"_links":{"self":[{"href":"https:\/\/www.escapereadz.eu\/fr\/wp-json\/wp\/v2\/pages\/2608","targetHints":{"allow":["GET"]}}],"collection":[{"href":"https:\/\/www.escapereadz.eu\/fr\/wp-json\/wp\/v2\/pages"}],"about":[{"href":"https:\/\/www.escapereadz.eu\/fr\/wp-json\/wp\/v2\/types\/page"}],"author":[{"embeddable":true,"href":"https:\/\/www.escapereadz.eu\/fr\/wp-json\/wp\/v2\/users\/2"}],"replies":[{"embeddable":true,"href":"https:\/\/www.escapereadz.eu\/fr\/wp-json\/wp\/v2\/comments?post=2608"}],"version-history":[{"count":0,"href":"https:\/\/www.escapereadz.eu\/fr\/wp-json\/wp\/v2\/pages\/2608\/revisions"}],"wp:attachment":[{"href":"https:\/\/www.escapereadz.eu\/fr\/wp-json\/wp\/v2\/media?parent=2608"}],"curies":[{"name":"wp","href":"https:\/\/api.w.org\/{rel}","templated":true}]}}