{"id":2597,"date":"2026-03-30T06:10:01","date_gmt":"2026-03-30T06:10:01","guid":{"rendered":"https:\/\/www.escapereadz.eu\/?page_id=2597"},"modified":"2026-04-01T15:29:02","modified_gmt":"2026-04-01T15:29:02","slug":"escape-plus-faq","status":"publish","type":"page","link":"https:\/\/www.escapereadz.eu\/fr\/escape-plus-faq\/","title":{"rendered":"Escape Plus FAQ"},"content":{"rendered":"\n<div class=\"section-wrapper\" data-id=\"k1nI4G\"><section class=\"wp-block-gutenverse-section guten-element guten-section guten-k1nI4G layout-boxed align-stretch\"><div class=\"guten-container guten-column-gap-default\">\n<div class=\"wp-block-gutenverse-column guten-element guten-column guten-sCyKa6\"><div class=\"guten-column-wrapper\" data-id=\"sCyKa6\">\n<div class=\"guten-element guten-spacer guten-c7nQkM\"><\/div>\n\n\n\n<h2 class=\"wp-block-gutenverse-heading guten-element guten-5wLeQE\">Escape Plus FAQ<\/h2>\n\n\n\n<div class=\"section-wrapper\" data-id=\"3PuYcY\"><section class=\"wp-block-gutenverse-section guten-element guten-section guten-3PuYcY layout-boxed align-stretch\"><div class=\"guten-container guten-column-gap-default\">\n<div class=\"wp-block-gutenverse-column guten-element guten-column guten-6HZoO7\"><div class=\"guten-column-wrapper\" data-id=\"6HZoO7\">\n<div class=\"guten-element guten-accordions-wrapper guten-B6i9bE\"><div class=\"guten-accordions\">\n<div class=\"accordion-item guten-xhgsZT\"><div class=\"accordion-heading\"><div class=\"accordion-icon\"><span class=\"accordion-icon-open\"><i class=\"fas fa-minus\"><\/i><\/span><span class=\"accordion-icon-closed\"><i class=\"fas fa-plus\"><\/i><\/span><\/div><span class=\"accordion-text\"><strong>Qu&rsquo;est-ce qu&rsquo;Escape Plus ?<\/strong><\/span><\/div><div class=\"accordion-body\"><div class=\"accordion-content\">\n<p>Escape Plus est un abonnement payant qui te donne acc\u00e8s \u00e0 des contenus exclusifs d&rsquo;Escape Readz.<\/p>\n\n\n\n<p>Parmi ceux-ci, on trouve :<\/p>\n\n\n\n<ul class=\"wp-block-list\">\n<li>Acc\u00e8s \u00e0\u00a0tous les livres disponibles<\/li>\n\n\n\n<li>Nouvelles et versions alternatives des histoires<\/li>\n\n\n\n<li>Acc\u00e8s \u00e0 l&rsquo;espace VIP, comprenant :\n<ul class=\"wp-block-list\">\n<li>Chapitres pr\u00e9liminaires<\/li>\n\n\n\n<li>Entretiens avec des personnages<\/li>\n<\/ul>\n<\/li>\n\n\n\n<li>Acc\u00e8s au magazine Viento Libre<\/li>\n\n\n\n<li>Participation \u00e0 la\u00a0communaut\u00e9\u00a0(discussions, commentaires, suggestions)<\/li>\n<\/ul>\n<\/div><\/div><\/div>\n\n\n\n<div class=\"accordion-item guten-D6yqMr\"><div class=\"accordion-heading\"><div class=\"accordion-icon\"><span class=\"accordion-icon-open\"><i class=\"fas fa-minus\"><\/i><\/span><span class=\"accordion-icon-closed\"><i class=\"fas fa-plus\"><\/i><\/span><\/div><span class=\"accordion-text\"><strong>Comment puis-je r\u00e9server Escape Plus ?<\/strong><\/span><\/div><div class=\"accordion-body\"><div class=\"accordion-content\">\n<p>La r\u00e9servation s&rsquo;effectue via la rubrique \u00ab Escape Plus \u00bb :<\/p>\n\n\n\n<ol start=\"1\" class=\"wp-block-list\">\n<li>S\u00e9lection de :\n<ul class=\"wp-block-list\">\n<li>Abonnement mensuel ou<\/li>\n\n\n\n<li>Probeabo<\/li>\n<\/ul>\n<\/li>\n\n\n\n<li>Redirection vers la page de r\u00e9servation<\/li>\n\n\n\n<li>Affichage de la prochaine date de facturation avant la cl\u00f4ture<\/li>\n<\/ol>\n\n\n\n<p>En validant ta r\u00e9servation, tu souscris \u00e0 un abonnement payant<\/p>\n<\/div><\/div><\/div>\n\n\n\n<div class=\"accordion-item guten-JenB0H\"><div class=\"accordion-heading\"><div class=\"accordion-icon\"><span class=\"accordion-icon-open\"><i class=\"fas fa-minus\"><\/i><\/span><span class=\"accordion-icon-closed\"><i class=\"fas fa-plus\"><\/i><\/span><\/div><span class=\"accordion-text\"><strong>Dur\u00e9e, prolongation et r\u00e9siliation<\/strong><\/span><\/div><div class=\"accordion-body\"><div class=\"accordion-content\">\n<ul class=\"wp-block-list\">\n<li>L&rsquo;abonnement a une dur\u00e9e de\u00a0<strong>4 semaines<\/strong><\/li>\n\n\n\n<li>Il est prolong\u00e9 <strong>automatiquement de 4 semaines suppl\u00e9mentaires<\/strong>, sauf en cas de r\u00e9siliation<\/li>\n\n\n\n<li>L&rsquo;\u00a0essai ne se prolonge pas automatiquement\u00a0(dur\u00e9e : 3 jours)<\/li>\n<\/ul>\n\n\n\n<h5 class=\"wp-block-heading\">R\u00e9siliation<\/h5>\n\n\n\n<ul class=\"wp-block-list\">\n<li>Les r\u00e9siliations sont possibles \u00e0 tout moment<\/li>\n\n\n\n<li>La r\u00e9siliation prend effet \u00e0 la fin de la p\u00e9riode en cours<\/li>\n\n\n\n<li>Si aucune r\u00e9siliation n&rsquo;est effectu\u00e9e avant la date de renouvellement, l&rsquo;abonnement est automatiquement prolong\u00e9<\/li>\n<\/ul>\n\n\n\n<h5 class=\"wp-block-heading\">Souvenirs<\/h5>\n\n\n\n<p>Avant chaque renouvellement, tu recevras :<\/p>\n\n\n\n<ul class=\"wp-block-list\">\n<li>un e-mail\u00a0<strong>deux jours avant<\/strong><\/li>\n\n\n\n<li>un e-mail\u00a0<strong>un jour \u00e0 l&rsquo;avance<\/strong><\/li>\n<\/ul>\n<\/div><\/div><\/div>\n\n\n\n<div class=\"accordion-item guten-7AUyvm\"><div class=\"accordion-heading\"><div class=\"accordion-icon\"><span class=\"accordion-icon-open\"><i class=\"fas fa-minus\"><\/i><\/span><span class=\"accordion-icon-closed\"><i class=\"fas fa-plus\"><\/i><\/span><\/div><span class=\"accordion-text\"><strong>R\u00e8gles de tol\u00e9rance en cas de r\u00e9siliation tardive<\/strong><\/span><\/div><div class=\"accordion-body\"><div class=\"accordion-content\">\n<ul class=\"wp-block-list\">\n<li>Dans des cas exceptionnels, une r\u00e9siliation peut \u00eatre prise en compte\u00a0jusqu&rsquo;\u00e0 24 heures apr\u00e8s la prolongation<\/li>\n\n\n\n<li>Dans ce cas, un\u00a0remboursement peut \u00eatre effectu\u00e9<\/li>\n<\/ul>\n\n\n\n<p>\ud83d\udc49 Important :<\/p>\n\n\n\n<ul class=\"wp-block-list\">\n<li>Cette d\u00e9marche est\u00a0facultative et ne donne lieu \u00e0 aucun droit<\/li>\n\n\n\n<li>Les d\u00e9cisions sont prises\u00a0apr\u00e8s examen au cas par cas<\/li>\n\n\n\n<li>En cas de suspicion d&rsquo;abus, le remboursement peut \u00eatre refus\u00e9<\/li>\n<\/ul>\n<\/div><\/div><\/div>\n\n\n\n<div class=\"accordion-item guten-6ICftS\"><div class=\"accordion-heading\"><div class=\"accordion-icon\"><span class=\"accordion-icon-open\"><i class=\"fas fa-minus\"><\/i><\/span><span class=\"accordion-icon-closed\"><i class=\"fas fa-plus\"><\/i><\/span><\/div><span class=\"accordion-text\"><strong>Remboursements et droit de r\u00e9tractation<\/strong><\/span><\/div><div class=\"accordion-body\"><div class=\"accordion-content\">\n<p>En souscrivant \u00e0 cet abonnement, tu acceptes que :<\/p>\n\n\n\n<ul class=\"wp-block-list\">\n<li>la prestation\u00a0commence imm\u00e9diatement<\/li>\n\n\n\n<li>ton droit l\u00e9gal\u00a0de r\u00e9tractation conform\u00e9ment \u00e0 l&rsquo;article 356, paragraphe 5, du BGB expire<\/li>\n<\/ul>\n\n\n\n<h5 class=\"wp-block-heading\">Par cons\u00e9quent :<\/h5>\n\n\n\n<ul class=\"wp-block-list\">\n<li>Les remboursements sont en principe exclus<\/li>\n<\/ul>\n\n\n\n<p>\ud83d\udc49 Exception :<\/p>\n\n\n\n<ul class=\"wp-block-list\">\n<li>Dans certains cas particuliers, un remboursement peut \u00eatre accord\u00e9\u00a0\u00e0 titre commercial<\/li>\n\n\n\n<li>Il n&rsquo;existe\u00a0aucun droit\u00a0\u00e0 un tel remboursement<\/li>\n<\/ul>\n<\/div><\/div><\/div>\n\n\n\n<div class=\"accordion-item guten-fsYXyw\"><div class=\"accordion-heading\"><div class=\"accordion-icon\"><span class=\"accordion-icon-open\"><i class=\"fas fa-minus\"><\/i><\/span><span class=\"accordion-icon-closed\"><i class=\"fas fa-plus\"><\/i><\/span><\/div><span class=\"accordion-text\"><strong>Utilisation de la liseuse<\/strong><\/span><\/div><div class=\"accordion-body\"><div class=\"accordion-content\">\n<ul class=\"wp-block-list\">\n<li>Les contenus sont accessibles via la plateforme et organis\u00e9s par\u00a0s\u00e9ries<\/li>\n\n\n\n<li>En cliquant sur l&rsquo;ic\u00f4ne en forme de livre <img alt=\"\" decoding=\"async\" class=\"wp-image-2220\" style=\"width: 24px;\" src=\"https:\/\/www.escapereadz.eu\/wp-content\/uploads\/2026\/03\/Bildschirmfoto-2026-03-30-um-08.06.58.png\" alt=\"\"> le lecteur int\u00e9gr\u00e9 s&rsquo;ouvre<\/li>\n<\/ul>\n\n\n\n<p>Weitere Informationen zum Reader:<\/p>\n\n\n\n<p><a href=\"https:\/\/www.escapereadz.eu\/de\/unser-buchreader\/?utm_source=chatgpt.com\">Zum Buchreader<\/a><\/p>\n<\/div><\/div><\/div>\n\n\n\n<div class=\"accordion-item guten-TmXJPF\"><div class=\"accordion-heading\"><div class=\"accordion-icon\"><span class=\"accordion-icon-open\"><i class=\"fas fa-minus\"><\/i><\/span><span class=\"accordion-icon-closed\"><i class=\"fas fa-plus\"><\/i><\/span><\/div><span class=\"accordion-text\"><strong>Utilisation par la communaut\u00e9<\/strong><\/span><\/div><div class=\"accordion-body\"><div class=\"accordion-content\">\n<p>Avec Escape Plus, tu as acc\u00e8s \u00e0 la communaut\u00e9.<\/p>\n\n\n\n<p>L\u00e0-bas, tu peux :<\/p>\n\n\n\n<ul class=\"wp-block-list\">\n<li>Discuter du contenu<\/li>\n\n\n\n<li>Donner son avis<\/li>\n\n\n\n<li>Soumettre des propositions<\/li>\n<\/ul>\n<\/div><\/div><\/div>\n\n\n\n<div class=\"accordion-item guten-CbG4Tx\"><div class=\"accordion-heading\"><div class=\"accordion-icon\"><span class=\"accordion-icon-open\"><i class=\"fas fa-minus\"><\/i><\/span><span class=\"accordion-icon-closed\"><i class=\"fas fa-plus\"><\/i><\/span><\/div><span class=\"accordion-text\"><strong>Remarque<\/strong><\/span><\/div><div class=\"accordion-body\"><div class=\"accordion-content\">\n<p>Escape Plus est un abonnement num\u00e9rique.<\/p>\n\n\n\n<p>En effectuant cette r\u00e9servation, tu acceptes les conditions g\u00e9n\u00e9rales en vigueur.<\/p>\n<\/div><\/div><\/div>\n<\/div><\/div>\n<\/div><\/div>\n<\/div><\/section><\/div>\n\n\n\n<div class=\"guten-element guten-spacer guten-HoA1sE\"><\/div>\n<\/div><\/div>\n<\/div><\/section><\/div>\n\n\n\n<p><\/p>\n","protected":false},"excerpt":{"rendered":"","protected":false},"author":2,"featured_media":0,"parent":0,"menu_order":0,"comment_status":"closed","ping_status":"closed","template":"","meta":{"_seopress_robots_primary_cat":"","_seopress_titles_title":"","_seopress_titles_desc":"","_seopress_robots_index":"","footnotes":""},"class_list":["post-2597","page","type-page","status-publish","hentry"],"blocksy_meta":{"background":{"background_type":"image","background_pattern":"type-1","background_image":{"attachment_id":1749,"x":0,"y":0.45,"url":"https:\/\/www.escapereadz.com\/wp-content\/uploads\/2026\/03\/background_schreibst_cu-1024x683.webp"},"gradient":"linear-gradient(135deg,rgba(6,147,227,1) 0%,rgb(155,81,224) 100%)","background_repeat":"no-repeat","background_size":"cover","background_attachment":"fixed","patternColor":{"default":{"color":"#e5e7ea"}},"overlayColor":{"default":{"color":"CT_CSS_SKIP_RULE"}},"backgroundColor":{"default":{"color":"#ffffff"}}},"styles_descriptor":{"styles":{"desktop":"[data-prefix=\"single_page\"] {background-position:0% 45%;background-size:cover;background-attachment:fixed;background-repeat:no-repeat;background-color:#ffffff;background-image:url(https:\/\/www.escapereadz.com\/wp-content\/uploads\/2026\/03\/background_schreibst_cu.webp);}","tablet":"","mobile":""},"google_fonts":[],"version":6}},"_links":{"self":[{"href":"https:\/\/www.escapereadz.eu\/fr\/wp-json\/wp\/v2\/pages\/2597","targetHints":{"allow":["GET"]}}],"collection":[{"href":"https:\/\/www.escapereadz.eu\/fr\/wp-json\/wp\/v2\/pages"}],"about":[{"href":"https:\/\/www.escapereadz.eu\/fr\/wp-json\/wp\/v2\/types\/page"}],"author":[{"embeddable":true,"href":"https:\/\/www.escapereadz.eu\/fr\/wp-json\/wp\/v2\/users\/2"}],"replies":[{"embeddable":true,"href":"https:\/\/www.escapereadz.eu\/fr\/wp-json\/wp\/v2\/comments?post=2597"}],"version-history":[{"count":0,"href":"https:\/\/www.escapereadz.eu\/fr\/wp-json\/wp\/v2\/pages\/2597\/revisions"}],"wp:attachment":[{"href":"https:\/\/www.escapereadz.eu\/fr\/wp-json\/wp\/v2\/media?parent=2597"}],"curies":[{"name":"wp","href":"https:\/\/api.w.org\/{rel}","templated":true}]}}