{"id":2593,"date":"2026-03-18T09:50:39","date_gmt":"2026-03-18T09:50:39","guid":{"rendered":"https:\/\/www.escapereadz.eu\/?page_id=2593"},"modified":"2026-04-01T15:19:11","modified_gmt":"2026-04-01T15:19:11","slug":"liseuse","status":"publish","type":"page","link":"https:\/\/www.escapereadz.eu\/fr\/liseuse\/","title":{"rendered":"Liseuse"},"content":{"rendered":"\n<div class=\"guten-element guten-spacer guten-IQIhbO\"><\/div>\n\n\n\n<div class=\"section-wrapper\" data-id=\"sHE0Ni\"><section class=\"wp-block-gutenverse-section guten-element guten-section guten-sHE0Ni layout-boxed align-stretch\"><div class=\"guten-container guten-column-gap-default\">\n<div class=\"wp-block-gutenverse-column guten-element guten-column guten-DLOBm8\"><div class=\"guten-column-wrapper\" data-id=\"DLOBm8\">\n<div class=\"guten-element guten-spacer guten-sJ8GFN\"><\/div>\n\n\n\n<h2 class=\"wp-block-gutenverse-heading guten-element guten-WjK5Hv\">Lecteur Web<\/h2>\n\n\n\n<div class=\"section-wrapper\" data-id=\"z6CP8E\"><section class=\"wp-block-gutenverse-section guten-element guten-section guten-z6CP8E layout-boxed align-stretch\"><div class=\"guten-container guten-column-gap-default\">\n<div class=\"wp-block-gutenverse-column guten-element guten-column guten-6OvtQe\"><div class=\"guten-column-wrapper\" data-id=\"6OvtQe\">\n<p aria-label=\"Text Paragraph\" class=\"guten-element gutenverse-text guten-YZpLO4\">Notre lecteur Web int\u00e9gr\u00e9 peut \u00eatre utilis\u00e9 dans n&rsquo;importe quel navigateur Web r\u00e9cent.<br>Quel que soit l&rsquo;appareil ou le syst\u00e8me d&rsquo;exploitation. La langue s&rsquo;adapte \u00e0 celle du site Web.<br>L&rsquo;objectif \u00e9tait de proposer un lecteur simple et fonctionnel.<\/p>\n<\/div><\/div>\n<\/div><\/section><\/div>\n\n\n\n<div class=\"guten-element guten-spacer guten-3ciW6Z\"><\/div>\n\n\n\n<div class=\"wp-block-gutenverse-image guten-element guten-image guten-mVjIUh\"><div class=\"guten-image-wrapper\"><img decoding=\"async\" class=\"gutenverse-image-box-filled\" src=\"https:\/\/www.escapereadz.eu\/wp-content\/uploads\/2026\/03\/Bildschirmfoto-2026-03-18-um-10.40.29.png\" height=\"983\" width=\"1300\"\/><\/div><\/div>\n\n\n\n<div class=\"guten-element guten-spacer guten-kuGQOj\"><\/div>\n\n\n\n<p aria-label=\"Text Paragraph\" class=\"guten-element gutenverse-text guten-w3x5mE\">Sur les grands \u00e9crans, la table des mati\u00e8res se trouve \u00e0 gauche ; sur les appareils mobiles, elle s&rsquo;affiche en haut de la page.<\/p>\n\n\n\n<p aria-label=\"Text Paragraph\" class=\"guten-element gutenverse-text guten-ArKYyR\">Le curseur te permet de r\u00e9gler la taille de la police et, \u00e0 droite, de revenir au d\u00e9but du livre.<br>Le lecteur enregistre dans ton navigateur l&rsquo;endroit o\u00f9 tu t&rsquo;es arr\u00eat\u00e9.<br>Lorsque tu rouvres la page, tu peux reprendre ta lecture \u00e0 cet endroit.<br><\/p>\n\n\n\n<p aria-label=\"Text Paragraph\" class=\"guten-element gutenverse-text guten-v59nGz\"><strong>Attention<\/strong>:<\/p>\n\n\n\n<p aria-label=\"Text Paragraph\" class=\"guten-element gutenverse-text guten-BNQipK\">Si tu vides le cache, utilises un autre navigateur ou un nouvel appareil, tu devras recommencer depuis le d\u00e9but.<\/p>\n\n\n\n<p aria-label=\"Text Paragraph\" class=\"guten-element gutenverse-text guten-U9IEzq\"><br><\/p>\n\n\n\n<div class=\"guten-element guten-spacer guten-rknjjR\"><\/div>\n<\/div><\/div>\n<\/div><\/section><\/div>\n","protected":false},"excerpt":{"rendered":"","protected":false},"author":2,"featured_media":0,"parent":0,"menu_order":0,"comment_status":"closed","ping_status":"closed","template":"","meta":{"_seopress_robots_primary_cat":"","_seopress_titles_title":"","_seopress_titles_desc":"","_seopress_robots_index":"","footnotes":""},"class_list":["post-2593","page","type-page","status-publish","hentry"],"blocksy_meta":{"background":{"background_type":"image","background_pattern":"type-1","background_image":{"attachment_id":1702,"x":0,"y":0.45,"url":"https:\/\/www.escapereadz.com\/wp-content\/uploads\/2026\/03\/background_schreibst_cu-1-1024x683.webp"},"gradient":"linear-gradient(135deg,rgba(6,147,227,1) 0%,rgb(155,81,224) 100%)","background_repeat":"no-repeat","background_size":"cover","background_attachment":"fixed","patternColor":{"default":{"color":"#e5e7ea"}},"overlayColor":{"default":{"color":"CT_CSS_SKIP_RULE"}},"backgroundColor":{"default":{"color":"#ffffff"}}},"styles_descriptor":{"styles":{"desktop":"[data-prefix=\"single_page\"] {background-position:0% 45%;background-size:cover;background-attachment:fixed;background-repeat:no-repeat;background-color:#ffffff;background-image:url(https:\/\/www.escapereadz.com\/wp-content\/uploads\/2026\/03\/background_schreibst_cu-1.webp);}","tablet":"","mobile":""},"google_fonts":[],"version":6}},"_links":{"self":[{"href":"https:\/\/www.escapereadz.eu\/fr\/wp-json\/wp\/v2\/pages\/2593","targetHints":{"allow":["GET"]}}],"collection":[{"href":"https:\/\/www.escapereadz.eu\/fr\/wp-json\/wp\/v2\/pages"}],"about":[{"href":"https:\/\/www.escapereadz.eu\/fr\/wp-json\/wp\/v2\/types\/page"}],"author":[{"embeddable":true,"href":"https:\/\/www.escapereadz.eu\/fr\/wp-json\/wp\/v2\/users\/2"}],"replies":[{"embeddable":true,"href":"https:\/\/www.escapereadz.eu\/fr\/wp-json\/wp\/v2\/comments?post=2593"}],"version-history":[{"count":0,"href":"https:\/\/www.escapereadz.eu\/fr\/wp-json\/wp\/v2\/pages\/2593\/revisions"}],"wp:attachment":[{"href":"https:\/\/www.escapereadz.eu\/fr\/wp-json\/wp\/v2\/media?parent=2593"}],"curies":[{"name":"wp","href":"https:\/\/api.w.org\/{rel}","templated":true}]}}