{"id":2007,"date":"2026-03-13T12:43:27","date_gmt":"2026-03-13T12:43:27","guid":{"rendered":"https:\/\/www.escapereadz.eu\/?post_type=product&#038;p=2007"},"modified":"2026-03-30T07:01:17","modified_gmt":"2026-03-30T07:01:17","slug":"escape-plus-es","status":"publish","type":"product","link":"https:\/\/www.escapereadz.eu\/es\/produkt\/escape-plus-es\/","title":{"rendered":"Escape Plus mensual"},"content":{"rendered":"","protected":false},"excerpt":{"rendered":"<p>Lee todos nuestros libros sin l\u00edmites; cada mes se a\u00f1aden t\u00edtulos nuevos. La suscripci\u00f3n se renueva autom\u00e1ticamente por un mes, a menos que se cancele antes de que termine el mes.<\/p>\n<p>Ventajas:<\/p>\n<ul>\n<li>Un \u00fanico precio<\/li>\n<li>Sin compromiso de permanencia<\/li>\n<li>Se puede cancelar en cualquier momento<\/li>\n<li>T\u00edtulos nuevos cada mes<\/li>\n<\/ul>\n<p>Extras:<\/p>\n<ul>\n<li>Publicaci\u00f3n anticipada del primer cap\u00edtulo de los t\u00edtulos nuevos<\/li>\n<li>Historias alternativas<\/li>\n<li>Relatos cortos<\/li>\n<\/ul>\n","protected":false},"featured_media":1993,"template":"","meta":{"_seopress_robots_primary_cat":"none","_seopress_titles_title":"","_seopress_titles_desc":"","_seopress_robots_index":""},"product_brand":[],"product_cat":[181],"product_tag":[],"class_list":{"0":"post-2007","1":"product","2":"type-product","3":"status-publish","4":"has-post-thumbnail","6":"product_cat-escape-plus","8":"first","9":"instock","10":"virtual","11":"sold-individually","12":"taxable","13":"purchasable","14":"product-type-simple"},"_links":{"self":[{"href":"https:\/\/www.escapereadz.eu\/es\/wp-json\/wp\/v2\/product\/2007","targetHints":{"allow":["GET"]}}],"collection":[{"href":"https:\/\/www.escapereadz.eu\/es\/wp-json\/wp\/v2\/product"}],"about":[{"href":"https:\/\/www.escapereadz.eu\/es\/wp-json\/wp\/v2\/types\/product"}],"wp:featuredmedia":[{"embeddable":true,"href":"https:\/\/www.escapereadz.eu\/es\/wp-json\/wp\/v2\/media\/1993"}],"wp:attachment":[{"href":"https:\/\/www.escapereadz.eu\/es\/wp-json\/wp\/v2\/media?parent=2007"}],"wp:term":[{"taxonomy":"product_brand","embeddable":true,"href":"https:\/\/www.escapereadz.eu\/es\/wp-json\/wp\/v2\/product_brand?post=2007"},{"taxonomy":"product_cat","embeddable":true,"href":"https:\/\/www.escapereadz.eu\/es\/wp-json\/wp\/v2\/product_cat?post=2007"},{"taxonomy":"product_tag","embeddable":true,"href":"https:\/\/www.escapereadz.eu\/es\/wp-json\/wp\/v2\/product_tag?post=2007"}],"curies":[{"name":"wp","href":"https:\/\/api.w.org\/{rel}","templated":true}]}}