{"id":2386,"date":"2026-03-05T11:43:25","date_gmt":"2026-03-05T11:43:25","guid":{"rendered":"https:\/\/www.escapereadz.eu\/?page_id=2386"},"modified":"2026-04-01T03:54:38","modified_gmt":"2026-04-01T03:54:38","slug":"reembolso","status":"publish","type":"page","link":"https:\/\/www.escapereadz.eu\/es\/reembolso\/","title":{"rendered":"Pol\u00edtica de reembolsos y devoluciones"},"content":{"rendered":"\n<div class=\"section-wrapper\" data-id=\"rAk2se\"><section class=\"wp-block-gutenverse-section guten-element guten-section guten-rAk2se layout-fullwidth align-stretch\"><div class=\"guten-container guten-column-gap-no\">\n<div class=\"wp-block-gutenverse-column guten-element guten-column guten-Wg9wui\"><div class=\"guten-column-wrapper\" data-id=\"Wg9wui\">\n<div class=\"guten-element guten-spacer guten-kkeZYa\"><\/div>\n\n\n\n<h2 class=\"wp-block-gutenverse-heading guten-element guten-B7mcSS\">Reembolso Directiva<\/h2>\n\n\n\n<div class=\"guten-element guten-spacer guten-DP4eh4\"><\/div>\n<\/div><\/div>\n<\/div><\/section><\/div>\n\n\n\n<div class=\"section-wrapper\" data-id=\"9DPS1e\"><section class=\"wp-block-gutenverse-section guten-element guten-section guten-9DPS1e layout-boxed align-stretch\"><div class=\"guten-container guten-column-gap-default\">\n<div class=\"wp-block-gutenverse-column guten-element guten-column guten-LXIz47\"><div class=\"guten-column-wrapper\" data-id=\"LXIz47\">\n<div class=\"guten-element guten-spacer guten-3TxoL8\"><\/div>\n\n\n\n<p aria-label=\"Text Paragraph\" class=\"guten-element gutenverse-text guten-wf37gY\"><strong>Reembolso voluntario para libros electr\u00f3nicos<\/strong><br><br>Ofrecemos un reembolso voluntario para libros electr\u00f3nicos en un plazo de 24 horas tras la compra. Este reembolso solo es posible si el libro electr\u00f3nico no se ha descargado ni abierto.<br><br><strong>Excepciones:<\/strong><br>Las suscripciones a Escape Plus quedan excluidas de esta pol\u00edtica de reembolso.<br><br><strong>Importante:<\/strong>\u00a0Al realizar la compra, aceptas que comencemos inmediatamente con el suministro del libro electr\u00f3nico. De este modo, se extingue tu derecho de desistimiento de conformidad con el art\u00edculo 356, apartado 4, n\u00famero 2, del C\u00f3digo Civil alem\u00e1n (BGB). Nuestra pol\u00edtica de reembolso voluntaria puede suspenderse en cualquier momento o denegarse en caso de abuso. No existe ning\u00fan derecho legal al reembolso.<\/p>\n\n\n\n<div class=\"guten-element guten-spacer guten-u1OCYj\"><\/div>\n<\/div><\/div>\n<\/div><\/section><\/div>\n","protected":false},"excerpt":{"rendered":"","protected":false},"author":2,"featured_media":0,"parent":0,"menu_order":0,"comment_status":"closed","ping_status":"closed","template":"","meta":{"_seopress_robots_primary_cat":"","_seopress_titles_title":"","_seopress_titles_desc":"","_seopress_robots_index":"","footnotes":""},"class_list":["post-2386","page","type-page","status-publish","hentry"],"blocksy_meta":{"background":{"background_type":"image","background_pattern":"type-1","background_image":{"attachment_id":1705,"x":0,"y":0.45,"url":"https:\/\/www.escapereadz.com\/wp-content\/uploads\/2026\/03\/background_schreibst_cu-1-1024x683.webp"},"gradient":"linear-gradient(135deg,rgba(6,147,227,1) 0%,rgb(155,81,224) 100%)","background_repeat":"no-repeat","background_size":"cover","background_attachment":"fixed","patternColor":{"default":{"color":"#e5e7ea"}},"overlayColor":{"default":{"color":"CT_CSS_SKIP_RULE"}},"backgroundColor":{"default":{"color":"#ffffff"}}},"styles_descriptor":{"styles":{"desktop":"[data-prefix=\"single_page\"] {background-position:0% 45%;background-size:cover;background-attachment:fixed;background-repeat:no-repeat;background-color:#ffffff;background-image:url(https:\/\/www.escapereadz.com\/wp-content\/uploads\/2026\/03\/background_schreibst_cu-1.webp);}","tablet":"","mobile":""},"google_fonts":[],"version":6}},"_links":{"self":[{"href":"https:\/\/www.escapereadz.eu\/es\/wp-json\/wp\/v2\/pages\/2386","targetHints":{"allow":["GET"]}}],"collection":[{"href":"https:\/\/www.escapereadz.eu\/es\/wp-json\/wp\/v2\/pages"}],"about":[{"href":"https:\/\/www.escapereadz.eu\/es\/wp-json\/wp\/v2\/types\/page"}],"author":[{"embeddable":true,"href":"https:\/\/www.escapereadz.eu\/es\/wp-json\/wp\/v2\/users\/2"}],"replies":[{"embeddable":true,"href":"https:\/\/www.escapereadz.eu\/es\/wp-json\/wp\/v2\/comments?post=2386"}],"version-history":[{"count":0,"href":"https:\/\/www.escapereadz.eu\/es\/wp-json\/wp\/v2\/pages\/2386\/revisions"}],"wp:attachment":[{"href":"https:\/\/www.escapereadz.eu\/es\/wp-json\/wp\/v2\/media?parent=2386"}],"curies":[{"name":"wp","href":"https:\/\/api.w.org\/{rel}","templated":true}]}}