{"id":2382,"date":"2026-03-04T16:21:50","date_gmt":"2026-03-04T16:21:50","guid":{"rendered":"https:\/\/www.escapereadz.eu\/?page_id=2382"},"modified":"2026-04-01T03:51:51","modified_gmt":"2026-04-01T03:51:51","slug":"formas-de-pago","status":"publish","type":"page","link":"https:\/\/www.escapereadz.eu\/es\/formas-de-pago\/","title":{"rendered":"Formas de pago"},"content":{"rendered":"\n<div class=\"section-wrapper\" data-id=\"Ppklm6\"><section class=\"wp-block-gutenverse-section guten-element guten-section guten-Ppklm6 layout-fullwidth align-stretch\"><div class=\"guten-container guten-column-gap-no\">\n<div class=\"wp-block-gutenverse-column guten-element guten-column guten-Tu4xkv\"><div class=\"guten-column-wrapper\" data-id=\"Tu4xkv\">\n<div class=\"guten-element guten-spacer guten-mprQRZ\"><\/div>\n\n\n\n<h2 class=\"wp-block-gutenverse-heading guten-element guten-OUiYpL\">Formas de pago<\/h2>\n\n\n\n<div class=\"guten-element guten-spacer guten-ZzYtkt\"><\/div>\n<\/div><\/div>\n<\/div><\/section><\/div>\n\n\n\n<div class=\"section-wrapper\" data-id=\"7mIvYw\"><section class=\"wp-block-gutenverse-section guten-element guten-section guten-7mIvYw layout-boxed align-stretch\"><div class=\"guten-container guten-column-gap-default\">\n<div class=\"wp-block-gutenverse-column guten-element guten-column guten-ocvXbX\"><div class=\"guten-column-wrapper\" data-id=\"ocvXbX\">\n<div class=\"guten-element guten-spacer guten-hLQbDb\"><\/div>\n\n\n\n<p aria-label=\"Text Paragraph\" class=\"guten-element gutenverse-text guten-kDnvAU\"><br><br><strong>Aceptamos las siguientes formas de pago:<\/strong><br><br><strong>Mollie<\/strong><br>Todas las formas de pago, a excepci\u00f3n de la domiciliaci\u00f3n bancaria <strong>SEPA y PayPal<\/strong>, se gestionan a trav\u00e9s de nuestro proveedor de pagos Mollie. Se aplican las condiciones y la pol\u00edtica de privacidad de Mollie. No tenemos influencia alguna sobre el tratamiento de los datos personales.<br><br><strong>D\u00e9bito directo SEPA (Stripe)<\/strong><br>El d\u00e9bito directo SEPA se gestiona a trav\u00e9s de nuestro proveedor de pagos <strong>Stripe<\/strong>. Se aplican las condiciones y la pol\u00edtica de privacidad de Stripe. No tenemos influencia alguna sobre el tratamiento de los datos por parte de Stripe.<br><br><br><strong>PayPal y tarjeta de cr\u00e9dito (Mastercard, Visa)<\/strong><br>Los pagos con PayPal y con tarjeta de cr\u00e9dito (Mastercard y Visa) se gestionan a trav\u00e9s de <strong>PayPal<\/strong>. Se aplican los t\u00e9rminos y condiciones y la pol\u00edtica de privacidad de PayPal.<br><br>Apple Pay y Google Pay se procesan a trav\u00e9s de PayPal.<br><\/p>\n\n\n\n<div class=\"guten-element guten-spacer guten-JeyXnq\"><\/div>\n<\/div><\/div>\n<\/div><\/section><\/div>\n","protected":false},"excerpt":{"rendered":"","protected":false},"author":2,"featured_media":0,"parent":0,"menu_order":0,"comment_status":"closed","ping_status":"closed","template":"","meta":{"_seopress_robots_primary_cat":"","_seopress_titles_title":"","_seopress_titles_desc":"","_seopress_robots_index":"","footnotes":""},"class_list":["post-2382","page","type-page","status-publish","hentry"],"blocksy_meta":{"background":{"background_type":"image","background_pattern":"type-1","background_image":{"attachment_id":1705,"x":0,"y":0.45,"url":"https:\/\/www.escapereadz.com\/wp-content\/uploads\/2026\/03\/background_schreibst_cu-1-1024x683.webp"},"gradient":"linear-gradient(135deg,rgba(6,147,227,1) 0%,rgb(155,81,224) 100%)","background_repeat":"no-repeat","background_size":"cover","background_attachment":"fixed","patternColor":{"default":{"color":"#e5e7ea"}},"overlayColor":{"default":{"color":"CT_CSS_SKIP_RULE"}},"backgroundColor":{"default":{"color":"#ffffff"}}},"styles_descriptor":{"styles":{"desktop":"[data-prefix=\"single_page\"] {background-position:0% 45%;background-size:cover;background-attachment:fixed;background-repeat:no-repeat;background-color:#ffffff;background-image:url(https:\/\/www.escapereadz.com\/wp-content\/uploads\/2026\/03\/background_schreibst_cu-1.webp);}","tablet":"","mobile":""},"google_fonts":[],"version":6}},"_links":{"self":[{"href":"https:\/\/www.escapereadz.eu\/es\/wp-json\/wp\/v2\/pages\/2382","targetHints":{"allow":["GET"]}}],"collection":[{"href":"https:\/\/www.escapereadz.eu\/es\/wp-json\/wp\/v2\/pages"}],"about":[{"href":"https:\/\/www.escapereadz.eu\/es\/wp-json\/wp\/v2\/types\/page"}],"author":[{"embeddable":true,"href":"https:\/\/www.escapereadz.eu\/es\/wp-json\/wp\/v2\/users\/2"}],"replies":[{"embeddable":true,"href":"https:\/\/www.escapereadz.eu\/es\/wp-json\/wp\/v2\/comments?post=2382"}],"version-history":[{"count":0,"href":"https:\/\/www.escapereadz.eu\/es\/wp-json\/wp\/v2\/pages\/2382\/revisions"}],"wp:attachment":[{"href":"https:\/\/www.escapereadz.eu\/es\/wp-json\/wp\/v2\/media?parent=2382"}],"curies":[{"name":"wp","href":"https:\/\/api.w.org\/{rel}","templated":true}]}}