{"id":2378,"date":"2026-03-04T16:21:50","date_gmt":"2026-03-04T16:21:50","guid":{"rendered":"https:\/\/www.escapereadz.eu\/?page_id=2378"},"modified":"2026-03-31T18:49:30","modified_gmt":"2026-03-31T18:49:30","slug":"derecho-de-desistimiento","status":"publish","type":"page","link":"https:\/\/www.escapereadz.eu\/es\/derecho-de-desistimiento\/","title":{"rendered":"Derecho de desistimiento"},"content":{"rendered":"\n<div class=\"section-wrapper\" data-id=\"SyLLJv\"><section class=\"wp-block-gutenverse-section guten-element guten-section guten-SyLLJv layout-fullwidth align-stretch\"><div class=\"guten-container guten-column-gap-no\">\n<div class=\"wp-block-gutenverse-column guten-element guten-column guten-egnaNh\"><div class=\"guten-column-wrapper\" data-id=\"egnaNh\">\n<div class=\"guten-element guten-spacer guten-n2UIJ8\"><\/div>\n\n\n\n<h2 class=\"wp-block-gutenverse-heading guten-element guten-ylFipf\"><strong>Derecho de desistimiento<\/strong><\/h2>\n\n\n\n<div class=\"guten-element guten-spacer guten-Yrv10p\"><\/div>\n<\/div><\/div>\n<\/div><\/section><\/div>\n\n\n\n<div class=\"section-wrapper\" data-id=\"fF6zAl\"><section class=\"wp-block-gutenverse-section guten-element guten-section guten-fF6zAl layout-boxed align-stretch\"><div class=\"guten-container guten-column-gap-default\">\n<div class=\"wp-block-gutenverse-column guten-element guten-column guten-ZNvqsy\"><div class=\"guten-column-wrapper\" data-id=\"ZNvqsy\">\n<div class=\"guten-element guten-spacer guten-oGuB4i\"><\/div>\n\n\n\n<p aria-label=\"Text Paragraph\" class=\"guten-element gutenverse-text guten-uodQ6v\"><strong>Informaci\u00f3n sobre el derecho de desistimiento<\/strong><br><br><strong>1. Derecho de desistimiento<\/strong><br><strong>1.1<\/strong> Los consumidores tienen derecho a desistir del contrato en un plazo de catorce (14) d\u00edas sin necesidad de indicar los motivos.<br><strong>1.2<\/strong> El plazo de desistimiento es de catorce (14) d\u00edas a partir de la fecha de celebraci\u00f3n del contrato.<br><br><strong>2. Ejercicio del derecho de desistimiento<\/strong><br><strong>2.1<\/strong> Para ejercer el derecho de desistimiento, el cliente deber\u00e1 informar a Escape Readz Publishing K\u00f6hler GbR, Helbigsdorfer Weg 4, D-01169 Dresde, Alemania, correo electr\u00f3nico: hello@escapereadz.eu, mediante una declaraci\u00f3n inequ\u00edvoca (por ejemplo, por correo electr\u00f3nico) de su decisi\u00f3n de desistir del presente contrato.<br><strong>2.2<\/strong> Para cumplir el plazo de desistimiento, basta con que la notificaci\u00f3n sobre el ejercicio del derecho de desistimiento se env\u00ede antes de que expire dicho plazo.<br><br><strong>3. Consecuencias de la desistimiento<\/strong><br><strong>3.1<\/strong> En caso de desistimiento del contrato, el proveedor reembolsar\u00e1 todos los pagos recibidos del cliente sin demora y, a m\u00e1s tardar, en un plazo de catorce (14) d\u00edas a partir de la fecha en que se haya recibido la notificaci\u00f3n de desistimiento.<br><strong>3.2<\/strong> Para el reembolso, el proveedor utilizar\u00e1 el mismo medio de pago que el cliente haya utilizado en la transacci\u00f3n original, salvo que se haya acordado expresamente lo contrario.<br><br><strong>4. Particularidades de los contenidos digitales y las suscripciones<\/strong><br><strong>4.1<\/strong> En los contratos sobre contenidos digitales o servicios digitales, el derecho de desistimiento expirar\u00e1 cuando el proveedor haya comenzado la ejecuci\u00f3n del contrato, siempre que el cliente haya consentido expresamente que se inicie la ejecuci\u00f3n del contrato antes de que expire el plazo de desistimiento y haya confirmado que, por ello, pierde su derecho de desistimiento.<br><strong>4.2<\/strong> Si el cliente rescinde un contrato de suscripci\u00f3n, la relaci\u00f3n contractual finaliza en el momento de la recepci\u00f3n de la rescisi\u00f3n. Los servicios ya prestados dentro del plazo de rescisi\u00f3n podr\u00e1n facturarse de forma prorrateada, en la medida en que lo permita la ley.<br><br><strong>5. Modelo de formulario de desistimiento<\/strong><br><strong>5.1<\/strong> (Si desea desistir del contrato, puede rellenar este formulario y enviarlo por correo electr\u00f3nico.)<br>A:<br><strong>Escape Readz Publishing K\u00f6hler GbR<br>Helbigsdorfer Weg 4<br>D-01169 Dresden<\/strong><br>Correo electr\u00f3nico: hello@escapereadz.eu<br>Por la presente, rescindo el contrato que he celebrado para la compra de los siguientes contenidos digitales \/ servicios:<br>Fecha del pedido: ____________<br>Nombre del consumidor: ____________<br>Direcci\u00f3n de correo electr\u00f3nico: ____________<br>Fecha: ____________<br>(Firma solo en caso de notificaci\u00f3n en papel)<br><\/p>\n\n\n\n<div class=\"guten-element guten-spacer guten-cWIm7B\"><\/div>\n<\/div><\/div>\n<\/div><\/section><\/div>\n","protected":false},"excerpt":{"rendered":"","protected":false},"author":2,"featured_media":0,"parent":0,"menu_order":0,"comment_status":"closed","ping_status":"closed","template":"","meta":{"_seopress_robots_primary_cat":"","_seopress_titles_title":"","_seopress_titles_desc":"","_seopress_robots_index":"","footnotes":""},"class_list":["post-2378","page","type-page","status-publish","hentry"],"blocksy_meta":{"background":{"background_type":"image","background_pattern":"type-1","background_image":{"attachment_id":1705,"x":0,"y":0.45,"url":"https:\/\/www.escapereadz.com\/wp-content\/uploads\/2026\/03\/background_schreibst_cu-1-1024x683.webp"},"gradient":"linear-gradient(135deg,rgba(6,147,227,1) 0%,rgb(155,81,224) 100%)","background_repeat":"no-repeat","background_size":"cover","background_attachment":"fixed","patternColor":{"default":{"color":"#e5e7ea"}},"overlayColor":{"default":{"color":"CT_CSS_SKIP_RULE"}},"backgroundColor":{"default":{"color":"#ffffff"}}},"styles_descriptor":{"styles":{"desktop":"[data-prefix=\"single_page\"] {background-position:0% 45%;background-size:cover;background-attachment:fixed;background-repeat:no-repeat;background-color:#ffffff;background-image:url(https:\/\/www.escapereadz.com\/wp-content\/uploads\/2026\/03\/background_schreibst_cu-1.webp);}","tablet":"","mobile":""},"google_fonts":[],"version":6}},"_links":{"self":[{"href":"https:\/\/www.escapereadz.eu\/es\/wp-json\/wp\/v2\/pages\/2378","targetHints":{"allow":["GET"]}}],"collection":[{"href":"https:\/\/www.escapereadz.eu\/es\/wp-json\/wp\/v2\/pages"}],"about":[{"href":"https:\/\/www.escapereadz.eu\/es\/wp-json\/wp\/v2\/types\/page"}],"author":[{"embeddable":true,"href":"https:\/\/www.escapereadz.eu\/es\/wp-json\/wp\/v2\/users\/2"}],"replies":[{"embeddable":true,"href":"https:\/\/www.escapereadz.eu\/es\/wp-json\/wp\/v2\/comments?post=2378"}],"version-history":[{"count":0,"href":"https:\/\/www.escapereadz.eu\/es\/wp-json\/wp\/v2\/pages\/2378\/revisions"}],"wp:attachment":[{"href":"https:\/\/www.escapereadz.eu\/es\/wp-json\/wp\/v2\/media?parent=2378"}],"curies":[{"name":"wp","href":"https:\/\/api.w.org\/{rel}","templated":true}]}}