{"id":2372,"date":"2026-03-04T16:21:50","date_gmt":"2026-03-04T16:21:50","guid":{"rendered":"https:\/\/www.escapereadz.eu\/?page_id=2372"},"modified":"2026-03-31T18:36:45","modified_gmt":"2026-03-31T18:36:45","slug":"politica-de-privacidad","status":"publish","type":"page","link":"https:\/\/www.escapereadz.eu\/es\/politica-de-privacidad\/","title":{"rendered":"Pol\u00edtica de privacidad"},"content":{"rendered":"\n<div class=\"section-wrapper\" data-id=\"ecLRf6\"><section class=\"wp-block-gutenverse-section guten-element guten-section guten-ecLRf6 layout-fullwidth align-stretch\"><div class=\"guten-container guten-column-gap-no\">\n<div class=\"wp-block-gutenverse-column guten-element guten-column guten-0gfWlw\"><div class=\"guten-column-wrapper\" data-id=\"0gfWlw\">\n<div class=\"guten-element guten-spacer guten-XmSJj4\"><\/div>\n\n\n\n<h2 class=\"wp-block-gutenverse-heading guten-element guten-HSJdtA\">Pol\u00edticas de privacidad<\/h2>\n\n\n\n<div class=\"guten-element guten-spacer guten-72oJj2\"><\/div>\n<\/div><\/div>\n<\/div><\/section><\/div>\n\n\n\n<div class=\"section-wrapper\" data-id=\"RZgkfz\"><section class=\"wp-block-gutenverse-section guten-element guten-section guten-RZgkfz layout-boxed align-stretch\"><div class=\"guten-container guten-column-gap-default\">\n<div class=\"wp-block-gutenverse-column guten-element guten-column guten-UhArNz\"><div class=\"guten-column-wrapper\" data-id=\"UhArNz\">\n<div class=\"guten-element guten-spacer guten-YNrtyu\"><\/div>\n\n\n\n<p aria-label=\"Text Paragraph\" class=\"guten-element gutenverse-text guten-9ciT0w\"><strong>Pol\u00edtica de privacidad<\/strong><br><br><strong>1. Introducci\u00f3n y responsable del tratamiento<\/strong><br><strong>1.1<\/strong> Agradecemos su inter\u00e9s por nuestro sitio web. La protecci\u00f3n de sus datos personales es una cuesti\u00f3n de gran importancia para nosotros. A continuaci\u00f3n le informamos sobre c\u00f3mo tratamos los datos personales cuando utiliza nuestro sitio web.<br>Se consideran datos personales toda la informaci\u00f3n relacionada con una persona f\u00edsica identificada o identificable.<br><strong>1.2<\/strong> El responsable del tratamiento de datos en el sentido del Reglamento General de Protecci\u00f3n de Datos (RGPD) es:<br><br><strong>Escape Readz Publishing K\u00f6hler GbR<\/strong><br>Helbigsdorfer Weg 4<br>D-01169 Dresden<br>Alemania<br>Correo electr\u00f3nico: <strong>hello@escapereadz.eu<\/strong><br>El responsable decide de forma exclusiva sobre los fines y los medios del tratamiento de los datos personales.<br><br><strong>2. Recopilaci\u00f3n de datos al visitar nuestro sitio web<\/strong><br><strong>2.1<\/strong> Cuando se utiliza nuestro sitio web con fines meramente informativos, es decir, cuando no nos env\u00eda datos de forma activa, solo recopilamos los datos que su navegador transmite autom\u00e1ticamente a nuestro servidor (los denominados archivos de registro del servidor).<br>En este caso, se recogen, en particular, los siguientes datos:<br>p\u00e1gina web visitada<br>fecha y hora del acceso<br>volumen de datos transferidos<br>fuente\/enlace desde el que ha accedido a la p\u00e1gina<br>navegador utilizado<br>sistema operativo utilizado<br>direcci\u00f3n IP (anonimizada, si procede)<br>El tratamiento se realiza de conformidad con el art. 6, apartado 1, letra f) del RGPD, sobre la base de nuestro inter\u00e9s leg\u00edtimo en la estabilidad t\u00e9cnica, la seguridad y la optimizaci\u00f3n de nuestro sitio web.<br><strong>2.2<\/strong> Por motivos de seguridad, este sitio web utiliza un cifrado SSL o TLS para proteger los contenidos transmitidos frente al acceso de terceros.<br><br><strong>3. Cookies<\/strong><br>Nuestro sitio web utiliza cookies. Las cookies son peque\u00f1os archivos de texto que se almacenan en su dispositivo.<br>Algunas cookies se eliminan autom\u00e1ticamente al cerrar el navegador (cookies de sesi\u00f3n), mientras que otras permanecen en su dispositivo (cookies persistentes) y permiten, por ejemplo, guardar la configuraci\u00f3n de la p\u00e1gina.<br>En la medida en que las cookies procesen datos personales, esto se har\u00e1:<br>de conformidad con el art. 6, apartado 1, letra b) del RGPD para la ejecuci\u00f3n del contrato<br>de conformidad con el art. 6, apartado 1, letra a) del RGPD sobre la base de su consentimiento<br>de conformidad con el art. 6, apartado 1, letra f) del RGPD sobre la base de nuestro inter\u00e9s leg\u00edtimo<br>Puede configurar su navegador para que le informe sobre la instalaci\u00f3n de cookies o para desactivarlas total o parcialmente. Si desactiva las cookies, la funcionalidad del sitio web puede verse limitada.<br><br><strong>4. Contacto<\/strong><br>Cuando se ponga en contacto con nosotros (por ejemplo, por correo electr\u00f3nico), los datos personales se tratar\u00e1n exclusivamente con el fin de gestionar su solicitud.<br>La base jur\u00eddica es el art\u00edculo 6, apartado 1, letra f) del RGPD. Si el objetivo de su contacto es la celebraci\u00f3n de un contrato, la base jur\u00eddica adicional es el art\u00edculo 6, apartado 1, letra b) del RGPD.<br><br><strong>5. Cuenta de cliente<\/strong><br>Al abrir una cuenta de cliente, tratamos datos personales de conformidad con el art\u00edculo 6, apartado 1, letra b) del RGPD, en la medida en que sea necesario para la ejecuci\u00f3n del contrato.<br>La cuenta de cliente puede eliminarse en cualquier momento. Tras la eliminaci\u00f3n, los datos se borrar\u00e1n, siempre que no existan obligaciones legales de conservaci\u00f3n que lo impidan.<br><br><strong>6. Tratamiento de datos para la gesti\u00f3n de pedidos<\/strong><br><strong>6.1<\/strong> Para la tramitaci\u00f3n de los pedidos, tratamos datos personales de conformidad con el art\u00edculo 6, apartado 1, letra b) del RGPD.<br><strong>6.2 Proveedores de servicios de pago<\/strong><br>Dependiendo del pa\u00eds y de la forma de pago elegida, el pago se tramita a trav\u00e9s de los siguientes proveedores de servicios de pago:<br>PayPal (Europe) S.\u00e0 r.l. et Cie, S.C.A., Luxemburgo<br>Stripe Payments Europe Ltd., Irlanda<br>Mollie B.V., Pa\u00edses Bajos<br>Los proveedores de servicios de pago mencionados tratan datos personales en calidad de responsables independientes en el sentido del RGPD.<br>A este tratamiento de datos se aplican exclusivamente las respectivas pol\u00edticas de privacidad de los proveedores de servicios de pago. Escape Readz Publishing K\u00f6hler GbR no es responsable de dicho tratamiento.<br><br><strong>7. Art\u00edculos promocionales (Spreadshirt)<\/strong><br>La fabricaci\u00f3n y el env\u00edo de los art\u00edculos promocionales corren a cargo de Spreadshirt. El tratamiento de los datos personales lo lleva a cabo Spreadshirt en calidad de responsable independiente.<br><br><strong>8. Derechos de los interesados<\/strong><br>Usted tiene los derechos que le asisten en virtud de los art\u00edculos 15 a 21 del RGPD, as\u00ed como el derecho a presentar una reclamaci\u00f3n conforme al art\u00edculo 77 del RGPD.<br><br><strong>9. Duraci\u00f3n del almacenamiento<\/strong><br>El plazo de conservaci\u00f3n de los datos personales depende de la base jur\u00eddica correspondiente, de la finalidad del tratamiento y de los plazos de conservaci\u00f3n establecidos por la ley. Una vez que haya dejado de existir la finalidad, los datos se suprimir\u00e1n, siempre que no existan obligaciones legales que lo impidan.<br><\/p>\n\n\n\n<div class=\"guten-element guten-spacer guten-iXTx1v\"><\/div>\n<\/div><\/div>\n<\/div><\/section><\/div>\n","protected":false},"excerpt":{"rendered":"","protected":false},"author":2,"featured_media":0,"parent":0,"menu_order":0,"comment_status":"closed","ping_status":"closed","template":"","meta":{"_seopress_robots_primary_cat":"","_seopress_titles_title":"","_seopress_titles_desc":"","_seopress_robots_index":"","footnotes":""},"class_list":["post-2372","page","type-page","status-publish","hentry"],"blocksy_meta":{"background":{"background_type":"image","background_pattern":"type-1","background_image":{"attachment_id":1705,"x":0,"y":0.45,"url":"https:\/\/www.escapereadz.com\/wp-content\/uploads\/2026\/03\/background_schreibst_cu-1-1024x683.webp"},"gradient":"linear-gradient(135deg,rgba(6,147,227,1) 0%,rgb(155,81,224) 100%)","background_repeat":"no-repeat","background_size":"cover","background_attachment":"fixed","patternColor":{"default":{"color":"#e5e7ea"}},"overlayColor":{"default":{"color":"CT_CSS_SKIP_RULE"}},"backgroundColor":{"default":{"color":"#ffffff"}}},"styles_descriptor":{"styles":{"desktop":"[data-prefix=\"single_page\"] {background-position:0% 45%;background-size:cover;background-attachment:fixed;background-repeat:no-repeat;background-color:#ffffff;background-image:url(https:\/\/www.escapereadz.com\/wp-content\/uploads\/2026\/03\/background_schreibst_cu-1.webp);}","tablet":"","mobile":""},"google_fonts":[],"version":6}},"_links":{"self":[{"href":"https:\/\/www.escapereadz.eu\/es\/wp-json\/wp\/v2\/pages\/2372","targetHints":{"allow":["GET"]}}],"collection":[{"href":"https:\/\/www.escapereadz.eu\/es\/wp-json\/wp\/v2\/pages"}],"about":[{"href":"https:\/\/www.escapereadz.eu\/es\/wp-json\/wp\/v2\/types\/page"}],"author":[{"embeddable":true,"href":"https:\/\/www.escapereadz.eu\/es\/wp-json\/wp\/v2\/users\/2"}],"replies":[{"embeddable":true,"href":"https:\/\/www.escapereadz.eu\/es\/wp-json\/wp\/v2\/comments?post=2372"}],"version-history":[{"count":0,"href":"https:\/\/www.escapereadz.eu\/es\/wp-json\/wp\/v2\/pages\/2372\/revisions"}],"wp:attachment":[{"href":"https:\/\/www.escapereadz.eu\/es\/wp-json\/wp\/v2\/media?parent=2372"}],"curies":[{"name":"wp","href":"https:\/\/api.w.org\/{rel}","templated":true}]}}