{"id":2359,"date":"2026-03-04T16:21:50","date_gmt":"2026-03-04T16:21:50","guid":{"rendered":"https:\/\/www.escapereadz.eu\/?page_id=2359"},"modified":"2026-03-31T17:56:54","modified_gmt":"2026-03-31T17:56:54","slug":"aviso-legal","status":"publish","type":"page","link":"https:\/\/www.escapereadz.eu\/es\/aviso-legal\/","title":{"rendered":"Aviso legal"},"content":{"rendered":"\n<div class=\"section-wrapper\" data-id=\"UK3QYi\"><section class=\"wp-block-gutenverse-section guten-element guten-section guten-UK3QYi layout-fullwidth align-stretch\"><div class=\"guten-container guten-column-gap-default\">\n<div class=\"wp-block-gutenverse-column guten-element guten-column guten-IJC617\"><div class=\"guten-column-wrapper\" data-id=\"IJC617\">\n<h2 class=\"wp-block-gutenverse-heading guten-element guten-3JeQqj\">Aviso legal<\/h2>\n<\/div><\/div>\n<\/div><\/section><\/div>\n\n\n\n<div class=\"section-wrapper\" data-id=\"8RmkSA\"><section class=\"wp-block-gutenverse-section guten-element guten-section guten-8RmkSA layout-boxed align-stretch\"><div class=\"guten-container guten-column-gap-default\">\n<div class=\"wp-block-gutenverse-column guten-element guten-column guten-SCgHfH\"><div class=\"guten-column-wrapper\" data-id=\"SCgHfH\">\n<p aria-label=\"Text Paragraph\" class=\"guten-element gutenverse-text guten-HycdPt\"><strong>Datos de conformidad con el art\u00edculo 5 de la Ley alemana de servicios de telecomunicaci\u00f3n (TMG)<\/strong><br><br><strong>Escape Readz Publishing K\u00f6hler GbR<\/strong><br>Helbigsdorfer Weg 4<br>D-01169 Dresden<br>Alemania<br><br><strong>En representaci\u00f3n de:<\/strong><br>Ingo K\u00f6hler<br>Astrid K\u00f6hler<br><strong>Contacto:<\/strong><br>Correo electr\u00f3nico: <strong>hello@escapereadz.eu<\/strong><br><br><strong>N\u00famero de identificaci\u00f3n fiscal:<\/strong><br>N\u00famero de identificaci\u00f3n fiscal seg\u00fan el art\u00edculo 27 a de la Ley del Impuesto sobre el Valor A\u00f1adido:<br><strong>DE277303936<\/strong><br><br><strong>Jurisdicci\u00f3n competente:<\/strong><br>Juzgado de Primera Instancia de Dresde<br><br><strong>Responsabilidad por los contenidos<\/strong><br>Como prestadores de servicios, somos responsables de los contenidos propios de estas p\u00e1ginas, de conformidad con el art\u00edculo 7, apartado 1, de la Ley alemana de servicios de telecomunicaci\u00f3n (TMG), con arreglo a la legislaci\u00f3n general.<br>No obstante, seg\u00fan los art\u00edculos 8 a 10 de la TMG, no estamos obligados a supervisar la informaci\u00f3n de terceros transmitida o almacenada, ni a investigar circunstancias que indiquen una actividad il\u00edcita.<br>Esto no afecta a las obligaciones de eliminar o bloquear el uso de la informaci\u00f3n de conformidad con la legislaci\u00f3n general. No obstante, solo se podr\u00e1 exigir responsabilidad al respecto a partir del momento en que se tenga conocimiento de una infracci\u00f3n concreta. Si tuvi\u00e9ramos conocimiento de tales infracciones, eliminaremos dichos contenidos de inmediato.<br><br><strong>Responsabilidad por los enlaces externos<\/strong><br>Nuestro sitio web contiene enlaces a sitios web externos de terceros sobre cuyos contenidos no tenemos influencia alguna. Por lo tanto, no podemos asumir ninguna responsabilidad por dichos contenidos ajenos.<br>El responsable de los contenidos de las p\u00e1ginas enlazadas es siempre el proveedor o el operador correspondiente de dichas p\u00e1ginas. En el momento de incluir el enlace, se comprob\u00f3 que las p\u00e1ginas externas no infringieran la ley. En ese momento no se detectaron contenidos ilegales.<br>No obstante, no es razonable realizar un control permanente del contenido de las p\u00e1ginas enlazadas sin indicios concretos de infracci\u00f3n. En caso de que se tenga conocimiento de infracciones, dichos enlaces se eliminar\u00e1n de inmediato.<br><br><strong>Responsabilidad por los contenidos de los autores invitados<\/strong><br>En caso de que se publiquen contenidos (por ejemplo, textos, art\u00edculos u obras) de autores invitados, estos reflejan exclusivamente la opini\u00f3n del autor en cuesti\u00f3n.<br>Queda excluida cualquier responsabilidad por los contenidos de los autores invitados, en la medida en que lo permita la ley. Los autores correspondientes son los \u00fanicos responsables de cualquier posible infracci\u00f3n legal.<br><br><strong>Derechos de autor<\/strong><br>Los contenidos y obras creados por Escape Readz Publishing K\u00f6hler GbR que aparecen en este sitio web est\u00e1n sujetos a la legislaci\u00f3n alemana en materia de derechos de autor.<br>Los textos, im\u00e1genes, gr\u00e1ficos, descripciones, v\u00eddeos, libros y cualquier otro contenido est\u00e1n sujetos a nuestros propios derechos de autor o a los derechos de los titulares de los derechos mencionados en cada caso.<br>La reproducci\u00f3n, la modificaci\u00f3n, la distribuci\u00f3n y cualquier tipo de explotaci\u00f3n fuera de los l\u00edmites de la ley de derechos de autor requieren el consentimiento previo por escrito del titular de los derechos correspondiente.<br>Queda prohibido el uso no autorizado, en particular el uso de textos, im\u00e1genes, descripciones, nombres u otros contenidos sin consentimiento expreso, y puede acarrear consecuencias legales.<br><\/p>\n<\/div><\/div>\n<\/div><\/section><\/div>\n\n\n\n<div class=\"guten-element guten-spacer guten-LoJ1HF\"><\/div>\n","protected":false},"excerpt":{"rendered":"","protected":false},"author":2,"featured_media":0,"parent":0,"menu_order":0,"comment_status":"closed","ping_status":"closed","template":"","meta":{"_seopress_robots_primary_cat":"","_seopress_titles_title":"","_seopress_titles_desc":"","_seopress_robots_index":"","footnotes":""},"class_list":["post-2359","page","type-page","status-publish","hentry"],"blocksy_meta":{"background":{"background_type":"image","background_pattern":"type-1","background_image":{"attachment_id":1705,"x":0,"y":0.45,"url":"https:\/\/www.escapereadz.com\/wp-content\/uploads\/2026\/03\/background_schreibst_cu-1-1024x683.webp"},"gradient":"linear-gradient(135deg,rgba(6,147,227,1) 0%,rgb(155,81,224) 100%)","background_repeat":"no-repeat","background_size":"cover","background_attachment":"fixed","patternColor":{"default":{"color":"#e5e7ea"}},"overlayColor":{"default":{"color":"CT_CSS_SKIP_RULE"}},"backgroundColor":{"default":{"color":"#ffffff"}}},"styles_descriptor":{"styles":{"desktop":"[data-prefix=\"single_page\"] {background-position:0% 45%;background-size:cover;background-attachment:fixed;background-repeat:no-repeat;background-color:#ffffff;background-image:url(https:\/\/www.escapereadz.com\/wp-content\/uploads\/2026\/03\/background_schreibst_cu-1.webp);}","tablet":"","mobile":""},"google_fonts":[],"version":6}},"_links":{"self":[{"href":"https:\/\/www.escapereadz.eu\/es\/wp-json\/wp\/v2\/pages\/2359","targetHints":{"allow":["GET"]}}],"collection":[{"href":"https:\/\/www.escapereadz.eu\/es\/wp-json\/wp\/v2\/pages"}],"about":[{"href":"https:\/\/www.escapereadz.eu\/es\/wp-json\/wp\/v2\/types\/page"}],"author":[{"embeddable":true,"href":"https:\/\/www.escapereadz.eu\/es\/wp-json\/wp\/v2\/users\/2"}],"replies":[{"embeddable":true,"href":"https:\/\/www.escapereadz.eu\/es\/wp-json\/wp\/v2\/comments?post=2359"}],"version-history":[{"count":0,"href":"https:\/\/www.escapereadz.eu\/es\/wp-json\/wp\/v2\/pages\/2359\/revisions"}],"wp:attachment":[{"href":"https:\/\/www.escapereadz.eu\/es\/wp-json\/wp\/v2\/media?parent=2359"}],"curies":[{"name":"wp","href":"https:\/\/api.w.org\/{rel}","templated":true}]}}