{"id":2346,"date":"2026-03-06T07:56:23","date_gmt":"2026-03-06T07:56:23","guid":{"rendered":"https:\/\/www.escapereadz.eu\/?page_id=2346"},"modified":"2026-03-30T16:13:12","modified_gmt":"2026-03-30T16:13:12","slug":"contactanos","status":"publish","type":"page","link":"https:\/\/www.escapereadz.eu\/es\/contactanos\/","title":{"rendered":"Cont\u00e1ctanos"},"content":{"rendered":"\n<div class=\"section-wrapper\" data-id=\"2UtldV\"><section class=\"wp-block-gutenverse-section guten-element guten-section guten-2UtldV layout-fullwidth align-stretch\"><div class=\"guten-container guten-column-gap-no\">\n<div class=\"wp-block-gutenverse-column guten-element guten-column guten-PQHOZk\"><div class=\"guten-column-wrapper\" data-id=\"PQHOZk\">\n<div class=\"guten-element guten-spacer guten-66qhwo\"><\/div>\n\n\n\n<h2 class=\"wp-block-gutenverse-heading guten-element guten-LhsEgV\">Cont\u00e1ctanos<\/h2>\n\n\n\n<div class=\"guten-element guten-spacer guten-FQgf5P\"><\/div>\n<\/div><\/div>\n<\/div><\/section><\/div>\n\n\n\n<div class=\"section-wrapper\" data-id=\"JAlS8i\"><section class=\"wp-block-gutenverse-section guten-element guten-section guten-JAlS8i layout-boxed align-stretch\"><div class=\"guten-container guten-column-gap-no\">\n<div class=\"wp-block-gutenverse-column guten-element guten-column guten-oc1PtF\"><div class=\"guten-column-wrapper\" data-id=\"oc1PtF\">\n<div class=\"guten-element guten-spacer guten-QzI56L\"><\/div>\n\n\n\n<form style=\"display:none\" class=\"guten-element guten-form-builder guten-gMlfX2\" data-form-id=\"363\" data-hide-after=\"true\" data-redirect=\"hello@escapereadz.eu\">\n<div class=\"guten-element guten-form-input-text guten-form-input guten-input-position-top guten-cwfQCX hide-helper\"><div class=\"label-wrapper\"><label class=\"input-label\" for=\"Vorname\">Nombre<\/label><span class=\"required-badge\">*<\/span><\/div><div class=\"main-wrapper\"><input data-validation=\"{&quot;type&quot;:&quot;text&quot;,&quot;required&quot;:true,&quot;validationType&quot;:&quot;none&quot;,&quot;validationWarning&quot;:&quot;Input Invalid&quot;}\" placeholder=\"Nombre\" name=\"Vorname\" class=\"gutenverse-input gutenverse-input-text\" type=\"text\"\/><div class=\"validation-error\">Input Invalid<\/div><\/div><\/div>\n\n\n\n<div class=\"guten-element guten-form-input-text guten-form-input guten-input-position-top guten-xCzhtc hide-helper\"><div class=\"label-wrapper\"><label class=\"input-label\" for=\"Nachname\">Apellido<\/label><span class=\"required-badge\">*<\/span><\/div><div class=\"main-wrapper\"><input data-validation=\"{&quot;type&quot;:&quot;text&quot;,&quot;required&quot;:true,&quot;validationType&quot;:&quot;none&quot;,&quot;validationWarning&quot;:&quot;Input Invalid&quot;}\" placeholder=\"Apellido\" name=\"Nachname\" class=\"gutenverse-input gutenverse-input-text\" type=\"text\"\/><div class=\"validation-error\">Input Invalid<\/div><\/div><\/div>\n\n\n\n<div class=\"guten-element guten-form-input-email guten-form-input guten-input-position-top guten-O1MuUX hide-helper\"><div class=\"label-wrapper\"><label class=\"input-label\" for=\"E-mail\">Correo electr\u00f3nico<\/label><span class=\"required-badge\">*<\/span><\/div><div class=\"main-wrapper\"><input data-validation=\"{&quot;type&quot;:&quot;email&quot;,&quot;required&quot;:true,&quot;validationType&quot;:&quot;none&quot;,&quot;validationWarning&quot;:&quot;du muss eine g\u00fcltige E-Mail eintragen&quot;}\" placeholder=\"Correo electr\u00f3nico\" name=\"E-mail\" class=\"gutenverse-input gutenverse-input-email\" type=\"email\"\/><div class=\"validation-error\">du muss eine g\u00fcltige E-Mail eintragen<\/div><\/div><\/div>\n\n\n\n<div class=\"guten-element guten-form-input-select guten-form-input guten-input-position-top guten-Qrr1PJ hide-helper\"><div class=\"label-wrapper\"><label class=\"input-label\" for=\"Themenauswahl\">Asunto:<\/label><span class=\"required-badge\">*<\/span><\/div><div class=\"main-wrapper\"><select name=\"Themenauswahl\" data-validation=\"{&quot;type&quot;:&quot;select&quot;,&quot;required&quot;:true,&quot;validationWarning&quot;:&quot;Elige un tema&quot;}\" class=\"gutenverse-input gutenverse-input-select\"><option value=\"\">Selecciona un tema<\/option><option value=\"Allgemeine Frage\">Pregunta general<\/option><option value=\"Frage zu einer Bestellung\">Pregunta sobre un pedido<\/option><option value=\"Frage zu einer Rechnung\">Pregunta sobre una factura<\/option><option value=\"Technisches Problem\">Problema t\u00e9cnico<\/option><option value=\"Feedback senden\">Enviar comentarios<\/option><\/select><div class=\"validation-error\">Elige un tema<\/div><\/div><\/div>\n\n\n\n<div class=\"guten-element guten-form-input-textarea guten-form-input guten-input-position-top guten-m4KiOv\"><div class=\"label-wrapper\"><label class=\"input-label\" for=\"Nachricht\">Tu mensaje<\/label><span class=\"required-badge\">*<\/span><\/div><div class=\"main-wrapper\"><textarea data-validation=\"{&quot;type&quot;:&quot;textarea&quot;,&quot;required&quot;:true,&quot;validationType&quot;:&quot;word&quot;,&quot;validationMin&quot;:100,&quot;validationMax&quot;:1000,&quot;validationWarning&quot;:&quot;Input Invalid&quot;}\" placeholder=\"Tu mensaje\" name=\"Nachricht\" class=\"gutenverse-input gutenverse-input-text\"><\/textarea><div class=\"validation-error\">Input Invalid<\/div><span class=\"input-helper\">Si tiene alguna pregunta sobre pedidos o facturas, indique el n\u00famero de pedido y el n\u00famero de factura, as\u00ed como la fecha de compra. No olvide indicar la direcci\u00f3n, ya que de lo contrario no podremos facilitarle ninguna informaci\u00f3n.<\/span><\/div><\/div>\n\n\n\n<div class=\"guten-element guten-form-input-gdpr guten-form-input guten-input-position-top guten-sv9RjY hide-helper\"><div class=\"label-wrapper\"><label class=\"input-label\" for=\"Datenschutzerkl\u00e4rung\">Pol\u00edtica de privacidad<\/label><span class=\"required-badge\">*<\/span><\/div><div class=\"main-wrapper\"><div class=\"gutenverse-inner-input default\"><div class=\"guten-gdpr-wrapper\"><div class=\"guten-gdpr-input-wrapper\"><input name=\"Datenschutzerkl\u00e4rung\" data-validation=\"{&quot;type&quot;:&quot;checkbox&quot;,&quot;required&quot;:true,&quot;validationWarning&quot;:&quot;Por favor, acepta la pol\u00edtica de privacidad&quot;}\" class=\"gutenverse-input gutenverse-input-gdpr\" type=\"checkbox\" data-value=\"Ja, ich habe die Datenschutzerkl\u00e4rung gelesen und stimme dieser zu.\"\/><span class=\"check\"><\/span><\/div><div class=\"gdpr-label\">S\u00ed, he le\u00eddo la pol\u00edtica de privacidad y la acepto.<\/div><\/div><\/div><div class=\"validation-error\">Por favor, acepta la pol\u00edtica de privacidad<\/div><\/div><\/div>\n\n\n\n<div class=\"guten-element guten-button-wrapper guten-submit-wrapper guten-cwxdHd\"><div class=\"form-notification\"><\/div><button class=\"guten-button gutenverse-input-submit guten-button-sm\" type=\"submit\"><span>Enviar mensaje<\/span><\/button><div class=\"gutenverse-input-submit-loader\"><svg xmlns=\"http:\/\/www.w3.org\/2000\/svg\" viewBox=\"0 0 640 640\"><path d=\"M272 112C272 85.5 293.5 64 320 64C346.5 64 368 85.5 368 112C368 138.5 346.5 160 320 160C293.5 160 272 138.5 272 112zM272 528C272 501.5 293.5 480 320 480C346.5 480 368 501.5 368 528C368 554.5 346.5 576 320 576C293.5 576 272 554.5 272 528zM112 272C138.5 272 160 293.5 160 320C160 346.5 138.5 368 112 368C85.5 368 64 346.5 64 320C64 293.5 85.5 272 112 272zM480 320C480 293.5 501.5 272 528 272C554.5 272 576 293.5 576 320C576 346.5 554.5 368 528 368C501.5 368 480 346.5 480 320zM139 433.1C157.8 414.3 188.1 414.3 206.9 433.1C225.7 451.9 225.7 482.2 206.9 501C188.1 519.8 157.8 519.8 139 501C120.2 482.2 120.2 451.9 139 433.1zM139 139C157.8 120.2 188.1 120.2 206.9 139C225.7 157.8 225.7 188.1 206.9 206.9C188.1 225.7 157.8 225.7 139 206.9C120.2 188.1 120.2 157.8 139 139zM501 433.1C519.8 451.9 519.8 482.2 501 501C482.2 519.8 451.9 519.8 433.1 501C414.3 482.2 414.3 451.9 433.1 433.1C451.9 414.3 482.2 414.3 501 433.1z\"><\/path><\/svg><\/div><\/div>\n\n\n\n<div class=\"guten-element guten-spacer guten-G567Is\"><\/div>\n\n\n\n<div class=\"guten-element gutenverse-recaptcha guten-form-input-recaptcha g-recaptcha\" data-sitekey=\"6LcKbnAsAAAAAKV6yNXxejlyOs-8yzkIZzT7qOMM\"><\/div>\n<\/form>\n\n\n\n<div class=\"guten-element guten-spacer guten-Mptzka\"><\/div>\n<\/div><\/div>\n<\/div><\/section><\/div>\n","protected":false},"excerpt":{"rendered":"","protected":false},"author":2,"featured_media":0,"parent":0,"menu_order":0,"comment_status":"closed","ping_status":"closed","template":"","meta":{"_seopress_robots_primary_cat":"","_seopress_titles_title":"","_seopress_titles_desc":"","_seopress_robots_index":"","footnotes":""},"class_list":["post-2346","page","type-page","status-publish","hentry"],"blocksy_meta":{"background":{"background_type":"image","background_pattern":"type-1","background_image":{"attachment_id":1705,"x":0,"y":0.45,"url":"https:\/\/www.escapereadz.com\/wp-content\/uploads\/2026\/03\/background_schreibst_cu-1-1024x683.webp"},"gradient":"linear-gradient(135deg,rgba(6,147,227,1) 0%,rgb(155,81,224) 100%)","background_repeat":"no-repeat","background_size":"cover","background_attachment":"fixed","patternColor":{"default":{"color":"#e5e7ea"}},"overlayColor":{"default":{"color":"CT_CSS_SKIP_RULE"}},"backgroundColor":{"default":{"color":"#ffffff"}}},"styles_descriptor":{"styles":{"desktop":"[data-prefix=\"single_page\"] {background-position:0% 45%;background-size:cover;background-attachment:fixed;background-repeat:no-repeat;background-color:#ffffff;background-image:url(https:\/\/www.escapereadz.com\/wp-content\/uploads\/2026\/03\/background_schreibst_cu-1.webp);}","tablet":"","mobile":""},"google_fonts":[],"version":6}},"_links":{"self":[{"href":"https:\/\/www.escapereadz.eu\/es\/wp-json\/wp\/v2\/pages\/2346","targetHints":{"allow":["GET"]}}],"collection":[{"href":"https:\/\/www.escapereadz.eu\/es\/wp-json\/wp\/v2\/pages"}],"about":[{"href":"https:\/\/www.escapereadz.eu\/es\/wp-json\/wp\/v2\/types\/page"}],"author":[{"embeddable":true,"href":"https:\/\/www.escapereadz.eu\/es\/wp-json\/wp\/v2\/users\/2"}],"replies":[{"embeddable":true,"href":"https:\/\/www.escapereadz.eu\/es\/wp-json\/wp\/v2\/comments?post=2346"}],"version-history":[{"count":0,"href":"https:\/\/www.escapereadz.eu\/es\/wp-json\/wp\/v2\/pages\/2346\/revisions"}],"wp:attachment":[{"href":"https:\/\/www.escapereadz.eu\/es\/wp-json\/wp\/v2\/media?parent=2346"}],"curies":[{"name":"wp","href":"https:\/\/api.w.org\/{rel}","templated":true}]}}