{"id":2335,"date":"2026-03-06T07:39:36","date_gmt":"2026-03-06T07:39:36","guid":{"rendered":"https:\/\/www.escapereadz.eu\/?page_id=2335"},"modified":"2026-03-30T15:10:13","modified_gmt":"2026-03-30T15:10:13","slug":"prensa","status":"publish","type":"page","link":"https:\/\/www.escapereadz.eu\/es\/prensa\/","title":{"rendered":"Prensa"},"content":{"rendered":"\n<div class=\"section-wrapper\" data-id=\"FBknzH\"><section class=\"wp-block-gutenverse-section guten-element guten-section guten-FBknzH layout-fullwidth align-stretch\"><div class=\"guten-container guten-column-gap-no\">\n<div class=\"wp-block-gutenverse-column guten-element guten-column guten-FXvsSp\"><div class=\"guten-column-wrapper\" data-id=\"FXvsSp\">\n<div class=\"guten-element guten-spacer guten-10YWah\"><\/div>\n\n\n\n<h2 class=\"wp-block-gutenverse-heading guten-element guten-u6qyZk\">Prensa<\/h2>\n\n\n\n<div class=\"guten-element guten-spacer guten-md9Pa2\"><\/div>\n<\/div><\/div>\n<\/div><\/section><\/div>\n\n\n\n<div class=\"section-wrapper\" data-id=\"bd6jCK\"><section class=\"wp-block-gutenverse-section guten-element guten-section guten-bd6jCK layout-boxed align-stretch\"><div class=\"guten-container guten-column-gap-default\">\n<div class=\"wp-block-gutenverse-column guten-element guten-column guten-JcJjSU\"><div class=\"guten-column-wrapper\" data-id=\"JcJjSU\">\n<div class=\"guten-element guten-spacer guten-Ive6cA\"><\/div>\n\n\n\n<p aria-label=\"Text Paragraph\" class=\"guten-element gutenverse-text guten-2X6cHR\"><strong>Informaci\u00f3n para la prensa<\/strong><br><br><strong>\u00bfEs usted periodista o representante de los medios de comunicaci\u00f3n y desea informar sobre nuestras publicaciones o autores?<\/strong>\u00a0Estaremos encantados de facilitarle, previa solicitud,\u00a0material de prensa\u00a0(portadas de libros, fotos de autores, comunicados de prensa, biograf\u00edas).<br><strong>Contacto<\/strong>:\u00a0\u00a0<a href=\"mailto:press@escapereadz.eu\">press@escapereadz.eu<\/a><br><br><strong>Disponibilidad de material de prensa<\/strong><br>A lo largo del a\u00f1o se publicar\u00e1n en esta p\u00e1gina\u00a0 se publicar\u00e1 m\u00e1s informaci\u00f3n y material\u00a0para la prensa. Por el momento, rogamos que se solicite directamente por correo electr\u00f3nico.<br><br><strong>Condiciones de uso importantes<br><\/strong><br><strong>Prohibici\u00f3n de modificar el material:<\/strong>\u00a0Los textos, im\u00e1genes y dem\u00e1s contenidos facilitados\u00a0no pueden modificarse.<br>Uso exclusivo para art\u00edculos period\u00edsticos:\u00a0El material solo puede\u00a0utilizarse para la cobertura informativa\u00a0en los medios de comunicaci\u00f3n.<br><strong>Redes sociales:<\/strong>\u00a0La publicaci\u00f3n de im\u00e1genes o textos en\u00a0canales de redes sociales\u00a0requiere nuestro\u00a0consentimiento expreso.<br><strong>Autorizaci\u00f3n de los autores:<\/strong> \u00a0Para el uso de\u00a0fotograf\u00edas o citas de los autores\u00a0se debe obtener adem\u00e1s la\u00a0autorizaci\u00f3n del autor correspondiente\u00a0<br><\/p>\n\n\n\n<div class=\"guten-element guten-spacer guten-m42xMF\"><\/div>\n<\/div><\/div>\n<\/div><\/section><\/div>\n","protected":false},"excerpt":{"rendered":"","protected":false},"author":2,"featured_media":0,"parent":0,"menu_order":0,"comment_status":"closed","ping_status":"closed","template":"","meta":{"_seopress_robots_primary_cat":"","_seopress_titles_title":"","_seopress_titles_desc":"","_seopress_robots_index":"","footnotes":""},"class_list":["post-2335","page","type-page","status-publish","hentry"],"blocksy_meta":{"background":{"background_type":"image","background_pattern":"type-1","background_image":{"attachment_id":1705,"x":0,"y":0.45,"url":"https:\/\/www.escapereadz.com\/wp-content\/uploads\/2026\/03\/background_schreibst_cu-1-1024x683.webp"},"gradient":"linear-gradient(135deg,rgba(6,147,227,1) 0%,rgb(155,81,224) 100%)","background_repeat":"no-repeat","background_size":"cover","background_attachment":"fixed","patternColor":{"default":{"color":"#e5e7ea"}},"overlayColor":{"default":{"color":"CT_CSS_SKIP_RULE"}},"backgroundColor":{"default":{"color":"#ffffff"}}},"styles_descriptor":{"styles":{"desktop":"[data-prefix=\"single_page\"] {background-position:0% 45%;background-size:cover;background-attachment:fixed;background-repeat:no-repeat;background-color:#ffffff;background-image:url(https:\/\/www.escapereadz.com\/wp-content\/uploads\/2026\/03\/background_schreibst_cu-1.webp);}","tablet":"","mobile":""},"google_fonts":[],"version":6}},"_links":{"self":[{"href":"https:\/\/www.escapereadz.eu\/es\/wp-json\/wp\/v2\/pages\/2335","targetHints":{"allow":["GET"]}}],"collection":[{"href":"https:\/\/www.escapereadz.eu\/es\/wp-json\/wp\/v2\/pages"}],"about":[{"href":"https:\/\/www.escapereadz.eu\/es\/wp-json\/wp\/v2\/types\/page"}],"author":[{"embeddable":true,"href":"https:\/\/www.escapereadz.eu\/es\/wp-json\/wp\/v2\/users\/2"}],"replies":[{"embeddable":true,"href":"https:\/\/www.escapereadz.eu\/es\/wp-json\/wp\/v2\/comments?post=2335"}],"version-history":[{"count":0,"href":"https:\/\/www.escapereadz.eu\/es\/wp-json\/wp\/v2\/pages\/2335\/revisions"}],"wp:attachment":[{"href":"https:\/\/www.escapereadz.eu\/es\/wp-json\/wp\/v2\/media?parent=2335"}],"curies":[{"name":"wp","href":"https:\/\/api.w.org\/{rel}","templated":true}]}}