{"id":2321,"date":"2026-03-19T16:22:27","date_gmt":"2026-03-19T16:22:27","guid":{"rendered":"https:\/\/www.escapereadz.eu\/?page_id=2321"},"modified":"2026-04-01T11:28:35","modified_gmt":"2026-04-01T11:28:35","slug":"faq-para-autores","status":"publish","type":"page","link":"https:\/\/www.escapereadz.eu\/es\/faq-para-autores\/","title":{"rendered":"FAQ para autores"},"content":{"rendered":"\n<div class=\"section-wrapper\" data-id=\"Tlhdzz\"><section class=\"wp-block-gutenverse-section guten-element guten-section guten-Tlhdzz layout-boxed align-stretch\"><div class=\"guten-container guten-column-gap-default\">\n<div class=\"wp-block-gutenverse-column guten-element guten-column guten-IV50QJ\"><div class=\"guten-column-wrapper\" data-id=\"IV50QJ\">\n<div class=\"guten-element guten-spacer guten-W04XqW\"><\/div>\n\n\n\n<h2 class=\"wp-block-gutenverse-heading guten-element guten-pJwRNM\">Preguntas frecuentes para autores publicados<\/h2>\n\n\n\n<div class=\"guten-element guten-spacer guten-Hsz45y\"><\/div>\n<\/div><\/div>\n<\/div><\/section><\/div>\n\n\n\n<div class=\"section-wrapper\" data-id=\"dUaL78\"><section class=\"wp-block-gutenverse-section guten-element guten-section guten-dUaL78 layout-boxed align-stretch\"><div class=\"guten-container guten-column-gap-default\">\n<div class=\"wp-block-gutenverse-column guten-element guten-column guten-fWox2q\"><div class=\"guten-column-wrapper\" data-id=\"fWox2q\">\n<div class=\"guten-element guten-accordions-wrapper guten-wmjd3b\"><div class=\"guten-accordions\">\n<div class=\"accordion-item guten-Mdq1sv\"><div class=\"accordion-heading\"><div class=\"accordion-icon\"><span class=\"accordion-icon-open\"><i class=\"fas fa-minus\"><\/i><\/span><span class=\"accordion-icon-closed\"><i class=\"fas fa-plus\"><\/i><\/span><\/div><span class=\"accordion-text\">\u00bfQu\u00e9 requisitos debe cumplir mi manuscrito?<\/span><\/div><div class=\"accordion-body\"><div class=\"accordion-content\">\n<p>Tu manuscrito debe estar completamente revisado y ajustarse a nuestros g\u00e9neros (romance \u00abfeel good\u00bb, suspense rom\u00e1ntico, \u00abromantasy\u00bb). No se tendr\u00e1n en cuenta los textos que no est\u00e9n terminados.<\/p>\n<\/div><\/div><\/div>\n\n\n\n<div class=\"accordion-item guten-8v9g73\"><div class=\"accordion-heading\"><div class=\"accordion-icon\"><span class=\"accordion-icon-open\"><i class=\"fas fa-minus\"><\/i><\/span><span class=\"accordion-icon-closed\"><i class=\"fas fa-plus\"><\/i><\/span><\/div><span class=\"accordion-text\"><strong>\u00bfQu\u00e9 extensi\u00f3n puede tener mi manuscrito?<\/strong><\/span><\/div><div class=\"accordion-body\"><div class=\"accordion-content\">\n<p>Tu manuscrito debe tener una extensi\u00f3n de entre\u00a018 000 y 30 000 palabras.<\/p>\n<\/div><\/div><\/div>\n\n\n\n<div class=\"accordion-item guten-j41tlD\"><div class=\"accordion-heading\"><div class=\"accordion-icon\"><span class=\"accordion-icon-open\"><i class=\"fas fa-minus\"><\/i><\/span><span class=\"accordion-icon-closed\"><i class=\"fas fa-plus\"><\/i><\/span><\/div><span class=\"accordion-text\">\u00bfC\u00f3mo deber\u00eda estructurar mi historia?<\/span><\/div><div class=\"accordion-body\"><div class=\"accordion-content\">\n<p>Nuestras historias se basan en el di\u00e1logo.<\/p>\n\n\n\n<p>La trama se desarrolla a trav\u00e9s de los personajes, la din\u00e1mica y los di\u00e1logos, no mediante una mera descripci\u00f3n.<\/p>\n<\/div><\/div><\/div>\n\n\n\n<div class=\"accordion-item guten-R9rleg\"><div class=\"accordion-heading\"><div class=\"accordion-icon\"><span class=\"accordion-icon-open\"><i class=\"fas fa-minus\"><\/i><\/span><span class=\"accordion-icon-closed\"><i class=\"fas fa-plus\"><\/i><\/span><\/div><span class=\"accordion-text\">\u00bfPuedo haber publicado mi relato en otro sitio?<\/span><\/div><div class=\"accordion-body\"><div class=\"accordion-content\">\n<p>No.<\/p>\n\n\n\n<p>Los art\u00edculos de serie y los manuscritos no deben haber sido publicados anteriormente ni aparecer simult\u00e1neamente en otro lugar.<\/p>\n<\/div><\/div><\/div>\n\n\n\n<div class=\"accordion-item guten-KHgsem\"><div class=\"accordion-heading\"><div class=\"accordion-icon\"><span class=\"accordion-icon-open\"><i class=\"fas fa-minus\"><\/i><\/span><span class=\"accordion-icon-closed\"><i class=\"fas fa-plus\"><\/i><\/span><\/div><span class=\"accordion-text\">\u00bfEn qu\u00e9 formato se publicar\u00e1 mi libro?<\/span><\/div><div class=\"accordion-body\"><div class=\"accordion-content\">\n<p>Publicamos exclusivamente\u00a0libros electr\u00f3nicos.<\/p>\n\n\n\n<p>La publicaci\u00f3n se realizar\u00e1\u00a0en exclusiva a trav\u00e9s de Escape Readz.<\/p>\n<\/div><\/div><\/div>\n\n\n\n<div class=\"accordion-item guten-VUMc4O\"><div class=\"accordion-heading\"><div class=\"accordion-icon\"><span class=\"accordion-icon-open\"><i class=\"fas fa-minus\"><\/i><\/span><span class=\"accordion-icon-closed\"><i class=\"fas fa-plus\"><\/i><\/span><\/div><span class=\"accordion-text\">\u00bfQu\u00e9 significa la exclusividad?<\/span><\/div><div class=\"accordion-body\"><div class=\"accordion-content\">\n<p>Durante la colaboraci\u00f3n, tu obra se distribuir\u00e1 exclusivamente a trav\u00e9s de nosotros y no podr\u00e1 ofrecerse simult\u00e1neamente en otras plataformas.<\/p>\n<\/div><\/div><\/div>\n\n\n\n<div class=\"accordion-item guten-7ehGdE\"><div class=\"accordion-heading\"><div class=\"accordion-icon\"><span class=\"accordion-icon-open\"><i class=\"fas fa-minus\"><\/i><\/span><span class=\"accordion-icon-closed\"><i class=\"fas fa-plus\"><\/i><\/span><\/div><span class=\"accordion-text\">\u00bfSe traducir\u00e1 mi libro?<\/span><\/div><div class=\"accordion-body\"><div class=\"accordion-content\">\n<p>S\u00ed.<\/p>\n\n\n\n<p>Por la presente, das tu consentimiento para que traduzcamos tu obra a los siguientes idiomas:<\/p>\n\n\n\n<ul class=\"wp-block-list\">\n<li>Alem\u00e1n<\/li>\n\n\n\n<li>Ingl\u00e9s<\/li>\n\n\n\n<li>Espa\u00f1ol<\/li>\n\n\n\n<li>Franc\u00e9s<\/li>\n\n\n\n<li>Italiano<\/li>\n<\/ul>\n\n\n\n<p>Si quieres enviar tus propias traducciones, puedes hacerlo.<\/p>\n<\/div><\/div><\/div>\n\n\n\n<div class=\"accordion-item guten-d7LErp\"><div class=\"accordion-heading\"><div class=\"accordion-icon\"><span class=\"accordion-icon-open\"><i class=\"fas fa-minus\"><\/i><\/span><span class=\"accordion-icon-closed\"><i class=\"fas fa-plus\"><\/i><\/span><\/div><span class=\"accordion-text\">\u00bfTengo que participar activamente como autor?<\/span><\/div><div class=\"accordion-body\"><div class=\"accordion-content\">\n<p>Ja.<\/p>\n\n\n\n<p>Wir erwarten eine&nbsp;<strong>aktive Mitarbeit<\/strong>, insbesondere im Bereich Sichtbarkeit und Reichweite (z. B. Social Media, Kommunikation mit Lesern).<\/p>\n<\/div><\/div><\/div>\n\n\n\n<div class=\"accordion-item guten-IfCUVB\"><div class=\"accordion-heading\"><div class=\"accordion-icon\"><span class=\"accordion-icon-open\"><i class=\"fas fa-minus\"><\/i><\/span><span class=\"accordion-icon-closed\"><i class=\"fas fa-plus\"><\/i><\/span><\/div><span class=\"accordion-text\">\u00bfSe publicar\u00e1 mi libro tambi\u00e9n en el modelo de suscripci\u00f3n?<\/span><\/div><div class=\"accordion-body\"><div class=\"accordion-content\">\n<p>Ja.<\/p>\n\n\n\n<p>Dein Buch wird zus\u00e4tzlich im&nbsp;<strong>Escape Plus Modell<\/strong>&nbsp;angeboten.<\/p>\n<\/div><\/div><\/div>\n\n\n\n<div class=\"accordion-item guten-otYKBq\"><div class=\"accordion-heading\"><div class=\"accordion-icon\"><span class=\"accordion-icon-open\"><i class=\"fas fa-minus\"><\/i><\/span><span class=\"accordion-icon-closed\"><i class=\"fas fa-plus\"><\/i><\/span><\/div><span class=\"accordion-text\">\u00bfC\u00f3mo se me pagar\u00e1?<\/span><\/div><div class=\"accordion-body\"><div class=\"accordion-content\">\n<ul class=\"wp-block-list\">\n<li>35 % de participaci\u00f3n en los ingresos por ventas individuales (libros electr\u00f3nicos)<\/li>\n\n\n\n<li>El 45 % de los ingresos de Escape Plus se repartir\u00e1 entre todos los autores participantes<\/li>\n<\/ul>\n<\/div><\/div><\/div>\n\n\n\n<div class=\"accordion-item guten-H2ABXC\"><div class=\"accordion-heading\"><div class=\"accordion-icon\"><span class=\"accordion-icon-open\"><i class=\"fas fa-minus\"><\/i><\/span><span class=\"accordion-icon-closed\"><i class=\"fas fa-plus\"><\/i><\/span><\/div><span class=\"accordion-text\">\u00bfCu\u00e1ndo se realizan los pagos?<\/span><\/div><div class=\"accordion-body\"><div class=\"accordion-content\">\n<p>El pago se efectuar\u00e1\u00a014 d\u00edas despu\u00e9s de que finalice el mes de liquidaci\u00f3n correspondiente.<\/p>\n<\/div><\/div><\/div>\n<\/div><\/div>\n<\/div><\/div>\n<\/div><\/section><\/div>\n\n\n\n<div class=\"guten-element guten-spacer guten-4HM4DG\"><\/div>\n","protected":false},"excerpt":{"rendered":"","protected":false},"author":2,"featured_media":0,"parent":0,"menu_order":0,"comment_status":"closed","ping_status":"closed","template":"","meta":{"_seopress_robots_primary_cat":"","_seopress_titles_title":"","_seopress_titles_desc":"","_seopress_robots_index":"","footnotes":""},"class_list":["post-2321","page","type-page","status-publish","hentry"],"blocksy_meta":{"background":{"background_type":"image","background_pattern":"type-1","background_image":{"attachment_id":1705,"x":0,"y":0.45,"url":"https:\/\/www.escapereadz.com\/wp-content\/uploads\/2026\/03\/background_schreibst_cu-1-1024x683.webp"},"gradient":"linear-gradient(135deg,rgba(6,147,227,1) 0%,rgb(155,81,224) 100%)","background_repeat":"no-repeat","background_size":"cover","background_attachment":"scroll","patternColor":{"default":{"color":"#e5e7ea"}},"overlayColor":{"default":{"color":"CT_CSS_SKIP_RULE"}},"backgroundColor":{"default":{"color":"#ffffff"}}},"styles_descriptor":{"styles":{"desktop":"[data-prefix=\"single_page\"] {background-position:0% 45%;background-size:cover;background-repeat:no-repeat;background-color:#ffffff;background-image:url(https:\/\/www.escapereadz.com\/wp-content\/uploads\/2026\/03\/background_schreibst_cu-1.webp);}","tablet":"","mobile":""},"google_fonts":[],"version":6}},"_links":{"self":[{"href":"https:\/\/www.escapereadz.eu\/es\/wp-json\/wp\/v2\/pages\/2321","targetHints":{"allow":["GET"]}}],"collection":[{"href":"https:\/\/www.escapereadz.eu\/es\/wp-json\/wp\/v2\/pages"}],"about":[{"href":"https:\/\/www.escapereadz.eu\/es\/wp-json\/wp\/v2\/types\/page"}],"author":[{"embeddable":true,"href":"https:\/\/www.escapereadz.eu\/es\/wp-json\/wp\/v2\/users\/2"}],"replies":[{"embeddable":true,"href":"https:\/\/www.escapereadz.eu\/es\/wp-json\/wp\/v2\/comments?post=2321"}],"version-history":[{"count":0,"href":"https:\/\/www.escapereadz.eu\/es\/wp-json\/wp\/v2\/pages\/2321\/revisions"}],"wp:attachment":[{"href":"https:\/\/www.escapereadz.eu\/es\/wp-json\/wp\/v2\/media?parent=2321"}],"curies":[{"name":"wp","href":"https:\/\/api.w.org\/{rel}","templated":true}]}}