{"id":2308,"date":"2026-03-07T09:00:33","date_gmt":"2026-03-07T09:00:33","guid":{"rendered":"https:\/\/www.escapereadz.eu\/?page_id=2308"},"modified":"2026-04-01T06:53:29","modified_gmt":"2026-04-01T06:53:29","slug":"convertirse-en-autor","status":"publish","type":"page","link":"https:\/\/www.escapereadz.eu\/es\/convertirse-en-autor\/","title":{"rendered":"Convertirse en autor"},"content":{"rendered":"\n<div class=\"section-wrapper\" data-id=\"TKfyfj\"><section class=\"wp-block-gutenverse-section guten-element guten-section guten-TKfyfj layout-fullwidth align-stretch\"><div class=\"guten-container guten-column-gap-no\">\n<div class=\"wp-block-gutenverse-column guten-element guten-column guten-cTpq5G\"><div class=\"guten-column-wrapper\" data-id=\"cTpq5G\">\n<div class=\"guten-element guten-spacer guten-Qmznqc\"><\/div>\n\n\n\n<h2 class=\"wp-block-gutenverse-heading guten-element guten-B8yZYl\">Convertirse en autor<\/h2>\n\n\n\n<div class=\"guten-element guten-spacer guten-40ehsJ\"><\/div>\n<\/div><\/div>\n<\/div><\/section><\/div>\n\n\n\n<div class=\"section-wrapper\" data-id=\"9SEO89\"><section class=\"wp-block-gutenverse-section guten-element guten-section guten-9SEO89 layout-boxed align-stretch\"><div class=\"guten-container guten-column-gap-default\">\n<div class=\"wp-block-gutenverse-column guten-element guten-column guten-AYmHaT\"><div class=\"guten-column-wrapper\" data-id=\"AYmHaT\">\n<div class=\"guten-element guten-spacer guten-AKOV6a\"><\/div>\n\n\n\n<p aria-label=\"Text Paragraph\" class=\"guten-element gutenverse-text guten-UX9qo8\"><strong>Convertirse en autor o autora<\/strong><br><br>Si est\u00e1s leyendo esta p\u00e1gina, queremos agradecerte, en primer lugar, tu inter\u00e9s por nuestra editorial.<br>Nuestro cat\u00e1logo abarca tres \u00e1reas:\u00a0Feel Good y RomCom Romance,\u00a0Romantic Suspense\u00a0y\u00a0Romantasy. Si escribes historias que se narran en\u00a0series o colecciones de libros\u00a0y que se leen como una serie continua \u2014con personajes recurrentes, lugares y conexiones entre las distintas historias\u2014, est\u00e1s en el lugar adecuado.<br><br><strong>Requisitos para tu manuscrito<\/strong><br>Para que podamos evaluar un manuscrito, este debe estar ya\u00a0completamente revisado. Por favor, no nos env\u00edes borradores.<br><br><strong>Para nuestro programa se aplican las siguientes condiciones generales:<\/strong><br>&#8211; Extensi\u00f3n: \u00a0aproximadamente\u00a0entre 18 000 y un m\u00e1ximo de 35 000 palabras<br>&#8211; Formato:\u00a0 Novela corta \/ novelas breves que se lean con rapidez<br>&#8211; Estilo narrativo:\u00a0orientado al di\u00e1logo: para nosotros,\u00a0los personajes, las relaciones y los di\u00e1logos\u00a0son el centro de la historia<br>&#8211; Descripciones: \u00a0evocadoras, pero no prolijas: las descripciones largas y detalladas no son el centro de nuestro programa<br>Nuestras historias se nutren de\u00a0dinamismo, emoci\u00f3n e interacci\u00f3n entre los personajes.<br><br><strong>Colaboraci\u00f3n<\/strong><br>Entendemos nuestra editorial como\u00a0una colaboraci\u00f3n entre autoras, autores y la editorial. Cada uno aporta su granito de arena para que los libros lleguen a los lectores y lectoras.<br>Esto tambi\u00e9n significa que esperamos de nuestros autores y autoras que\u00a0colaboren activamente en la visibilidad de sus libros\u00a0\u2013 por ejemplo, mediante su presencia en las redes sociales, en eventos o en el intercambio con los lectores.<br>Esta colaboraci\u00f3n es una parte importante de nuestro concepto.<br><br><strong>Editorial digital<\/strong><br>Somos una\u00a0editorial con orientaci\u00f3n digital que se centra en libros electr\u00f3nicos y otras publicaciones digitales. Esto nos permite distribuir nuestros libros\u00a0en toda la Uni\u00f3n Europea\u00a0y llegar a los lectores independientemente de los mercados nacionales del libro.<br><br><strong>Remuneraci\u00f3n<\/strong><br>Nuestro modelo de remuneraci\u00f3n es transparente e id\u00e9ntico para todos los autores.<br>35 % de participaci\u00f3n del autor por cada libro electr\u00f3nico vendido, calculado sobre el precio de venta neto<br>El precio de venta neto puede variar en funci\u00f3n del IVA en los distintos pa\u00edses de la UE\u00a0<br><br><strong>Adem\u00e1s, todos los t\u00edtulos se incluyen en nuestro&nbsp;portal Escape Plus&nbsp;.<\/strong><br>Escape Plus es nuestro modelo de lectura, mediante el cual los lectores y lectoras obtienen acceso a nuestro cat\u00e1logo.<br>Los ingresos generados se distribuyen de la siguiente manera:<br>El 45 % de los ingresos totales\u00a0se destina al\u00a0 fondo com\u00fan de autores<br>El importe total se\u00a0distribuye equitativamente entre todos los autores\u00a0<br>El pago se realiza\u00a0 mensualmente, a mediados del mes siguiente<br>Este modelo garantiza una\u00a0remuneraci\u00f3n equitativa, independientemente del n\u00famero de p\u00e1ginas le\u00eddas o del tiempo que un t\u00edtulo lleve en el cat\u00e1logo.<br><br><strong>Ediciones internacionales<\/strong><br>Adem\u00e1s, algunos t\u00edtulos seleccionados de nuestro cat\u00e1logo se\u00a0traducen, entre otros idiomas, a:<br><strong>&#8211; Ingl\u00e9s<br>&#8211; Alem\u00e1n<br>&#8211; Franc\u00e9s<br>&#8211; Italiano<\/strong><br><br>De este modo, nuestras historias pueden llegar tambi\u00e9n a lectores y lectoras fuera del \u00e1mbito germanoparlante.<br><br><strong>Solicitud<\/strong><br>Si te identificas con este concepto y tu manuscrito encaja en nuestro programa, estaremos encantados de recibir tu solicitud.<br>Para ello, solo tienes que utilizar el\u00a0formulario que aparece a continuaci\u00f3n para enviar tu manuscrito.<\/p>\n\n\n\n<div class=\"section-wrapper\" data-id=\"Uv5nru\"><section class=\"wp-block-gutenverse-section guten-element guten-section guten-Uv5nru layout-boxed align-stretch\"><div class=\"guten-container guten-column-gap-default\">\n<div class=\"wp-block-gutenverse-column guten-element guten-column guten-t94lpM\"><div class=\"guten-column-wrapper\" data-id=\"t94lpM\">\n<div class=\"guten-element guten-spacer guten-e714cH\"><\/div>\n\n\n\n<form style=\"display:none\" class=\"guten-element guten-form-builder guten-gWqKsS\" data-form-id=\"363\" data-hide-after=\"true\" data-redirect=\"hello@escapereadz.eu\">\n<p aria-label=\"Text Paragraph\" class=\"guten-element gutenverse-text guten-PIMtuW\">Solicitud para trabajar como autor o autora<\/p>\n\n\n\n<div class=\"guten-element guten-form-input-text guten-form-input guten-input-position-top guten-P9VIom hide-helper\"><div class=\"label-wrapper\"><label class=\"input-label\" for=\"Vorname\">Nombre<\/label><span class=\"required-badge\">*<\/span><\/div><div class=\"main-wrapper\"><input data-validation=\"{&quot;type&quot;:&quot;text&quot;,&quot;required&quot;:true,&quot;validationType&quot;:&quot;none&quot;,&quot;validationWarning&quot;:&quot;Input Invalid&quot;}\" placeholder=\"Nombre\" name=\"Vorname\" class=\"gutenverse-input gutenverse-input-text\" type=\"text\"\/><div class=\"validation-error\">Input Invalid<\/div><\/div><\/div>\n\n\n\n<div class=\"guten-element guten-form-input-text guten-form-input guten-input-position-top guten-wLWnSo hide-helper\"><div class=\"label-wrapper\"><label class=\"input-label\" for=\"Nachname\">Apellido<\/label><span class=\"required-badge\">*<\/span><\/div><div class=\"main-wrapper\"><input data-validation=\"{&quot;type&quot;:&quot;text&quot;,&quot;required&quot;:true,&quot;validationType&quot;:&quot;none&quot;,&quot;validationWarning&quot;:&quot;Input Invalid&quot;}\" placeholder=\"Apellido\" name=\"Nachname\" class=\"gutenverse-input gutenverse-input-text\" type=\"text\"\/><div class=\"validation-error\">Input Invalid<\/div><\/div><\/div>\n\n\n\n<div class=\"guten-element guten-form-input-email guten-form-input guten-input-position-top guten-CT57bU hide-helper\"><div class=\"label-wrapper\"><label class=\"input-label\" for=\"E-Mail\">Correo electr\u00f3nico<\/label><span class=\"required-badge\">*<\/span><\/div><div class=\"main-wrapper\"><input data-validation=\"{&quot;type&quot;:&quot;email&quot;,&quot;required&quot;:true,&quot;validationType&quot;:&quot;none&quot;,&quot;validationWarning&quot;:&quot;Introduce una direcci\u00f3n de correo electr\u00f3nico v\u00e1lida&quot;}\" placeholder=\"Correo electr\u00f3nico\" name=\"E-Mail\" class=\"gutenverse-input gutenverse-input-email\" type=\"email\"\/><div class=\"validation-error\">Introduce una direcci\u00f3n de correo electr\u00f3nico v\u00e1lida<\/div><\/div><\/div>\n\n\n\n<div class=\"guten-element guten-form-input-file guten-form-input guten-input-position-top guten-L0qeuO hide-helper\"><div class=\"label-wrapper\"><label class=\"input-label\">Manuscrito<\/label><span class=\"required-badge\">*<\/span><\/div><div class=\"main-wrapper\"><div class=\"gutenverse-inner-input default\"><div class=\"file-input-wrapper\"><input name=\"Upload\" class=\"gutenverse-input gutenverse-input-file\" data-validation=\"{&quot;type&quot;:&quot;file&quot;,&quot;required&quot;:true,&quot;validationWarning&quot;:&quot;Sube tu manuscrito, por favor.&quot;}\" type=\"file\" hidden id=\"file-input-guten-L0qeuO\"\/><div class=\"input-wrapper\"><label for=\"file-input-guten-L0qeuO\" class=\"file-button\"><span>Seleccionar archivo<\/span><\/label><span class=\"file-placeholder\" data-default-text=\"No se ha seleccionado ning\u00fan archivo\">No se ha seleccionado ning\u00fan archivo<\/span><\/div><\/div><\/div><div class=\"validation-error\">Sube tu manuscrito, por favor.<\/div><\/div><\/div>\n\n\n\n<div class=\"guten-element guten-form-input-textarea guten-form-input guten-input-position-top guten-L220XH hide-helper\"><div class=\"label-wrapper\"><label class=\"input-label\" for=\"Storypitch\">Cu\u00e9ntanos un poco m\u00e1s sobre tu historia en dos o tres frases<\/label><span class=\"required-badge\">*<\/span><\/div><div class=\"main-wrapper\"><textarea data-validation=\"{&quot;type&quot;:&quot;textarea&quot;,&quot;required&quot;:true,&quot;validationType&quot;:&quot;none&quot;,&quot;validationWarning&quot;:&quot;Input Invalid&quot;}\" placeholder=\"Cu\u00e9ntanos algo sobre tu historia.\" name=\"Storypitch\" class=\"gutenverse-input gutenverse-input-text\"><\/textarea><div class=\"validation-error\">Input Invalid<\/div><\/div><\/div>\n\n\n\n<p aria-label=\"Text Paragraph\" class=\"guten-element gutenverse-text guten-FzP0NQ\">Informaci\u00f3n:<br><br>No podemos aceptar historias que ya hayan sido publicadas por otra editorial y cuyos derechos pertenezcan a dicha editorial.<br>Solo aceptamos series o colecciones completas.<br>Si firmas un contrato con nosotros, las historias ser\u00e1n exclusivas de nuestra editorial y no podr\u00e1n ofrecerse en ning\u00fan otro sitio.<br>Si a\u00fan no eres mayor de edad, necesitaremos una declaraci\u00f3n de consentimiento de tus tutores legales.<\/p>\n\n\n\n<div class=\"guten-element guten-form-input-checkbox guten-form-input guten-input-position-top guten-JfzxBQ hide-helper\"><div class=\"label-wrapper\"><label class=\"input-label\" for=\"Alterspr\u00fcfung\">Verificaci\u00f3n de la edad<\/label><span class=\"required-badge\">*<\/span><\/div><div class=\"main-wrapper\"><div class=\"gutenverse-inner-input default\"><div hidden name=\"Alterspr\u00fcfung\" class=\"gutenverse-input\" data-validation=\"{&quot;type&quot;:&quot;checkbox&quot;,&quot;required&quot;:true,&quot;validationWarning&quot;:&quot;Confirma que tienes al menos 16 a\u00f1os.&quot;}\"><\/div><label for=\"Alterspr\u00fcfung-Por la presente, confirmo que tengo al menos 16 a\u00f1os y me comprometo, en caso de ser menor de 18 a\u00f1os, a presentar una autorizaci\u00f3n paterna.\"><input name=\"Alterspr\u00fcfung\" value=\"Por la presente, confirmo que tengo al menos 16 a\u00f1os y me comprometo, en caso de ser menor de 18 a\u00f1os, a presentar una autorizaci\u00f3n paterna.\" class=\"gutenverse-input-checkbox\" type=\"checkbox\" id=\"Alterspr\u00fcfung-Por la presente, confirmo que tengo al menos 16 a\u00f1os y me comprometo, en caso de ser menor de 18 a\u00f1os, a presentar una autorizaci\u00f3n paterna.\"\/><span class=\"check\">Por la presente, confirmo que tengo al menos 16 a\u00f1os y me comprometo, en caso de ser menor de 18 a\u00f1os, a presentar una autorizaci\u00f3n paterna.<\/span><\/label><\/div><div class=\"validation-error\">Confirma que tienes al menos 16 a\u00f1os.<\/div><\/div><\/div>\n\n\n\n<p aria-label=\"Text Paragraph\" class=\"guten-element gutenverse-text guten-Yqfb8C\"><strong>Informaci\u00f3n:<\/strong> El formulario de consentimiento debe enviarse junto con la firma del contrato; solo as\u00ed podremos tramitarlo.<\/p>\n\n\n\n<div class=\"guten-element guten-form-input-gdpr guten-form-input guten-input-position-top guten-VCp70f hide-helper\"><div class=\"label-wrapper\"><label class=\"input-label\" for=\"Datenschutzerkl\u00e4rung\">Pol\u00edtica de privacidad:<\/label><span class=\"required-badge\">*<\/span><\/div><div class=\"main-wrapper\"><div class=\"gutenverse-inner-input default\"><div class=\"guten-gdpr-wrapper\"><div class=\"guten-gdpr-input-wrapper\"><input name=\"Datenschutzerkl\u00e4rung\" data-validation=\"{&quot;type&quot;:&quot;checkbox&quot;,&quot;required&quot;:true,&quot;validationWarning&quot;:&quot;Por favor, acepta la pol\u00edtica de privacidad.&quot;}\" class=\"gutenverse-input gutenverse-input-gdpr\" type=\"checkbox\" data-value=\"Ja, ich ahbe die Datenschutzerkl\u00e4rung gelesen und akzeptiert.\"\/><span class=\"check\"><\/span><\/div><div class=\"gdpr-label\">S\u00ed, he le\u00eddo la Pol\u00edtica de privacidad y la acepto.<\/div><\/div><\/div><div class=\"validation-error\">Por favor, acepta la pol\u00edtica de privacidad.<\/div><\/div><\/div>\n\n\n\n<div class=\"guten-element guten-button-wrapper guten-submit-wrapper guten-x2J1ur\"><div class=\"form-notification\"><\/div><button class=\"guten-button gutenverse-input-submit guten-button-sm\" type=\"submit\"><span>Env\u00eda tu solicitud ahora<\/span><\/button><div class=\"gutenverse-input-submit-loader\"><svg xmlns=\"http:\/\/www.w3.org\/2000\/svg\" viewBox=\"0 0 640 640\"><path d=\"M272 112C272 85.5 293.5 64 320 64C346.5 64 368 85.5 368 112C368 138.5 346.5 160 320 160C293.5 160 272 138.5 272 112zM272 528C272 501.5 293.5 480 320 480C346.5 480 368 501.5 368 528C368 554.5 346.5 576 320 576C293.5 576 272 554.5 272 528zM112 272C138.5 272 160 293.5 160 320C160 346.5 138.5 368 112 368C85.5 368 64 346.5 64 320C64 293.5 85.5 272 112 272zM480 320C480 293.5 501.5 272 528 272C554.5 272 576 293.5 576 320C576 346.5 554.5 368 528 368C501.5 368 480 346.5 480 320zM139 433.1C157.8 414.3 188.1 414.3 206.9 433.1C225.7 451.9 225.7 482.2 206.9 501C188.1 519.8 157.8 519.8 139 501C120.2 482.2 120.2 451.9 139 433.1zM139 139C157.8 120.2 188.1 120.2 206.9 139C225.7 157.8 225.7 188.1 206.9 206.9C188.1 225.7 157.8 225.7 139 206.9C120.2 188.1 120.2 157.8 139 139zM501 433.1C519.8 451.9 519.8 482.2 501 501C482.2 519.8 451.9 519.8 433.1 501C414.3 482.2 414.3 451.9 433.1 433.1C451.9 414.3 482.2 414.3 501 433.1z\"><\/path><\/svg><\/div><\/div>\n\n\n\n<div class=\"guten-element gutenverse-recaptcha guten-form-input-recaptcha g-recaptcha\" data-sitekey=\"6LcKbnAsAAAAAKV6yNXxejlyOs-8yzkIZzT7qOMM\"><\/div>\n<\/form>\n\n\n\n<div class=\"guten-element guten-spacer guten-bx5SVf\"><\/div>\n<\/div><\/div>\n<\/div><\/section><\/div>\n\n\n\n<div class=\"guten-element guten-spacer guten-suKxRv\"><\/div>\n<\/div><\/div>\n<\/div><\/section><\/div>\n","protected":false},"excerpt":{"rendered":"","protected":false},"author":2,"featured_media":0,"parent":0,"menu_order":0,"comment_status":"closed","ping_status":"closed","template":"","meta":{"_seopress_robots_primary_cat":"","_seopress_titles_title":"","_seopress_titles_desc":"","_seopress_robots_index":"","footnotes":""},"class_list":["post-2308","page","type-page","status-publish","hentry"],"blocksy_meta":{"background":{"background_type":"image","background_pattern":"type-1","background_image":{"attachment_id":65,"x":0,"y":0.45,"url":"https:\/\/www.escapereadz.com\/wp-content\/uploads\/2026\/03\/background_schreibst_cu-1024x683.webp"},"gradient":"linear-gradient(135deg,rgba(6,147,227,1) 0%,rgb(155,81,224) 100%)","background_repeat":"no-repeat","background_size":"cover","background_attachment":"fixed","patternColor":{"default":{"color":"#e5e7ea"}},"overlayColor":{"default":{"color":"CT_CSS_SKIP_RULE"}},"backgroundColor":{"default":{"color":"#ffffff"}}},"styles_descriptor":{"styles":{"desktop":"[data-prefix=\"single_page\"] {background-position:0% 45%;background-size:cover;background-attachment:fixed;background-repeat:no-repeat;background-color:#ffffff;background-image:url(https:\/\/www.escapereadz.com\/wp-content\/uploads\/2026\/03\/background_schreibst_cu.webp);}","tablet":"","mobile":""},"google_fonts":[],"version":6}},"_links":{"self":[{"href":"https:\/\/www.escapereadz.eu\/es\/wp-json\/wp\/v2\/pages\/2308","targetHints":{"allow":["GET"]}}],"collection":[{"href":"https:\/\/www.escapereadz.eu\/es\/wp-json\/wp\/v2\/pages"}],"about":[{"href":"https:\/\/www.escapereadz.eu\/es\/wp-json\/wp\/v2\/types\/page"}],"author":[{"embeddable":true,"href":"https:\/\/www.escapereadz.eu\/es\/wp-json\/wp\/v2\/users\/2"}],"replies":[{"embeddable":true,"href":"https:\/\/www.escapereadz.eu\/es\/wp-json\/wp\/v2\/comments?post=2308"}],"version-history":[{"count":0,"href":"https:\/\/www.escapereadz.eu\/es\/wp-json\/wp\/v2\/pages\/2308\/revisions"}],"wp:attachment":[{"href":"https:\/\/www.escapereadz.eu\/es\/wp-json\/wp\/v2\/media?parent=2308"}],"curies":[{"name":"wp","href":"https:\/\/api.w.org\/{rel}","templated":true}]}}