{"id":2297,"date":"2026-03-07T08:02:42","date_gmt":"2026-03-07T08:02:42","guid":{"rendered":"https:\/\/www.escapereadz.eu\/?page_id=2297"},"modified":"2026-03-30T12:44:53","modified_gmt":"2026-03-30T12:44:53","slug":"catalogo-editorial","status":"publish","type":"page","link":"https:\/\/www.escapereadz.eu\/es\/catalogo-editorial\/","title":{"rendered":"Cat\u00e1logo editorial"},"content":{"rendered":"\n<div class=\"section-wrapper\" data-id=\"nt91JI\"><section class=\"wp-block-gutenverse-section guten-element guten-section guten-nt91JI layout-fullwidth align-stretch\"><div class=\"guten-container guten-column-gap-no\">\n<div class=\"wp-block-gutenverse-column guten-element guten-column guten-fbCKA0\"><div class=\"guten-column-wrapper\" data-id=\"fbCKA0\">\n<div class=\"guten-element guten-spacer guten-CMUbxT\"><\/div>\n\n\n\n<h2 class=\"wp-block-gutenverse-heading guten-element guten-VxwVPx\">Nuestro cat\u00e1logo editorial<\/h2>\n\n\n\n<div class=\"guten-element guten-spacer guten-YVsIMA\"><\/div>\n<\/div><\/div>\n<\/div><\/section><\/div>\n\n\n\n<div class=\"section-wrapper\" data-id=\"mt4hsc\"><section class=\"wp-block-gutenverse-section guten-element guten-section guten-mt4hsc layout-boxed align-stretch\"><div class=\"guten-container guten-column-gap-default\">\n<div class=\"wp-block-gutenverse-column guten-element guten-column guten-b2fNQy\"><div class=\"guten-column-wrapper\" data-id=\"b2fNQy\">\n<div class=\"guten-element guten-spacer guten-7qzGIV\"><\/div>\n\n\n\n<p aria-label=\"Text Paragraph\" class=\"guten-element gutenverse-text guten-FzNZ7u\"><br>Las historias son viajes. Durante unas horas, la rutina cotidiana desaparece y se abre un mundo diferente, lleno de emociones, encuentros y decisiones que pueden cambiarlo todo. Precisamente esta experiencia es el eje central de nuestro cat\u00e1logo editorial.<br>Publicamos novelas rom\u00e1nticas en tres categor\u00edas:<br><br><\/p>\n\n\n\n<p aria-label=\"Text Paragraph\" class=\"guten-element gutenverse-text guten-60Bflr\"><strong>Feel Good y romcom<\/strong><br>Novelas sobre la cercan\u00eda, la amistad y el amor, narradas con ligereza, humor y calidez. Historias que te hacen sonre\u00edr y te alegran un poco el coraz\u00f3n.<br><br><\/p>\n\n\n\n<p aria-label=\"Text Paragraph\" class=\"guten-element gutenverse-text guten-GQdsAN\"><strong>Romance y suspense<\/strong><br>La pasi\u00f3n se enfrenta al peligro. En estas historias, las relaciones intensas ocupan un lugar central, mientras que los secretos, los conflictos y las amenazas aportan suspense.<br><br><\/p>\n\n\n\n<p aria-label=\"Text Paragraph\" class=\"guten-element gutenverse-text guten-Jbl7qD\"><strong>Romantasy<\/strong><br>Romance en mundos m\u00e1s all\u00e1 de lo com\u00fan. La magia, los reinos desconocidos y los destinos extraordinarios se entrelazan con emotivas historias de amor.<br><\/p>\n\n\n\n<p aria-label=\"Text Paragraph\" class=\"guten-element gutenverse-text guten-Sjj2pc\">Una de las prioridades de nuestro programa son <strong>las series y colecciones de libros<\/strong>, que se pueden leer como una serie continua. Los lugares, las familias, los c\u00edrculos de amigos y los personajes recurrentes conectan las historias individuales entre s\u00ed. Cada historia es independiente, pero juntas crean un universo m\u00e1s amplio.<\/p>\n\n\n\n<p aria-label=\"Text Paragraph\" class=\"guten-element gutenverse-text guten-T0JImw\"><br><\/p>\n\n\n\n<p aria-label=\"Text Paragraph\" class=\"guten-element gutenverse-text guten-RD0mv0\">Muchas de nuestras obras se publican en formato de\u00a0novelas cortas: historias concisas y de lectura \u00e1gil, con un claro \u00e9nfasis en los personajes y las emociones. El estilo narrativo est\u00e1 deliberadamente\u00a0orientado al di\u00e1logo. Las conversaciones impulsan la trama, la atm\u00f3sfera y el suspense: hacen que surjan relaciones, que los conflictos se intensifiquen y que los sentimientos se hagan visibles.<br>Nuestros libros persiguen un objetivo sencillo:\u00a0el entretenimiento.<br>Su objetivo es alejar a los lectores por un rato de la rutina diaria, sumergi\u00e9ndolos en historias que transmiten calidez, invitan a sentirse bien o cautivan con tensi\u00f3n emocional.<br><br><br><strong>Viento Libre\u2122 \u2013 La revista<\/strong><br><\/p>\n\n\n\n<p aria-label=\"Text Paragraph\" class=\"guten-element gutenverse-text guten-D0NQsu\">Adem\u00e1s de nuestros libros, publicamos la revista <strong>Viento Libre\u2122<\/strong>.<br>En ella encontrar\u00e1s relatos cortos de ficci\u00f3n, columnas, art\u00edculos y reflexiones sobre los mundos de nuestras historias. La revista ampl\u00eda los universos literarios de nuestro cat\u00e1logo, narra peque\u00f1os episodios, presenta personajes o lugares y ofrece un espacio para nuevas voces e ideas.<br>Viento Libre\u2122 es, por tanto, un lugar para historias entre historias: libre, experimental y siempre narrativa.<\/p>\n\n\n\n<div class=\"guten-element guten-spacer guten-7Iyeax\"><\/div>\n<\/div><\/div>\n<\/div><\/section><\/div>\n\n\n\n<div class=\"guten-element guten-spacer guten-KwEk9n\"><\/div>\n","protected":false},"excerpt":{"rendered":"","protected":false},"author":2,"featured_media":0,"parent":0,"menu_order":0,"comment_status":"closed","ping_status":"closed","template":"","meta":{"_seopress_robots_primary_cat":"","_seopress_titles_title":"","_seopress_titles_desc":"","_seopress_robots_index":"","footnotes":""},"class_list":["post-2297","page","type-page","status-publish","hentry"],"blocksy_meta":{"background":{"background_type":"image","background_pattern":"type-1","background_image":{"attachment_id":1705,"x":0,"y":0.45,"url":"https:\/\/www.escapereadz.com\/wp-content\/uploads\/2026\/03\/background_schreibst_cu-1-1024x683.webp"},"gradient":"linear-gradient(135deg,rgba(6,147,227,1) 0%,rgb(155,81,224) 100%)","background_repeat":"no-repeat","background_size":"cover","background_attachment":"fixed","patternColor":{"default":{"color":"#e5e7ea"}},"overlayColor":{"default":{"color":"CT_CSS_SKIP_RULE"}},"backgroundColor":{"default":{"color":"#ffffff"}}},"styles_descriptor":{"styles":{"desktop":"[data-prefix=\"single_page\"] {background-position:0% 45%;background-size:cover;background-attachment:fixed;background-repeat:no-repeat;background-color:#ffffff;background-image:url(https:\/\/www.escapereadz.com\/wp-content\/uploads\/2026\/03\/background_schreibst_cu-1.webp);}","tablet":"","mobile":""},"google_fonts":[],"version":6}},"_links":{"self":[{"href":"https:\/\/www.escapereadz.eu\/es\/wp-json\/wp\/v2\/pages\/2297","targetHints":{"allow":["GET"]}}],"collection":[{"href":"https:\/\/www.escapereadz.eu\/es\/wp-json\/wp\/v2\/pages"}],"about":[{"href":"https:\/\/www.escapereadz.eu\/es\/wp-json\/wp\/v2\/types\/page"}],"author":[{"embeddable":true,"href":"https:\/\/www.escapereadz.eu\/es\/wp-json\/wp\/v2\/users\/2"}],"replies":[{"embeddable":true,"href":"https:\/\/www.escapereadz.eu\/es\/wp-json\/wp\/v2\/comments?post=2297"}],"version-history":[{"count":0,"href":"https:\/\/www.escapereadz.eu\/es\/wp-json\/wp\/v2\/pages\/2297\/revisions"}],"wp:attachment":[{"href":"https:\/\/www.escapereadz.eu\/es\/wp-json\/wp\/v2\/media?parent=2297"}],"curies":[{"name":"wp","href":"https:\/\/api.w.org\/{rel}","templated":true}]}}