{"id":2290,"date":"2026-03-05T19:41:25","date_gmt":"2026-03-05T19:41:25","guid":{"rendered":"https:\/\/www.escapereadz.eu\/?page_id=2290"},"modified":"2026-03-30T12:35:24","modified_gmt":"2026-03-30T12:35:24","slug":"quienes-somos","status":"publish","type":"page","link":"https:\/\/www.escapereadz.eu\/es\/quienes-somos\/","title":{"rendered":"Qui\u00e9nes somos"},"content":{"rendered":"\n<div class=\"section-wrapper\" data-id=\"JayH1a\"><section class=\"wp-block-gutenverse-section guten-element guten-section guten-JayH1a layout-fullwidth align-stretch\"><div class=\"guten-container guten-column-gap-no\">\n<div class=\"wp-block-gutenverse-column guten-element guten-column guten-0vpwqo\"><div class=\"guten-column-wrapper\" data-id=\"0vpwqo\">\n<div class=\"guten-element guten-spacer guten-xoAdNk\"><\/div>\n\n\n\n<h2 class=\"wp-block-gutenverse-heading guten-element guten-WUy5kT\">Qui\u00e9nes somos<\/h2>\n\n\n\n<div class=\"guten-element guten-spacer guten-9VAp7t\"><\/div>\n<\/div><\/div>\n<\/div><\/section><\/div>\n\n\n\n<div class=\"section-wrapper\" data-id=\"hIj2YA\"><section class=\"wp-block-gutenverse-section guten-element guten-section guten-hIj2YA layout-boxed align-stretch\"><div class=\"guten-container guten-column-gap-default\">\n<div class=\"wp-block-gutenverse-column guten-element guten-column guten-pe03kn\"><div class=\"guten-column-wrapper\" data-id=\"pe03kn\">\n<div class=\"guten-element guten-spacer guten-x9FCKG\"><\/div>\n\n\n\n<p aria-label=\"Text Paragraph\" class=\"guten-element gutenverse-text guten-lnQnuP\"><strong>Escape Readz Publishing: historias sin l\u00edmites<\/strong><br><br>Bienvenido a Escape Readz Publishing, tu editorial moderna de literatura digital. Estamos especializados en libros electr\u00f3nicos y no solo ofrecemos ventas por unidad, sino tambi\u00e9n Escape Plus, nuestra innovadora tarifa plana que permite a los lectores disfrutar de acceso ilimitado a todo nuestro cat\u00e1logo de libros.<br><br><strong>\u00bfPor qu\u00e9 Escape Plus?<\/strong><br>Con Escape Plus, el desorden en tus dispositivos ser\u00e1 cosa del pasado: se acabaron las colecciones de libros electr\u00f3nicos desorganizadas, ya no necesitas software adicional. Solo tienes que registrarte y podr\u00e1s leer en cualquier dispositivo, en toda Europa y en varios idiomas. Porque las historias deben ser accesibles para todos.<br><br><strong>Viento Libre: entretenimiento con humor y sarcasmo<\/strong><br>A partir de 2026 ampliaremos nuestra oferta con \u00abViento Libre\u00bb, nuestra entretenida revista en l\u00ednea. En ella, los lectores encontrar\u00e1n una plataforma con art\u00edculos en varios idiomas.<br><br><strong>Para autores: Crecer juntos<\/strong><br>\u00bfEscribes en nuestros g\u00e9neros y quieres presentar tus historias a un p\u00fablico internacional? Te ayudamos con las traducciones y te apoyamos para que publiques tus obras en varios idiomas. Tanto si eres un autor consagrado como si eres un autor invitado, con nosotros encontrar\u00e1s un espacio para dar rienda suelta a tu creatividad.<br><br><strong>Nuestra misi\u00f3n: entretenimiento que une<\/strong><br>Nuestro objetivo es transportar a los lectores lejos de la rutina diaria, entretenerlos y hacerles sonre\u00edr. Porque las historias son m\u00e1s que palabras: son aventuras, emociones y momentos que perduran.<br><br><strong>\u00bfListo para tu pr\u00f3xima aventura literaria?<\/strong> \u00a1Descubre Escape Readz Publishing y d\u00e9jate cautivar!<br><br><strong>\u00bfTienes alguna pregunta o sugerencia?<\/strong>\u00a0Esperamos tu mensaje, ya seas lector, autor o un visitante curioso.<br><\/p>\n\n\n\n<div class=\"guten-element guten-spacer guten-AK8NGB\"><\/div>\n<\/div><\/div>\n<\/div><\/section><\/div>\n\n\n\n<div class=\"guten-element guten-spacer guten-YvRyIf\"><\/div>\n","protected":false},"excerpt":{"rendered":"","protected":false},"author":2,"featured_media":0,"parent":0,"menu_order":0,"comment_status":"closed","ping_status":"closed","template":"","meta":{"_seopress_robots_primary_cat":"","_seopress_titles_title":"","_seopress_titles_desc":"","_seopress_robots_index":"","footnotes":""},"class_list":["post-2290","page","type-page","status-publish","hentry"],"blocksy_meta":{"background":{"background_type":"image","background_pattern":"type-1","background_image":{"attachment_id":1705,"x":0,"y":0.45,"url":"https:\/\/www.escapereadz.com\/wp-content\/uploads\/2026\/03\/background_schreibst_cu-1-1024x683.webp"},"gradient":"linear-gradient(135deg,rgba(6,147,227,1) 0%,rgb(155,81,224) 100%)","background_repeat":"no-repeat","background_size":"cover","background_attachment":"fixed","patternColor":{"default":{"color":"#e5e7ea"}},"overlayColor":{"default":{"color":"CT_CSS_SKIP_RULE"}},"backgroundColor":{"default":{"color":"#ffffff"}}},"styles_descriptor":{"styles":{"desktop":"[data-prefix=\"single_page\"] {background-position:0% 45%;background-size:cover;background-attachment:fixed;background-repeat:no-repeat;background-color:#ffffff;background-image:url(https:\/\/www.escapereadz.com\/wp-content\/uploads\/2026\/03\/background_schreibst_cu-1.webp);}","tablet":"","mobile":""},"google_fonts":[],"version":6}},"_links":{"self":[{"href":"https:\/\/www.escapereadz.eu\/es\/wp-json\/wp\/v2\/pages\/2290","targetHints":{"allow":["GET"]}}],"collection":[{"href":"https:\/\/www.escapereadz.eu\/es\/wp-json\/wp\/v2\/pages"}],"about":[{"href":"https:\/\/www.escapereadz.eu\/es\/wp-json\/wp\/v2\/types\/page"}],"author":[{"embeddable":true,"href":"https:\/\/www.escapereadz.eu\/es\/wp-json\/wp\/v2\/users\/2"}],"replies":[{"embeddable":true,"href":"https:\/\/www.escapereadz.eu\/es\/wp-json\/wp\/v2\/comments?post=2290"}],"version-history":[{"count":0,"href":"https:\/\/www.escapereadz.eu\/es\/wp-json\/wp\/v2\/pages\/2290\/revisions"}],"wp:attachment":[{"href":"https:\/\/www.escapereadz.eu\/es\/wp-json\/wp\/v2\/media?parent=2290"}],"curies":[{"name":"wp","href":"https:\/\/api.w.org\/{rel}","templated":true}]}}