{"id":2266,"date":"2026-03-30T06:10:01","date_gmt":"2026-03-30T06:10:01","guid":{"rendered":"https:\/\/www.escapereadz.eu\/?page_id=2266"},"modified":"2026-04-01T11:36:49","modified_gmt":"2026-04-01T11:36:49","slug":"preguntas-frecuentes-sobre-escape-plus","status":"publish","type":"page","link":"https:\/\/www.escapereadz.eu\/es\/preguntas-frecuentes-sobre-escape-plus\/","title":{"rendered":"FAQ sobre Escape Plus"},"content":{"rendered":"\n<div class=\"section-wrapper\" data-id=\"k1nI4G\"><section class=\"wp-block-gutenverse-section guten-element guten-section guten-k1nI4G layout-boxed align-stretch\"><div class=\"guten-container guten-column-gap-default\">\n<div class=\"wp-block-gutenverse-column guten-element guten-column guten-sCyKa6\"><div class=\"guten-column-wrapper\" data-id=\"sCyKa6\">\n<div class=\"guten-element guten-spacer guten-c7nQkM\"><\/div>\n\n\n\n<h2 class=\"wp-block-gutenverse-heading guten-element guten-5wLeQE\">Preguntas frecuentes sobre Escape Plus<\/h2>\n\n\n\n<div class=\"section-wrapper\" data-id=\"3PuYcY\"><section class=\"wp-block-gutenverse-section guten-element guten-section guten-3PuYcY layout-boxed align-stretch\"><div class=\"guten-container guten-column-gap-default\">\n<div class=\"wp-block-gutenverse-column guten-element guten-column guten-6HZoO7\"><div class=\"guten-column-wrapper\" data-id=\"6HZoO7\">\n<div class=\"guten-element guten-accordions-wrapper guten-B6i9bE\"><div class=\"guten-accordions\">\n<div class=\"accordion-item guten-xhgsZT\"><div class=\"accordion-heading\"><div class=\"accordion-icon\"><span class=\"accordion-icon-open\"><i class=\"fas fa-minus\"><\/i><\/span><span class=\"accordion-icon-closed\"><i class=\"fas fa-plus\"><\/i><\/span><\/div><span class=\"accordion-text\"><strong>\u00bfQu\u00e9 es Escape Plus?<\/strong><\/span><\/div><div class=\"accordion-body\"><div class=\"accordion-content\">\n<p>Escape Plus es una suscripci\u00f3n de pago que te ofrece acceso a contenidos exclusivos de Escape Readz.<\/p>\n\n\n\n<p>Entre ellos se incluyen:<\/p>\n\n\n\n<ul class=\"wp-block-list\">\n<li>Acceso a\u00a0todos los libros disponibles<\/li>\n\n\n\n<li>Relatos cortos y versiones alternativas de las historias<\/li>\n\n\n\n<li>Acceso a la zona VIP, que incluye:\n<ul class=\"wp-block-list\">\n<li>Cap\u00edtulos preliminares<\/li>\n\n\n\n<li>Entrevistas con personajes<\/li>\n<\/ul>\n<\/li>\n\n\n\n<li>Acceso a la revista Viento Libre<\/li>\n\n\n\n<li>Participaci\u00f3n en la\u00a0comunidad\u00a0(debates, comentarios, sugerencias)<\/li>\n<\/ul>\n<\/div><\/div><\/div>\n\n\n\n<div class=\"accordion-item guten-D6yqMr\"><div class=\"accordion-heading\"><div class=\"accordion-icon\"><span class=\"accordion-icon-open\"><i class=\"fas fa-minus\"><\/i><\/span><span class=\"accordion-icon-closed\"><i class=\"fas fa-plus\"><\/i><\/span><\/div><span class=\"accordion-text\"><strong>\u00bfC\u00f3mo puedo reservar Escape Plus?<\/strong><\/span><\/div><div class=\"accordion-body\"><div class=\"accordion-content\">\n<p>La reserva se realiza a trav\u00e9s de la secci\u00f3n \u00abEscape Plus\u00bb:<\/p>\n\n\n\n<ol start=\"1\" class=\"wp-block-list\">\n<li>Seleccionar:\n<ul class=\"wp-block-list\">\n<li>Suscripci\u00f3n mensual o<\/li>\n\n\n\n<li>Suscripci\u00f3n de prueba<\/li>\n<\/ul>\n<\/li>\n\n\n\n<li>Redirecci\u00f3n a la p\u00e1gina de reserva<\/li>\n\n\n\n<li>Visualizaci\u00f3n de la pr\u00f3xima fecha de liquidaci\u00f3n antes de finalizar<\/li>\n<\/ol>\n\n\n\n<p>Al completar la reserva, te suscribes a una suscripci\u00f3n de pago<\/p>\n<\/div><\/div><\/div>\n\n\n\n<div class=\"accordion-item guten-JenB0H\"><div class=\"accordion-heading\"><div class=\"accordion-icon\"><span class=\"accordion-icon-open\"><i class=\"fas fa-minus\"><\/i><\/span><span class=\"accordion-icon-closed\"><i class=\"fas fa-plus\"><\/i><\/span><\/div><span class=\"accordion-text\"><strong>Duraci\u00f3n, pr\u00f3rroga y rescisi\u00f3n<\/strong><\/span><\/div><div class=\"accordion-body\"><div class=\"accordion-content\">\n<ul class=\"wp-block-list\">\n<li>La suscripci\u00f3n tiene una duraci\u00f3n de\u00a04 semanas<\/li>\n\n\n\n<li>Se prorroga\u00a0autom\u00e1ticamente por periodos de 4 semanas, salvo que se rescinda el contrato<\/li>\n\n\n\n<li>La\u00a0prueba gratuita no se renueva autom\u00e1ticamente\u00a0(duraci\u00f3n: 3 d\u00edas)<\/li>\n<\/ul>\n\n\n\n<h5 class=\"wp-block-heading\">Rescisi\u00f3n<\/h5>\n\n\n\n<ul class=\"wp-block-list\">\n<li>Las bajas pueden realizarse en cualquier momento<\/li>\n\n\n\n<li>La rescisi\u00f3n surtir\u00e1 efecto al finalizar el plazo actual<\/li>\n\n\n\n<li>Si no se cancela antes de la fecha de renovaci\u00f3n, la suscripci\u00f3n se renovar\u00e1 autom\u00e1ticamente<\/li>\n<\/ul>\n\n\n\n<h5 class=\"wp-block-heading\">Recuerdos<\/h5>\n\n\n\n<p>Antes de cada renovaci\u00f3n, recibir\u00e1s:<\/p>\n\n\n\n<ul class=\"wp-block-list\">\n<li>un correo electr\u00f3nico\u00a0dos d\u00edas antes<\/li>\n\n\n\n<li>un correo electr\u00f3nico\u00a0un d\u00eda antes<\/li>\n<\/ul>\n<\/div><\/div><\/div>\n\n\n\n<div class=\"accordion-item guten-7AUyvm\"><div class=\"accordion-heading\"><div class=\"accordion-icon\"><span class=\"accordion-icon-open\"><i class=\"fas fa-minus\"><\/i><\/span><span class=\"accordion-icon-closed\"><i class=\"fas fa-plus\"><\/i><\/span><\/div><span class=\"accordion-text\"><strong>Pol\u00edtica de flexibilidad en caso de rescisi\u00f3n tard\u00eda<\/strong><\/span><\/div><div class=\"accordion-body\"><div class=\"accordion-content\">\n<ul class=\"wp-block-list\">\n<li>En casos excepcionales, se podr\u00e1 tener en cuenta una cancelaci\u00f3n\u00a0hasta 24 horas despu\u00e9s de la renovaci\u00f3n\u00a0<\/li>\n\n\n\n<li>En ese caso, se puede realizar un\u00a0reembolso<\/li>\n<\/ul>\n\n\n\n<p>\ud83d\udc49 Importante:<\/p>\n\n\n\n<ul class=\"wp-block-list\">\n<li>Esto se hace\u00a0de forma voluntaria y sin derecho legal<\/li>\n\n\n\n<li>Las decisiones se toman\u00a0tras un examen individualizado<\/li>\n\n\n\n<li>Si se sospecha de un uso indebido, se puede denegar el reembolso<\/li>\n<\/ul>\n<\/div><\/div><\/div>\n\n\n\n<div class=\"accordion-item guten-6ICftS\"><div class=\"accordion-heading\"><div class=\"accordion-icon\"><span class=\"accordion-icon-open\"><i class=\"fas fa-minus\"><\/i><\/span><span class=\"accordion-icon-closed\"><i class=\"fas fa-plus\"><\/i><\/span><\/div><span class=\"accordion-text\"><strong>Reembolsos y derecho de desistimiento<\/strong><\/span><\/div><div class=\"accordion-body\"><div class=\"accordion-content\">\n<p>Al formalizar la suscripci\u00f3n, aceptas que:<\/p>\n\n\n\n<ul class=\"wp-block-list\">\n<li>El servicio\u00a0comienza de inmediato<\/li>\n\n\n\n<li>Tu derecho legal de desistimiento, de conformidad con el art\u00edculo 356, apartado 5, del C\u00f3digo Civil alem\u00e1n (BGB), expira<\/li>\n<\/ul>\n\n\n\n<h5 class=\"wp-block-heading\">Por lo tanto, se aplica lo siguiente:<\/h5>\n\n\n\n<ul class=\"wp-block-list\">\n<li>Por norma general, no se admiten devoluciones<\/li>\n<\/ul>\n\n\n\n<p>\ud83d\udc49 Excepci\u00f3n:<\/p>\n\n\n\n<ul class=\"wp-block-list\">\n<li>En casos concretos, se puede realizar un reembolso\u00a0por cortes\u00eda\u00a0<\/li>\n\n\n\n<li>No existe\u00a0ning\u00fan derecho\u00a0a dicho reembolso<\/li>\n<\/ul>\n<\/div><\/div><\/div>\n\n\n\n<div class=\"accordion-item guten-fsYXyw\"><div class=\"accordion-heading\"><div class=\"accordion-icon\"><span class=\"accordion-icon-open\"><i class=\"fas fa-minus\"><\/i><\/span><span class=\"accordion-icon-closed\"><i class=\"fas fa-plus\"><\/i><\/span><\/div><span class=\"accordion-text\"><strong>Uso del lector de libros electr\u00f3nicosUso del lector de libros electr\u00f3nicosUso del lector de libros electr\u00f3nicos<\/strong><\/span><\/div><div class=\"accordion-body\"><div class=\"accordion-content\">\n<ul class=\"wp-block-list\">\n<li>Los contenidos est\u00e1n disponibles en la plataforma y se organizan por\u00a0series<\/li>\n\n\n\n<li>Haciendo clic en el icono del libro <img alt=\"\" decoding=\"async\" class=\"wp-image-2220\" style=\"width: 24px;\" src=\"https:\/\/www.escapereadz.eu\/wp-content\/uploads\/2026\/03\/Bildschirmfoto-2026-03-30-um-08.06.58.png\" alt=\"\"> se abre el lector integrado<\/li>\n<\/ul>\n\n\n\n<p>M\u00e1s informaci\u00f3n sobre el lector:<\/p>\n\n\n\n<p><a href=\"https:\/\/www.escapereadz.eu\/es\/nuestro-lector-de-libros\/\">Ir al lector de libros<\/a><\/p>\n<\/div><\/div><\/div>\n\n\n\n<div class=\"accordion-item guten-TmXJPF\"><div class=\"accordion-heading\"><div class=\"accordion-icon\"><span class=\"accordion-icon-open\"><i class=\"fas fa-minus\"><\/i><\/span><span class=\"accordion-icon-closed\"><i class=\"fas fa-plus\"><\/i><\/span><\/div><span class=\"accordion-text\"><strong>Uso de la comunidad<\/strong><\/span><\/div><div class=\"accordion-body\"><div class=\"accordion-content\">\n<p>Con Escape Plus tendr\u00e1s acceso a la comunidad.<\/p>\n\n\n\n<p>All\u00ed podr\u00e1s:<\/p>\n\n\n\n<ul class=\"wp-block-list\">\n<li>Debatir los contenidos<\/li>\n\n\n\n<li>Dar tu opini\u00f3n<\/li>\n\n\n\n<li>Enviar propuestas<\/li>\n<\/ul>\n<\/div><\/div><\/div>\n\n\n\n<div class=\"accordion-item guten-CbG4Tx\"><div class=\"accordion-heading\"><div class=\"accordion-icon\"><span class=\"accordion-icon-open\"><i class=\"fas fa-minus\"><\/i><\/span><span class=\"accordion-icon-closed\"><i class=\"fas fa-plus\"><\/i><\/span><\/div><span class=\"accordion-text\"><strong>Nota<\/strong><\/span><\/div><div class=\"accordion-body\"><div class=\"accordion-content\">\n<p>Escape Plus es una suscripci\u00f3n digital.<\/p>\n\n\n\n<p>Al realizar la reserva, aceptas las condiciones vigentes en cada momento.<\/p>\n<\/div><\/div><\/div>\n<\/div><\/div>\n<\/div><\/div>\n<\/div><\/section><\/div>\n\n\n\n<div class=\"guten-element guten-spacer guten-HoA1sE\"><\/div>\n<\/div><\/div>\n<\/div><\/section><\/div>\n\n\n\n<p><\/p>\n","protected":false},"excerpt":{"rendered":"","protected":false},"author":2,"featured_media":0,"parent":0,"menu_order":0,"comment_status":"closed","ping_status":"closed","template":"","meta":{"_seopress_robots_primary_cat":"","_seopress_titles_title":"","_seopress_titles_desc":"","_seopress_robots_index":"","footnotes":""},"class_list":["post-2266","page","type-page","status-publish","hentry"],"blocksy_meta":{"background":{"background_type":"image","background_pattern":"type-1","background_image":{"attachment_id":1705,"x":0,"y":0.45,"url":"https:\/\/www.escapereadz.com\/wp-content\/uploads\/2026\/03\/background_schreibst_cu-1-1024x683.webp"},"gradient":"linear-gradient(135deg,rgba(6,147,227,1) 0%,rgb(155,81,224) 100%)","background_repeat":"no-repeat","background_size":"cover","background_attachment":"fixed","patternColor":{"default":{"color":"#e5e7ea"}},"overlayColor":{"default":{"color":"CT_CSS_SKIP_RULE"}},"backgroundColor":{"default":{"color":"#ffffff"}}},"styles_descriptor":{"styles":{"desktop":"[data-prefix=\"single_page\"] {background-position:0% 45%;background-size:cover;background-attachment:fixed;background-repeat:no-repeat;background-color:#ffffff;background-image:url(https:\/\/www.escapereadz.com\/wp-content\/uploads\/2026\/03\/background_schreibst_cu-1.webp);}","tablet":"","mobile":""},"google_fonts":[],"version":6}},"_links":{"self":[{"href":"https:\/\/www.escapereadz.eu\/es\/wp-json\/wp\/v2\/pages\/2266","targetHints":{"allow":["GET"]}}],"collection":[{"href":"https:\/\/www.escapereadz.eu\/es\/wp-json\/wp\/v2\/pages"}],"about":[{"href":"https:\/\/www.escapereadz.eu\/es\/wp-json\/wp\/v2\/types\/page"}],"author":[{"embeddable":true,"href":"https:\/\/www.escapereadz.eu\/es\/wp-json\/wp\/v2\/users\/2"}],"replies":[{"embeddable":true,"href":"https:\/\/www.escapereadz.eu\/es\/wp-json\/wp\/v2\/comments?post=2266"}],"version-history":[{"count":0,"href":"https:\/\/www.escapereadz.eu\/es\/wp-json\/wp\/v2\/pages\/2266\/revisions"}],"wp:attachment":[{"href":"https:\/\/www.escapereadz.eu\/es\/wp-json\/wp\/v2\/media?parent=2266"}],"curies":[{"name":"wp","href":"https:\/\/api.w.org\/{rel}","templated":true}]}}