{"id":2048,"date":"2026-03-13T17:35:39","date_gmt":"2026-03-13T17:35:39","guid":{"rendered":"https:\/\/www.escapereadz.eu\/?page_id=2048"},"modified":"2026-03-29T08:12:00","modified_gmt":"2026-03-29T08:12:00","slug":"escape-plus","status":"publish","type":"page","link":"https:\/\/www.escapereadz.eu\/es\/escape-plus\/","title":{"rendered":"Escape Plus"},"content":{"rendered":"\n<div class=\"section-wrapper\" data-id=\"aG5zRB\"><section class=\"wp-block-gutenverse-section guten-element guten-section guten-aG5zRB layout-boxed align-stretch\"><div class=\"guten-container guten-column-gap-default\">\n<div class=\"wp-block-gutenverse-column guten-element guten-column guten-lCyM5Y\"><div class=\"guten-column-wrapper\" data-id=\"lCyM5Y\">\n<div class=\"guten-element guten-flex-container boxed guten-8XQ9GS\" data-id=\"8XQ9GS\"><div class=\"guten-inner-container\">\n<div class=\"guten-element guten-spacer guten-mqTOwZ\"><\/div>\n\n\n\n<h2 class=\"wp-block-heading has-text-align-center has-qwigley-font-family has-xx-large-font-size\" style=\"margin-top:0;margin-bottom:-10px\">Escape Plus<\/h2>\n\n\n\n<p class=\"has-text-align-center has-large-font-size\">Tu acceso a<br>historias ilimitadas<\/p>\n\n\n\n<p class=\"has-text-align-center has-medium-font-size\">Lee sin l\u00edmites novelas rom\u00e1nticas, de suspense y rom\u00e1nticas de fantas\u00eda<br>por solo 5,99 \u20ac al mes.<\/p>\n\n\n\n<div class=\"guten-element guten-button-wrapper guten-xvMO3Y\"><a class=\"guten-button guten-button-sm\" href=\"https:\/\/www.escapereadz.eu\/es\/produkt\/escape-plus-es\/\"><span>Iniciar Escape Plus ahora<\/span><\/a><\/div>\n\n\n\n<div class=\"guten-element guten-spacer guten-WYGpe5\"><\/div>\n<\/div><\/div>\n<\/div><\/div>\n<\/div><\/section><\/div>\n\n\n\n<div class=\"section-wrapper\" data-id=\"uWQhCG\"><section class=\"wp-block-gutenverse-section guten-element guten-section guten-uWQhCG layout-boxed align-stretch\"><div class=\"guten-container guten-column-gap-no\">\n<div class=\"wp-block-gutenverse-column guten-element guten-column guten-njBtG6\"><div class=\"guten-column-wrapper\" data-id=\"njBtG6\">\n<p class=\"has-text-align-left has-medium-font-size\"><strong>Hay historias que cambian lo que uno espera de la lectura.<\/strong><\/p>\n\n\n\n<p><\/p>\n\n\n\n<p class=\"has-text-align-left has-medium-font-size\">Good-Feel Romance, Romantic Suspense und Romantasy \u2013 <\/p>\n\n\n\n<p class=\"has-text-align-left has-medium-font-size\">Serien, die dich tiefer hineinziehen, als du geplant hast.<\/p>\n\n\n\n<p class=\"has-text-align-left has-medium-font-size\"><\/p>\n<\/div><\/div>\n\n\n\n<div class=\"wp-block-gutenverse-column guten-element guten-column guten-YZEqoO\"><div class=\"guten-column-wrapper\" data-id=\"YZEqoO\">\n<figure class=\"wp-block-image size-full is-resized has-custom-border\"><img alt=\"\" decoding=\"async\" width=\"345\" height=\"180\" src=\"https:\/\/www.escapereadz.eu\/wp-content\/uploads\/2026\/03\/Escapeplusbild2-e1773429863952.jpg\" alt=\"\" class=\"wp-image-864\" style=\"border-style:none;border-width:0px;border-top-left-radius:10px;border-top-right-radius:10px;border-bottom-left-radius:10px;border-bottom-right-radius:10px;aspect-ratio:1.9180327868852458;width:425px;height:auto\" srcset=\"https:\/\/www.escapereadz.eu\/wp-content\/uploads\/2026\/03\/Escapeplusbild2-e1773429863952.jpg 345w, https:\/\/www.escapereadz.eu\/wp-content\/uploads\/2026\/03\/Escapeplusbild2-e1773429863952-300x157.jpg 300w, https:\/\/www.escapereadz.eu\/wp-content\/uploads\/2026\/03\/Escapeplusbild2-e1773429863952-250x130.jpg 250w, https:\/\/www.escapereadz.eu\/wp-content\/uploads\/2026\/03\/Escapeplusbild2-e1773429863952-200x104.jpg 200w\" sizes=\"(max-width: 345px) 100vw, 345px\" \/><\/figure>\n<\/div><\/div>\n<\/div><\/section><\/div>\n\n\n\n<div class=\"section-wrapper\" data-id=\"MpQH1g\"><section class=\"wp-block-gutenverse-section guten-element guten-section guten-MpQH1g layout-boxed align-stretch\"><div class=\"guten-container guten-column-gap-default\">\n<div class=\"wp-block-gutenverse-column guten-element guten-column guten-XcANuk\"><div class=\"guten-column-wrapper\" data-id=\"XcANuk\">\n<div class=\"guten-element guten-spacer guten-lJ6ak6\"><\/div>\n\n\n\n<h2 class=\"wp-block-heading has-medium-font-size\">As\u00ed es como funciona<\/h2>\n<\/div><\/div>\n<\/div><\/section><\/div>\n\n\n\n<div class=\"section-wrapper\" data-id=\"DJ4s5v\"><section class=\"wp-block-gutenverse-section guten-element guten-section guten-DJ4s5v layout-boxed align-stretch\"><div class=\"guten-container guten-column-gap-extended\">\n<div class=\"wp-block-gutenverse-column guten-element guten-column guten-MaPC4E\"><div class=\"guten-column-wrapper\" data-id=\"MaPC4E\">\n<div class=\"guten-element guten-flex-container boxed guten-SoGWbz\" data-id=\"SoGWbz\"><div class=\"guten-inner-container\">\n<div class=\"guten-element guten-flex-container full-width guten-40miIr\" data-id=\"40miIr\">\n<div class=\"guten-element guten-flex-container full-width guten-001ljD\" data-id=\"001ljD\">\n<figure class=\"wp-block-image size-full\"><img alt=\"\" decoding=\"async\" width=\"45\" height=\"42\" src=\"https:\/\/www.escapereadz.eu\/wp-content\/uploads\/2026\/03\/Herz.png\" alt=\"\" class=\"wp-image-897\"\/><\/figure>\n<\/div>\n\n\n\n<div class=\"guten-element guten-flex-container full-width guten-PSYQ21\" data-id=\"PSYQ21\">\n<p style=\"font-size:clamp(14px, 0.875rem + ((1vw - 3.2px) * 0.156), 16px);\"><strong>Hacerse miembro<\/strong><\/p>\n<\/div>\n<\/div>\n\n\n\n<div class=\"guten-element guten-flex-container full-width guten-bUaRHE\" data-id=\"bUaRHE\">\n<p class=\"has-small-font-size\">Reg\u00edstrate y obt\u00e9n acceso inmediato a todas las historias.<\/p>\n<\/div>\n<\/div><\/div>\n<\/div><\/div>\n\n\n\n<div class=\"wp-block-gutenverse-column guten-element guten-column guten-4nsfXS\"><div class=\"guten-column-wrapper\" data-id=\"4nsfXS\">\n<div class=\"guten-element guten-flex-container boxed guten-0Um0qJ\" data-id=\"0Um0qJ\"><div class=\"guten-inner-container\">\n<div class=\"guten-element guten-flex-container full-width guten-0enj37\" data-id=\"0enj37\">\n<div class=\"guten-element guten-flex-container full-width guten-3ByE85\" data-id=\"3ByE85\">\n<figure class=\"wp-block-image size-full\"><img alt=\"\" decoding=\"async\" width=\"51\" height=\"38\" src=\"https:\/\/www.escapereadz.eu\/wp-content\/uploads\/2026\/03\/Buch.png\" alt=\"\" class=\"wp-image-896\"\/><\/figure>\n<\/div>\n\n\n\n<div class=\"guten-element guten-flex-container full-width guten-PkTbWL\" data-id=\"PkTbWL\">\n<p style=\"font-size:clamp(14px, 0.875rem + ((1vw - 3.2px) * 0.156), 16px);\"><strong>Leer<\/strong> <strong>ahora<\/strong><\/p>\n<\/div>\n<\/div>\n\n\n\n<div class=\"guten-element guten-flex-container full-width guten-RmzGX8\" data-id=\"RmzGX8\">\n<p class=\"has-small-font-size\">Sum\u00e9rgete en nuestros mundos de romance, suspense y rom\u00e1ntica fant\u00e1stica.<\/p>\n<\/div>\n<\/div><\/div>\n<\/div><\/div>\n\n\n\n<div class=\"wp-block-gutenverse-column guten-element guten-column guten-yUPV4A\"><div class=\"guten-column-wrapper\" data-id=\"yUPV4A\">\n<div class=\"guten-element guten-flex-container boxed guten-ufdV2g\" data-id=\"ufdV2g\"><div class=\"guten-inner-container\">\n<div class=\"guten-element guten-flex-container full-width guten-7TgIh2\" data-id=\"7TgIh2\">\n<div class=\"guten-element guten-flex-container full-width guten-9AfcdU\" data-id=\"9AfcdU\">\n<figure class=\"wp-block-image size-full\"><img alt=\"\" decoding=\"async\" width=\"46\" height=\"46\" src=\"https:\/\/www.escapereadz.eu\/wp-content\/uploads\/2026\/03\/Stern.png\" alt=\"\" class=\"wp-image-895\"\/><\/figure>\n<\/div>\n\n\n\n<div class=\"guten-element guten-flex-container full-width guten-f9bp64\" data-id=\"f9bp64\">\n<p style=\"font-size:clamp(14px, 0.875rem + ((1vw - 3.2px) * 0.156), 16px);\"><strong>Nuevas historias<\/strong><\/p>\n<\/div>\n<\/div>\n\n\n\n<div class=\"guten-element guten-flex-container full-width guten-rwIcAV\" data-id=\"rwIcAV\">\n<p class=\"has-small-font-size\">Disfruta cada mes de nuevas y emocionantes<br>series y colecciones.<\/p>\n<\/div>\n<\/div><\/div>\n<\/div><\/div>\n\n\n\n<div class=\"wp-block-gutenverse-column guten-element guten-column guten-LxNvBm\"><div class=\"guten-column-wrapper\" data-id=\"LxNvBm\">\n<div class=\"guten-element guten-flex-container boxed guten-V5zfb1\" data-id=\"V5zfb1\"><div class=\"guten-inner-container\">\n<div class=\"guten-element guten-flex-container full-width guten-fCI8Sb\" data-id=\"fCI8Sb\">\n<div class=\"guten-element guten-flex-container full-width guten-P6iqFK\" data-id=\"P6iqFK\">\n<figure class=\"wp-block-image size-full\"><img alt=\"\" decoding=\"async\" width=\"42\" height=\"45\" src=\"https:\/\/www.escapereadz.eu\/wp-content\/uploads\/2026\/03\/Exit.png\" alt=\"\" class=\"wp-image-894\"\/><\/figure>\n<\/div>\n\n\n\n<div class=\"guten-element guten-flex-container full-width guten-xC12vY\" data-id=\"xC12vY\">\n<p style=\"font-size:clamp(14px, 0.875rem + ((1vw - 3.2px) * 0.156), 16px);\"><strong>Siempre rescindir<\/strong><\/p>\n<\/div>\n<\/div>\n\n\n\n<div class=\"guten-element guten-flex-container full-width guten-c4j16e\" data-id=\"c4j16e\">\n<p class=\"has-small-font-size\">Qu\u00e9date todo el tiempo que quieras: puedes darte de baja en cualquier momento<\/p>\n<\/div>\n<\/div><\/div>\n<\/div><\/div>\n<\/div><\/section><\/div>\n\n\n\n<div class=\"section-wrapper\" data-id=\"hiig4f\"><section class=\"wp-block-gutenverse-section guten-element guten-section guten-hiig4f layout-boxed align-stretch\"><div class=\"guten-container guten-column-gap-default\">\n<div class=\"wp-block-gutenverse-column guten-element guten-column guten-JyoXeC\"><div class=\"guten-column-wrapper\" data-id=\"JyoXeC\">\n<div class=\"guten-element guten-spacer guten-YfhAdH\"><\/div>\n\n\n\n<h2 class=\"wp-block-heading has-medium-font-size\">Y todo esto solo en Escape Plus:<\/h2>\n<\/div><\/div>\n<\/div><\/section><\/div>\n\n\n\n<div class=\"section-wrapper\" data-id=\"ZEEeKs\"><section class=\"wp-block-gutenverse-section guten-element guten-section guten-ZEEeKs layout-boxed align-stretch\"><div class=\"guten-container guten-column-gap-extended\">\n<div class=\"wp-block-gutenverse-column guten-element guten-column guten-3dLyeY\"><div class=\"guten-column-wrapper\" data-id=\"3dLyeY\">\n<div class=\"guten-element guten-flex-container boxed guten-5HUv5S\" data-id=\"5HUv5S\"><div class=\"guten-inner-container\">\n<div class=\"guten-element guten-flex-container full-width guten-cwUyht\" data-id=\"cwUyht\">\n<figure class=\"wp-block-image size-full\"><img alt=\"\" decoding=\"async\" width=\"53\" height=\"49\" src=\"https:\/\/www.escapereadz.eu\/wp-content\/uploads\/2026\/03\/books.png\" alt=\"\" class=\"wp-image-937\"\/><\/figure>\n<\/div>\n\n\n\n<div class=\"guten-element guten-flex-container full-width guten-333ZGT\" data-id=\"333ZGT\">\n<div class=\"guten-element guten-flex-container full-width guten-sIQUxm\" data-id=\"sIQUxm\">\n<h2 class=\"wp-block-heading\" style=\"font-size:clamp(14px, 0.875rem + ((1vw - 3.2px) * 0.156), 16px);\">Selecci\u00f3n de lecturas<\/h2>\n\n\n\n<p class=\"has-small-font-size\">Descubre solo los mejores libros de romance, suspense y rom\u00e1ntica fant\u00e1stica<\/p>\n<\/div>\n<\/div>\n<\/div><\/div>\n<\/div><\/div>\n\n\n\n<div class=\"wp-block-gutenverse-column guten-element guten-column guten-YMoLeX\"><div class=\"guten-column-wrapper\" data-id=\"YMoLeX\">\n<div class=\"guten-element guten-flex-container boxed guten-je4VAq\" data-id=\"je4VAq\"><div class=\"guten-inner-container\">\n<div class=\"guten-element guten-flex-container full-width guten-rMNRbx\" data-id=\"rMNRbx\">\n<figure class=\"wp-block-image size-full is-resized\"><img alt=\"\" decoding=\"async\" width=\"47\" height=\"48\" src=\"https:\/\/www.escapereadz.eu\/wp-content\/uploads\/2026\/03\/Serien.png\" alt=\"\" class=\"wp-image-941\" style=\"aspect-ratio:0.9790640072120326;width:53px;height:auto\"\/><\/figure>\n<\/div>\n\n\n\n<div class=\"guten-element guten-flex-container full-width guten-e0rkyJ\" data-id=\"e0rkyJ\">\n<div class=\"guten-element guten-flex-container full-width guten-FDlGN3\" data-id=\"FDlGN3\">\n<h2 class=\"wp-block-heading\" style=\"font-size:clamp(14px, 0.875rem + ((1vw - 3.2px) * 0.156), 16px);\">Series emocionantes<\/h2>\n\n\n\n<p class=\"has-small-font-size\">Sum\u00e9rgete en las series y sigue disfrutando de sus historias.<\/p>\n<\/div>\n<\/div>\n<\/div><\/div>\n<\/div><\/div>\n\n\n\n<div class=\"wp-block-gutenverse-column guten-element guten-column guten-ucWfZb\"><div class=\"guten-column-wrapper\" data-id=\"ucWfZb\">\n<div class=\"guten-element guten-flex-container boxed guten-YcYENu\" data-id=\"YcYENu\"><div class=\"guten-inner-container\">\n<div class=\"guten-element guten-flex-container full-width guten-Vl1fWj\" data-id=\"Vl1fWj\">\n<figure class=\"wp-block-image size-full\"><img alt=\"\" decoding=\"async\" width=\"32\" height=\"50\" src=\"https:\/\/www.escapereadz.eu\/wp-content\/uploads\/2026\/03\/Feder.png\" alt=\"\" class=\"wp-image-942\"\/><\/figure>\n<\/div>\n\n\n\n<div class=\"guten-element guten-flex-container full-width guten-40Q7jx\" data-id=\"40Q7jx\">\n<div class=\"guten-element guten-flex-container full-width guten-LpJP9C\" data-id=\"LpJP9C\">\n<h2 class=\"wp-block-heading\" style=\"font-size:clamp(14px, 0.875rem + ((1vw - 3.2px) * 0.156), 16px);\">Descubrir nuevos autores<\/h2>\n\n\n\n<p class=\"has-small-font-size\">Descubre nuevas voces y perspectivas interesantes.<\/p>\n<\/div>\n<\/div>\n<\/div><\/div>\n<\/div><\/div>\n<\/div><\/section><\/div>\n\n\n\n<div class=\"section-wrapper\" data-id=\"L0sdUc\"><section class=\"wp-block-gutenverse-section guten-element guten-section guten-L0sdUc layout-boxed align-stretch\"><div class=\"guten-container guten-column-gap-default\">\n<div class=\"wp-block-gutenverse-column guten-element guten-column guten-wL7oK6\"><div class=\"guten-column-wrapper\" data-id=\"wL7oK6\"><\/div><\/div>\n\n\n\n<div class=\"wp-block-gutenverse-column guten-element guten-column guten-rAEi6s\"><div class=\"guten-column-wrapper\" data-id=\"rAEi6s\"><\/div><\/div>\n\n\n\n<div class=\"wp-block-gutenverse-column guten-element guten-column guten-kYQGhY\"><div class=\"guten-column-wrapper\" data-id=\"kYQGhY\">\n<div class=\"guten-element guten-flex-container boxed guten-NHGCOf\" data-id=\"NHGCOf\"><div class=\"guten-inner-container\">\n<div class=\"guten-element guten-flex-container full-width guten-GWKFOA\" data-id=\"GWKFOA\">\n<figure class=\"wp-block-image size-full is-resized\"><img alt=\"\" decoding=\"async\" width=\"951\" height=\"951\" src=\"https:\/\/www.escapereadz.eu\/wp-content\/uploads\/2026\/03\/Alisia.png\" alt=\"\" class=\"wp-image-768\" style=\"width:100px\" srcset=\"https:\/\/www.escapereadz.eu\/wp-content\/uploads\/2026\/03\/Alisia.png 951w, https:\/\/www.escapereadz.eu\/wp-content\/uploads\/2026\/03\/Alisia-300x300.png 300w, https:\/\/www.escapereadz.eu\/wp-content\/uploads\/2026\/03\/Alisia-150x150.png 150w, https:\/\/www.escapereadz.eu\/wp-content\/uploads\/2026\/03\/Alisia-768x768.png 768w, https:\/\/www.escapereadz.eu\/wp-content\/uploads\/2026\/03\/Alisia-250x250.png 250w, https:\/\/www.escapereadz.eu\/wp-content\/uploads\/2026\/03\/Alisia-200x200.png 200w, https:\/\/www.escapereadz.eu\/wp-content\/uploads\/2026\/03\/Alisia-100x100.png 100w, https:\/\/www.escapereadz.eu\/wp-content\/uploads\/2026\/03\/Alisia-75x75.png 75w, https:\/\/www.escapereadz.eu\/wp-content\/uploads\/2026\/03\/Alisia-350x350.png 350w\" sizes=\"(max-width: 951px) 100vw, 951px\" \/><\/figure>\n<\/div>\n\n\n\n<div class=\"guten-element guten-flex-container full-width guten-km3Jpu\" data-id=\"km3Jpu\">\n<p class=\"has-text-align-center\"><strong>Alisia Lowrey<\/strong><\/p>\n<\/div>\n<\/div><\/div>\n<\/div><\/div>\n\n\n\n<div class=\"wp-block-gutenverse-column guten-element guten-column guten-riEcaM\"><div class=\"guten-column-wrapper\" data-id=\"riEcaM\">\n<div class=\"guten-element guten-flex-container boxed guten-w8Hq16\" data-id=\"w8Hq16\"><div class=\"guten-inner-container\">\n<div class=\"guten-element guten-flex-container full-width guten-n51nqb\" data-id=\"n51nqb\">\n<figure class=\"wp-block-image size-full is-resized\"><img alt=\"\" decoding=\"async\" width=\"2072\" height=\"2072\" src=\"https:\/\/www.escapereadz.eu\/wp-content\/uploads\/2026\/03\/Chris.png\" alt=\"\" class=\"wp-image-491\" style=\"width:100px\" srcset=\"https:\/\/www.escapereadz.eu\/wp-content\/uploads\/2026\/03\/Chris.png 2072w, https:\/\/www.escapereadz.eu\/wp-content\/uploads\/2026\/03\/Chris-200x200.png 200w, https:\/\/www.escapereadz.eu\/wp-content\/uploads\/2026\/03\/Chris-100x100.png 100w, https:\/\/www.escapereadz.eu\/wp-content\/uploads\/2026\/03\/Chris-250x250.png 250w, https:\/\/www.escapereadz.eu\/wp-content\/uploads\/2026\/03\/Chris-300x300.png 300w, https:\/\/www.escapereadz.eu\/wp-content\/uploads\/2026\/03\/Chris-1024x1024.png 1024w, https:\/\/www.escapereadz.eu\/wp-content\/uploads\/2026\/03\/Chris-150x150.png 150w, https:\/\/www.escapereadz.eu\/wp-content\/uploads\/2026\/03\/Chris-768x768.png 768w, https:\/\/www.escapereadz.eu\/wp-content\/uploads\/2026\/03\/Chris-1536x1536.png 1536w, https:\/\/www.escapereadz.eu\/wp-content\/uploads\/2026\/03\/Chris-2048x2048.png 2048w, https:\/\/www.escapereadz.eu\/wp-content\/uploads\/2026\/03\/Chris-75x75.png 75w, https:\/\/www.escapereadz.eu\/wp-content\/uploads\/2026\/03\/Chris-350x350.png 350w\" sizes=\"(max-width: 2072px) 100vw, 2072px\" \/><\/figure>\n<\/div>\n\n\n\n<div class=\"guten-element guten-flex-container full-width guten-cZU0Zv\" data-id=\"cZU0Zv\">\n<p class=\"has-text-align-center\"><strong>Noah Morlany<\/strong><\/p>\n<\/div>\n<\/div><\/div>\n<\/div><\/div>\n\n\n\n<div class=\"wp-block-gutenverse-column guten-element guten-column guten-n5XRE1\"><div class=\"guten-column-wrapper\" data-id=\"n5XRE1\"><\/div><\/div>\n\n\n\n<div class=\"wp-block-gutenverse-column guten-element guten-column guten-0KgThr\"><div class=\"guten-column-wrapper\" data-id=\"0KgThr\"><\/div><\/div>\n<\/div><\/section><\/div>\n\n\n\n<div class=\"section-wrapper\" data-id=\"6YVMzl\"><section class=\"wp-block-gutenverse-section guten-element guten-section guten-6YVMzl layout-boxed align-stretch\"><div class=\"guten-container guten-column-gap-default\">\n<div class=\"wp-block-gutenverse-column guten-element guten-column guten-uehbab\"><div class=\"guten-column-wrapper\" data-id=\"uehbab\">\n<div class=\"guten-element guten-flex-container boxed guten-UFPkUi\" data-id=\"UFPkUi\"><div class=\"guten-inner-container\">\n<div class=\"guten-element guten-flex-container full-width guten-dqkMqr\" data-id=\"dqkMqr\">\n<h3 class=\"wp-block-heading has-text-align-center has-qwigley-font-family has-x-large-font-size\">\u00bfPor qu\u00e9 nos encanta Escape Plus?<\/h3>\n<\/div>\n\n\n\n<div class=\"guten-element guten-flex-container full-width guten-6dZQ7Z\" data-id=\"6dZQ7Z\">\n<p class=\"has-text-align-center\" style=\"font-size:clamp(15.747px, 0.984rem + ((1vw - 3.2px) * 0.645), 24px);\">Nuestros libros encuentran a los lectores perfectos, aquellos que desean sumergirse de lleno en las historias.<\/p>\n<\/div>\n\n\n\n<div class=\"guten-element guten-flex-container full-width guten-ZizjMl\" data-id=\"ZizjMl\">\n<div class=\"guten-element guten-button-wrapper guten-sZ5Tst\"><a class=\"guten-button guten-button-xs\" href=\"https:\/\/www.escapereadz.eu\/es\/produkt\/escape-plus-es\/\"><span>Iniciar Escape Plus ahora<\/span><\/a><\/div>\n<\/div>\n<\/div><\/div>\n<\/div><\/div>\n<\/div><\/section><\/div>\n","protected":false},"excerpt":{"rendered":"","protected":false},"author":2,"featured_media":0,"parent":0,"menu_order":0,"comment_status":"closed","ping_status":"closed","template":"","meta":{"_seopress_robots_primary_cat":"","_seopress_titles_title":"","_seopress_titles_desc":"","_seopress_robots_index":"","footnotes":""},"class_list":["post-2048","page","type-page","status-publish","hentry"],"blocksy_meta":{"background":{"background_type":"image","background_pattern":"type-1","background_image":{"attachment_id":65,"x":0.52,"y":1,"url":"https:\/\/www.escapereadz.com\/wp-content\/uploads\/2026\/03\/background_schreibst_cu-1024x683.webp"},"gradient":"linear-gradient(135deg,rgba(6,147,227,1) 0%,rgb(155,81,224) 100%)","background_repeat":"no-repeat","background_size":"cover","background_attachment":"scroll","patternColor":{"default":{"color":"#e5e7ea"}},"overlayColor":{"default":{"color":"CT_CSS_SKIP_RULE"}},"backgroundColor":{"default":{"color":"#ffffff"}}},"styles_descriptor":{"styles":{"desktop":"[data-prefix=\"single_page\"] {background-position:52% 100%;background-size:cover;background-repeat:no-repeat;background-color:#ffffff;background-image:url(https:\/\/www.escapereadz.com\/wp-content\/uploads\/2026\/03\/background_schreibst_cu.webp);}","tablet":"","mobile":""},"google_fonts":[],"version":6}},"_links":{"self":[{"href":"https:\/\/www.escapereadz.eu\/es\/wp-json\/wp\/v2\/pages\/2048","targetHints":{"allow":["GET"]}}],"collection":[{"href":"https:\/\/www.escapereadz.eu\/es\/wp-json\/wp\/v2\/pages"}],"about":[{"href":"https:\/\/www.escapereadz.eu\/es\/wp-json\/wp\/v2\/types\/page"}],"author":[{"embeddable":true,"href":"https:\/\/www.escapereadz.eu\/es\/wp-json\/wp\/v2\/users\/2"}],"replies":[{"embeddable":true,"href":"https:\/\/www.escapereadz.eu\/es\/wp-json\/wp\/v2\/comments?post=2048"}],"version-history":[{"count":0,"href":"https:\/\/www.escapereadz.eu\/es\/wp-json\/wp\/v2\/pages\/2048\/revisions"}],"wp:attachment":[{"href":"https:\/\/www.escapereadz.eu\/es\/wp-json\/wp\/v2\/media?parent=2048"}],"curies":[{"name":"wp","href":"https:\/\/api.w.org\/{rel}","templated":true}]}}