{"id":850,"date":"2026-03-13T17:35:39","date_gmt":"2026-03-13T17:35:39","guid":{"rendered":"https:\/\/www.escapereadz.eu\/?page_id=850"},"modified":"2026-03-29T17:28:48","modified_gmt":"2026-03-29T17:28:48","slug":"escape-plus","status":"publish","type":"page","link":"https:\/\/www.escapereadz.eu\/de\/escape-plus\/","title":{"rendered":"Escape Plus"},"content":{"rendered":"\n<div class=\"section-wrapper\" data-id=\"aG5zRB\"><section class=\"wp-block-gutenverse-section guten-element guten-section guten-aG5zRB layout-boxed align-stretch\"><div class=\"guten-container guten-column-gap-default\">\n<div class=\"wp-block-gutenverse-column guten-element guten-column guten-lCyM5Y\"><div class=\"guten-column-wrapper\" data-id=\"lCyM5Y\">\n<div class=\"guten-element guten-flex-container boxed guten-8XQ9GS\" data-id=\"8XQ9GS\"><div class=\"guten-inner-container\">\n<div class=\"guten-element guten-spacer guten-mqTOwZ\"><\/div>\n\n\n\n<h2 class=\"wp-block-heading has-text-align-center has-qwigley-font-family has-xx-large-font-size\" style=\"margin-top:0;margin-bottom:-10px\">Escape Plus<\/h2>\n\n\n\n<p class=\"has-text-align-center has-large-font-size\">Dein Zugang zu<br>unbegrenzten Geschichten<\/p>\n\n\n\n<p class=\"has-text-align-center has-medium-font-size\">Lies unbegrenzt Liebesromane, Thriller und Fantasy-Romane<br>f\u00fcr nur 5,99 \u20ac im Monat.<\/p>\n\n\n\n<div class=\"section-wrapper\" data-id=\"aRQqum\"><section class=\"wp-block-gutenverse-section guten-element guten-section guten-aRQqum layout-boxed align-stretch\"><div class=\"guten-container guten-column-gap-default\">\n<div class=\"wp-block-gutenverse-column guten-element guten-column guten-hbEMo2\"><div class=\"guten-column-wrapper\" data-id=\"hbEMo2\">\n<div class=\"guten-element guten-button-wrapper guten-JfOjZM\"><a class=\"guten-button guten-button-sm\" href=\"https:\/\/www.escapereadz.eu\/produkt\/escape-plus-es\/\"><span>Starte dein Monats-Abo<\/span><\/a><\/div>\n<\/div><\/div>\n\n\n\n<div class=\"wp-block-gutenverse-column guten-element guten-column guten-yhw4dR\"><div class=\"guten-column-wrapper\" data-id=\"yhw4dR\">\n<div class=\"guten-element guten-button-wrapper guten-xvMO3Y\"><a class=\"guten-button guten-button-sm\" href=\"https:\/\/www.escapereadz.eu\/produkt\/escape-plus-probe\/\"><span>Starte dein Probeabo <\/span><\/a><\/div>\n<\/div><\/div>\n<\/div><\/section><\/div>\n<\/div><\/div>\n\n\n\n<div class=\"guten-element guten-spacer guten-oO6QLI\"><\/div>\n<\/div><\/div>\n<\/div><\/section><\/div>\n\n\n\n<div class=\"section-wrapper\" data-id=\"uWQhCG\"><section class=\"wp-block-gutenverse-section guten-element guten-section guten-uWQhCG layout-boxed align-stretch\"><div class=\"guten-container guten-column-gap-no\">\n<div class=\"wp-block-gutenverse-column guten-element guten-column guten-njBtG6\"><div class=\"guten-column-wrapper\" data-id=\"njBtG6\">\n<p class=\"has-text-align-left has-medium-font-size\"><strong>Manche Geschichten ver\u00e4ndern, was man vom Lesen erwartet <\/strong><\/p>\n\n\n\n<p><\/p>\n\n\n\n<p class=\"has-text-align-left has-medium-font-size\">Good-Feel Romance, Romantic Suspense und Romantasy \u2013 <\/p>\n\n\n\n<p class=\"has-text-align-left has-medium-font-size\">Serien, die dich tiefer hineinziehen, als du geplant hast.<\/p>\n\n\n\n<p class=\"has-medium-font-size\">Und wenn du sie erst einmal gelesen hast, wirst du dich fragen, warum du dich jemals mit weniger zufriedengegeben hast.<\/p>\n\n\n\n<p class=\"has-text-align-left has-medium-font-size\"><\/p>\n<\/div><\/div>\n\n\n\n<div class=\"wp-block-gutenverse-column guten-element guten-column guten-YZEqoO\"><div class=\"guten-column-wrapper\" data-id=\"YZEqoO\">\n<figure class=\"wp-block-image size-full is-resized has-custom-border\"><img alt=\"\" decoding=\"async\" width=\"345\" height=\"180\" src=\"https:\/\/www.escapereadz.eu\/wp-content\/uploads\/2026\/03\/Escapeplusbild2-e1773429863952.jpg\" alt=\"\" class=\"wp-image-864\" style=\"border-style:none;border-width:0px;border-top-left-radius:10px;border-top-right-radius:10px;border-bottom-left-radius:10px;border-bottom-right-radius:10px;aspect-ratio:1.9180327868852458;width:425px;height:auto\" srcset=\"https:\/\/www.escapereadz.eu\/wp-content\/uploads\/2026\/03\/Escapeplusbild2-e1773429863952.jpg 345w, https:\/\/www.escapereadz.eu\/wp-content\/uploads\/2026\/03\/Escapeplusbild2-e1773429863952-300x157.jpg 300w, https:\/\/www.escapereadz.eu\/wp-content\/uploads\/2026\/03\/Escapeplusbild2-e1773429863952-250x130.jpg 250w, https:\/\/www.escapereadz.eu\/wp-content\/uploads\/2026\/03\/Escapeplusbild2-e1773429863952-200x104.jpg 200w\" sizes=\"(max-width: 345px) 100vw, 345px\" \/><\/figure>\n<\/div><\/div>\n<\/div><\/section><\/div>\n\n\n\n<div class=\"section-wrapper\" data-id=\"MpQH1g\"><section class=\"wp-block-gutenverse-section guten-element guten-section guten-MpQH1g layout-boxed align-stretch\"><div class=\"guten-container guten-column-gap-default\">\n<div class=\"wp-block-gutenverse-column guten-element guten-column guten-XcANuk\"><div class=\"guten-column-wrapper\" data-id=\"XcANuk\">\n<div class=\"guten-element guten-spacer guten-lJ6ak6\"><\/div>\n\n\n\n<h2 class=\"wp-block-heading has-medium-font-size\">So funktioniert es<\/h2>\n<\/div><\/div>\n<\/div><\/section><\/div>\n\n\n\n<div class=\"section-wrapper\" data-id=\"DJ4s5v\"><section class=\"wp-block-gutenverse-section guten-element guten-section guten-DJ4s5v layout-boxed align-stretch\"><div class=\"guten-container guten-column-gap-extended\">\n<div class=\"wp-block-gutenverse-column guten-element guten-column guten-MaPC4E\"><div class=\"guten-column-wrapper\" data-id=\"MaPC4E\">\n<div class=\"guten-element guten-flex-container boxed guten-SoGWbz\" data-id=\"SoGWbz\"><div class=\"guten-inner-container\">\n<div class=\"guten-element guten-flex-container full-width guten-40miIr\" data-id=\"40miIr\">\n<div class=\"guten-element guten-flex-container full-width guten-001ljD\" data-id=\"001ljD\">\n<figure class=\"wp-block-image size-full\"><img alt=\"\" decoding=\"async\" width=\"45\" height=\"42\" src=\"https:\/\/www.escapereadz.eu\/wp-content\/uploads\/2026\/03\/Herz.png\" alt=\"\" class=\"wp-image-897\"\/><\/figure>\n<\/div>\n\n\n\n<div class=\"guten-element guten-flex-container full-width guten-PSYQ21\" data-id=\"PSYQ21\">\n<p style=\"font-size:clamp(14px, 0.875rem + ((1vw - 3.2px) * 0.156), 16px);\"><strong>Mitglied werden<\/strong><\/p>\n<\/div>\n<\/div>\n\n\n\n<div class=\"guten-element guten-flex-container full-width guten-bUaRHE\" data-id=\"bUaRHE\">\n<p class=\"has-small-font-size\">Registriere dich und erhalte sofortigen Zugriff auf alle Geschichten.<\/p>\n<\/div>\n<\/div><\/div>\n<\/div><\/div>\n\n\n\n<div class=\"wp-block-gutenverse-column guten-element guten-column guten-4nsfXS\"><div class=\"guten-column-wrapper\" data-id=\"4nsfXS\">\n<div class=\"guten-element guten-flex-container boxed guten-0Um0qJ\" data-id=\"0Um0qJ\"><div class=\"guten-inner-container\">\n<div class=\"guten-element guten-flex-container full-width guten-0enj37\" data-id=\"0enj37\">\n<div class=\"guten-element guten-flex-container full-width guten-3ByE85\" data-id=\"3ByE85\">\n<figure class=\"wp-block-image size-full\"><img alt=\"\" decoding=\"async\" width=\"51\" height=\"38\" src=\"https:\/\/www.escapereadz.eu\/wp-content\/uploads\/2026\/03\/Buch.png\" alt=\"\" class=\"wp-image-896\"\/><\/figure>\n<\/div>\n\n\n\n<div class=\"guten-element guten-flex-container full-width guten-PkTbWL\" data-id=\"PkTbWL\">\n<p style=\"font-size:clamp(14px, 0.875rem + ((1vw - 3.2px) * 0.156), 16px);\"><strong>Jetzt lesen<\/strong><\/p>\n<\/div>\n<\/div>\n\n\n\n<div class=\"guten-element guten-flex-container full-width guten-RmzGX8\" data-id=\"RmzGX8\">\n<p class=\"has-small-font-size\">Tauche ein in unsere Welten voller Romantik, Spannung und romantischer Fantasie.<\/p>\n<\/div>\n<\/div><\/div>\n<\/div><\/div>\n\n\n\n<div class=\"wp-block-gutenverse-column guten-element guten-column guten-yUPV4A\"><div class=\"guten-column-wrapper\" data-id=\"yUPV4A\">\n<div class=\"guten-element guten-flex-container boxed guten-ufdV2g\" data-id=\"ufdV2g\"><div class=\"guten-inner-container\">\n<div class=\"guten-element guten-flex-container full-width guten-7TgIh2\" data-id=\"7TgIh2\">\n<div class=\"guten-element guten-flex-container full-width guten-9AfcdU\" data-id=\"9AfcdU\">\n<figure class=\"wp-block-image size-full\"><img alt=\"\" decoding=\"async\" width=\"46\" height=\"46\" src=\"https:\/\/www.escapereadz.eu\/wp-content\/uploads\/2026\/03\/Stern.png\" alt=\"\" class=\"wp-image-895\"\/><\/figure>\n<\/div>\n\n\n\n<div class=\"guten-element guten-flex-container full-width guten-f9bp64\" data-id=\"f9bp64\">\n<p style=\"font-size:clamp(14px, 0.875rem + ((1vw - 3.2px) * 0.156), 16px);\"><strong>Neue Geschichten<\/strong><\/p>\n<\/div>\n<\/div>\n\n\n\n<div class=\"guten-element guten-flex-container full-width guten-rwIcAV\" data-id=\"rwIcAV\">\n<p class=\"has-small-font-size\">Freue dich jeden Monat auf neue und spannende<br>Serien und Sammlungen.<\/p>\n<\/div>\n<\/div><\/div>\n<\/div><\/div>\n\n\n\n<div class=\"wp-block-gutenverse-column guten-element guten-column guten-LxNvBm\"><div class=\"guten-column-wrapper\" data-id=\"LxNvBm\">\n<div class=\"guten-element guten-flex-container boxed guten-V5zfb1\" data-id=\"V5zfb1\"><div class=\"guten-inner-container\">\n<div class=\"guten-element guten-flex-container full-width guten-fCI8Sb\" data-id=\"fCI8Sb\">\n<div class=\"guten-element guten-flex-container full-width guten-P6iqFK\" data-id=\"P6iqFK\">\n<figure class=\"wp-block-image size-full\"><img alt=\"\" decoding=\"async\" width=\"42\" height=\"45\" src=\"https:\/\/www.escapereadz.eu\/wp-content\/uploads\/2026\/03\/Exit.png\" alt=\"\" class=\"wp-image-894\"\/><\/figure>\n<\/div>\n\n\n\n<div class=\"guten-element guten-flex-container full-width guten-xC12vY\" data-id=\"xC12vY\">\n<p style=\"font-size:clamp(14px, 0.875rem + ((1vw - 3.2px) * 0.156), 16px);\"><strong>Jederzeit k\u00fcndbar<\/strong><\/p>\n<\/div>\n<\/div>\n\n\n\n<div class=\"guten-element guten-flex-container full-width guten-c4j16e\" data-id=\"c4j16e\">\n<p class=\"has-small-font-size\">Bleib so lange, wie du m\u00f6chtest: Du kannst dich jederzeit abmelden<\/p>\n<\/div>\n<\/div><\/div>\n<\/div><\/div>\n<\/div><\/section><\/div>\n\n\n\n<div class=\"section-wrapper\" data-id=\"hiig4f\"><section class=\"wp-block-gutenverse-section guten-element guten-section guten-hiig4f layout-boxed align-stretch\"><div class=\"guten-container guten-column-gap-default\">\n<div class=\"wp-block-gutenverse-column guten-element guten-column guten-JyoXeC\"><div class=\"guten-column-wrapper\" data-id=\"JyoXeC\">\n<div class=\"guten-element guten-spacer guten-YfhAdH\"><\/div>\n\n\n\n<h2 class=\"wp-block-heading has-medium-font-size\">Und all das gibt es nur bei Escape Plus:<\/h2>\n<\/div><\/div>\n<\/div><\/section><\/div>\n\n\n\n<div class=\"section-wrapper\" data-id=\"M20FRv\"><section class=\"wp-block-gutenverse-section guten-element guten-section guten-M20FRv layout-boxed align-stretch\"><div class=\"guten-container guten-column-gap-extended\">\n<div class=\"wp-block-gutenverse-column guten-element guten-column guten-GC4e1B\"><div class=\"guten-column-wrapper\" data-id=\"GC4e1B\">\n<div class=\"guten-element guten-flex-container boxed guten-Xa6WaK\" data-id=\"Xa6WaK\"><div class=\"guten-inner-container\">\n<div class=\"guten-element guten-flex-container full-width guten-tA37Mb\" data-id=\"tA37Mb\">\n<figure class=\"wp-block-image size-full\"><img alt=\"\" decoding=\"async\" width=\"53\" height=\"49\" src=\"https:\/\/www.escapereadz.eu\/wp-content\/uploads\/2026\/03\/books.png\" alt=\"\" class=\"wp-image-937\"\/><\/figure>\n<\/div>\n\n\n\n<div class=\"guten-element guten-flex-container full-width guten-TgMhVx\" data-id=\"TgMhVx\">\n<div class=\"guten-element guten-flex-container full-width guten-CgESWO\" data-id=\"CgESWO\">\n<h2 class=\"wp-block-heading\" style=\"font-size:clamp(14px, 0.875rem + ((1vw - 3.2px) * 0.156), 16px);\">Kuratiertes Lesevergn\u00fcgen<\/h2>\n\n\n\n<p class=\"has-small-font-size\">Entdecke nur die besten B\u00fccher aus den Bereichen Liebesromane, Thriller und Fantasy-Romane<\/p>\n<\/div>\n<\/div>\n<\/div><\/div>\n<\/div><\/div>\n\n\n\n<div class=\"wp-block-gutenverse-column guten-element guten-column guten-5Sf8Xs\"><div class=\"guten-column-wrapper\" data-id=\"5Sf8Xs\">\n<div class=\"guten-element guten-flex-container boxed guten-ylQjbl\" data-id=\"ylQjbl\"><div class=\"guten-inner-container\">\n<div class=\"guten-element guten-flex-container full-width guten-grHSKQ\" data-id=\"grHSKQ\">\n<figure class=\"wp-block-image size-full is-resized\"><img alt=\"\" decoding=\"async\" width=\"47\" height=\"48\" src=\"https:\/\/www.escapereadz.eu\/wp-content\/uploads\/2026\/03\/Serien.png\" alt=\"\" class=\"wp-image-941\" style=\"aspect-ratio:0.9790640072120326;width:53px;height:auto\"\/><\/figure>\n<\/div>\n\n\n\n<div class=\"guten-element guten-flex-container full-width guten-WM8fim\" data-id=\"WM8fim\">\n<div class=\"guten-element guten-flex-container full-width guten-BkEGKR\" data-id=\"BkEGKR\">\n<h2 class=\"wp-block-heading\" style=\"font-size:clamp(14px, 0.875rem + ((1vw - 3.2px) * 0.156), 16px);\">Fesselnde Buchserien<\/h2>\n\n\n\n<p class=\"has-small-font-size\">Tauche ein in die Serien und genie\u00dfe neue Geschichten.<\/p>\n<\/div>\n<\/div>\n<\/div><\/div>\n<\/div><\/div>\n\n\n\n<div class=\"wp-block-gutenverse-column guten-element guten-column guten-SSNZCx\"><div class=\"guten-column-wrapper\" data-id=\"SSNZCx\">\n<div class=\"guten-element guten-flex-container boxed guten-5BT14A\" data-id=\"5BT14A\"><div class=\"guten-inner-container\">\n<div class=\"guten-element guten-flex-container full-width guten-v3EYeH\" data-id=\"v3EYeH\">\n<figure class=\"wp-block-image size-full\"><img alt=\"\" decoding=\"async\" width=\"32\" height=\"50\" src=\"https:\/\/www.escapereadz.eu\/wp-content\/uploads\/2026\/03\/Feder.png\" alt=\"\" class=\"wp-image-942\"\/><\/figure>\n<\/div>\n\n\n\n<div class=\"guten-element guten-flex-container full-width guten-nVfBZa\" data-id=\"nVfBZa\">\n<div class=\"guten-element guten-flex-container full-width guten-3mViFV\" data-id=\"3mViFV\">\n<h2 class=\"wp-block-heading\" style=\"font-size:clamp(14px, 0.875rem + ((1vw - 3.2px) * 0.156), 16px);\">Entdecke neue Autoren<\/h2>\n\n\n\n<p class=\"has-small-font-size\">Entdecke neue Stimmen und interessante Perspektiven.<\/p>\n<\/div>\n<\/div>\n<\/div><\/div>\n<\/div><\/div>\n<\/div><\/section><\/div>\n\n\n\n<div class=\"section-wrapper\" data-id=\"ZEEeKs\"><section class=\"wp-block-gutenverse-section guten-element guten-section guten-ZEEeKs layout-boxed align-stretch\"><div class=\"guten-container guten-column-gap-extended\">\n<div class=\"wp-block-gutenverse-column guten-element guten-column guten-3dLyeY\"><div class=\"guten-column-wrapper\" data-id=\"3dLyeY\">\n<div class=\"guten-element guten-flex-container full-width guten-333ZGT\" data-id=\"333ZGT\">\n<div class=\"guten-element guten-flex-container full-width guten-sIQUxm\" data-id=\"sIQUxm\">\n<p class=\"has-text-align-center\" style=\"font-size:clamp(14px, 0.875rem + ((1vw - 3.2px) * 0.156), 16px);\">Mit Escape Plus wollen wir jedem erm\u00f6glichen, unsere B\u00fccher zu lesen. Ohne technischen Aufwand und zu einem fairen Preis. Solange die Mitgliedschaft besteht, k\u00f6nnen alle unsere B\u00fccher gelesen werden. Nat\u00fcrlich kann man die B\u00fccher auch jederzeit als E-Book kaufen. In diesem Jahr werden wir auch Titel in folgenden Sprachen anbieten: <\/p>\n\n\n\n<p class=\"has-text-align-center\" style=\"font-size:clamp(14px, 0.875rem + ((1vw - 3.2px) * 0.156), 16px);\"><strong>Deutsch, Spanisch, Englisch, Franz\u00f6sisch und Italienisch<\/strong><\/p>\n<\/div>\n<\/div>\n<\/div><\/div>\n<\/div><\/section><\/div>\n\n\n\n<div class=\"section-wrapper\" data-id=\"9QzCfc\"><section class=\"wp-block-gutenverse-section guten-element guten-section guten-9QzCfc layout-boxed align-stretch\"><div class=\"guten-container guten-column-gap-extended\">\n<div class=\"wp-block-gutenverse-column guten-element guten-column guten-6b9KyN\"><div class=\"guten-column-wrapper\" data-id=\"6b9KyN\">\n<h2 class=\"wp-block-heading has-text-align-center has-medium-font-size\">Vorteile<\/h2>\n\n\n\n<ul class=\"wp-block-list\">\n<li>Ein Preis<\/li>\n\n\n\n<li>Keine Mindestvertragslaufzeit<\/li>\n\n\n\n<li>Jederzeit k\u00fcndbar<\/li>\n\n\n\n<li>Jeden Monat neue Titel<\/li>\n<\/ul>\n<\/div><\/div>\n\n\n\n<div class=\"wp-block-gutenverse-column guten-element guten-column guten-GD2zDs\"><div class=\"guten-column-wrapper\" data-id=\"GD2zDs\">\n<h2 class=\"wp-block-heading has-medium-font-size\">Extras<\/h2>\n\n\n\n<ul class=\"wp-block-list has-small-font-size\">\n<li style=\"font-size:clamp(14px, 0.875rem + ((1vw - 3.2px) * 0.156), 16px);\">Vorabver\u00f6ffentlichung erster Kapitel neuer Titel<\/li>\n\n\n\n<li style=\"font-size:clamp(14px, 0.875rem + ((1vw - 3.2px) * 0.156), 16px);\">Alternative Handlungsstr\u00e4nge<\/li>\n\n\n\n<li style=\"font-size:clamp(14px, 0.875rem + ((1vw - 3.2px) * 0.156), 16px);\">Kurzgeschichten<\/li>\n<\/ul>\n<\/div><\/div>\n\n\n\n<div class=\"wp-block-gutenverse-column guten-element guten-column guten-xhPg7M\"><div class=\"guten-column-wrapper\" data-id=\"xhPg7M\">\n<h2 class=\"wp-block-heading has-medium-font-size\">Kosten<\/h2>\n\n\n\n<ul style=\"font-size:clamp(14px, 0.875rem + ((1vw - 3.2px) * 0.156), 16px);\" class=\"wp-block-list\">\n<li>F\u00fcr 5,99\u20ac im Monat bekommst du das alles.<\/li>\n\n\n\n<li>Keine versteckten Kosten.<\/li>\n\n\n\n<li>Einmaliges Probeabo m\u00f6glich<\/li>\n<\/ul>\n<\/div><\/div>\n\n\n\n<div class=\"wp-block-gutenverse-column guten-element guten-column guten-718o5T\"><div class=\"guten-column-wrapper\" data-id=\"718o5T\">\n<h2 class=\"wp-block-heading has-medium-font-size\">Kommt bald<\/h2>\n\n\n\n<ul style=\"font-size:clamp(14px, 0.875rem + ((1vw - 3.2px) * 0.156), 16px);\" class=\"wp-block-list\">\n<li>Lies alle Beitr\u00e4ge unseres Magazins im selben Abo<\/li>\n\n\n\n<li>VIP Bereich: Diskutieren und Mitbestimmen<\/li>\n<\/ul>\n<\/div><\/div>\n<\/div><\/section><\/div>\n\n\n\n<div class=\"section-wrapper\" data-id=\"L0sdUc\"><section class=\"wp-block-gutenverse-section guten-element guten-section guten-L0sdUc layout-boxed align-stretch\"><div class=\"guten-container guten-column-gap-default\">\n<div class=\"wp-block-gutenverse-column guten-element guten-column guten-wL7oK6\"><div class=\"guten-column-wrapper\" data-id=\"wL7oK6\"><\/div><\/div>\n\n\n\n<div class=\"wp-block-gutenverse-column guten-element guten-column guten-rAEi6s\"><div class=\"guten-column-wrapper\" data-id=\"rAEi6s\"><\/div><\/div>\n\n\n\n<div class=\"wp-block-gutenverse-column guten-element guten-column guten-kYQGhY\"><div class=\"guten-column-wrapper\" data-id=\"kYQGhY\">\n<div class=\"guten-element guten-flex-container boxed guten-NHGCOf\" data-id=\"NHGCOf\"><div class=\"guten-inner-container\">\n<div class=\"guten-element guten-flex-container full-width guten-GWKFOA\" data-id=\"GWKFOA\">\n<figure class=\"wp-block-image size-full is-resized\"><img alt=\"\" decoding=\"async\" width=\"951\" height=\"951\" src=\"https:\/\/www.escapereadz.eu\/wp-content\/uploads\/2026\/03\/Alisia.png\" alt=\"\" class=\"wp-image-768\" style=\"width:100px\" srcset=\"https:\/\/www.escapereadz.eu\/wp-content\/uploads\/2026\/03\/Alisia.png 951w, https:\/\/www.escapereadz.eu\/wp-content\/uploads\/2026\/03\/Alisia-300x300.png 300w, https:\/\/www.escapereadz.eu\/wp-content\/uploads\/2026\/03\/Alisia-150x150.png 150w, https:\/\/www.escapereadz.eu\/wp-content\/uploads\/2026\/03\/Alisia-768x768.png 768w, https:\/\/www.escapereadz.eu\/wp-content\/uploads\/2026\/03\/Alisia-250x250.png 250w, https:\/\/www.escapereadz.eu\/wp-content\/uploads\/2026\/03\/Alisia-200x200.png 200w, https:\/\/www.escapereadz.eu\/wp-content\/uploads\/2026\/03\/Alisia-100x100.png 100w, https:\/\/www.escapereadz.eu\/wp-content\/uploads\/2026\/03\/Alisia-75x75.png 75w, https:\/\/www.escapereadz.eu\/wp-content\/uploads\/2026\/03\/Alisia-350x350.png 350w\" sizes=\"(max-width: 951px) 100vw, 951px\" \/><\/figure>\n<\/div>\n\n\n\n<div class=\"guten-element guten-flex-container full-width guten-km3Jpu\" data-id=\"km3Jpu\">\n<p class=\"has-text-align-center\"><strong>Alisia Lowrey<\/strong><\/p>\n<\/div>\n<\/div><\/div>\n<\/div><\/div>\n\n\n\n<div class=\"wp-block-gutenverse-column guten-element guten-column guten-riEcaM\"><div class=\"guten-column-wrapper\" data-id=\"riEcaM\">\n<div class=\"guten-element guten-flex-container boxed guten-w8Hq16\" data-id=\"w8Hq16\"><div class=\"guten-inner-container\">\n<div class=\"guten-element guten-flex-container full-width guten-n51nqb\" data-id=\"n51nqb\">\n<figure class=\"wp-block-image size-full is-resized\"><img alt=\"\" decoding=\"async\" width=\"2072\" height=\"2072\" src=\"https:\/\/www.escapereadz.eu\/wp-content\/uploads\/2026\/03\/Chris.png\" alt=\"\" class=\"wp-image-491\" style=\"width:100px\" srcset=\"https:\/\/www.escapereadz.eu\/wp-content\/uploads\/2026\/03\/Chris.png 2072w, https:\/\/www.escapereadz.eu\/wp-content\/uploads\/2026\/03\/Chris-200x200.png 200w, https:\/\/www.escapereadz.eu\/wp-content\/uploads\/2026\/03\/Chris-100x100.png 100w, https:\/\/www.escapereadz.eu\/wp-content\/uploads\/2026\/03\/Chris-250x250.png 250w, https:\/\/www.escapereadz.eu\/wp-content\/uploads\/2026\/03\/Chris-300x300.png 300w, https:\/\/www.escapereadz.eu\/wp-content\/uploads\/2026\/03\/Chris-1024x1024.png 1024w, https:\/\/www.escapereadz.eu\/wp-content\/uploads\/2026\/03\/Chris-150x150.png 150w, https:\/\/www.escapereadz.eu\/wp-content\/uploads\/2026\/03\/Chris-768x768.png 768w, https:\/\/www.escapereadz.eu\/wp-content\/uploads\/2026\/03\/Chris-1536x1536.png 1536w, https:\/\/www.escapereadz.eu\/wp-content\/uploads\/2026\/03\/Chris-2048x2048.png 2048w, https:\/\/www.escapereadz.eu\/wp-content\/uploads\/2026\/03\/Chris-75x75.png 75w, https:\/\/www.escapereadz.eu\/wp-content\/uploads\/2026\/03\/Chris-350x350.png 350w\" sizes=\"(max-width: 2072px) 100vw, 2072px\" \/><\/figure>\n<\/div>\n\n\n\n<div class=\"guten-element guten-flex-container full-width guten-cZU0Zv\" data-id=\"cZU0Zv\">\n<p class=\"has-text-align-center\"><strong>Noah Morlany<\/strong><\/p>\n<\/div>\n<\/div><\/div>\n<\/div><\/div>\n\n\n\n<div class=\"wp-block-gutenverse-column guten-element guten-column guten-n5XRE1\"><div class=\"guten-column-wrapper\" data-id=\"n5XRE1\"><\/div><\/div>\n\n\n\n<div class=\"wp-block-gutenverse-column guten-element guten-column guten-0KgThr\"><div class=\"guten-column-wrapper\" data-id=\"0KgThr\"><\/div><\/div>\n<\/div><\/section><\/div>\n\n\n\n<div class=\"section-wrapper\" data-id=\"6YVMzl\"><section class=\"wp-block-gutenverse-section guten-element guten-section guten-6YVMzl layout-boxed align-stretch\"><div class=\"guten-container guten-column-gap-default\">\n<div class=\"wp-block-gutenverse-column guten-element guten-column guten-uehbab\"><div class=\"guten-column-wrapper\" data-id=\"uehbab\">\n<div class=\"guten-element guten-flex-container boxed guten-UFPkUi\" data-id=\"UFPkUi\"><div class=\"guten-inner-container\">\n<div class=\"guten-element guten-flex-container full-width guten-dqkMqr\" data-id=\"dqkMqr\">\n<h3 class=\"wp-block-heading has-text-align-center has-qwigley-font-family has-x-large-font-size\">Warum wir Escape Plus lieben?<\/h3>\n<\/div>\n\n\n\n<div class=\"guten-element guten-flex-container full-width guten-6dZQ7Z\" data-id=\"6dZQ7Z\">\n<p class=\"has-text-align-center\" style=\"font-size:clamp(15.747px, 0.984rem + ((1vw - 3.2px) * 0.645), 24px);\">Unsere B\u00fccher finden genau die richtigen Leser \u2013 diejenigen, die ganz in die Geschichten eintauchen m\u00f6chten.<\/p>\n<\/div>\n\n\n\n<div class=\"guten-element guten-flex-container full-width guten-ZizjMl\" data-id=\"ZizjMl\">\n<div class=\"guten-element guten-button-wrapper guten-sZ5Tst\"><a class=\"guten-button guten-button-xs\" href=\"https:\/\/www.escapereadz.eu\/es\/produkt\/escape-plus-es\/\"><span>Escape Plus jetzt starten<\/span><\/a><\/div>\n<\/div>\n<\/div><\/div>\n<\/div><\/div>\n<\/div><\/section><\/div>\n","protected":false},"excerpt":{"rendered":"","protected":false},"author":2,"featured_media":0,"parent":0,"menu_order":0,"comment_status":"closed","ping_status":"closed","template":"","meta":{"_seopress_robots_primary_cat":"","_seopress_titles_title":"","_seopress_titles_desc":"","_seopress_robots_index":"","footnotes":""},"class_list":["post-850","page","type-page","status-publish","hentry"],"blocksy_meta":{"background":{"background_type":"image","background_pattern":"type-1","background_image":{"attachment_id":65,"x":0.52,"y":1,"url":"https:\/\/www.escapereadz.com\/wp-content\/uploads\/2026\/03\/background_schreibst_cu-1024x683.webp"},"gradient":"linear-gradient(135deg,rgba(6,147,227,1) 0%,rgb(155,81,224) 100%)","background_repeat":"no-repeat","background_size":"cover","background_attachment":"scroll","patternColor":{"default":{"color":"#e5e7ea"}},"overlayColor":{"default":{"color":"CT_CSS_SKIP_RULE"}},"backgroundColor":{"default":{"color":"#ffffff"}}},"styles_descriptor":{"styles":{"desktop":"[data-prefix=\"single_page\"] {background-position:52% 100%;background-size:cover;background-repeat:no-repeat;background-color:#ffffff;background-image:url(https:\/\/www.escapereadz.com\/wp-content\/uploads\/2026\/03\/background_schreibst_cu.webp);}","tablet":"","mobile":""},"google_fonts":[],"version":6}},"_links":{"self":[{"href":"https:\/\/www.escapereadz.eu\/de\/wp-json\/wp\/v2\/pages\/850","targetHints":{"allow":["GET"]}}],"collection":[{"href":"https:\/\/www.escapereadz.eu\/de\/wp-json\/wp\/v2\/pages"}],"about":[{"href":"https:\/\/www.escapereadz.eu\/de\/wp-json\/wp\/v2\/types\/page"}],"author":[{"embeddable":true,"href":"https:\/\/www.escapereadz.eu\/de\/wp-json\/wp\/v2\/users\/2"}],"replies":[{"embeddable":true,"href":"https:\/\/www.escapereadz.eu\/de\/wp-json\/wp\/v2\/comments?post=850"}],"version-history":[{"count":0,"href":"https:\/\/www.escapereadz.eu\/de\/wp-json\/wp\/v2\/pages\/850\/revisions"}],"wp:attachment":[{"href":"https:\/\/www.escapereadz.eu\/de\/wp-json\/wp\/v2\/media?parent=850"}],"curies":[{"name":"wp","href":"https:\/\/api.w.org\/{rel}","templated":true}]}}