{"id":418,"date":"2026-03-05T19:41:25","date_gmt":"2026-03-05T19:41:25","guid":{"rendered":"https:\/\/www.escapereadz.eu\/?page_id=418"},"modified":"2026-03-30T12:38:03","modified_gmt":"2026-03-30T12:38:03","slug":"quienes-somos","status":"publish","type":"page","link":"https:\/\/www.escapereadz.eu\/de\/quienes-somos\/","title":{"rendered":"\u00dcber uns"},"content":{"rendered":"\n<div class=\"section-wrapper\" data-id=\"JayH1a\"><section class=\"wp-block-gutenverse-section guten-element guten-section guten-JayH1a layout-fullwidth align-stretch\"><div class=\"guten-container guten-column-gap-no\">\n<div class=\"wp-block-gutenverse-column guten-element guten-column guten-0vpwqo\"><div class=\"guten-column-wrapper\" data-id=\"0vpwqo\">\n<div class=\"guten-element guten-spacer guten-xoAdNk\"><\/div>\n\n\n\n<h2 class=\"wp-block-gutenverse-heading guten-element guten-WUy5kT\">\u00dcber uns<\/h2>\n\n\n\n<div class=\"guten-element guten-spacer guten-9VAp7t\"><\/div>\n<\/div><\/div>\n<\/div><\/section><\/div>\n\n\n\n<div class=\"section-wrapper\" data-id=\"hIj2YA\"><section class=\"wp-block-gutenverse-section guten-element guten-section guten-hIj2YA layout-boxed align-stretch\"><div class=\"guten-container guten-column-gap-default\">\n<div class=\"wp-block-gutenverse-column guten-element guten-column guten-pe03kn\"><div class=\"guten-column-wrapper\" data-id=\"pe03kn\">\n<div class=\"guten-element guten-spacer guten-x9FCKG\"><\/div>\n\n\n\n<p aria-label=\"Text Paragraph\" class=\"guten-element gutenverse-text guten-lnQnuP\"><strong>Escape Readz Publishing: Geschichten ohne Grenzen<\/strong><br><br>Willkommen bei <strong>Escape Readz Publishing<\/strong>, deinem modernen Verlag f\u00fcr digitale Literatur. Wir sind auf E-Books spezialisiert und bieten nicht nur Einzelverk\u00e4ufe an, sondern auch Escape Plus, unsere innovative Flatrate, mit der Leser uneingeschr\u00e4nkten Zugriff auf unseren gesamten Buchkatalog genie\u00dfen k\u00f6nnen.<br><br><strong>Warum Escape Plus?<\/strong><br>Mit Escape Plus geh\u00f6rt Unordnung auf deinen Ger\u00e4ten der Vergangenheit an: Schluss mit un\u00fcbersichtlichen E-Book-Sammlungen, du brauchst keine zus\u00e4tzliche Software mehr. Du musst dich nur registrieren und kannst dann auf jedem Ger\u00e4t, in ganz Europa und in verschiedenen Sprachen lesen. Denn Geschichten sollen f\u00fcr alle zug\u00e4nglich sein.<br><br><strong>Viento Libre: Unterhaltung mit Humor und Sarkasmus<\/strong><br>Ab 2026 erweitern wir unser Angebot um \u201eViento Libre\u201c, unser unterhaltsames Online-Magazin. Darin finden Leser eine Plattform mit Artikeln in mehreren Sprachen.<br><br><strong>F\u00fcr Autoren: Gemeinsam wachsen<\/strong><br>Schreibst du in unseren Genres und m\u00f6chtest deine Geschichten einem internationalen Publikum pr\u00e4sentieren? Wir helfen dir bei den \u00dcbersetzungen und unterst\u00fctzen dich dabei, deine Werke in mehreren Sprachen zu ver\u00f6ffentlichen. Ob du ein etablierter Autor oder ein Gastautor bist \u2013 bei uns findest du einen Raum, in dem du deiner Kreativit\u00e4t freien Lauf lassen kannst.<br><br><strong>Unsere Mission: Unterhaltung, die verbindet<\/strong><br>Unser Ziel ist es, die Leser aus dem Alltag zu entf\u00fchren, sie zu unterhalten und zum L\u00e4cheln zu bringen. Denn Geschichten sind mehr als nur Worte: Sie sind Abenteuer, Emotionen und Momente, die bleiben.<br><br><strong>Bist du bereit f\u00fcr dein n\u00e4chstes literarisches Abenteuer?<\/strong> Entdecke Escape Readz Publishing und lass dich verzaubern!<br><br><strong>Hast du Fragen oder Anregungen?<\/strong>\u00a0Wir freuen uns auf deine Nachricht, egal ob du Leser, Autor oder neugieriger Besucher bist.<br><\/p>\n\n\n\n<div class=\"guten-element guten-spacer guten-AK8NGB\"><\/div>\n<\/div><\/div>\n<\/div><\/section><\/div>\n\n\n\n<div class=\"guten-element guten-spacer guten-YvRyIf\"><\/div>\n","protected":false},"excerpt":{"rendered":"","protected":false},"author":1,"featured_media":0,"parent":0,"menu_order":0,"comment_status":"closed","ping_status":"closed","template":"","meta":{"_seopress_robots_primary_cat":"","_seopress_titles_title":"","_seopress_titles_desc":"","_seopress_robots_index":"","footnotes":""},"class_list":["post-418","page","type-page","status-publish","hentry"],"blocksy_meta":{"background":{"background_type":"image","background_pattern":"type-1","background_image":{"attachment_id":65,"x":0,"y":0.45,"url":"https:\/\/www.escapereadz.com\/wp-content\/uploads\/2026\/03\/background_schreibst_cu-1024x683.webp"},"gradient":"linear-gradient(135deg,rgba(6,147,227,1) 0%,rgb(155,81,224) 100%)","background_repeat":"no-repeat","background_size":"cover","background_attachment":"fixed","patternColor":{"default":{"color":"#e5e7ea"}},"overlayColor":{"default":{"color":"CT_CSS_SKIP_RULE"}},"backgroundColor":{"default":{"color":"#ffffff"}}},"styles_descriptor":{"styles":{"desktop":"[data-prefix=\"single_page\"] {background-position:0% 45%;background-size:cover;background-attachment:fixed;background-repeat:no-repeat;background-color:#ffffff;background-image:url(https:\/\/www.escapereadz.com\/wp-content\/uploads\/2026\/03\/background_schreibst_cu.webp);}","tablet":"","mobile":""},"google_fonts":[],"version":6}},"_links":{"self":[{"href":"https:\/\/www.escapereadz.eu\/de\/wp-json\/wp\/v2\/pages\/418","targetHints":{"allow":["GET"]}}],"collection":[{"href":"https:\/\/www.escapereadz.eu\/de\/wp-json\/wp\/v2\/pages"}],"about":[{"href":"https:\/\/www.escapereadz.eu\/de\/wp-json\/wp\/v2\/types\/page"}],"author":[{"embeddable":true,"href":"https:\/\/www.escapereadz.eu\/de\/wp-json\/wp\/v2\/users\/1"}],"replies":[{"embeddable":true,"href":"https:\/\/www.escapereadz.eu\/de\/wp-json\/wp\/v2\/comments?post=418"}],"version-history":[{"count":0,"href":"https:\/\/www.escapereadz.eu\/de\/wp-json\/wp\/v2\/pages\/418\/revisions"}],"wp:attachment":[{"href":"https:\/\/www.escapereadz.eu\/de\/wp-json\/wp\/v2\/media?parent=418"}],"curies":[{"name":"wp","href":"https:\/\/api.w.org\/{rel}","templated":true}]}}