{"id":38,"date":"2026-03-04T16:21:50","date_gmt":"2026-03-04T16:21:50","guid":{"rendered":"https:\/\/www.escapereadz.eu\/?page_id=38"},"modified":"2026-03-13T13:47:04","modified_gmt":"2026-03-13T13:47:04","slug":"widerrufsbelehrung","status":"publish","type":"page","link":"https:\/\/www.escapereadz.eu\/de\/widerrufsbelehrung\/","title":{"rendered":"Widerrufsbelehrung"},"content":{"rendered":"\n<div class=\"section-wrapper\" data-id=\"SyLLJv\"><section class=\"wp-block-gutenverse-section guten-element guten-section guten-SyLLJv layout-fullwidth align-stretch\"><div class=\"guten-container guten-column-gap-no\">\n<div class=\"wp-block-gutenverse-column guten-element guten-column guten-egnaNh\"><div class=\"guten-column-wrapper\" data-id=\"egnaNh\">\n<div class=\"guten-element guten-spacer guten-n2UIJ8\"><\/div>\n\n\n\n<h2 class=\"wp-block-gutenverse-heading guten-element guten-ylFipf\">Widerrufsbelehrung<\/h2>\n\n\n\n<div class=\"guten-element guten-spacer guten-Yrv10p\"><\/div>\n<\/div><\/div>\n<\/div><\/section><\/div>\n\n\n\n<div class=\"section-wrapper\" data-id=\"fF6zAl\"><section class=\"wp-block-gutenverse-section guten-element guten-section guten-fF6zAl layout-boxed align-stretch\"><div class=\"guten-container guten-column-gap-default\">\n<div class=\"wp-block-gutenverse-column guten-element guten-column guten-ZNvqsy\"><div class=\"guten-column-wrapper\" data-id=\"ZNvqsy\">\n<div class=\"guten-element guten-spacer guten-oGuB4i\"><\/div>\n\n\n\n<p aria-label=\"Text Paragraph\" class=\"guten-element gutenverse-text guten-uodQ6v\"><strong>Widerrufsbelehrung<\/strong><br><br><strong>1. Widerrufsrecht<\/strong><br><strong>1.1<\/strong> Verbraucher haben das Recht, einen Vertrag innerhalb von vierzehn (14) Tagen ohne Angabe von Gr\u00fcnden zu widerrufen.<br><strong>1.2<\/strong> Die Widerrufsfrist betr\u00e4gt vierzehn (14) Tage ab dem Tag des Vertragsabschlusses.<br><br><strong>2. Aus\u00fcbung des Widerrufs<\/strong><br><strong>2.1<\/strong> Um das Widerrufsrecht auszu\u00fcben, muss der Kunde die <strong>Escape Readz Publishing K\u00f6hler GbR<\/strong>, Helbigsdorfer Weg 4, D-01169 Dresden, Deutschland, E-Mail: <strong>hello@escapereadz.eu<\/strong>, mittels einer eindeutigen Erkl\u00e4rung (z. B. per E-Mail) \u00fcber seinen Entschluss informieren, diesen Vertrag zu widerrufen.<br><strong>2.2<\/strong> Zur Wahrung der Widerrufsfrist reicht es aus, dass die Mitteilung \u00fcber die Aus\u00fcbung des Widerrufsrechts vor Ablauf der Widerrufsfrist abgesendet wird.<br><br><strong>3. Folgen des Widerrufs<\/strong><br><strong>3.1<\/strong> Wird der Vertrag widerrufen, erstattet der Anbieter alle vom Kunden erhaltenen Zahlungen unverz\u00fcglich und sp\u00e4testens binnen vierzehn (14) Tagen ab dem Tag, an dem die Mitteilung \u00fcber den Widerruf eingegangen ist.<br><strong>3.2<\/strong> F\u00fcr die R\u00fcckzahlung verwendet der Anbieter dasselbe Zahlungsmittel, das der Kunde bei der urspr\u00fcnglichen Transaktion eingesetzt hat, es sei denn, es wurde ausdr\u00fccklich etwas anderes vereinbart.<br><br><strong>4. Besonderheiten bei digitalen Inhalten und Abonnements<\/strong><br><strong>4.1<\/strong> Bei Vertr\u00e4gen \u00fcber digitale Inhalte oder digitale Dienstleistungen erlischt das Widerrufsrecht, wenn der Anbieter mit der Ausf\u00fchrung des Vertrags begonnen hat, nachdem der Kunde ausdr\u00fccklich zugestimmt hat, dass mit der Ausf\u00fchrung des Vertrags vor Ablauf der Widerrufsfrist begonnen wird, und best\u00e4tigt hat, dass er dadurch sein Widerrufsrecht verliert.<br><strong>4.2<\/strong> Widerruft der Kunde einen Vertrag \u00fcber ein Abonnement, endet das Vertragsverh\u00e4ltnis mit Zugang des Widerrufs. Bereits erbrachte Leistungen innerhalb der Widerrufsfrist k\u00f6nnen anteilig berechnet werden, soweit gesetzlich zul\u00e4ssig.<br><br><strong>5. Muster-Widerrufsformular<\/strong><br><strong>5.1<\/strong> (Wenn Sie den Vertrag widerrufen wollen, k\u00f6nnen Sie dieses Formular ausf\u00fcllen und per E-Mail senden.)<br>An:<br>Escape Readz Publishing K\u00f6hler GbR<br>Helbigsdorfer Weg 4<br>D-01169 Dresden<br>E-Mail: hello@escapereadz.eu<br>Hiermit widerrufe ich den von mir abgeschlossenen Vertrag \u00fcber den Kauf der folgenden digitalen Inhalte \/ Dienstleistungen:<br>Bestellt am: ____________<br>Name des Verbrauchers: ____________<br>E-Mail-Adresse: ____________<br>Datum: ____________<br>(Unterschrift nur bei Mitteilung auf Papier)<br><\/p>\n\n\n\n<div class=\"guten-element guten-spacer guten-cWIm7B\"><\/div>\n<\/div><\/div>\n<\/div><\/section><\/div>\n","protected":false},"excerpt":{"rendered":"","protected":false},"author":1,"featured_media":0,"parent":0,"menu_order":0,"comment_status":"closed","ping_status":"closed","template":"","meta":{"_seopress_robots_primary_cat":"","_seopress_titles_title":"","_seopress_titles_desc":"","_seopress_robots_index":"","footnotes":""},"class_list":["post-38","page","type-page","status-publish","hentry"],"blocksy_meta":{"background":{"background_type":"image","background_pattern":"type-1","background_image":{"attachment_id":65,"x":0,"y":0.45,"url":"https:\/\/www.escapereadz.com\/wp-content\/uploads\/2026\/03\/background_schreibst_cu-1024x683.webp"},"gradient":"linear-gradient(135deg,rgba(6,147,227,1) 0%,rgb(155,81,224) 100%)","background_repeat":"no-repeat","background_size":"cover","background_attachment":"fixed","patternColor":{"default":{"color":"#e5e7ea"}},"overlayColor":{"default":{"color":"CT_CSS_SKIP_RULE"}},"backgroundColor":{"default":{"color":"#ffffff"}}},"styles_descriptor":{"styles":{"desktop":"[data-prefix=\"single_page\"] {background-position:0% 45%;background-size:cover;background-attachment:fixed;background-repeat:no-repeat;background-color:#ffffff;background-image:url(https:\/\/www.escapereadz.com\/wp-content\/uploads\/2026\/03\/background_schreibst_cu.webp);}","tablet":"","mobile":""},"google_fonts":[],"version":6}},"_links":{"self":[{"href":"https:\/\/www.escapereadz.eu\/de\/wp-json\/wp\/v2\/pages\/38","targetHints":{"allow":["GET"]}}],"collection":[{"href":"https:\/\/www.escapereadz.eu\/de\/wp-json\/wp\/v2\/pages"}],"about":[{"href":"https:\/\/www.escapereadz.eu\/de\/wp-json\/wp\/v2\/types\/page"}],"author":[{"embeddable":true,"href":"https:\/\/www.escapereadz.eu\/de\/wp-json\/wp\/v2\/users\/1"}],"replies":[{"embeddable":true,"href":"https:\/\/www.escapereadz.eu\/de\/wp-json\/wp\/v2\/comments?post=38"}],"version-history":[{"count":0,"href":"https:\/\/www.escapereadz.eu\/de\/wp-json\/wp\/v2\/pages\/38\/revisions"}],"wp:attachment":[{"href":"https:\/\/www.escapereadz.eu\/de\/wp-json\/wp\/v2\/media?parent=38"}],"curies":[{"name":"wp","href":"https:\/\/api.w.org\/{rel}","templated":true}]}}