{"id":35,"date":"2026-03-04T16:21:50","date_gmt":"2026-03-04T16:21:50","guid":{"rendered":"https:\/\/www.escapereadz.eu\/?page_id=35"},"modified":"2026-03-25T13:45:59","modified_gmt":"2026-03-25T13:45:59","slug":"impressum","status":"publish","type":"page","link":"https:\/\/www.escapereadz.eu\/de\/impressum\/","title":{"rendered":"Impressum"},"content":{"rendered":"\n<div class=\"section-wrapper\" data-id=\"UK3QYi\"><section class=\"wp-block-gutenverse-section guten-element guten-section guten-UK3QYi layout-fullwidth align-stretch\"><div class=\"guten-container guten-column-gap-default\">\n<div class=\"wp-block-gutenverse-column guten-element guten-column guten-IJC617\"><div class=\"guten-column-wrapper\" data-id=\"IJC617\">\n<h2 class=\"wp-block-gutenverse-heading guten-element guten-3JeQqj\">Impressum<\/h2>\n<\/div><\/div>\n<\/div><\/section><\/div>\n\n\n\n<div class=\"section-wrapper\" data-id=\"8RmkSA\"><section class=\"wp-block-gutenverse-section guten-element guten-section guten-8RmkSA layout-boxed align-stretch\"><div class=\"guten-container guten-column-gap-default\">\n<div class=\"wp-block-gutenverse-column guten-element guten-column guten-SCgHfH\"><div class=\"guten-column-wrapper\" data-id=\"SCgHfH\">\n<p aria-label=\"Text Paragraph\" class=\"guten-element gutenverse-text guten-HycdPt\"><strong>Angaben gem\u00e4\u00df \u00a7 5 TMG<\/strong><br><br><strong>Escape Readz Publishing K\u00f6hler GbR<\/strong><br>Helbigsdorfer Weg 4<br>D-01169 Dresden<br>Deutschland<br><br><strong>Vertreten durch:<\/strong><br>Ingo K\u00f6hler<br>Astrid K\u00f6hler<br><strong>Kontakt:<\/strong><br>E-Mail: <strong>hello@escapereadz.eu<\/strong><br><br><strong>Umsatzsteuer-ID:<\/strong><br>Umsatzsteuer-Identifikationsnummer gem\u00e4\u00df \u00a7 27 a Umsatzsteuergesetz:<br><strong>DE277303936<\/strong><br><br><strong>Gerichtsstand:<\/strong><br>Amtsgericht Dresden<br><br><strong>Haftung f\u00fcr Inhalte<\/strong><br>Als Diensteanbieter sind wir gem\u00e4\u00df \u00a7 7 Abs. 1 TMG f\u00fcr eigene Inhalte auf diesen Seiten nach den allgemeinen Gesetzen verantwortlich.<br>Nach \u00a7\u00a7 8 bis 10 TMG sind wir jedoch nicht verpflichtet, \u00fcbermittelte oder gespeicherte fremde Informationen zu \u00fcberwachen oder nach Umst\u00e4nden zu forschen, die auf eine rechtswidrige T\u00e4tigkeit hinweisen.<br>Verpflichtungen zur Entfernung oder Sperrung der Nutzung von Informationen nach den allgemeinen Gesetzen bleiben hiervon unber\u00fchrt. Eine entsprechende Haftung ist jedoch erst ab dem Zeitpunkt der Kenntnis einer konkreten Rechtsverletzung m\u00f6glich. Bei Bekanntwerden von entsprechenden Rechtsverletzungen werden wir diese Inhalte umgehend entfernen.<br><br><strong>Haftung f\u00fcr externe Links<\/strong><br>Unsere Website enth\u00e4lt Links zu externen Websites Dritter, auf deren Inhalte wir keinen Einfluss haben. Deshalb k\u00f6nnen wir f\u00fcr diese fremden Inhalte auch keine Gew\u00e4hr \u00fcbernehmen.<br>F\u00fcr die Inhalte der verlinkten Seiten ist stets der jeweilige Anbieter oder Betreiber der Seiten verantwortlich. Zum Zeitpunkt der Verlinkung wurden die externen Seiten auf m\u00f6gliche Rechtsverst\u00f6\u00dfe \u00fcberpr\u00fcft. Rechtswidrige Inhalte waren zu diesem Zeitpunkt nicht erkennbar.<br>Eine permanente inhaltliche Kontrolle der verlinkten Seiten ist jedoch ohne konkrete Anhaltspunkte einer Rechtsverletzung nicht zumutbar. Bei Bekanntwerden von Rechtsverletzungen werden derartige Links umgehend entfernt.<br><br><strong>Haftung f\u00fcr Inhalte von Gastautoren<\/strong><br>Sofern Inhalte (z. B. Texte, Beitr\u00e4ge oder Werke) von Gastautoren bereitgestellt werden, geben diese ausschlie\u00dflich die Meinung des jeweiligen Autors wieder.<br>Eine Haftung f\u00fcr Inhalte von Gastautoren wird ausgeschlossen, soweit gesetzlich zul\u00e4ssig. F\u00fcr etwaige Rechtsverletzungen sind ausschlie\u00dflich die jeweiligen Autoren verantwortlich.<br><br><strong>Urheberrecht<\/strong><br>Die durch die Escape Readz Publishing K\u00f6hler GbR erstellten Inhalte und Werke auf dieser Website unterliegen dem deutschen Urheberrecht.<br>Texte, Bilder, Grafiken, Beschreibungen, Videos, B\u00fccher sowie alle sonstigen Inhalte unterliegen entweder unseren eigenen Urheberrechten oder den Rechten der jeweils genannten Rechteinhaber.<br>Die Vervielf\u00e4ltigung, Bearbeitung, Verbreitung und jede Art der Verwertung au\u00dferhalb der Grenzen des Urheberrechts bed\u00fcrfen der vorherigen schriftlichen Zustimmung des jeweiligen Rechteinhabers.<br>Die unerlaubte Verwendung, insbesondere die Nutzung von Texten, Bildern, Beschreibungen, Namen oder sonstigen Inhalten ohne ausdr\u00fcckliche Zustimmung, ist untersagt und kann rechtliche Konsequenzen nach sich ziehen.<br><\/p>\n<\/div><\/div>\n<\/div><\/section><\/div>\n\n\n\n<div class=\"guten-element guten-spacer guten-LoJ1HF\"><\/div>\n","protected":false},"excerpt":{"rendered":"","protected":false},"author":1,"featured_media":0,"parent":0,"menu_order":0,"comment_status":"closed","ping_status":"closed","template":"","meta":{"_seopress_robots_primary_cat":"","_seopress_titles_title":"","_seopress_titles_desc":"","_seopress_robots_index":"","footnotes":""},"class_list":["post-35","page","type-page","status-publish","hentry"],"blocksy_meta":{"background":{"background_type":"image","background_pattern":"type-1","background_image":{"attachment_id":65,"x":0,"y":0.45,"url":"https:\/\/www.escapereadz.com\/wp-content\/uploads\/2026\/03\/background_schreibst_cu-1024x683.webp"},"gradient":"linear-gradient(135deg,rgba(6,147,227,1) 0%,rgb(155,81,224) 100%)","background_repeat":"no-repeat","background_size":"cover","background_attachment":"fixed","patternColor":{"default":{"color":"#e5e7ea"}},"overlayColor":{"default":{"color":"CT_CSS_SKIP_RULE"}},"backgroundColor":{"default":{"color":"#ffffff"}}},"styles_descriptor":{"styles":{"desktop":"[data-prefix=\"single_page\"] {background-position:0% 45%;background-size:cover;background-attachment:fixed;background-repeat:no-repeat;background-color:#ffffff;background-image:url(https:\/\/www.escapereadz.com\/wp-content\/uploads\/2026\/03\/background_schreibst_cu.webp);}","tablet":"","mobile":""},"google_fonts":[],"version":6}},"_links":{"self":[{"href":"https:\/\/www.escapereadz.eu\/de\/wp-json\/wp\/v2\/pages\/35","targetHints":{"allow":["GET"]}}],"collection":[{"href":"https:\/\/www.escapereadz.eu\/de\/wp-json\/wp\/v2\/pages"}],"about":[{"href":"https:\/\/www.escapereadz.eu\/de\/wp-json\/wp\/v2\/types\/page"}],"author":[{"embeddable":true,"href":"https:\/\/www.escapereadz.eu\/de\/wp-json\/wp\/v2\/users\/1"}],"replies":[{"embeddable":true,"href":"https:\/\/www.escapereadz.eu\/de\/wp-json\/wp\/v2\/comments?post=35"}],"version-history":[{"count":0,"href":"https:\/\/www.escapereadz.eu\/de\/wp-json\/wp\/v2\/pages\/35\/revisions"}],"wp:attachment":[{"href":"https:\/\/www.escapereadz.eu\/de\/wp-json\/wp\/v2\/media?parent=35"}],"curies":[{"name":"wp","href":"https:\/\/api.w.org\/{rel}","templated":true}]}}