{"id":3380,"date":"2026-04-15T15:37:26","date_gmt":"2026-04-15T15:37:26","guid":{"rendered":"https:\/\/www.escapereadz.eu\/?page_id=3380"},"modified":"2026-04-18T13:14:32","modified_gmt":"2026-04-18T13:14:32","slug":"eine-liebe-auf-teneriffa","status":"publish","type":"page","link":"https:\/\/www.escapereadz.eu\/de\/eine-liebe-auf-teneriffa\/","title":{"rendered":"Eine Liebe auf Teneriffa"},"content":{"rendered":"\n\n","protected":false},"excerpt":{"rendered":"","protected":false},"author":2,"featured_media":0,"parent":0,"menu_order":0,"comment_status":"closed","ping_status":"closed","template":"","meta":{"_seopress_robots_primary_cat":"","_seopress_titles_title":"Demn\u00e4chst bei Escape Readz: Eine Liebe auf Teneriffa","_seopress_titles_desc":"Eine Sommer-Romanze mit Gef\u00fchl. Zwischen Sonne und Neuanfang beginnt eine Geschichte, die dich nicht mehr losl\u00e4sst.","_seopress_robots_index":"","footnotes":""},"class_list":["post-3380","page","type-page","status-publish","hentry"],"blocksy_meta":{"background":{"background_type":"image","background_pattern":"type-1","background_image":{"attachment_id":1698,"x":0,"y":0.45,"url":"https:\/\/www.escapereadz.eu\/wp-content\/uploads\/2026\/03\/background_schreibst_cu-1024x683.png"},"gradient":"linear-gradient(135deg,rgba(6,147,227,1) 0%,rgb(155,81,224) 100%)","background_repeat":"no-repeat","background_size":"cover","background_attachment":"fixed","patternColor":{"default":{"color":"#e5e7ea"}},"overlayColor":{"default":{"color":"CT_CSS_SKIP_RULE"}},"backgroundColor":{"default":{"color":"#ffffff"}}},"styles_descriptor":{"styles":{"desktop":"[data-prefix=\"single_page\"] {background-position:0% 45%;background-size:cover;background-attachment:fixed;background-repeat:no-repeat;background-color:#ffffff;background-image:url(https:\/\/www.escapereadz.eu\/wp-content\/uploads\/2026\/03\/background_schreibst_cu.png);}","tablet":"","mobile":""},"google_fonts":[],"version":6}},"_links":{"self":[{"href":"https:\/\/www.escapereadz.eu\/de\/wp-json\/wp\/v2\/pages\/3380","targetHints":{"allow":["GET"]}}],"collection":[{"href":"https:\/\/www.escapereadz.eu\/de\/wp-json\/wp\/v2\/pages"}],"about":[{"href":"https:\/\/www.escapereadz.eu\/de\/wp-json\/wp\/v2\/types\/page"}],"author":[{"embeddable":true,"href":"https:\/\/www.escapereadz.eu\/de\/wp-json\/wp\/v2\/users\/2"}],"replies":[{"embeddable":true,"href":"https:\/\/www.escapereadz.eu\/de\/wp-json\/wp\/v2\/comments?post=3380"}],"version-history":[{"count":1,"href":"https:\/\/www.escapereadz.eu\/de\/wp-json\/wp\/v2\/pages\/3380\/revisions"}],"predecessor-version":[{"id":4158,"href":"https:\/\/www.escapereadz.eu\/de\/wp-json\/wp\/v2\/pages\/3380\/revisions\/4158"}],"wp:attachment":[{"href":"https:\/\/www.escapereadz.eu\/de\/wp-json\/wp\/v2\/media?parent=3380"}],"curies":[{"name":"wp","href":"https:\/\/api.w.org\/{rel}","templated":true}]}}