{"id":2646,"date":"2026-03-07T09:00:33","date_gmt":"2026-03-07T09:00:33","guid":{"rendered":"https:\/\/www.escapereadz.eu\/?page_id=2646"},"modified":"2026-04-01T18:11:56","modified_gmt":"2026-04-01T18:11:56","slug":"autor-werden","status":"publish","type":"page","link":"https:\/\/www.escapereadz.eu\/de\/autor-werden\/","title":{"rendered":"Werden Sie Autor"},"content":{"rendered":"\n<div class=\"section-wrapper\" data-id=\"TKfyfj\"><section class=\"wp-block-gutenverse-section guten-element guten-section guten-TKfyfj layout-fullwidth align-stretch\"><div class=\"guten-container guten-column-gap-no\">\n<div class=\"wp-block-gutenverse-column guten-element guten-column guten-cTpq5G\"><div class=\"guten-column-wrapper\" data-id=\"cTpq5G\">\n<div class=\"guten-element guten-spacer guten-Qmznqc\"><\/div>\n\n\n\n<h2 class=\"wp-block-gutenverse-heading guten-element guten-B8yZYl\">Autor werden<\/h2>\n\n\n\n<div class=\"guten-element guten-spacer guten-40ehsJ\"><\/div>\n<\/div><\/div>\n<\/div><\/section><\/div>\n\n\n\n<div class=\"section-wrapper\" data-id=\"9SEO89\"><section class=\"wp-block-gutenverse-section guten-element guten-section guten-9SEO89 layout-boxed align-stretch\"><div class=\"guten-container guten-column-gap-default\">\n<div class=\"wp-block-gutenverse-column guten-element guten-column guten-AYmHaT\"><div class=\"guten-column-wrapper\" data-id=\"AYmHaT\">\n<div class=\"guten-element guten-spacer guten-AKOV6a\"><\/div>\n\n\n\n<p aria-label=\"Text Paragraph\" class=\"guten-element gutenverse-text guten-UX9qo8\"><strong>Werde Autor oder Autorin<\/strong><br><br>Wenn Sie diese Seite lesen, m\u00f6chten wir uns zun\u00e4chst einmal f\u00fcr Ihr Interesse an unserem Verlag bedanken.<br>Unser Programm umfasst drei Genres: Good-Feel-Romance und RomCom, Romantic Suspense und Romantasy. Wenn Sie Geschichten schreiben, die als Serie oder Buchreihe erz\u00e4hlt werden und sich wie eine fortlaufende Saga lesen \u2013 mit wiederkehrenden Figuren, Schaupl\u00e4tzen und Verbindungen zwischen den einzelnen Geschichten \u2013, dann sind Sie bei uns genau richtig.<br><strong><br>Anforderungen an Ihr Manuskript<\/strong><br>Damit wir ein Manuskript pr\u00fcfen k\u00f6nnen, sollte es bereits vollst\u00e4ndig \u00fcberarbeitet sein. Bitte senden Sie uns keine Rohfassungen.<br><br><strong>F\u00fcr unser Programm gelten die folgenden allgemeinen Bedingungen:<\/strong><br><strong>&#8211; Umfang:<\/strong> ca. <strong>18.000 bis maximal 35.000 W\u00f6rter<\/strong><br><strong>&#8211; Format:<\/strong> Novellen \/ Kurzromane, die sich schnell lesen lassen<br><strong>&#8211; Erz\u00e4hlstil:<\/strong> dialogorientiert \u2013 f\u00fcr uns stehen Figuren, Beziehungen und Dialoge im Mittelpunkt der Geschichte<br><strong>&#8211; Beschreibungen:<\/strong> atmosph\u00e4risch, aber nicht \u00fcberm\u00e4\u00dfig detailliert \u2013 lange, ausf\u00fchrliche Beschreibungen stehen nicht im Mittelpunkt unseres Programms<br>Unsere Geschichten leben von Dynamik, Emotionen und der Interaktion zwischen den Figuren.<br><br><strong>Zusammenarbeit<\/strong><br>Wir verstehen unseren Verlag als Partnerschaft zwischen Autoren und Verlag. Jeder leistet seinen Beitrag dazu, dass B\u00fccher ihre Leser erreichen.<br>Das bedeutet auch, dass wir von unseren Autoren erwarten, dass sie sich <strong>aktiv an der Werbung f\u00fcr ihre B\u00fccher beteiligen<\/strong> \u2013 zum Beispiel durch ihre Pr\u00e4senz in den sozialen Medien, bei Werbeveranstaltungen oder durch den Austausch mit den Lesern.<br>Diese Zusammenarbeit ist ein wesentlicher Bestandteil unseres Konzepts.<br><br><strong>Digitalverlag<\/strong><br>Wir sind ein auf den digitalen Bereich ausgerichteter Verlag, der sich auf E-Books und andere digitale Publikationen spezialisiert hat. Dadurch k\u00f6nnen wir unsere B\u00fccher in der gesamten Europ\u00e4ischen Union vertreiben und Leser unabh\u00e4ngig von den nationalen Buchm\u00e4rkten erreichen.<br><br><strong>Verg\u00fctung<\/strong><br>Unser Verg\u00fctungsmodell ist transparent und f\u00fcr alle Autoren einheitlich.<br>35 % Autorenanteil pro verkauftem E-Book, berechnet auf Basis des Nettoverkaufspreises<br>Der Nettoverkaufspreis kann je nach Mehrwertsteuers\u00e4tzen in den einzelnen EU-L\u00e4ndern variieren<br><br><strong>Dar\u00fcber hinaus werden alle Titel in unser Escape-Plus-Portal aufgenommen.<\/strong><br>Escape Plus ist unser Abonnementdienst, der Lesern Zugang zu unserem Programm gew\u00e4hrt.<br>Die erzielten Einnahmen werden wie folgt verteilt:<br><strong>45 % der Gesamteinnahmen flie\u00dfen in den Autorenpool.<\/strong><br><strong>Der Gesamtbetrag wird zu gleichen Teilen unter allen Autoren aufgeteilt.<\/strong><br>Die Auszahlungen erfolgen monatlich, jeweils Mitte des Folgemonats.<br>Dieses Modell gew\u00e4hrleistet eine gleichm\u00e4\u00dfige Verg\u00fctung, unabh\u00e4ngig davon, wie viele Seiten gelesen wurden oder wie lange ein Titel bereits im Katalog ist.<br><br><strong>Internationale Ausgaben<\/strong><br>Ausgew\u00e4hlte Titel aus unserem Programm werden unter anderem auch ins folgende Sprachen \u00fcbersetzt:<br>&#8211; Englisch<br>&#8211; Spanisch<br>&#8211; Franz\u00f6sisch<br>&#8211; Italienisch<br><\/p>\n\n\n\n<p aria-label=\"Text Paragraph\" class=\"guten-element gutenverse-text guten-suGrfI\">Auf diese Weise k\u00f6nnen unsere Geschichten auch Leser au\u00dferhalb des deutschsprachigen Raums erreichen.<br><br>Wenn das auf Sie zutrifft und Ihr Manuskript zu unserem Programm passt, freuen wir uns auf Ihre Bewerbung.<br>Nutzen Sie einfach das untenstehende Formular, um Ihr Manuskript einzureichen.<\/p>\n\n\n\n<div class=\"section-wrapper\" data-id=\"Uv5nru\"><section class=\"wp-block-gutenverse-section guten-element guten-section guten-Uv5nru layout-boxed align-stretch\"><div class=\"guten-container guten-column-gap-default\">\n<div class=\"wp-block-gutenverse-column guten-element guten-column guten-t94lpM\"><div class=\"guten-column-wrapper\" data-id=\"t94lpM\">\n<div class=\"guten-element guten-spacer guten-e714cH\"><\/div>\n\n\n\n<form style=\"display:none\" class=\"guten-element guten-form-builder guten-gWqKsS\" data-form-id=\"363\" data-hide-after=\"true\" data-redirect=\"hello@escapereadz.eu\">\n<p aria-label=\"Text Paragraph\" class=\"guten-element gutenverse-text guten-PIMtuW\">Bewerbung als Autor<\/p>\n\n\n\n<div class=\"guten-element guten-form-input-text guten-form-input guten-input-position-top guten-P9VIom hide-helper\"><div class=\"label-wrapper\"><label class=\"input-label\" for=\"Vorname\">Vorname<\/label><span class=\"required-badge\">*<\/span><\/div><div class=\"main-wrapper\"><input data-validation=\"{&quot;type&quot;:&quot;text&quot;,&quot;required&quot;:true,&quot;validationType&quot;:&quot;none&quot;,&quot;validationWarning&quot;:&quot;Input Invalid&quot;}\" placeholder=\"Vorname\" name=\"Vorname\" class=\"gutenverse-input gutenverse-input-text\" type=\"text\"\/><div class=\"validation-error\">Input Invalid<\/div><\/div><\/div>\n\n\n\n<div class=\"guten-element guten-form-input-text guten-form-input guten-input-position-top guten-wLWnSo hide-helper\"><div class=\"label-wrapper\"><label class=\"input-label\" for=\"Nachname\">Nachname<\/label><span class=\"required-badge\">*<\/span><\/div><div class=\"main-wrapper\"><input data-validation=\"{&quot;type&quot;:&quot;text&quot;,&quot;required&quot;:true,&quot;validationType&quot;:&quot;none&quot;,&quot;validationWarning&quot;:&quot;Input Invalid&quot;}\" placeholder=\"Nachname\" name=\"Nachname\" class=\"gutenverse-input gutenverse-input-text\" type=\"text\"\/><div class=\"validation-error\">Input Invalid<\/div><\/div><\/div>\n\n\n\n<div class=\"guten-element guten-form-input-email guten-form-input guten-input-position-top guten-CT57bU hide-helper\"><div class=\"label-wrapper\"><label class=\"input-label\" for=\"E-Mail\">E-Mail<\/label><span class=\"required-badge\">*<\/span><\/div><div class=\"main-wrapper\"><input data-validation=\"{&quot;type&quot;:&quot;email&quot;,&quot;required&quot;:true,&quot;validationType&quot;:&quot;none&quot;,&quot;validationWarning&quot;:&quot;Bitte gib eine g\u00fcltige E-Mail ein&quot;}\" placeholder=\"E-Mail\" name=\"E-Mail\" class=\"gutenverse-input gutenverse-input-email\" type=\"email\"\/><div class=\"validation-error\">Bitte gib eine g\u00fcltige E-Mail ein<\/div><\/div><\/div>\n\n\n\n<div class=\"guten-element guten-form-input-file guten-form-input guten-input-position-top guten-L0qeuO hide-helper\"><div class=\"label-wrapper\"><label class=\"input-label\">Manuskript<\/label><span class=\"required-badge\">*<\/span><\/div><div class=\"main-wrapper\"><div class=\"gutenverse-inner-input default\"><div class=\"file-input-wrapper\"><input name=\"input-file\" class=\"gutenverse-input gutenverse-input-file\" data-validation=\"{&quot;type&quot;:&quot;file&quot;,&quot;required&quot;:true,&quot;validationWarning&quot;:&quot;Bitte laden Sie ihr Manuskript hoch&quot;}\" type=\"file\" hidden id=\"file-input-guten-L0qeuO\"\/><div class=\"input-wrapper\"><label for=\"file-input-guten-L0qeuO\" class=\"file-button\"><span>Datei w\u00e4hlen<\/span><\/label><span class=\"file-placeholder\" data-default-text=\"Nichts ausgew\u00e4hlt\">Nichts ausgew\u00e4hlt<\/span><\/div><\/div><\/div><div class=\"validation-error\">Bitte laden Sie ihr Manuskript hoch<\/div><\/div><\/div>\n\n\n\n<div class=\"guten-element guten-form-input-textarea guten-form-input guten-input-position-top guten-L220XH hide-helper\"><div class=\"label-wrapper\"><label class=\"input-label\" for=\"Pitch\">Erz\u00e4hlen Sie uns in zwei oder drei S\u00e4tzen etwas mehr \u00fcber Ihre Geschichte<\/label><span class=\"required-badge\">*<\/span><\/div><div class=\"main-wrapper\"><textarea data-validation=\"{&quot;type&quot;:&quot;textarea&quot;,&quot;required&quot;:true,&quot;validationType&quot;:&quot;none&quot;,&quot;validationWarning&quot;:&quot;Input Invalid&quot;}\" placeholder=\"Erz\u00e4hl uns mehr\" name=\"Pitch\" class=\"gutenverse-input gutenverse-input-text\"><\/textarea><div class=\"validation-error\">Input Invalid<\/div><\/div><\/div>\n\n\n\n<p aria-label=\"Text Paragraph\" class=\"guten-element gutenverse-text guten-FzP0NQ\"><strong>Hinweis<\/strong>:<br><br>Wir k\u00f6nnen keine Geschichten annehmen, die bereits bei einem anderen Verlag ver\u00f6ffentlicht wurden und deren Rechte bei diesem Verlag liegen.<br>Wir akzeptieren nur vollst\u00e4ndige Serien oder Sammelb\u00e4nde.<br>Wenn Sie einen Vertrag mit uns abschlie\u00dfen, sind die Geschichten exklusiv f\u00fcr uns bestimmt und d\u00fcrfen nicht anderweitig angeboten werden.<br>Wenn Sie noch nicht vollj\u00e4hrig sind, ben\u00f6tigen wir eine Einverst\u00e4ndniserkl\u00e4rung Ihres Erziehungsberechtigten.<\/p>\n\n\n\n<div class=\"guten-element guten-form-input-checkbox guten-form-input guten-input-position-top guten-JfzxBQ hide-helper\"><div class=\"label-wrapper\"><label class=\"input-label\" for=\"Altersbest\u00e4tigung\">Alters\u00fcberpr\u00fcfung<\/label><span class=\"required-badge\">*<\/span><\/div><div class=\"main-wrapper\"><div class=\"gutenverse-inner-input default\"><div hidden name=\"Altersbest\u00e4tigung\" class=\"gutenverse-input\" data-validation=\"{&quot;type&quot;:&quot;checkbox&quot;,&quot;required&quot;:true,&quot;validationWarning&quot;:&quot;Best\u00e4tige bitte das mindestens 16 Jahre alt bist&quot;}\"><\/div><label for=\"Altersbest\u00e4tigung-Ich best\u00e4tige hiermit, dass ich mindestens 16 Jahre alt bin, und verpflichte mich, falls ich unter 18 Jahre alt bin, eine Einverst\u00e4ndniserkl\u00e4rung vorzulegen.\"><input name=\"Altersbest\u00e4tigung\" value=\"Ich best\u00e4tige hiermit, dass ich mindestens 16 Jahre alt bin, und verpflichte mich, falls ich unter 18 Jahre alt bin, eine Einverst\u00e4ndniserkl\u00e4rung vorzulegen.\" class=\"gutenverse-input-checkbox\" type=\"checkbox\" id=\"Altersbest\u00e4tigung-Ich best\u00e4tige hiermit, dass ich mindestens 16 Jahre alt bin, und verpflichte mich, falls ich unter 18 Jahre alt bin, eine Einverst\u00e4ndniserkl\u00e4rung vorzulegen.\"\/><span class=\"check\">Ich best\u00e4tige hiermit, dass ich mindestens 16 Jahre alt bin, und verpflichte mich, falls ich unter 18 Jahre alt bin, eine Einverst\u00e4ndniserkl\u00e4rung vorzulegen.<\/span><\/label><\/div><div class=\"validation-error\">Best\u00e4tige bitte das mindestens 16 Jahre alt bist<\/div><\/div><\/div>\n\n\n\n<p aria-label=\"Text Paragraph\" class=\"guten-element gutenverse-text guten-Yqfb8C\"><strong>Hinweis:<\/strong> Die Einverst\u00e4ndniserkl\u00e4rung muss bei Vertragsunterzeichnung vorgelegt werden; erst dann werden wir den Vertrag unterzeichnen.<\/p>\n\n\n\n<div class=\"guten-element guten-form-input-gdpr guten-form-input guten-input-position-top guten-VCp70f hide-helper\"><div class=\"label-wrapper\"><label class=\"input-label\" for=\"Datenschutzerkl\u00e4rung\">Datenschutzerkl\u00e4rung:<\/label><span class=\"required-badge\">*<\/span><\/div><div class=\"main-wrapper\"><div class=\"gutenverse-inner-input default\"><div class=\"guten-gdpr-wrapper\"><div class=\"guten-gdpr-input-wrapper\"><input name=\"Datenschutzerkl\u00e4rung\" data-validation=\"{&quot;type&quot;:&quot;checkbox&quot;,&quot;required&quot;:true,&quot;validationWarning&quot;:&quot;Bitte akzeptieren Sie die Datenschutzerkl\u00e4rung.&quot;}\" class=\"gutenverse-input gutenverse-input-gdpr\" type=\"checkbox\" data-value=\"Ja, ich habe die Datenschutzbestimmungen gelesen und akzeptiert\"\/><span class=\"check\"><\/span><\/div><div class=\"gdpr-label\">Ja, ich habe die <a href=\"https:\/\/www.escapereadz.eu\/de\/datenschutzerkl\u00e4rung\/\" data-type=\"page\" data-id=\"34\">Datenschutzerkl\u00e4rung<\/a> gelesen und akzeptiere sie.<\/div><\/div><\/div><div class=\"validation-error\">Bitte akzeptieren Sie die Datenschutzerkl\u00e4rung.<\/div><\/div><\/div>\n\n\n\n<div class=\"guten-element gutenverse-recaptcha guten-form-input-recaptcha g-recaptcha\" data-sitekey=\"6LcKbnAsAAAAAKV6yNXxejlyOs-8yzkIZzT7qOMM\"><\/div>\n\n\n\n<div style=\"height:20px\" aria-hidden=\"true\" class=\"wp-block-spacer\"><\/div>\n\n\n\n<div class=\"guten-element guten-button-wrapper guten-submit-wrapper guten-x2J1ur\"><div class=\"form-notification\"><\/div><button class=\"guten-button gutenverse-input-submit guten-button-sm\" type=\"submit\"><span>Jetzt bewerben<\/span><\/button><div class=\"gutenverse-input-submit-loader\"><svg xmlns=\"http:\/\/www.w3.org\/2000\/svg\" viewBox=\"0 0 640 640\"><path d=\"M272 112C272 85.5 293.5 64 320 64C346.5 64 368 85.5 368 112C368 138.5 346.5 160 320 160C293.5 160 272 138.5 272 112zM272 528C272 501.5 293.5 480 320 480C346.5 480 368 501.5 368 528C368 554.5 346.5 576 320 576C293.5 576 272 554.5 272 528zM112 272C138.5 272 160 293.5 160 320C160 346.5 138.5 368 112 368C85.5 368 64 346.5 64 320C64 293.5 85.5 272 112 272zM480 320C480 293.5 501.5 272 528 272C554.5 272 576 293.5 576 320C576 346.5 554.5 368 528 368C501.5 368 480 346.5 480 320zM139 433.1C157.8 414.3 188.1 414.3 206.9 433.1C225.7 451.9 225.7 482.2 206.9 501C188.1 519.8 157.8 519.8 139 501C120.2 482.2 120.2 451.9 139 433.1zM139 139C157.8 120.2 188.1 120.2 206.9 139C225.7 157.8 225.7 188.1 206.9 206.9C188.1 225.7 157.8 225.7 139 206.9C120.2 188.1 120.2 157.8 139 139zM501 433.1C519.8 451.9 519.8 482.2 501 501C482.2 519.8 451.9 519.8 433.1 501C414.3 482.2 414.3 451.9 433.1 433.1C451.9 414.3 482.2 414.3 501 433.1z\"><\/path><\/svg><\/div><\/div>\n<\/form>\n\n\n\n<div class=\"guten-element guten-spacer guten-bx5SVf\"><\/div>\n<\/div><\/div>\n<\/div><\/section><\/div>\n\n\n\n<div class=\"guten-element guten-spacer guten-suKxRv\"><\/div>\n<\/div><\/div>\n<\/div><\/section><\/div>\n","protected":false},"excerpt":{"rendered":"","protected":false},"author":2,"featured_media":0,"parent":0,"menu_order":0,"comment_status":"closed","ping_status":"closed","template":"","meta":{"_seopress_robots_primary_cat":"","_seopress_titles_title":"","_seopress_titles_desc":"","_seopress_robots_index":"","footnotes":""},"class_list":["post-2646","page","type-page","status-publish","hentry"],"blocksy_meta":{"background":{"background_type":"image","background_pattern":"type-1","background_image":{"attachment_id":1698,"x":0,"y":0.45,"url":"https:\/\/www.escapereadz.com\/wp-content\/uploads\/2026\/03\/background_schreibst_cu-1024x683.png"},"gradient":"linear-gradient(135deg,rgba(6,147,227,1) 0%,rgb(155,81,224) 100%)","background_repeat":"no-repeat","background_size":"cover","background_attachment":"fixed","patternColor":{"default":{"color":"#e5e7ea"}},"overlayColor":{"default":{"color":"CT_CSS_SKIP_RULE"}},"backgroundColor":{"default":{"color":"#ffffff"}}},"styles_descriptor":{"styles":{"desktop":"[data-prefix=\"single_page\"] {background-position:0% 45%;background-size:cover;background-attachment:fixed;background-repeat:no-repeat;background-color:#ffffff;background-image:url(https:\/\/www.escapereadz.com\/wp-content\/uploads\/2026\/03\/background_schreibst_cu.png);}","tablet":"","mobile":""},"google_fonts":[],"version":6}},"_links":{"self":[{"href":"https:\/\/www.escapereadz.eu\/de\/wp-json\/wp\/v2\/pages\/2646","targetHints":{"allow":["GET"]}}],"collection":[{"href":"https:\/\/www.escapereadz.eu\/de\/wp-json\/wp\/v2\/pages"}],"about":[{"href":"https:\/\/www.escapereadz.eu\/de\/wp-json\/wp\/v2\/types\/page"}],"author":[{"embeddable":true,"href":"https:\/\/www.escapereadz.eu\/de\/wp-json\/wp\/v2\/users\/2"}],"replies":[{"embeddable":true,"href":"https:\/\/www.escapereadz.eu\/de\/wp-json\/wp\/v2\/comments?post=2646"}],"version-history":[{"count":0,"href":"https:\/\/www.escapereadz.eu\/de\/wp-json\/wp\/v2\/pages\/2646\/revisions"}],"wp:attachment":[{"href":"https:\/\/www.escapereadz.eu\/de\/wp-json\/wp\/v2\/media?parent=2646"}],"curies":[{"name":"wp","href":"https:\/\/api.w.org\/{rel}","templated":true}]}}