{"id":25,"date":"2026-03-05T11:43:25","date_gmt":"2026-03-05T11:43:25","guid":{"rendered":"https:\/\/www.escapereadz.eu\/?page_id=25"},"modified":"2026-04-03T11:23:38","modified_gmt":"2026-04-03T11:23:38","slug":"rueckerstattung_rueckgaben","status":"publish","type":"page","link":"https:\/\/www.escapereadz.eu\/de\/rueckerstattung_rueckgaben\/","title":{"rendered":"Richtlinie f\u00fcr R\u00fcckgaben"},"content":{"rendered":"\n<div class=\"section-wrapper\" data-id=\"rAk2se\"><section class=\"wp-block-gutenverse-section guten-element guten-section guten-rAk2se layout-fullwidth align-stretch\"><div class=\"guten-container guten-column-gap-no\">\n<div class=\"wp-block-gutenverse-column guten-element guten-column guten-Wg9wui\"><div class=\"guten-column-wrapper\" data-id=\"Wg9wui\">\n<div class=\"guten-element guten-spacer guten-kkeZYa\"><\/div>\n\n\n\n<h2 class=\"wp-block-gutenverse-heading guten-element guten-B7mcSS\">Richtlinie f\u00fcr R\u00fcckerstattungen und R\u00fcckgaben<\/h2>\n\n\n\n<div class=\"guten-element guten-spacer guten-DP4eh4\"><\/div>\n<\/div><\/div>\n<\/div><\/section><\/div>\n\n\n\n<div class=\"section-wrapper\" data-id=\"9DPS1e\"><section class=\"wp-block-gutenverse-section guten-element guten-section guten-9DPS1e layout-boxed align-stretch\"><div class=\"guten-container guten-column-gap-default\">\n<div class=\"wp-block-gutenverse-column guten-element guten-column guten-LXIz47\"><div class=\"guten-column-wrapper\" data-id=\"LXIz47\">\n<div class=\"guten-element guten-spacer guten-3TxoL8\"><\/div>\n\n\n\n<p aria-label=\"Text Paragraph\" class=\"guten-element gutenverse-text guten-wf37gY\"><strong>Freiwillige R\u00fcckerstattung f\u00fcr E-Books<\/strong><br><br>Wir bieten eine freiwillige R\u00fcckerstattung f\u00fcr E-Books innerhalb von 24 Stunden nach dem Kauf an. Diese R\u00fcckerstattung ist nur m\u00f6glich, wenn das E-Book weder heruntergeladen noch ge\u00f6ffnet wurde.<br><br><strong>Ausnahmen:<\/strong><br>Escape Plus Abos sind von dieser R\u00fcckerstattungsregelung ausgeschlossen.<br><br><strong>Wichtig:<\/strong>\u00a0Mit dem Kauf stimmst du zu, dass wir sofort mit der Bereitstellung des E-Books beginnen. Dadurch erlischt dein Widerrufsrecht gem\u00e4\u00df \u00a7 356 Abs. 4 Nr. 2 BGB (B\u00fcrgerliches Gesetzbuch). Unsere freiwillige R\u00fcckerstattung kann jederzeit eingestellt oder bei Missbrauch verweigert werden. Es besteht kein Rechtsanspruch auf R\u00fcckerstattung.<\/p>\n\n\n\n<div class=\"guten-element guten-spacer guten-u1OCYj\"><\/div>\n<\/div><\/div>\n<\/div><\/section><\/div>\n","protected":false},"excerpt":{"rendered":"","protected":false},"author":1,"featured_media":0,"parent":0,"menu_order":0,"comment_status":"closed","ping_status":"closed","template":"","meta":{"_seopress_robots_primary_cat":"","_seopress_titles_title":"","_seopress_titles_desc":"","_seopress_robots_index":"","footnotes":""},"class_list":["post-25","page","type-page","status-publish","hentry"],"blocksy_meta":{"background":{"background_type":"image","background_pattern":"type-1","background_image":{"attachment_id":65,"x":0,"y":0.45,"url":"https:\/\/www.escapereadz.com\/wp-content\/uploads\/2026\/03\/background_schreibst_cu-1024x683.webp"},"gradient":"linear-gradient(135deg,rgba(6,147,227,1) 0%,rgb(155,81,224) 100%)","background_repeat":"no-repeat","background_size":"cover","background_attachment":"fixed","patternColor":{"default":{"color":"#e5e7ea"}},"overlayColor":{"default":{"color":"CT_CSS_SKIP_RULE"}},"backgroundColor":{"default":{"color":"#ffffff"}}},"styles_descriptor":{"styles":{"desktop":"[data-prefix=\"single_page\"] {background-position:0% 45%;background-size:cover;background-attachment:fixed;background-repeat:no-repeat;background-color:#ffffff;background-image:url(https:\/\/www.escapereadz.com\/wp-content\/uploads\/2026\/03\/background_schreibst_cu.webp);}","tablet":"","mobile":""},"google_fonts":[],"version":6}},"_links":{"self":[{"href":"https:\/\/www.escapereadz.eu\/de\/wp-json\/wp\/v2\/pages\/25","targetHints":{"allow":["GET"]}}],"collection":[{"href":"https:\/\/www.escapereadz.eu\/de\/wp-json\/wp\/v2\/pages"}],"about":[{"href":"https:\/\/www.escapereadz.eu\/de\/wp-json\/wp\/v2\/types\/page"}],"author":[{"embeddable":true,"href":"https:\/\/www.escapereadz.eu\/de\/wp-json\/wp\/v2\/users\/1"}],"replies":[{"embeddable":true,"href":"https:\/\/www.escapereadz.eu\/de\/wp-json\/wp\/v2\/comments?post=25"}],"version-history":[{"count":1,"href":"https:\/\/www.escapereadz.eu\/de\/wp-json\/wp\/v2\/pages\/25\/revisions"}],"predecessor-version":[{"id":2736,"href":"https:\/\/www.escapereadz.eu\/de\/wp-json\/wp\/v2\/pages\/25\/revisions\/2736"}],"wp:attachment":[{"href":"https:\/\/www.escapereadz.eu\/de\/wp-json\/wp\/v2\/media?parent=25"}],"curies":[{"name":"wp","href":"https:\/\/api.w.org\/{rel}","templated":true}]}}