{"id":2217,"date":"2026-03-30T06:10:01","date_gmt":"2026-03-30T06:10:01","guid":{"rendered":"https:\/\/www.escapereadz.eu\/?page_id=2217"},"modified":"2026-03-30T10:01:18","modified_gmt":"2026-03-30T10:01:18","slug":"escape-plus-faq","status":"publish","type":"page","link":"https:\/\/www.escapereadz.eu\/de\/escape-plus-faq\/","title":{"rendered":"Escape Plus FAQ"},"content":{"rendered":"\n<div class=\"section-wrapper\" data-id=\"k1nI4G\"><section class=\"wp-block-gutenverse-section guten-element guten-section guten-k1nI4G layout-boxed align-stretch\"><div class=\"guten-container guten-column-gap-default\">\n<div class=\"wp-block-gutenverse-column guten-element guten-column guten-sCyKa6\"><div class=\"guten-column-wrapper\" data-id=\"sCyKa6\">\n<div class=\"guten-element guten-spacer guten-c7nQkM\"><\/div>\n\n\n\n<h2 class=\"wp-block-gutenverse-heading guten-element guten-5wLeQE\">Escape Plus FAQ<\/h2>\n\n\n\n<div class=\"section-wrapper\" data-id=\"3PuYcY\"><section class=\"wp-block-gutenverse-section guten-element guten-section guten-3PuYcY layout-boxed align-stretch\"><div class=\"guten-container guten-column-gap-default\">\n<div class=\"wp-block-gutenverse-column guten-element guten-column guten-6HZoO7\"><div class=\"guten-column-wrapper\" data-id=\"6HZoO7\">\n<div class=\"guten-element guten-accordions-wrapper guten-B6i9bE\"><div class=\"guten-accordions\">\n<div class=\"accordion-item guten-xhgsZT\"><div class=\"accordion-heading\"><div class=\"accordion-icon\"><span class=\"accordion-icon-open\"><i class=\"fas fa-minus\"><\/i><\/span><span class=\"accordion-icon-closed\"><i class=\"fas fa-plus\"><\/i><\/span><\/div><span class=\"accordion-text\"><strong>Was ist Escape Plus?<\/strong><\/span><\/div><div class=\"accordion-body\"><div class=\"accordion-content\">\n<p>Escape Plus ist ein kostenpflichtiges Abonnement, das dir Zugriff auf exklusive Inhalte von Escape Readz bietet.<\/p>\n\n\n\n<p>Dazu geh\u00f6ren:<\/p>\n\n\n\n<ul class=\"wp-block-list\">\n<li>Zugriff auf&nbsp;<strong>alle verf\u00fcgbaren B\u00fccher<\/strong><\/li>\n\n\n\n<li><strong>Kurzgeschichten<\/strong>&nbsp;und&nbsp;<strong>alternative Story-Versionen<\/strong><\/li>\n\n\n\n<li>Zugang zum&nbsp;<strong>VIP-Bereich<\/strong>, inklusive:\n<ul class=\"wp-block-list\">\n<li>Vorab-Kapiteln<\/li>\n\n\n\n<li>Interviews mit Figuren<\/li>\n<\/ul>\n<\/li>\n\n\n\n<li>Zugriff auf das Magazin&nbsp;<strong>Viento Libre<\/strong><\/li>\n\n\n\n<li>Teilnahme an der&nbsp;<strong>Community<\/strong>&nbsp;(Diskussion, Feedback, Vorschl\u00e4ge)<\/li>\n<\/ul>\n<\/div><\/div><\/div>\n\n\n\n<div class=\"accordion-item guten-D6yqMr\"><div class=\"accordion-heading\"><div class=\"accordion-icon\"><span class=\"accordion-icon-open\"><i class=\"fas fa-minus\"><\/i><\/span><span class=\"accordion-icon-closed\"><i class=\"fas fa-plus\"><\/i><\/span><\/div><span class=\"accordion-text\"><strong>Wie kann ich Escape Plus buchen?<\/strong><\/span><\/div><div class=\"accordion-body\"><div class=\"accordion-content\">\n<p>Die Buchung erfolgt \u00fcber den Bereich \u201eEscape Plus\u201c:<\/p>\n\n\n\n<ol start=\"1\" class=\"wp-block-list\">\n<li>Auswahl von:\n<ul class=\"wp-block-list\">\n<li>Monatsabo oder<\/li>\n\n\n\n<li>Probeabo<\/li>\n<\/ul>\n<\/li>\n\n\n\n<li>Weiterleitung zur Buchungsseite<\/li>\n\n\n\n<li>Anzeige des n\u00e4chsten Abrechnungsdatums vor Abschluss<\/li>\n<\/ol>\n\n\n\n<p>Mit Abschluss der Buchung gehst du ein kostenpflichtiges Abonnement ein <\/p>\n<\/div><\/div><\/div>\n\n\n\n<div class=\"accordion-item guten-JenB0H\"><div class=\"accordion-heading\"><div class=\"accordion-icon\"><span class=\"accordion-icon-open\"><i class=\"fas fa-minus\"><\/i><\/span><span class=\"accordion-icon-closed\"><i class=\"fas fa-plus\"><\/i><\/span><\/div><span class=\"accordion-text\"><strong>Laufzeit, Verl\u00e4ngerung &amp; K\u00fcndigung<\/strong><\/span><\/div><div class=\"accordion-body\"><div class=\"accordion-content\">\n<ul class=\"wp-block-list\">\n<li>Das Abonnement hat eine Laufzeit von&nbsp;<strong>4 Wochen<\/strong><\/li>\n\n\n\n<li>Es verl\u00e4ngert sich&nbsp;<strong>automatisch um jeweils weitere 4 Wochen<\/strong>, sofern keine K\u00fcndigung erfolgt<\/li>\n\n\n\n<li>Das&nbsp;<strong>Probeabo verl\u00e4ngert sich nicht automatisch<\/strong>&nbsp;(Lauftzeit 3 Tage)<\/li>\n<\/ul>\n\n\n\n<h5 class=\"wp-block-heading\"><strong>K\u00fcndigung<\/strong><\/h5>\n\n\n\n<ul class=\"wp-block-list\">\n<li>K\u00fcndigungen sind jederzeit m\u00f6glich<\/li>\n\n\n\n<li>Die K\u00fcndigung wird zum Ende der aktuellen Laufzeit wirksam<\/li>\n\n\n\n<li>Erfolgt keine K\u00fcndigung vor dem Verl\u00e4ngerungszeitpunkt, verl\u00e4ngert sich das Abo automatisch<\/li>\n<\/ul>\n\n\n\n<h5 class=\"wp-block-heading\"><strong>Erinnerungen<\/strong><\/h5>\n\n\n\n<p>Vor jeder Verl\u00e4ngerung erh\u00e4ltst du:<\/p>\n\n\n\n<ul class=\"wp-block-list\">\n<li>eine E-Mail&nbsp;<strong>2 Tage vorher<\/strong><\/li>\n\n\n\n<li>eine E-Mail&nbsp;<strong>1 Tag vorher<\/strong><\/li>\n<\/ul>\n<\/div><\/div><\/div>\n\n\n\n<div class=\"accordion-item guten-7AUyvm\"><div class=\"accordion-heading\"><div class=\"accordion-icon\"><span class=\"accordion-icon-open\"><i class=\"fas fa-minus\"><\/i><\/span><span class=\"accordion-icon-closed\"><i class=\"fas fa-plus\"><\/i><\/span><\/div><span class=\"accordion-text\"><strong>Kulanzregelung bei versp\u00e4teter K\u00fcndigung<\/strong><\/span><\/div><div class=\"accordion-body\"><div class=\"accordion-content\">\n<ul class=\"wp-block-list\">\n<li>In Ausnahmef\u00e4llen kann eine K\u00fcndigung&nbsp;<strong>bis zu 24 Stunden nach Verl\u00e4ngerung<\/strong>&nbsp;ber\u00fccksichtigt werden<\/li>\n\n\n\n<li>In diesem Fall kann eine&nbsp;<strong>Erstattung erfolgen<\/strong><\/li>\n<\/ul>\n\n\n\n<p>\ud83d\udc49 Wichtig:<\/p>\n\n\n\n<ul class=\"wp-block-list\">\n<li>Dies erfolgt&nbsp;<strong>freiwillig und ohne Rechtsanspruch<\/strong><\/li>\n\n\n\n<li>Entscheidungen erfolgen&nbsp;<strong>nach Einzelfallpr\u00fcfung<\/strong><\/li>\n\n\n\n<li>Bei Verdacht auf Missbrauch kann eine Erstattung abgelehnt werden<\/li>\n<\/ul>\n<\/div><\/div><\/div>\n\n\n\n<div class=\"accordion-item guten-6ICftS\"><div class=\"accordion-heading\"><div class=\"accordion-icon\"><span class=\"accordion-icon-open\"><i class=\"fas fa-minus\"><\/i><\/span><span class=\"accordion-icon-closed\"><i class=\"fas fa-plus\"><\/i><\/span><\/div><span class=\"accordion-text\"><strong>R\u00fcckerstattungen &amp; Widerrufsrecht<\/strong><\/span><\/div><div class=\"accordion-body\"><div class=\"accordion-content\">\n<p>Mit Abschluss des Abonnements erkl\u00e4rst du dich damit einverstanden, dass:<\/p>\n\n\n\n<ul class=\"wp-block-list\">\n<li>die Leistung&nbsp;<strong>sofort beginnt<\/strong><\/li>\n\n\n\n<li>dein gesetzliches&nbsp;<strong>Widerrufsrecht gem\u00e4\u00df \u00a7 356 Abs. 5 BGB erlischt<\/strong><\/li>\n<\/ul>\n\n\n\n<h5 class=\"wp-block-heading\"><strong>Daher gilt:<\/strong><\/h5>\n\n\n\n<ul class=\"wp-block-list\">\n<li><strong>R\u00fcckerstattungen sind grunds\u00e4tzlich ausgeschlossen<\/strong><\/li>\n<\/ul>\n\n\n\n<p>\ud83d\udc49 Ausnahme:<\/p>\n\n\n\n<ul class=\"wp-block-list\">\n<li>In Einzelf\u00e4llen kann eine R\u00fcckerstattung&nbsp;<strong>aus Kulanz<\/strong>&nbsp;erfolgen<\/li>\n\n\n\n<li>Es besteht&nbsp;<strong>kein Anspruch<\/strong>&nbsp;auf eine solche Erstattung<\/li>\n<\/ul>\n<\/div><\/div><\/div>\n\n\n\n<div class=\"accordion-item guten-fsYXyw\"><div class=\"accordion-heading\"><div class=\"accordion-icon\"><span class=\"accordion-icon-open\"><i class=\"fas fa-minus\"><\/i><\/span><span class=\"accordion-icon-closed\"><i class=\"fas fa-plus\"><\/i><\/span><\/div><span class=\"accordion-text\"><strong>Nutzung des Buchreaders<\/strong><\/span><\/div><div class=\"accordion-body\"><div class=\"accordion-content\">\n<ul class=\"wp-block-list\">\n<li>Inhalte sind \u00fcber die Plattform abrufbar und nach&nbsp;<strong>Serien strukturiert<\/strong><\/li>\n\n\n\n<li>Durch Klick auf das Buchicon <img alt=\"\" decoding=\"async\" class=\"wp-image-2220\" style=\"width: 24px;\" src=\"https:\/\/www.escapereadz.eu\/wp-content\/uploads\/2026\/03\/Bildschirmfoto-2026-03-30-um-08.06.58.png\" alt=\"\"> \u00f6ffnet sich der integrierte Reader<\/li>\n<\/ul>\n\n\n\n<p>Weitere Informationen zum Reader:<\/p>\n\n\n\n<p><a href=\"https:\/\/www.escapereadz.eu\/de\/unser-buchreader\/?utm_source=chatgpt.com\">Zum Buchreader<\/a><\/p>\n<\/div><\/div><\/div>\n\n\n\n<div class=\"accordion-item guten-TmXJPF\"><div class=\"accordion-heading\"><div class=\"accordion-icon\"><span class=\"accordion-icon-open\"><i class=\"fas fa-minus\"><\/i><\/span><span class=\"accordion-icon-closed\"><i class=\"fas fa-plus\"><\/i><\/span><\/div><span class=\"accordion-text\"><strong>Community-Nutzung<\/strong><\/span><\/div><div class=\"accordion-body\"><div class=\"accordion-content\">\n<p>Mit Escape Plus erh\u00e4ltst du Zugang zur Community.<\/p>\n\n\n\n<p>Dort kannst du:<\/p>\n\n\n\n<ul class=\"wp-block-list\">\n<li>Inhalte diskutieren<\/li>\n\n\n\n<li>Feedback geben<\/li>\n\n\n\n<li>Vorschl\u00e4ge einreichen<\/li>\n<\/ul>\n<\/div><\/div><\/div>\n\n\n\n<div class=\"accordion-item guten-CbG4Tx\"><div class=\"accordion-heading\"><div class=\"accordion-icon\"><span class=\"accordion-icon-open\"><i class=\"fas fa-minus\"><\/i><\/span><span class=\"accordion-icon-closed\"><i class=\"fas fa-plus\"><\/i><\/span><\/div><span class=\"accordion-text\"><strong>Hinweis<\/strong><\/span><\/div><div class=\"accordion-body\"><div class=\"accordion-content\">\n<p>Escape Plus ist ein digitales Abonnement.<\/p>\n\n\n\n<p>Mit der Buchung akzeptierst du die jeweils g\u00fcltigen Bedingungen.<\/p>\n<\/div><\/div><\/div>\n<\/div><\/div>\n<\/div><\/div>\n<\/div><\/section><\/div>\n\n\n\n<div class=\"guten-element guten-spacer guten-HoA1sE\"><\/div>\n<\/div><\/div>\n<\/div><\/section><\/div>\n\n\n\n<p><\/p>\n","protected":false},"excerpt":{"rendered":"","protected":false},"author":1,"featured_media":0,"parent":0,"menu_order":0,"comment_status":"closed","ping_status":"closed","template":"","meta":{"_seopress_robots_primary_cat":"","_seopress_titles_title":"","_seopress_titles_desc":"","_seopress_robots_index":"","footnotes":""},"class_list":["post-2217","page","type-page","status-publish","hentry"],"blocksy_meta":{"background":{"background_type":"image","background_pattern":"type-1","background_image":{"attachment_id":1749,"x":0,"y":0.45,"url":"https:\/\/www.escapereadz.com\/wp-content\/uploads\/2026\/03\/background_schreibst_cu-1024x683.webp"},"gradient":"linear-gradient(135deg,rgba(6,147,227,1) 0%,rgb(155,81,224) 100%)","background_repeat":"no-repeat","background_size":"cover","background_attachment":"fixed","patternColor":{"default":{"color":"#e5e7ea"}},"overlayColor":{"default":{"color":"CT_CSS_SKIP_RULE"}},"backgroundColor":{"default":{"color":"#ffffff"}}},"styles_descriptor":{"styles":{"desktop":"[data-prefix=\"single_page\"] {background-position:0% 45%;background-size:cover;background-attachment:fixed;background-repeat:no-repeat;background-color:#ffffff;background-image:url(https:\/\/www.escapereadz.com\/wp-content\/uploads\/2026\/03\/background_schreibst_cu.webp);}","tablet":"","mobile":""},"google_fonts":[],"version":6}},"_links":{"self":[{"href":"https:\/\/www.escapereadz.eu\/de\/wp-json\/wp\/v2\/pages\/2217","targetHints":{"allow":["GET"]}}],"collection":[{"href":"https:\/\/www.escapereadz.eu\/de\/wp-json\/wp\/v2\/pages"}],"about":[{"href":"https:\/\/www.escapereadz.eu\/de\/wp-json\/wp\/v2\/types\/page"}],"author":[{"embeddable":true,"href":"https:\/\/www.escapereadz.eu\/de\/wp-json\/wp\/v2\/users\/1"}],"replies":[{"embeddable":true,"href":"https:\/\/www.escapereadz.eu\/de\/wp-json\/wp\/v2\/comments?post=2217"}],"version-history":[{"count":0,"href":"https:\/\/www.escapereadz.eu\/de\/wp-json\/wp\/v2\/pages\/2217\/revisions"}],"wp:attachment":[{"href":"https:\/\/www.escapereadz.eu\/de\/wp-json\/wp\/v2\/media?parent=2217"}],"curies":[{"name":"wp","href":"https:\/\/api.w.org\/{rel}","templated":true}]}}