{"id":1515,"date":"2026-03-19T16:22:27","date_gmt":"2026-03-19T16:22:27","guid":{"rendered":"https:\/\/www.escapereadz.eu\/?page_id=1515"},"modified":"2026-04-07T10:27:21","modified_gmt":"2026-04-07T10:27:21","slug":"autoren-faq","status":"publish","type":"page","link":"https:\/\/www.escapereadz.eu\/de\/autoren-faq\/","title":{"rendered":"Autoren FAQ"},"content":{"rendered":"\n<div class=\"section-wrapper\" data-id=\"Tlhdzz\"><section class=\"wp-block-gutenverse-section guten-element guten-section guten-Tlhdzz layout-boxed align-stretch\"><div class=\"guten-container guten-column-gap-default\">\n<div class=\"wp-block-gutenverse-column guten-element guten-column guten-IV50QJ\"><div class=\"guten-column-wrapper\" data-id=\"IV50QJ\">\n<div class=\"guten-element guten-spacer guten-W04XqW\"><\/div>\n\n\n\n<h2 class=\"wp-block-gutenverse-heading guten-element guten-pJwRNM\"><strong>H\u00e4ufige Fragen f\u00fcr Verlagsautoren<\/strong><\/h2>\n\n\n\n<div class=\"guten-element guten-spacer guten-Hsz45y\"><\/div>\n<\/div><\/div>\n<\/div><\/section><\/div>\n\n\n\n<div class=\"section-wrapper\" data-id=\"dUaL78\"><section class=\"wp-block-gutenverse-section guten-element guten-section guten-dUaL78 layout-boxed align-stretch\"><div class=\"guten-container guten-column-gap-default\">\n<div class=\"wp-block-gutenverse-column guten-element guten-column guten-fWox2q\"><div class=\"guten-column-wrapper\" data-id=\"fWox2q\">\n<div class=\"guten-element guten-accordions-wrapper guten-wmjd3b\"><div class=\"guten-accordions\">\n<div class=\"accordion-item guten-Mdq1sv\"><div class=\"accordion-heading\"><div class=\"accordion-icon\"><span class=\"accordion-icon-open\"><i class=\"fas fa-minus\"><\/i><\/span><span class=\"accordion-icon-closed\"><i class=\"fas fa-plus\"><\/i><\/span><\/div><span class=\"accordion-text\">Welche Voraussetzungen muss mein Manuskript erf\u00fcllen?<\/span><\/div><div class=\"accordion-body\"><div class=\"accordion-content\">\n<p>Dein Manuskript muss vollst\u00e4ndig \u00fcberarbeitet sein und unseren Genres entsprechen (Romance Feel Good, Romantic Suspense, Romantasy). Unfertige Texte werden nicht ber\u00fccksichtigt.<\/p>\n<\/div><\/div><\/div>\n\n\n\n<div class=\"accordion-item guten-8v9g73\"><div class=\"accordion-heading\"><div class=\"accordion-icon\"><span class=\"accordion-icon-open\"><i class=\"fas fa-minus\"><\/i><\/span><span class=\"accordion-icon-closed\"><i class=\"fas fa-plus\"><\/i><\/span><\/div><span class=\"accordion-text\"><strong>Wie lang darf mein Manuskript sein?<\/strong><\/span><\/div><div class=\"accordion-body\"><div class=\"accordion-content\">\n<p>Dein Manuskript sollte zwischen\u00a0<strong>18.000 und 30.000 W\u00f6rtern<\/strong>\u00a0umfassen.<\/p>\n<\/div><\/div><\/div>\n\n\n\n<div class=\"accordion-item guten-j41tlD\"><div class=\"accordion-heading\"><div class=\"accordion-icon\"><span class=\"accordion-icon-open\"><i class=\"fas fa-minus\"><\/i><\/span><span class=\"accordion-icon-closed\"><i class=\"fas fa-plus\"><\/i><\/span><\/div><span class=\"accordion-text\">Wie sollte meine Geschichte aufgebaut sein?<\/span><\/div><div class=\"accordion-body\"><div class=\"accordion-content\">\n<p>Unsere Geschichten sind&nbsp;<strong>dialoggetrieben<\/strong>.<\/p>\n\n\n\n<p>Die Handlung entwickelt sich \u00fcber Figuren, Dynamik und Gespr\u00e4che \u2013 nicht \u00fcber reine Beschreibung.<\/p>\n<\/div><\/div><\/div>\n\n\n\n<div class=\"accordion-item guten-R9rleg\"><div class=\"accordion-heading\"><div class=\"accordion-icon\"><span class=\"accordion-icon-open\"><i class=\"fas fa-minus\"><\/i><\/span><span class=\"accordion-icon-closed\"><i class=\"fas fa-plus\"><\/i><\/span><\/div><span class=\"accordion-text\">Darf ich meine Geschichte bereits woanders ver\u00f6ffentlicht haben?<\/span><\/div><div class=\"accordion-body\"><div class=\"accordion-content\">\n<p>Nein.<\/p>\n\n\n\n<p><strong>Serienteile und Manuskripte d\u00fcrfen nicht bereits ver\u00f6ffentlicht sein<\/strong>&nbsp;oder parallel anderswo erscheinen.<\/p>\n<\/div><\/div><\/div>\n\n\n\n<div class=\"accordion-item guten-KHgsem\"><div class=\"accordion-heading\"><div class=\"accordion-icon\"><span class=\"accordion-icon-open\"><i class=\"fas fa-minus\"><\/i><\/span><span class=\"accordion-icon-closed\"><i class=\"fas fa-plus\"><\/i><\/span><\/div><span class=\"accordion-text\">In welcher Form wird mein Buch ver\u00f6ffentlicht?<\/span><\/div><div class=\"accordion-body\"><div class=\"accordion-content\">\n<p>Wir ver\u00f6ffentlichen ausschlie\u00dflich&nbsp;<strong>digitale E-Books<\/strong>.<\/p>\n\n\n\n<p>Die Ver\u00f6ffentlichung erfolgt&nbsp;<strong>exklusiv \u00fcber Escape Readz<\/strong>.<\/p>\n<\/div><\/div><\/div>\n\n\n\n<div class=\"accordion-item guten-VUMc4O\"><div class=\"accordion-heading\"><div class=\"accordion-icon\"><span class=\"accordion-icon-open\"><i class=\"fas fa-minus\"><\/i><\/span><span class=\"accordion-icon-closed\"><i class=\"fas fa-plus\"><\/i><\/span><\/div><span class=\"accordion-text\">Was bedeutet die Exklusivit\u00e4t?<\/span><\/div><div class=\"accordion-body\"><div class=\"accordion-content\">\n<p>Dein Werk wird w\u00e4hrend der Zusammenarbeit ausschlie\u00dflich \u00fcber uns vertrieben und darf nicht gleichzeitig auf anderen Plattformen angeboten werden.<\/p>\n<\/div><\/div><\/div>\n\n\n\n<div class=\"accordion-item guten-7ehGdE\"><div class=\"accordion-heading\"><div class=\"accordion-icon\"><span class=\"accordion-icon-open\"><i class=\"fas fa-minus\"><\/i><\/span><span class=\"accordion-icon-closed\"><i class=\"fas fa-plus\"><\/i><\/span><\/div><span class=\"accordion-text\">Wird mein Buch \u00fcbersetzt?<\/span><\/div><div class=\"accordion-body\"><div class=\"accordion-content\">\n<p>Ja.<\/p>\n\n\n\n<p>Du erkl\u00e4rst dich damit einverstanden, dass wir dein Werk in folgende Sprachen \u00fcbersetzen:<\/p>\n\n\n\n<ul class=\"wp-block-list\">\n<li>Deutsch<\/li>\n\n\n\n<li>Englisch<\/li>\n\n\n\n<li>Spanisch<\/li>\n\n\n\n<li>Franz\u00f6sisch<\/li>\n\n\n\n<li>Italienisch<\/li>\n<\/ul>\n\n\n\n<p>Falls du selbst \u00dcbersetzungen liefern m\u00f6chtest, ist das m\u00f6glich.<\/p>\n<\/div><\/div><\/div>\n\n\n\n<div class=\"accordion-item guten-d7LErp\"><div class=\"accordion-heading\"><div class=\"accordion-icon\"><span class=\"accordion-icon-open\"><i class=\"fas fa-minus\"><\/i><\/span><span class=\"accordion-icon-closed\"><i class=\"fas fa-plus\"><\/i><\/span><\/div><span class=\"accordion-text\">Muss ich mich als Autor aktiv beteiligen?<\/span><\/div><div class=\"accordion-body\"><div class=\"accordion-content\">\n<p>Ja.<\/p>\n\n\n\n<p>Wir erwarten eine&nbsp;<strong>aktive Mitarbeit<\/strong>, insbesondere im Bereich Sichtbarkeit und Reichweite (z. B. Social Media, Kommunikation mit Lesern).<\/p>\n<\/div><\/div><\/div>\n\n\n\n<div class=\"accordion-item guten-IfCUVB\"><div class=\"accordion-heading\"><div class=\"accordion-icon\"><span class=\"accordion-icon-open\"><i class=\"fas fa-minus\"><\/i><\/span><span class=\"accordion-icon-closed\"><i class=\"fas fa-plus\"><\/i><\/span><\/div><span class=\"accordion-text\">Wird mein Buch auch im Abo-Modell ver\u00f6ffentlich<\/span><\/div><div class=\"accordion-body\"><div class=\"accordion-content\">\n<p>Ja.<\/p>\n\n\n\n<p>Dein Buch wird zus\u00e4tzlich im&nbsp;<strong>Escape Plus Modell<\/strong>&nbsp;angeboten.<\/p>\n<\/div><\/div><\/div>\n\n\n\n<div class=\"accordion-item guten-otYKBq\"><div class=\"accordion-heading\"><div class=\"accordion-icon\"><span class=\"accordion-icon-open\"><i class=\"fas fa-minus\"><\/i><\/span><span class=\"accordion-icon-closed\"><i class=\"fas fa-plus\"><\/i><\/span><\/div><span class=\"accordion-text\">Wie werde ich verg\u00fctet?<\/span><\/div><div class=\"accordion-body\"><div class=\"accordion-content\">\n<ul class=\"wp-block-list\">\n<li><strong>35 % Beteiligung<\/strong>\u00a0an den Einnahmen aus Einzelverk\u00e4ufen (E-Books)<\/li>\n\n\n\n<li><strong>45 % der Escape Plus Einnahmen<\/strong>\u00a0werden auf alle teilnehmenden Autoren verteilt<\/li>\n<\/ul>\n<\/div><\/div><\/div>\n\n\n\n<div class=\"accordion-item guten-H2ABXC active\"><div class=\"accordion-heading\"><div class=\"accordion-icon\"><span class=\"accordion-icon-open\"><i class=\"fas fa-minus\"><\/i><\/span><span class=\"accordion-icon-closed\"><i class=\"fas fa-plus\"><\/i><\/span><\/div><span class=\"accordion-text\">Wann erfolgen Auszahlungen?<\/span><\/div><div class=\"accordion-body\"><div class=\"accordion-content\">\n<p>Die Auszahlung erfolgt\u00a0<strong>14 Tage nach Ende des jeweiligen Abrechnungsmonats<\/strong>.<\/p>\n<\/div><\/div><\/div>\n<\/div><\/div>\n<\/div><\/div>\n<\/div><\/section><\/div>\n\n\n\n<div class=\"guten-element guten-spacer guten-4HM4DG\"><\/div>\n","protected":false},"excerpt":{"rendered":"","protected":false},"author":1,"featured_media":0,"parent":0,"menu_order":0,"comment_status":"closed","ping_status":"closed","template":"","meta":{"_seopress_robots_primary_cat":"","_seopress_titles_title":"","_seopress_titles_desc":"","_seopress_robots_index":"","footnotes":""},"class_list":["post-1515","page","type-page","status-publish","hentry"],"blocksy_meta":{"background":{"background_type":"image","background_pattern":"type-1","background_image":{"attachment_id":1698,"x":0,"y":0.45,"url":"https:\/\/www.escapereadz.eu\/wp-content\/uploads\/2026\/03\/background_schreibst_cu-1024x683.png"},"gradient":"linear-gradient(135deg,rgba(6,147,227,1) 0%,rgb(155,81,224) 100%)","background_repeat":"no-repeat","background_size":"cover","background_attachment":"fixed","patternColor":{"default":{"color":"#e5e7ea"}},"overlayColor":{"default":{"color":"CT_CSS_SKIP_RULE"}},"backgroundColor":{"default":{"color":"#ffffff"}}},"styles_descriptor":{"styles":{"desktop":"[data-prefix=\"single_page\"] {background-position:0% 45%;background-size:cover;background-attachment:fixed;background-repeat:no-repeat;background-color:#ffffff;background-image:url(https:\/\/www.escapereadz.eu\/wp-content\/uploads\/2026\/03\/background_schreibst_cu.png);}","tablet":"","mobile":""},"google_fonts":[],"version":6}},"_links":{"self":[{"href":"https:\/\/www.escapereadz.eu\/de\/wp-json\/wp\/v2\/pages\/1515","targetHints":{"allow":["GET"]}}],"collection":[{"href":"https:\/\/www.escapereadz.eu\/de\/wp-json\/wp\/v2\/pages"}],"about":[{"href":"https:\/\/www.escapereadz.eu\/de\/wp-json\/wp\/v2\/types\/page"}],"author":[{"embeddable":true,"href":"https:\/\/www.escapereadz.eu\/de\/wp-json\/wp\/v2\/users\/1"}],"replies":[{"embeddable":true,"href":"https:\/\/www.escapereadz.eu\/de\/wp-json\/wp\/v2\/comments?post=1515"}],"version-history":[{"count":0,"href":"https:\/\/www.escapereadz.eu\/de\/wp-json\/wp\/v2\/pages\/1515\/revisions"}],"wp:attachment":[{"href":"https:\/\/www.escapereadz.eu\/de\/wp-json\/wp\/v2\/media?parent=1515"}],"curies":[{"name":"wp","href":"https:\/\/api.w.org\/{rel}","templated":true}]}}