{"id":1286,"date":"2026-03-18T09:50:39","date_gmt":"2026-03-18T09:50:39","guid":{"rendered":"https:\/\/www.escapereadz.eu\/?page_id=1286"},"modified":"2026-03-30T07:28:41","modified_gmt":"2026-03-30T07:28:41","slug":"nuestro-lector-de-libros","status":"publish","type":"page","link":"https:\/\/www.escapereadz.eu\/de\/nuestro-lector-de-libros\/","title":{"rendered":"Unser Buchreader"},"content":{"rendered":"\n<div class=\"guten-element guten-spacer guten-IQIhbO\"><\/div>\n\n\n\n<div class=\"section-wrapper\" data-id=\"sHE0Ni\"><section class=\"wp-block-gutenverse-section guten-element guten-section guten-sHE0Ni layout-boxed align-stretch\"><div class=\"guten-container guten-column-gap-default\">\n<div class=\"wp-block-gutenverse-column guten-element guten-column guten-DLOBm8\"><div class=\"guten-column-wrapper\" data-id=\"DLOBm8\">\n<div class=\"guten-element guten-spacer guten-sJ8GFN\"><\/div>\n\n\n\n<h2 class=\"wp-block-gutenverse-heading guten-element guten-WjK5Hv\">Web Reader<\/h2>\n\n\n\n<div class=\"section-wrapper\" data-id=\"z6CP8E\"><section class=\"wp-block-gutenverse-section guten-element guten-section guten-z6CP8E layout-boxed align-stretch\"><div class=\"guten-container guten-column-gap-default\">\n<div class=\"wp-block-gutenverse-column guten-element guten-column guten-6OvtQe\"><div class=\"guten-column-wrapper\" data-id=\"6OvtQe\">\n<p aria-label=\"Text Paragraph\" class=\"guten-element gutenverse-text guten-YZpLO4\">Unser eigener Web-Reader kann in jedem aktuellen Webbrowser verwendet werden.<br>Unabh\u00e4ngig vom Ger\u00e4t und vom Betriebssystem. Die Sprache passt sich der Sprache der Webseite an.<br>Das Ziel war es, einen einfachen und funktionalen Reader anzubieten.<\/p>\n<\/div><\/div>\n<\/div><\/section><\/div>\n\n\n\n<div class=\"guten-element guten-spacer guten-3ciW6Z\"><\/div>\n\n\n\n<div class=\"wp-block-gutenverse-image guten-element guten-image guten-mVjIUh\"><div class=\"guten-image-wrapper\"><img decoding=\"async\" class=\"gutenverse-image-box-filled\" src=\"https:\/\/www.escapereadz.eu\/wp-content\/uploads\/2026\/03\/Bildschirmfoto-2026-03-18-um-10.40.29.png\" height=\"983\" width=\"1300\"\/><\/div><\/div>\n\n\n\n<div class=\"guten-element guten-spacer guten-kuGQOj\"><\/div>\n\n\n\n<p aria-label=\"Text Paragraph\" class=\"guten-element gutenverse-text guten-w3x5mE\">Auf gro\u00dfen Bildschirmen befindet sich das Inhaltsverzeichnis auf der linken Seite; auf Mobilger\u00e4ten wird das Inhaltsverzeichnis oben angezeigt.<\/p>\n\n\n\n<p aria-label=\"Text Paragraph\" class=\"guten-element gutenverse-text guten-ArKYyR\">Mit dem Schieberegler kannst du die Schriftgr\u00f6\u00dfe anpassen und rechts zum Anfang des Buches zur\u00fcckkehren.<br>Der Reader speichert in deinem Browser die Stelle, an der du das Lesen unterbrochen hast.<br>Wenn du die Seite erneut \u00f6ffnest, kannst du an dieser Stelle weiterlesen.<br><\/p>\n\n\n\n<p aria-label=\"Text Paragraph\" class=\"guten-element gutenverse-text guten-v59nGz\"><strong>Achtung:<\/strong><\/p>\n\n\n\n<p aria-label=\"Text Paragraph\" class=\"guten-element gutenverse-text guten-BNQipK\">Wenn du den Cache leerst, einen anderen Browser oder ein neues Ger\u00e4t verwendest, musst du von vorne beginnen.<\/p>\n\n\n\n<p aria-label=\"Text Paragraph\" class=\"guten-element gutenverse-text guten-U9IEzq\"><br><\/p>\n\n\n\n<div class=\"guten-element guten-spacer guten-rknjjR\"><\/div>\n<\/div><\/div>\n<\/div><\/section><\/div>\n","protected":false},"excerpt":{"rendered":"","protected":false},"author":1,"featured_media":0,"parent":0,"menu_order":0,"comment_status":"closed","ping_status":"closed","template":"","meta":{"_seopress_robots_primary_cat":"","_seopress_titles_title":"","_seopress_titles_desc":"","_seopress_robots_index":"","footnotes":""},"class_list":["post-1286","page","type-page","status-publish","hentry"],"blocksy_meta":{"background":{"background_type":"image","background_pattern":"type-1","background_image":{"attachment_id":65,"x":0,"y":0.45,"url":"https:\/\/www.escapereadz.com\/wp-content\/uploads\/2026\/03\/background_schreibst_cu-1024x683.webp"},"gradient":"linear-gradient(135deg,rgba(6,147,227,1) 0%,rgb(155,81,224) 100%)","background_repeat":"no-repeat","background_size":"cover","background_attachment":"fixed","patternColor":{"default":{"color":"#e5e7ea"}},"overlayColor":{"default":{"color":"CT_CSS_SKIP_RULE"}},"backgroundColor":{"default":{"color":"#ffffff"}}},"styles_descriptor":{"styles":{"desktop":"[data-prefix=\"single_page\"] {background-position:0% 45%;background-size:cover;background-attachment:fixed;background-repeat:no-repeat;background-color:#ffffff;background-image:url(https:\/\/www.escapereadz.com\/wp-content\/uploads\/2026\/03\/background_schreibst_cu.webp);}","tablet":"","mobile":""},"google_fonts":[],"version":6}},"_links":{"self":[{"href":"https:\/\/www.escapereadz.eu\/de\/wp-json\/wp\/v2\/pages\/1286","targetHints":{"allow":["GET"]}}],"collection":[{"href":"https:\/\/www.escapereadz.eu\/de\/wp-json\/wp\/v2\/pages"}],"about":[{"href":"https:\/\/www.escapereadz.eu\/de\/wp-json\/wp\/v2\/types\/page"}],"author":[{"embeddable":true,"href":"https:\/\/www.escapereadz.eu\/de\/wp-json\/wp\/v2\/users\/1"}],"replies":[{"embeddable":true,"href":"https:\/\/www.escapereadz.eu\/de\/wp-json\/wp\/v2\/comments?post=1286"}],"version-history":[{"count":0,"href":"https:\/\/www.escapereadz.eu\/de\/wp-json\/wp\/v2\/pages\/1286\/revisions"}],"wp:attachment":[{"href":"https:\/\/www.escapereadz.eu\/de\/wp-json\/wp\/v2\/media?parent=1286"}],"curies":[{"name":"wp","href":"https:\/\/api.w.org\/{rel}","templated":true}]}}